{"id":3290,"date":"2016-03-30T12:17:41","date_gmt":"2016-03-30T10:17:41","guid":{"rendered":"http:\/\/nitorlack.com\/product\/nitorlack-vintage-white\/"},"modified":"2026-04-05T13:55:35","modified_gmt":"2026-04-05T11:55:35","slug":"nitorlack-vintage-white","status":"publish","type":"product","link":"https:\/\/nitorlack.com\/fr\/barniz\/custom-couleurs-pot\/solide\/nitorlack-vintage-white\/","title":{"rendered":"VINTAGE WHITE"},"content":{"rendered":"<div class=\"wpb-content-wrapper\"><p>[vc_row css=\u00a0\u00bb.vc_custom_1593585132184{background-color: #ffffff !important;}\u00a0\u00bb][vc_column width=\u00a0\u00bb1\/2&Prime;][vc_column_text]<\/p>\n<h2>Nos couleurs d&rsquo;inspiration vintage<\/h2>\n<p>Les couleurs Nitorlack sont bas\u00e9es sur les couleurs originales de <strong>Fender et Gibson<\/strong>. La cr\u00e9ation de ces couleurs est pr\u00e9c\u00e9d\u00e9e d&rsquo;un grand travail et d&rsquo;une \u00e9tude exhaustive de notre laboratoire et de notre d\u00e9partement technique. Gr\u00e2ce \u00e0 cela, nous avons pu recr\u00e9er fid\u00e8lement les sonorit\u00e9s des guitares Fender et Gibson des ann\u00e9es 50 et 60.<\/p>\n<p>Au cours de ces ann\u00e9es et jusqu&rsquo;\u00e0 aujourd&rsquo;hui, il faut tenir compte du fait que les <strong>couleurs des guitares<\/strong> vintage ont beaucoup chang\u00e9 au fil des ans en raison du vieillissement de la <strong>laque nitrocellulosique<\/strong> et des modifications des couleurs des marques.<\/p>\n<p>Par cons\u00e9quent, deux guitares finies en 1960 avec des couleurs Fender peuvent \u00eatre totalement diff\u00e9rentes l&rsquo;une de l&rsquo;autre ou d&rsquo;une guitare plus moderne.[\/vc_column_text][\/vc_column][vc_column width=\u00a0\u00bb1\/2&Prime;][vc_single_image image=\u00a0\u00bb65723&Prime; img_size=\u00a0\u00bb1000&#215;800&Prime; alignment=\u00a0\u00bbcenter\u00a0\u00bb][\/vc_column][\/vc_row][vc_row][vc_column][vc_column_text]<\/p>\n<h2>Guide d&rsquo;application:<\/h2>\n<ul>\n<li>Nous commen\u00e7ons \u00e0 appliquer la couleur apr\u00e8s avoir appr\u00eat\u00e9 la guitare avec le <strong>Nitorlack Primer<\/strong>.<\/li>\n<li>Lorsque nous commen\u00e7ons \u00e0 peindre, les pores doivent \u00eatre ferm\u00e9s et les veines ne doivent pas \u00eatre marqu\u00e9es.<\/li>\n<li>Appliquer le produit par pulv\u00e9risation ou au pistolet \u00e0 une distance d&rsquo;environ 25 cm.<\/li>\n<li>Lors de l&rsquo;application, il faut suivre un sch\u00e9ma d&rsquo;application, d&rsquo;abord <strong>horizontalement puis verticalement<\/strong>, en appliquant la peinture de mani\u00e8re uniforme.<\/li>\n<li>Appliquer plusieurs couches, les laisser s\u00e9cher pendant environ <strong>24 heures<\/strong> et les poncer entre elles pour \u00e9liminer les impuret\u00e9s restantes.<\/li>\n<li>Ce travail est termin\u00e9 lorsque la surface est compl\u00e8tement lisse et exempte d&rsquo;imperfections.<\/li>\n<\/ul>\n<h3>Questions fr\u00e9quemment pos\u00e9es :<\/h3>\n<p>&nbsp;<\/p>\n<h4>Combien de sprays faut-il pour vernir une guitare ?<\/h4>\n<p>&#8211; Si la surface est bien couverte et qu&rsquo;il ne s&rsquo;agit pas de votre premier projet de peinture, vous pouvez le faire avec une bombe a\u00e9rosol, m\u00eame si vous n&rsquo;appliquerez pas beaucoup de couches. Cependant, si vous n&rsquo;\u00eates pas un expert, nous vous recommandons d&rsquo;utiliser deux pulv\u00e9risations pour une finition optimale.<\/p>\n<p>&nbsp;<\/p>\n<h4>Quelle temp\u00e9rature doit atteindre la guitare pendant et apr\u00e8s le processus ?<\/h4>\n<p>&#8211; Il est recommand\u00e9 de le faire dans un endroit o\u00f9 la temp\u00e9rature se situe entre 15 et 25 degr\u00e9s Celsius. Si le processus de peinture ou de vernissage est effectu\u00e9 dans des conditions tr\u00e8s chaudes ou tr\u00e8s froides, le r\u00e9sultat final risque d&rsquo;\u00eatre m\u00e9diocre.<\/p>\n<p>&nbsp;<\/p>\n<h4>O\u00f9 dois-je effectuer la d\u00e9marche ?<\/h4>\n<p>Il est essentiel que le site soit propre, afin d&rsquo;\u00e9viter que des particules de salet\u00e9 ou de poussi\u00e8re n&rsquo;adh\u00e8rent \u00e0 la surface.<\/p>\n<p>&nbsp;<\/p>\n<h4>Le pon\u00e7age entre les couches est-il obligatoire ?<\/h4>\n<p>Cette op\u00e9ration n&rsquo;est pas syst\u00e9matique, mais elle est recommand\u00e9e pour \u00e9liminer les imperfections laiss\u00e9es dans la peinture \u00e0 la fin de chaque couche, ainsi que les particules qui peuvent y adh\u00e9rer.[\/vc_column_text][\/vc_column][\/vc_row][vc_row][vc_column][vc_column_text]<\/p>\n<h4 style=\"text-align: center;\">Partagez votre travail sur les m\u00e9dias sociaux en utilisant notre hashtag<\/h4>\n<h2 style=\"text-align: center;\">#myNitorlack<\/h2>\n<p>[\/vc_column_text][\/vc_column][\/vc_row][vc_column][vc_column_text]<\/p>\n<h3 style=\"text-align: center;\">Avec la garantie de <a href=\"https:\/\/valresa.com\/\"> Valresa Coatings SA <\/a><\/h3>\n<p>[\/vc_column_text][\/vc_column][vc_column width=\u00a0\u00bb1\/2&Prime;][\/vc_column][vc_column width=\u00a0\u00bb1\/2&Prime;][\/vc_column]<\/p>\n<\/div>","protected":false},"excerpt":{"rendered":"<p>Finition classique VINTAGE WHITE<br \/>\nTerminer commercialis\u00e9 par guitares Fender au cours des derni\u00e8res ann\u00e9es 60-74.<br \/>\nIl est un fini jaune cr\u00e8me varie sensiblement en fonction de la dur\u00e9e de fabrication garde-boue.<br \/>\nIl est un pigment de couleur opaque g\u00e9n\u00e9ralement appliqu\u00e9 sur une base blanche. Il est n\u00e9cessaire d&rsquo;appliquer une couche finale de finition pour prot\u00e9ger et donner de la profondeur \u00e0 la couleur.<\/p>\n","protected":false},"featured_media":79976,"comment_status":"open","ping_status":"closed","template":"","meta":{"om_disable_all_campaigns":false,"site-sidebar-layout":"no-sidebar","site-content-layout":"plain-container","ast-site-content-layout":"normal-width-container","site-content-style":"unboxed","site-sidebar-style":"unboxed","ast-global-header-display":"","ast-banner-title-visibility":"","ast-main-header-display":"","ast-hfb-above-header-display":"","ast-hfb-below-header-display":"","ast-hfb-mobile-header-display":"","site-post-title":"disabled","ast-breadcrumbs-content":"","ast-featured-img":"disabled","footer-sml-layout":"","ast-disable-related-posts":"","theme-transparent-header-meta":"default","adv-header-id-meta":"","stick-header-meta":"default","header-above-stick-meta":"","header-main-stick-meta":"","header-below-stick-meta":"","astra-migrate-meta-layouts":"default","ast-page-background-enabled":"default","ast-page-background-meta":{"desktop":{"background-color":"var(--ast-global-color-4)","background-image":"","background-repeat":"repeat","background-position":"center center","background-size":"auto","background-attachment":"scroll","background-type":"","background-media":"","overlay-type":"","overlay-color":"","overlay-opacity":"","overlay-gradient":""},"tablet":{"background-color":"","background-image":"","background-repeat":"repeat","background-position":"center center","background-size":"auto","background-attachment":"scroll","background-type":"","background-media":"","overlay-type":"","overlay-color":"","overlay-opacity":"","overlay-gradient":""},"mobile":{"background-color":"","background-image":"","background-repeat":"repeat","background-position":"center center","background-size":"auto","background-attachment":"scroll","background-type":"","background-media":"","overlay-type":"","overlay-color":"","overlay-opacity":"","overlay-gradient":""}},"ast-content-background-meta":{"desktop":{"background-color":"var(--ast-global-color-5)","background-image":"","background-repeat":"repeat","background-position":"center center","background-size":"auto","background-attachment":"scroll","background-type":"","background-media":"","overlay-type":"","overlay-color":"","overlay-opacity":"","overlay-gradient":""},"tablet":{"background-color":"var(--ast-global-color-5)","background-image":"","background-repeat":"repeat","background-position":"center center","background-size":"auto","background-attachment":"scroll","background-type":"","background-media":"","overlay-type":"","overlay-color":"","overlay-opacity":"","overlay-gradient":""},"mobile":{"background-color":"var(--ast-global-color-5)","background-image":"","background-repeat":"repeat","background-position":"center center","background-size":"auto","background-attachment":"scroll","background-type":"","background-media":"","overlay-type":"","overlay-color":"","overlay-opacity":"","overlay-gradient":""}}},"product_brand":[],"product_cat":[114,7423],"product_tag":[],"class_list":{"0":"post-3290","1":"product","2":"type-product","3":"status-publish","4":"has-post-thumbnail","6":"product_cat-custom-couleurs-pot","7":"product_cat-solide","8":"desktop-align-center","9":"tablet-align-center","10":"mobile-align-center","11":"ast-product-gallery-layout-horizontal-slider","12":"ast-product-single-variable","13":"ast-product-tabs-layout-horizontal","15":"first","16":"instock","17":"taxable","18":"shipping-taxable","19":"purchasable","20":"product-type-variable"},"bundled_by":[],"bundle_stock_status":"instock","bundle_stock_quantity":5000,"bundle_virtual":false,"bundle_layout":"","bundle_add_to_cart_form_location":"","bundle_editable_in_cart":false,"bundle_sold_individually_context":"","bundle_item_grouping":"","bundle_min_size":"","bundle_max_size":"","bundle_price":[],"bundled_items":[],"bundle_sell_ids":[],"yoast_head":"<!-- This site is optimized with the Yoast SEO plugin v27.3 - https:\/\/yoast.com\/product\/yoast-seo-wordpress\/ -->\n<title>VINTAGE WHITE Couleur | NitorLACK<\/title>\n<meta name=\"description\" content=\"Couleur Vintage White, caract\u00e9ristique de la marque Fender dans les ann\u00e9es 60. Disponible en nitrocellulose ou en polyur\u00e9thane, en spray ou en bombe de 500 ml.\" \/>\n<meta name=\"robots\" content=\"index, follow, max-snippet:-1, max-image-preview:large, max-video-preview:-1\" \/>\n<link rel=\"canonical\" href=\"https:\/\/nitorlack.com\/fr\/barniz\/custom-couleurs-pot\/solide\/nitorlack-vintage-white\/\" \/>\n<meta property=\"og:locale\" content=\"fr_FR\" \/>\n<meta property=\"og:type\" content=\"article\" \/>\n<meta property=\"og:title\" content=\"VINTAGE WHITE Couleur | NitorLACK\" \/>\n<meta property=\"og:description\" content=\"Couleur Vintage White, caract\u00e9ristique de la marque Fender dans les ann\u00e9es 60. Disponible en nitrocellulose ou en polyur\u00e9thane, en spray ou en bombe de 500 ml.\" \/>\n<meta property=\"og:url\" content=\"https:\/\/nitorlack.com\/fr\/barniz\/custom-couleurs-pot\/solide\/nitorlack-vintage-white\/\" \/>\n<meta property=\"og:site_name\" content=\"Nitorlack\" \/>\n<meta property=\"article:modified_time\" content=\"2026-04-05T11:55:35+00:00\" \/>\n<meta property=\"og:image\" content=\"https:\/\/nitorlack.com\/wp-content\/uploads\/2022\/05\/5gL-c.jpg\" \/>\n\t<meta property=\"og:image:width\" content=\"1000\" \/>\n\t<meta property=\"og:image:height\" content=\"1000\" \/>\n\t<meta property=\"og:image:type\" content=\"image\/jpeg\" \/>\n<meta name=\"twitter:card\" content=\"summary_large_image\" \/>\n<meta name=\"twitter:label1\" content=\"Dur\u00e9e de lecture estim\u00e9e\" \/>\n\t<meta name=\"twitter:data1\" content=\"3 minutes\" \/>\n<script type=\"application\/ld+json\" class=\"yoast-schema-graph\">{\"@context\":\"https:\\\/\\\/schema.org\",\"@graph\":[{\"@type\":\"WebPage\",\"@id\":\"https:\\\/\\\/nitorlack.com\\\/fr\\\/barniz\\\/custom-couleurs-pot\\\/solide\\\/nitorlack-vintage-white\\\/\",\"url\":\"https:\\\/\\\/nitorlack.com\\\/fr\\\/barniz\\\/custom-couleurs-pot\\\/solide\\\/nitorlack-vintage-white\\\/\",\"name\":\"VINTAGE WHITE Couleur | NitorLACK\",\"isPartOf\":{\"@id\":\"https:\\\/\\\/nitorlack.com\\\/fr\\\/#website\"},\"primaryImageOfPage\":{\"@id\":\"https:\\\/\\\/nitorlack.com\\\/fr\\\/barniz\\\/custom-couleurs-pot\\\/solide\\\/nitorlack-vintage-white\\\/#primaryimage\"},\"image\":{\"@id\":\"https:\\\/\\\/nitorlack.com\\\/fr\\\/barniz\\\/custom-couleurs-pot\\\/solide\\\/nitorlack-vintage-white\\\/#primaryimage\"},\"thumbnailUrl\":\"https:\\\/\\\/nitorlack.com\\\/wp-content\\\/uploads\\\/2025\\\/04\\\/GUITARRA-6-LATERAL.jpg\",\"datePublished\":\"2016-03-30T10:17:41+00:00\",\"dateModified\":\"2026-04-05T11:55:35+00:00\",\"description\":\"Couleur Vintage White, caract\u00e9ristique de la marque Fender dans les ann\u00e9es 60. Disponible en nitrocellulose ou en polyur\u00e9thane, en spray ou en bombe de 500 ml.\",\"breadcrumb\":{\"@id\":\"https:\\\/\\\/nitorlack.com\\\/fr\\\/barniz\\\/custom-couleurs-pot\\\/solide\\\/nitorlack-vintage-white\\\/#breadcrumb\"},\"inLanguage\":\"fr-FR\",\"potentialAction\":[{\"@type\":\"ReadAction\",\"target\":[\"https:\\\/\\\/nitorlack.com\\\/fr\\\/barniz\\\/custom-couleurs-pot\\\/solide\\\/nitorlack-vintage-white\\\/\"]}]},{\"@type\":\"ImageObject\",\"inLanguage\":\"fr-FR\",\"@id\":\"https:\\\/\\\/nitorlack.com\\\/fr\\\/barniz\\\/custom-couleurs-pot\\\/solide\\\/nitorlack-vintage-white\\\/#primaryimage\",\"url\":\"https:\\\/\\\/nitorlack.com\\\/wp-content\\\/uploads\\\/2025\\\/04\\\/GUITARRA-6-LATERAL.jpg\",\"contentUrl\":\"https:\\\/\\\/nitorlack.com\\\/wp-content\\\/uploads\\\/2025\\\/04\\\/GUITARRA-6-LATERAL.jpg\",\"width\":1200,\"height\":1200,\"caption\":\"cintage white color\"},{\"@type\":\"BreadcrumbList\",\"@id\":\"https:\\\/\\\/nitorlack.com\\\/fr\\\/barniz\\\/custom-couleurs-pot\\\/solide\\\/nitorlack-vintage-white\\\/#breadcrumb\",\"itemListElement\":[{\"@type\":\"ListItem\",\"position\":1,\"name\":\"Page de Couverture\",\"item\":\"https:\\\/\\\/nitorlack.com\\\/fr\\\/\"},{\"@type\":\"ListItem\",\"position\":2,\"name\":\"Boutique\",\"item\":\"https:\\\/\\\/nitorlack.com\\\/fr\\\/boutique\\\/\"},{\"@type\":\"ListItem\",\"position\":3,\"name\":\"VINTAGE WHITE\"}]},{\"@type\":\"WebSite\",\"@id\":\"https:\\\/\\\/nitorlack.com\\\/fr\\\/#website\",\"url\":\"https:\\\/\\\/nitorlack.com\\\/fr\\\/\",\"name\":\"Nitorlack\",\"description\":\"Guitar Lacquers\",\"publisher\":{\"@id\":\"https:\\\/\\\/nitorlack.com\\\/fr\\\/#organization\"},\"potentialAction\":[{\"@type\":\"SearchAction\",\"target\":{\"@type\":\"EntryPoint\",\"urlTemplate\":\"https:\\\/\\\/nitorlack.com\\\/fr\\\/?s={search_term_string}\"},\"query-input\":{\"@type\":\"PropertyValueSpecification\",\"valueRequired\":true,\"valueName\":\"search_term_string\"}}],\"inLanguage\":\"fr-FR\"},{\"@type\":\"Organization\",\"@id\":\"https:\\\/\\\/nitorlack.com\\\/fr\\\/#organization\",\"name\":\"Nitorlack\",\"url\":\"https:\\\/\\\/nitorlack.com\\\/fr\\\/\",\"logo\":{\"@type\":\"ImageObject\",\"inLanguage\":\"fr-FR\",\"@id\":\"https:\\\/\\\/nitorlack.com\\\/fr\\\/#\\\/schema\\\/logo\\\/image\\\/\",\"url\":\"http:\\\/\\\/nitorlack.com\\\/wp-content\\\/uploads\\\/2016\\\/02\\\/cropped-galleta-negra-1.jpg\",\"contentUrl\":\"http:\\\/\\\/nitorlack.com\\\/wp-content\\\/uploads\\\/2016\\\/02\\\/cropped-galleta-negra-1.jpg\",\"width\":512,\"height\":512,\"caption\":\"Nitorlack\"},\"image\":{\"@id\":\"https:\\\/\\\/nitorlack.com\\\/fr\\\/#\\\/schema\\\/logo\\\/image\\\/\"}}]}<\/script>\n<!-- \/ Yoast SEO plugin. -->","yoast_head_json":{"title":"VINTAGE WHITE Couleur | NitorLACK","description":"Couleur Vintage White, caract\u00e9ristique de la marque Fender dans les ann\u00e9es 60. Disponible en nitrocellulose ou en polyur\u00e9thane, en spray ou en bombe de 500 ml.","robots":{"index":"index","follow":"follow","max-snippet":"max-snippet:-1","max-image-preview":"max-image-preview:large","max-video-preview":"max-video-preview:-1"},"canonical":"https:\/\/nitorlack.com\/fr\/barniz\/custom-couleurs-pot\/solide\/nitorlack-vintage-white\/","og_locale":"fr_FR","og_type":"article","og_title":"VINTAGE WHITE Couleur | NitorLACK","og_description":"Couleur Vintage White, caract\u00e9ristique de la marque Fender dans les ann\u00e9es 60. Disponible en nitrocellulose ou en polyur\u00e9thane, en spray ou en bombe de 500 ml.","og_url":"https:\/\/nitorlack.com\/fr\/barniz\/custom-couleurs-pot\/solide\/nitorlack-vintage-white\/","og_site_name":"Nitorlack","article_modified_time":"2026-04-05T11:55:35+00:00","og_image":[{"width":1000,"height":1000,"url":"https:\/\/nitorlack.com\/wp-content\/uploads\/2022\/05\/5gL-c.jpg","type":"image\/jpeg"}],"twitter_card":"summary_large_image","twitter_misc":{"Dur\u00e9e de lecture estim\u00e9e":"3 minutes"},"schema":{"@context":"https:\/\/schema.org","@graph":[{"@type":"WebPage","@id":"https:\/\/nitorlack.com\/fr\/barniz\/custom-couleurs-pot\/solide\/nitorlack-vintage-white\/","url":"https:\/\/nitorlack.com\/fr\/barniz\/custom-couleurs-pot\/solide\/nitorlack-vintage-white\/","name":"VINTAGE WHITE Couleur | NitorLACK","isPartOf":{"@id":"https:\/\/nitorlack.com\/fr\/#website"},"primaryImageOfPage":{"@id":"https:\/\/nitorlack.com\/fr\/barniz\/custom-couleurs-pot\/solide\/nitorlack-vintage-white\/#primaryimage"},"image":{"@id":"https:\/\/nitorlack.com\/fr\/barniz\/custom-couleurs-pot\/solide\/nitorlack-vintage-white\/#primaryimage"},"thumbnailUrl":"https:\/\/nitorlack.com\/wp-content\/uploads\/2025\/04\/GUITARRA-6-LATERAL.jpg","datePublished":"2016-03-30T10:17:41+00:00","dateModified":"2026-04-05T11:55:35+00:00","description":"Couleur Vintage White, caract\u00e9ristique de la marque Fender dans les ann\u00e9es 60. Disponible en nitrocellulose ou en polyur\u00e9thane, en spray ou en bombe de 500 ml.","breadcrumb":{"@id":"https:\/\/nitorlack.com\/fr\/barniz\/custom-couleurs-pot\/solide\/nitorlack-vintage-white\/#breadcrumb"},"inLanguage":"fr-FR","potentialAction":[{"@type":"ReadAction","target":["https:\/\/nitorlack.com\/fr\/barniz\/custom-couleurs-pot\/solide\/nitorlack-vintage-white\/"]}]},{"@type":"ImageObject","inLanguage":"fr-FR","@id":"https:\/\/nitorlack.com\/fr\/barniz\/custom-couleurs-pot\/solide\/nitorlack-vintage-white\/#primaryimage","url":"https:\/\/nitorlack.com\/wp-content\/uploads\/2025\/04\/GUITARRA-6-LATERAL.jpg","contentUrl":"https:\/\/nitorlack.com\/wp-content\/uploads\/2025\/04\/GUITARRA-6-LATERAL.jpg","width":1200,"height":1200,"caption":"cintage white color"},{"@type":"BreadcrumbList","@id":"https:\/\/nitorlack.com\/fr\/barniz\/custom-couleurs-pot\/solide\/nitorlack-vintage-white\/#breadcrumb","itemListElement":[{"@type":"ListItem","position":1,"name":"Page de Couverture","item":"https:\/\/nitorlack.com\/fr\/"},{"@type":"ListItem","position":2,"name":"Boutique","item":"https:\/\/nitorlack.com\/fr\/boutique\/"},{"@type":"ListItem","position":3,"name":"VINTAGE WHITE"}]},{"@type":"WebSite","@id":"https:\/\/nitorlack.com\/fr\/#website","url":"https:\/\/nitorlack.com\/fr\/","name":"Nitorlack","description":"Guitar Lacquers","publisher":{"@id":"https:\/\/nitorlack.com\/fr\/#organization"},"potentialAction":[{"@type":"SearchAction","target":{"@type":"EntryPoint","urlTemplate":"https:\/\/nitorlack.com\/fr\/?s={search_term_string}"},"query-input":{"@type":"PropertyValueSpecification","valueRequired":true,"valueName":"search_term_string"}}],"inLanguage":"fr-FR"},{"@type":"Organization","@id":"https:\/\/nitorlack.com\/fr\/#organization","name":"Nitorlack","url":"https:\/\/nitorlack.com\/fr\/","logo":{"@type":"ImageObject","inLanguage":"fr-FR","@id":"https:\/\/nitorlack.com\/fr\/#\/schema\/logo\/image\/","url":"http:\/\/nitorlack.com\/wp-content\/uploads\/2016\/02\/cropped-galleta-negra-1.jpg","contentUrl":"http:\/\/nitorlack.com\/wp-content\/uploads\/2016\/02\/cropped-galleta-negra-1.jpg","width":512,"height":512,"caption":"Nitorlack"},"image":{"@id":"https:\/\/nitorlack.com\/fr\/#\/schema\/logo\/image\/"}}]}},"_links":{"self":[{"href":"https:\/\/nitorlack.com\/fr\/wp-json\/wp\/v2\/product\/3290","targetHints":{"allow":["GET"]}}],"collection":[{"href":"https:\/\/nitorlack.com\/fr\/wp-json\/wp\/v2\/product"}],"about":[{"href":"https:\/\/nitorlack.com\/fr\/wp-json\/wp\/v2\/types\/product"}],"replies":[{"embeddable":true,"href":"https:\/\/nitorlack.com\/fr\/wp-json\/wp\/v2\/comments?post=3290"}],"wp:featuredmedia":[{"embeddable":true,"href":"https:\/\/nitorlack.com\/fr\/wp-json\/wp\/v2\/media\/79976"}],"wp:attachment":[{"href":"https:\/\/nitorlack.com\/fr\/wp-json\/wp\/v2\/media?parent=3290"}],"wp:term":[{"taxonomy":"product_brand","embeddable":true,"href":"https:\/\/nitorlack.com\/fr\/wp-json\/wp\/v2\/product_brand?post=3290"},{"taxonomy":"product_cat","embeddable":true,"href":"https:\/\/nitorlack.com\/fr\/wp-json\/wp\/v2\/product_cat?post=3290"},{"taxonomy":"product_tag","embeddable":true,"href":"https:\/\/nitorlack.com\/fr\/wp-json\/wp\/v2\/product_tag?post=3290"}],"curies":[{"name":"wp","href":"https:\/\/api.w.org\/{rel}","templated":true}]}}