{"id":3166,"date":"2016-03-30T12:18:26","date_gmt":"2016-03-30T10:18:26","guid":{"rendered":"http:\/\/nitorlack.com\/en\/product\/nitoraqua-primer\/"},"modified":"2026-03-31T13:40:51","modified_gmt":"2026-03-31T11:40:51","slug":"nitoraqua-primer","status":"publish","type":"product","link":"https:\/\/nitorlack.com\/fr\/barniz\/bouche-pores\/base-deau-fr\/nitoraqua-primer\/","title":{"rendered":"NITORAQUA PRIMER"},"content":{"rendered":"<div class=\"wpb-content-wrapper\"><p>[vc_row][vc_column][vc_column_text css=\u00a0\u00bb\u00a0\u00bb]<\/p>\n<h2>Application NitorAqua Primer.<\/h2>\n<ul>\n<li><strong>Dilution :<\/strong> 15-20% dans l&rsquo;eau distill\u00e9e, l&rsquo;alcool ou le diluant. La proportion d\u00e9pendra du type de pistolet et de sa configuration. Nous recommandons d&rsquo;utiliser un pistolet avec une buse de 1,7 mm ou plus.<\/li>\n<li><strong>Pr\u00e9paration du bois :<\/strong> Le bois doit \u00eatre uniforme et sans imperfections. Poncez progressivement (240-400-800) toujours dans le sens du fil du bois.<\/li>\n<li><strong>Application :<\/strong> Appliquer au pistolet en plusieurs couches crois\u00e9es jusqu&rsquo;\u00e0 couvrir totalement la surface, en \u00e9vitant de trop charger le produit pour \u00e9viter les coulures. Une fois sec, poncer avec du P400 pour assurer l&rsquo;adh\u00e9rence et niveler, appliquer une nouvelle couche.<\/li>\n<\/ul>\n<p>R\u00e9p\u00e9ter le processus jusqu&rsquo;\u00e0 ce que la surface soit totalement lisse et sans imperfections, en r\u00e9ussissant \u00e0 fermer le pore du bois.<\/p>\n<p>Les produits \u00e0 base d&rsquo;eau ont une couleur blanch\u00e2tre qui dispara\u00eet au s\u00e9chage.<\/p>\n<ul>\n<li><strong>Temps de s\u00e9chage :<\/strong> Il faut laisser au moins 7-8 heures entre les couches. Le s\u00e9chage final est obtenu en 24-48 heures.<\/li>\n<\/ul>\n<h2>Application du NitorAqua Primer avec un pinceau en mousse :<\/h2>\n<ul>\n<li>M\u00e9langez dans un r\u00e9cipient le NitorAqua Primer (60%) avec de l&rsquo;eau ou de l&rsquo;eau distill\u00e9e (40%).<\/li>\n<li>Agitez bien pour incorporer et \u00e9tendez \u00e0 l&rsquo;aide d&rsquo;un <a href=\"https:\/\/nitorlack.com\/fr\/barniz\/accessories\/divers-fr\/pinceau-en-mousse-2\/\">pinceau en mousse<\/a> dans le sens de la fibre du bois. Une fois que toute la surface de la guitare est couverte, laissez s\u00e9cher pendant 4 \u00e0 6 heures.<\/li>\n<li>Poncez avec du P800 pour niveler la surface et appliquez une nouvelle couche de NitorAqua Primer. R\u00e9p\u00e9tez ce processus jusqu&rsquo;\u00e0 ce que le pore soit couvert.<\/li>\n<li>\u00c0 ce moment, la surface sera pr\u00eate \u00e0 commencer l&rsquo;application des couches de <a href=\"https:\/\/nitorlack.com\/fr\/barniz\/finitions\/eau-finition\/nitoraqua-lacquer-black-matt\/\">NitorAqua lacquer<\/a>.<\/li>\n<\/ul>\n<p>[\/vc_column_text][\/vc_column][\/vc_row][vc_row][vc_column][vc_column_text css=\u00a0\u00bb\u00a0\u00bb]<\/p>\n<h2>Qu&rsquo;est-ce qu&rsquo;un fond ?<\/h2>\n<p>Par fonds, on entend les couches de vernis appliqu\u00e9es en pr\u00e9paration de la finition, cela inclut plusieurs acceptions : scellants, bouche-pores, etc. Les vernis de fond sont tr\u00e8s importants dans le processus de vernissage d&rsquo;une guitare. Si nous voulons une finition finale de la plus haute qualit\u00e9 sur notre instrument, il est important d&rsquo;utiliser un fond. Les caract\u00e9ristiques d&rsquo;un fond sont la transparence, l&rsquo;\u00e9lasticit\u00e9, le pon\u00e7age facile, le nivellement, la capacit\u00e9 de remplissage et la rapidit\u00e9 de s\u00e9chage.<\/p>\n<p>&nbsp;<\/p>\n<h3>Fonctions des fonds :<\/h3>\n<p>La fonction principale de ces vernis de fond est de remplir et de boucher les pores ou les petites imperfections que le bois pourrait avoir, dans le but d&rsquo;obtenir des surfaces uniformes et nivel\u00e9es. En r\u00e8gle g\u00e9n\u00e9rale, ces vernis de fond devront \u00eatre formul\u00e9s avec des agents qui facilitent le pon\u00e7age avec une transparence maximale s&rsquo;ils sont des vernis incolores et avec une \u00e9lasticit\u00e9 maximale pour qu&rsquo;ils ne se cassent pas s&rsquo;ils sont des vernis blancs.<\/p>\n<p>Ils devront avoir une capacit\u00e9 suffisante pour couvrir correctement les surfaces et s\u00e9cher rapidement, car ce sont des couches qui doivent \u00eatre ponc\u00e9es avant d&rsquo;appliquer la couche de vernis de finition.<\/p>\n<p>&nbsp;<\/p>\n<h3>Propri\u00e9t\u00e9s :<\/h3>\n<p>Les propri\u00e9t\u00e9s d&rsquo;un fond sont la facilit\u00e9 de pon\u00e7age et le pouvoir de remplissage.<\/p>\n<p>&nbsp;<\/p>\n<h3>Types de fonds :<\/h3>\n<p>Les fonds peuvent \u00eatre de toutes les familles selon la nature chimique ; fonds cellulosiques, polyur\u00e9thanes, et \u00e0 base d&rsquo;eau.<\/p>\n<p>Ces fonds peuvent \u00e9galement \u00eatre transparents ou blancs en fonction du r\u00e9sultat final de la fabrication ; si nous voulons que les veines du bois soient visibles dans notre finition, nous utiliserons un fond transparent, et si nous voulons r\u00e9aliser une finition solide ou m\u00e9tallis\u00e9e, nous pourrons utiliser un fond blanc.[\/vc_column_text][\/vc_column][\/vc_row]<\/p>\n<\/div>","protected":false},"excerpt":{"rendered":"<p>Vernis scellant \u00e0 <strong>l&rsquo;eau, TRES FACILE \u00e0 appliquer<\/strong>, incolore, \u00e0 haut pouvoir garnissant, facile \u00e0 poncer, bonne transparence et excellente thixotropie.<\/p>\n<p>Son s\u00e9chage rapide, sa r\u00e9sistance au jaunissement et son absence d&rsquo;odeur en font un produit technologiquement innovant et respectueux de l&rsquo;environnement.<\/p>\n<p>Il peut \u00eatre facilement appliqu\u00e9 verticalement et peut \u00eatre nettoy\u00e9 et dilu\u00e9 avec de l&rsquo;eau.<\/p>\n","protected":false},"featured_media":83122,"comment_status":"open","ping_status":"closed","template":"","meta":{"om_disable_all_campaigns":false,"site-sidebar-layout":"no-sidebar","site-content-layout":"plain-container","ast-site-content-layout":"normal-width-container","site-content-style":"unboxed","site-sidebar-style":"unboxed","ast-global-header-display":"","ast-banner-title-visibility":"","ast-main-header-display":"","ast-hfb-above-header-display":"","ast-hfb-below-header-display":"","ast-hfb-mobile-header-display":"","site-post-title":"disabled","ast-breadcrumbs-content":"","ast-featured-img":"disabled","footer-sml-layout":"","ast-disable-related-posts":"","theme-transparent-header-meta":"default","adv-header-id-meta":"","stick-header-meta":"default","header-above-stick-meta":"","header-main-stick-meta":"","header-below-stick-meta":"","astra-migrate-meta-layouts":"set","ast-page-background-enabled":"default","ast-page-background-meta":{"desktop":{"background-color":"var(--ast-global-color-4)","background-image":"","background-repeat":"repeat","background-position":"center center","background-size":"auto","background-attachment":"scroll","background-type":"","background-media":"","overlay-type":"","overlay-color":"","overlay-opacity":"","overlay-gradient":""},"tablet":{"background-color":"","background-image":"","background-repeat":"repeat","background-position":"center center","background-size":"auto","background-attachment":"scroll","background-type":"","background-media":"","overlay-type":"","overlay-color":"","overlay-opacity":"","overlay-gradient":""},"mobile":{"background-color":"","background-image":"","background-repeat":"repeat","background-position":"center center","background-size":"auto","background-attachment":"scroll","background-type":"","background-media":"","overlay-type":"","overlay-color":"","overlay-opacity":"","overlay-gradient":""}},"ast-content-background-meta":{"desktop":{"background-color":"var(--ast-global-color-5)","background-image":"","background-repeat":"repeat","background-position":"center center","background-size":"auto","background-attachment":"scroll","background-type":"","background-media":"","overlay-type":"","overlay-color":"","overlay-opacity":"","overlay-gradient":""},"tablet":{"background-color":"var(--ast-global-color-5)","background-image":"","background-repeat":"repeat","background-position":"center center","background-size":"auto","background-attachment":"scroll","background-type":"","background-media":"","overlay-type":"","overlay-color":"","overlay-opacity":"","overlay-gradient":""},"mobile":{"background-color":"var(--ast-global-color-5)","background-image":"","background-repeat":"repeat","background-position":"center center","background-size":"auto","background-attachment":"scroll","background-type":"","background-media":"","overlay-type":"","overlay-color":"","overlay-opacity":"","overlay-gradient":""}}},"product_brand":[],"product_cat":[378,119],"product_tag":[],"class_list":{"0":"post-3166","1":"product","2":"type-product","3":"status-publish","4":"has-post-thumbnail","6":"product_cat-base-deau-fr","7":"product_cat-bouche-pores","8":"desktop-align-center","9":"tablet-align-center","10":"mobile-align-center","11":"ast-product-gallery-layout-horizontal-slider","12":"ast-product-single-variable","13":"ast-product-tabs-layout-horizontal","15":"first","16":"instock","17":"taxable","18":"shipping-taxable","19":"purchasable","20":"product-type-variable"},"bundled_by":[],"bundle_stock_status":"instock","bundle_stock_quantity":5000,"bundle_virtual":false,"bundle_layout":"","bundle_add_to_cart_form_location":"","bundle_editable_in_cart":false,"bundle_sold_individually_context":"","bundle_item_grouping":"","bundle_min_size":"","bundle_max_size":"","bundle_price":[],"bundled_items":[],"bundle_sell_ids":[83628],"yoast_head":"<!-- This site is optimized with the Yoast SEO plugin v27.3 - https:\/\/yoast.com\/product\/yoast-seo-wordpress\/ -->\n<title>NITORAQUA PRIMER | Scellant \u00e0 base d&#039;eau pour guitare<\/title>\n<meta name=\"description\" content=\"Vernis de protection \u00e0 base d&#039;eau, con\u00e7u pour ancrer le bois de votre guitare dans ses premiers stades. Ne sent pas. Tr\u00e8s facile \u00e0 appliquer\" \/>\n<meta name=\"robots\" content=\"index, follow, max-snippet:-1, max-image-preview:large, max-video-preview:-1\" \/>\n<link rel=\"canonical\" href=\"https:\/\/nitorlack.com\/fr\/barniz\/bouche-pores\/base-deau-fr\/nitoraqua-primer\/\" \/>\n<meta property=\"og:locale\" content=\"fr_FR\" \/>\n<meta property=\"og:type\" content=\"article\" \/>\n<meta property=\"og:title\" content=\"NITORAQUA PRIMER | Scellant \u00e0 base d&#039;eau pour guitare\" \/>\n<meta property=\"og:description\" content=\"Vernis de protection \u00e0 base d&#039;eau, con\u00e7u pour ancrer le bois de votre guitare dans ses premiers stades. Ne sent pas. Tr\u00e8s facile \u00e0 appliquer\" \/>\n<meta property=\"og:url\" content=\"https:\/\/nitorlack.com\/fr\/barniz\/bouche-pores\/base-deau-fr\/nitoraqua-primer\/\" \/>\n<meta property=\"og:site_name\" content=\"Nitorlack\" \/>\n<meta property=\"article:modified_time\" content=\"2026-03-31T11:40:51+00:00\" \/>\n<meta property=\"og:image\" content=\"https:\/\/nitorlack.com\/wp-content\/uploads\/2025\/10\/BOTE-9-A.jpg\" \/>\n\t<meta property=\"og:image:width\" content=\"1200\" \/>\n\t<meta property=\"og:image:height\" content=\"1200\" \/>\n\t<meta property=\"og:image:type\" content=\"image\/jpeg\" \/>\n<meta name=\"twitter:card\" content=\"summary_large_image\" \/>\n<meta name=\"twitter:label1\" content=\"Dur\u00e9e de lecture estim\u00e9e\" \/>\n\t<meta name=\"twitter:data1\" content=\"3 minutes\" \/>\n<script type=\"application\/ld+json\" class=\"yoast-schema-graph\">{\"@context\":\"https:\\\/\\\/schema.org\",\"@graph\":[{\"@type\":\"WebPage\",\"@id\":\"https:\\\/\\\/nitorlack.com\\\/fr\\\/barniz\\\/bouche-pores\\\/base-deau-fr\\\/nitoraqua-primer\\\/\",\"url\":\"https:\\\/\\\/nitorlack.com\\\/fr\\\/barniz\\\/bouche-pores\\\/base-deau-fr\\\/nitoraqua-primer\\\/\",\"name\":\"NITORAQUA PRIMER | Scellant \u00e0 base d'eau pour guitare\",\"isPartOf\":{\"@id\":\"https:\\\/\\\/nitorlack.com\\\/fr\\\/#website\"},\"primaryImageOfPage\":{\"@id\":\"https:\\\/\\\/nitorlack.com\\\/fr\\\/barniz\\\/bouche-pores\\\/base-deau-fr\\\/nitoraqua-primer\\\/#primaryimage\"},\"image\":{\"@id\":\"https:\\\/\\\/nitorlack.com\\\/fr\\\/barniz\\\/bouche-pores\\\/base-deau-fr\\\/nitoraqua-primer\\\/#primaryimage\"},\"thumbnailUrl\":\"https:\\\/\\\/nitorlack.com\\\/wp-content\\\/uploads\\\/2025\\\/10\\\/BOTE-9-A.jpg\",\"datePublished\":\"2016-03-30T10:18:26+00:00\",\"dateModified\":\"2026-03-31T11:40:51+00:00\",\"description\":\"Vernis de protection \u00e0 base d'eau, con\u00e7u pour ancrer le bois de votre guitare dans ses premiers stades. Ne sent pas. Tr\u00e8s facile \u00e0 appliquer\",\"breadcrumb\":{\"@id\":\"https:\\\/\\\/nitorlack.com\\\/fr\\\/barniz\\\/bouche-pores\\\/base-deau-fr\\\/nitoraqua-primer\\\/#breadcrumb\"},\"inLanguage\":\"fr-FR\",\"potentialAction\":[{\"@type\":\"ReadAction\",\"target\":[\"https:\\\/\\\/nitorlack.com\\\/fr\\\/barniz\\\/bouche-pores\\\/base-deau-fr\\\/nitoraqua-primer\\\/\"]}]},{\"@type\":\"ImageObject\",\"inLanguage\":\"fr-FR\",\"@id\":\"https:\\\/\\\/nitorlack.com\\\/fr\\\/barniz\\\/bouche-pores\\\/base-deau-fr\\\/nitoraqua-primer\\\/#primaryimage\",\"url\":\"https:\\\/\\\/nitorlack.com\\\/wp-content\\\/uploads\\\/2025\\\/10\\\/BOTE-9-A.jpg\",\"contentUrl\":\"https:\\\/\\\/nitorlack.com\\\/wp-content\\\/uploads\\\/2025\\\/10\\\/BOTE-9-A.jpg\",\"width\":1200,\"height\":1200,\"caption\":\"Vernis \u00e0 base d'eau\"},{\"@type\":\"BreadcrumbList\",\"@id\":\"https:\\\/\\\/nitorlack.com\\\/fr\\\/barniz\\\/bouche-pores\\\/base-deau-fr\\\/nitoraqua-primer\\\/#breadcrumb\",\"itemListElement\":[{\"@type\":\"ListItem\",\"position\":1,\"name\":\"Page de Couverture\",\"item\":\"https:\\\/\\\/nitorlack.com\\\/fr\\\/\"},{\"@type\":\"ListItem\",\"position\":2,\"name\":\"Boutique\",\"item\":\"https:\\\/\\\/nitorlack.com\\\/fr\\\/boutique\\\/\"},{\"@type\":\"ListItem\",\"position\":3,\"name\":\"NITORAQUA PRIMER\"}]},{\"@type\":\"WebSite\",\"@id\":\"https:\\\/\\\/nitorlack.com\\\/fr\\\/#website\",\"url\":\"https:\\\/\\\/nitorlack.com\\\/fr\\\/\",\"name\":\"Nitorlack\",\"description\":\"Guitar Lacquers\",\"publisher\":{\"@id\":\"https:\\\/\\\/nitorlack.com\\\/fr\\\/#organization\"},\"potentialAction\":[{\"@type\":\"SearchAction\",\"target\":{\"@type\":\"EntryPoint\",\"urlTemplate\":\"https:\\\/\\\/nitorlack.com\\\/fr\\\/?s={search_term_string}\"},\"query-input\":{\"@type\":\"PropertyValueSpecification\",\"valueRequired\":true,\"valueName\":\"search_term_string\"}}],\"inLanguage\":\"fr-FR\"},{\"@type\":\"Organization\",\"@id\":\"https:\\\/\\\/nitorlack.com\\\/fr\\\/#organization\",\"name\":\"Nitorlack\",\"url\":\"https:\\\/\\\/nitorlack.com\\\/fr\\\/\",\"logo\":{\"@type\":\"ImageObject\",\"inLanguage\":\"fr-FR\",\"@id\":\"https:\\\/\\\/nitorlack.com\\\/fr\\\/#\\\/schema\\\/logo\\\/image\\\/\",\"url\":\"http:\\\/\\\/nitorlack.com\\\/wp-content\\\/uploads\\\/2016\\\/02\\\/cropped-galleta-negra-1.jpg\",\"contentUrl\":\"http:\\\/\\\/nitorlack.com\\\/wp-content\\\/uploads\\\/2016\\\/02\\\/cropped-galleta-negra-1.jpg\",\"width\":512,\"height\":512,\"caption\":\"Nitorlack\"},\"image\":{\"@id\":\"https:\\\/\\\/nitorlack.com\\\/fr\\\/#\\\/schema\\\/logo\\\/image\\\/\"}}]}<\/script>\n<!-- \/ Yoast SEO plugin. -->","yoast_head_json":{"title":"NITORAQUA PRIMER | Scellant \u00e0 base d'eau pour guitare","description":"Vernis de protection \u00e0 base d'eau, con\u00e7u pour ancrer le bois de votre guitare dans ses premiers stades. Ne sent pas. Tr\u00e8s facile \u00e0 appliquer","robots":{"index":"index","follow":"follow","max-snippet":"max-snippet:-1","max-image-preview":"max-image-preview:large","max-video-preview":"max-video-preview:-1"},"canonical":"https:\/\/nitorlack.com\/fr\/barniz\/bouche-pores\/base-deau-fr\/nitoraqua-primer\/","og_locale":"fr_FR","og_type":"article","og_title":"NITORAQUA PRIMER | Scellant \u00e0 base d'eau pour guitare","og_description":"Vernis de protection \u00e0 base d'eau, con\u00e7u pour ancrer le bois de votre guitare dans ses premiers stades. Ne sent pas. Tr\u00e8s facile \u00e0 appliquer","og_url":"https:\/\/nitorlack.com\/fr\/barniz\/bouche-pores\/base-deau-fr\/nitoraqua-primer\/","og_site_name":"Nitorlack","article_modified_time":"2026-03-31T11:40:51+00:00","og_image":[{"width":1200,"height":1200,"url":"https:\/\/nitorlack.com\/wp-content\/uploads\/2025\/10\/BOTE-9-A.jpg","type":"image\/jpeg"}],"twitter_card":"summary_large_image","twitter_misc":{"Dur\u00e9e de lecture estim\u00e9e":"3 minutes"},"schema":{"@context":"https:\/\/schema.org","@graph":[{"@type":"WebPage","@id":"https:\/\/nitorlack.com\/fr\/barniz\/bouche-pores\/base-deau-fr\/nitoraqua-primer\/","url":"https:\/\/nitorlack.com\/fr\/barniz\/bouche-pores\/base-deau-fr\/nitoraqua-primer\/","name":"NITORAQUA PRIMER | Scellant \u00e0 base d'eau pour guitare","isPartOf":{"@id":"https:\/\/nitorlack.com\/fr\/#website"},"primaryImageOfPage":{"@id":"https:\/\/nitorlack.com\/fr\/barniz\/bouche-pores\/base-deau-fr\/nitoraqua-primer\/#primaryimage"},"image":{"@id":"https:\/\/nitorlack.com\/fr\/barniz\/bouche-pores\/base-deau-fr\/nitoraqua-primer\/#primaryimage"},"thumbnailUrl":"https:\/\/nitorlack.com\/wp-content\/uploads\/2025\/10\/BOTE-9-A.jpg","datePublished":"2016-03-30T10:18:26+00:00","dateModified":"2026-03-31T11:40:51+00:00","description":"Vernis de protection \u00e0 base d'eau, con\u00e7u pour ancrer le bois de votre guitare dans ses premiers stades. Ne sent pas. Tr\u00e8s facile \u00e0 appliquer","breadcrumb":{"@id":"https:\/\/nitorlack.com\/fr\/barniz\/bouche-pores\/base-deau-fr\/nitoraqua-primer\/#breadcrumb"},"inLanguage":"fr-FR","potentialAction":[{"@type":"ReadAction","target":["https:\/\/nitorlack.com\/fr\/barniz\/bouche-pores\/base-deau-fr\/nitoraqua-primer\/"]}]},{"@type":"ImageObject","inLanguage":"fr-FR","@id":"https:\/\/nitorlack.com\/fr\/barniz\/bouche-pores\/base-deau-fr\/nitoraqua-primer\/#primaryimage","url":"https:\/\/nitorlack.com\/wp-content\/uploads\/2025\/10\/BOTE-9-A.jpg","contentUrl":"https:\/\/nitorlack.com\/wp-content\/uploads\/2025\/10\/BOTE-9-A.jpg","width":1200,"height":1200,"caption":"Vernis \u00e0 base d'eau"},{"@type":"BreadcrumbList","@id":"https:\/\/nitorlack.com\/fr\/barniz\/bouche-pores\/base-deau-fr\/nitoraqua-primer\/#breadcrumb","itemListElement":[{"@type":"ListItem","position":1,"name":"Page de Couverture","item":"https:\/\/nitorlack.com\/fr\/"},{"@type":"ListItem","position":2,"name":"Boutique","item":"https:\/\/nitorlack.com\/fr\/boutique\/"},{"@type":"ListItem","position":3,"name":"NITORAQUA PRIMER"}]},{"@type":"WebSite","@id":"https:\/\/nitorlack.com\/fr\/#website","url":"https:\/\/nitorlack.com\/fr\/","name":"Nitorlack","description":"Guitar Lacquers","publisher":{"@id":"https:\/\/nitorlack.com\/fr\/#organization"},"potentialAction":[{"@type":"SearchAction","target":{"@type":"EntryPoint","urlTemplate":"https:\/\/nitorlack.com\/fr\/?s={search_term_string}"},"query-input":{"@type":"PropertyValueSpecification","valueRequired":true,"valueName":"search_term_string"}}],"inLanguage":"fr-FR"},{"@type":"Organization","@id":"https:\/\/nitorlack.com\/fr\/#organization","name":"Nitorlack","url":"https:\/\/nitorlack.com\/fr\/","logo":{"@type":"ImageObject","inLanguage":"fr-FR","@id":"https:\/\/nitorlack.com\/fr\/#\/schema\/logo\/image\/","url":"http:\/\/nitorlack.com\/wp-content\/uploads\/2016\/02\/cropped-galleta-negra-1.jpg","contentUrl":"http:\/\/nitorlack.com\/wp-content\/uploads\/2016\/02\/cropped-galleta-negra-1.jpg","width":512,"height":512,"caption":"Nitorlack"},"image":{"@id":"https:\/\/nitorlack.com\/fr\/#\/schema\/logo\/image\/"}}]}},"_links":{"self":[{"href":"https:\/\/nitorlack.com\/fr\/wp-json\/wp\/v2\/product\/3166","targetHints":{"allow":["GET"]}}],"collection":[{"href":"https:\/\/nitorlack.com\/fr\/wp-json\/wp\/v2\/product"}],"about":[{"href":"https:\/\/nitorlack.com\/fr\/wp-json\/wp\/v2\/types\/product"}],"replies":[{"embeddable":true,"href":"https:\/\/nitorlack.com\/fr\/wp-json\/wp\/v2\/comments?post=3166"}],"wp:featuredmedia":[{"embeddable":true,"href":"https:\/\/nitorlack.com\/fr\/wp-json\/wp\/v2\/media\/83122"}],"wp:attachment":[{"href":"https:\/\/nitorlack.com\/fr\/wp-json\/wp\/v2\/media?parent=3166"}],"wp:term":[{"taxonomy":"product_brand","embeddable":true,"href":"https:\/\/nitorlack.com\/fr\/wp-json\/wp\/v2\/product_brand?post=3166"},{"taxonomy":"product_cat","embeddable":true,"href":"https:\/\/nitorlack.com\/fr\/wp-json\/wp\/v2\/product_cat?post=3166"},{"taxonomy":"product_tag","embeddable":true,"href":"https:\/\/nitorlack.com\/fr\/wp-json\/wp\/v2\/product_tag?post=3166"}],"curies":[{"name":"wp","href":"https:\/\/api.w.org\/{rel}","templated":true}]}}