{"id":3148,"date":"2016-03-30T12:18:36","date_gmt":"2016-03-30T10:18:36","guid":{"rendered":"http:\/\/nitorlack.com\/en\/product\/nitoraqua-lacquer-black-matt\/"},"modified":"2026-04-25T16:23:56","modified_gmt":"2026-04-25T14:23:56","slug":"nitoraqua-lacquer-black-matt","status":"publish","type":"product","link":"https:\/\/nitorlack.com\/fr\/barniz\/finitions\/eau-finition\/nitoraqua-lacquer-black-matt\/","title":{"rendered":"NITORAQUA LACQUER"},"content":{"rendered":"<div class=\"wpb-content-wrapper\"><p>[vc_row][vc_column][vc_video link=\u00a0\u00bbhttps:\/\/youtu.be\/7dvrRn9PZ6E?si=Apk4lKYnl7u1YpD4&Prime; el_width=\u00a0\u00bb80&Prime; align=\u00a0\u00bbcenter\u00a0\u00bb css=\u00a0\u00bb\u00a0\u00bb][vc_column_text css=\u00a0\u00bb\u00a0\u00bb]<\/p>\n<h4>1. Pr\u00e9paration du bois<\/h4>\n<ul>\n<li>Nous pr\u00e9parons la guitare en pon\u00e7ant avec du <a title=\"https:\/\/nitorlack.com\/barniz\/accesorios\/lijas\/lija-con-espuma-grano-1200\/\" href=\"https:\/\/nitorlack.com\/barniz\/accesorios\/lijas\/lija-con-espuma-grano-1200\/\" data-auth=\"NotApplicable\" data-linkindex=\"0\">papier de verre P240<\/a> jusqu&rsquo;\u00e0 ce que la surface soit lisse.<\/li>\n<li><strong>Humidifiez la surface de la guitare<\/strong> avec de l&rsquo;eau et laissez s\u00e9cher pour faire ressortir le repelo (le duvet de bois\/les fibres).<\/li>\n<li>Poncez avec du P400 pour \u00e9liminer le repelo et <strong>laisser la guitare pr\u00eate \u00e0<\/strong> l&rsquo;application.<\/li>\n<li>Masquez avec du ruban de masquage (ruban-cache) les surfaces que vous ne voulez pas teinter ou que vous souhaitez prot\u00e9ger des taches.<\/li>\n<\/ul>\n<h4>2. Teinture du bois<\/h4>\n<ul>\n<li>TR\u00c8S IMPORTANT. <strong>Bien agiter le flacon<\/strong> de teinte avant de l&rsquo;utiliser.<\/li>\n<li>Dans un verre, r\u00e9alisez un m\u00e9lange de 85 % de NitorAqua Stain et 15 % de NitorAqua Lacquer et appliquez directement sur la guitare. R\u00e9partissez bien en effectuant des mouvements longitudinaux sur toute la guitare jusqu&rsquo;\u00e0 ce que la teinture soit parfaitement distribu\u00e9e.<\/li>\n<li><strong>Travaillez par sections<\/strong>. Par exemple, commencez par le c\u00f4t\u00e9 le plus bas et travaillez vers le haut. Appliquez \u00e0 partir du centre de la section vers l&rsquo;ext\u00e9rieur pour \u00e9viter les coulures sur les bords.<\/li>\n<li>Si vous avez besoin d&rsquo;une couleur plus intense ou si des zones ne sont pas teint\u00e9es, vous pouvez poncer doucement avec du P800 et appliquer \u00e0 nouveau.<\/li>\n<\/ul>\n<h4>3. Application du NitorAqua Lacquer<\/h4>\n<ul>\n<li>M\u00e9langez 1 part de NitorAqua Lacquer et 1 part d&rsquo;Eau.<\/li>\n<li>Agitez bien pour incorporer et \u00e9talez au moyen d&rsquo;une spatule en mousse ou d&rsquo;une m\u00e8che \u00e0 polir (tampon) dans le sens des veines du bois.<\/li>\n<li>Une fois toute la surface de la guitare recouverte, laissez s\u00e9cher pendant 4 heures.<\/li>\n<li>Poncez avec du P800 pour niveler la surface et appliquez une nouvelle couche de Nitoraqua Lacquer.<\/li>\n<li>R\u00e9p\u00e9tez ce processus jusqu&rsquo;\u00e0 ce que la surface soit totalement lisse, sans imperfections.<\/li>\n<\/ul>\n<h4>5. Pon\u00e7age<\/h4>\n<p>Effectuez un pon\u00e7age par phases : <strong>commencez \u00e0 poncer avec du P1000, P1500, P2000 et terminez avec du P3000<\/strong>. Le pon\u00e7age peut \u00eatre effectu\u00e9 \u00e0 sec ou humide. Cela laissera la surface la plus douce possible et pr\u00eate \u00e0 \u00eatre polie. La surface sera pr\u00eate \u00e0 polir lorsqu&rsquo;elle sera totalement mat\u00e9e et qu&rsquo;aucun type de brillance ou d&rsquo;irr\u00e9gularit\u00e9 ne sera visible.<\/p>\n<h4>6. Polissage<\/h4>\n<ul>\n<li>Agitez \u00e9nergiquement le flacon de polish jusqu&rsquo;\u00e0 ce que le produit pr\u00e9sente un aspect cr\u00e9meux.<\/li>\n<li>Distribuez le produit sur toute la surface, en laissant une fine couche de polish sur celle-ci, et commencez \u00e0 polir avec l&rsquo;\u00e9ponge blanche (coupe\/abrasive). Il est important d&rsquo;essuyer l&rsquo;exc\u00e9dent de polish avec un chiffon avant de passer \u00e0 la phase suivante.<\/li>\n<li>Veillez \u00e0 ne pas surchauffer la surface, ne polissez pas \u00e0 trop de r\u00e9volutions et n&rsquo;exercez pas trop de pression.<\/li>\n<li>R\u00e9p\u00e9tez le processus avec le polish Superfinish et l&rsquo;\u00e9ponge noire. Avec ce type d&rsquo;\u00e9ponge et de polish, vous obtiendrez le degr\u00e9 de brillance maximal possible.<\/li>\n<\/ul>\n<h4>7. Nettoyage<\/h4>\n<p>Une fois arriv\u00e9 \u00e0 ce point, le travail de polissage sera termin\u00e9, mais vous ne verrez pas votre guitare aussi brillante que vous le pensiez initialement. Cela est d\u00fb au fait que vous devez encore nettoyer l&rsquo;exc\u00e9dent de polish qui est rest\u00e9. Pour ce faire, vous n&rsquo;aurez besoin que d&rsquo;un chiffon et d&rsquo;un peu de Polish &amp; Cleaner pour humidifier la surface. Une fois toutes ces \u00e9tapes suivies, le degr\u00e9 de brillance obtenu devrait \u00eatre tr\u00e8s \u00e9lev\u00e9.[\/vc_column_text][\/vc_column][\/vc_row]<\/p>\n<\/div>","protected":false},"excerpt":{"rendered":"<div class=\"bot-name gds-title-s ng-tns-c485176716-211 ng-star-inserted\"><b style=\"font-style: inherit;\">FINITION A BASE D&rsquo;EAU<\/b><span style=\"font-size: 16px;\">\u00a0pour peindre des guitares.<\/span><\/div>\n<div><\/div>\n<div class=\"response-content ng-tns-c485176716-211\">\n<div id=\"model-response-message-contentr_8387b377e0371960\" class=\"markdown markdown-main-panel enable-updated-hr-color\" dir=\"ltr\">\n<p><b>INCOLORE MAT ou BRILLANT, BLANC ou NOIR<\/b><\/p>\n<p><b>APPLICATION FACILE<\/b>. Ce vernis est celui qui permet au bois de \u00ab\u00a0respirer\u00a0\u00bb le plus, contribuant \u00e0 obtenir un son unique de la guitare.<\/p>\n<p><b>SANS ODEUR<\/b>. Permet d&rsquo;obtenir facilement un effet mat naturel, de mani\u00e8re propre et simple.<\/p>\n<p><b>RESPECTUEUX DE L&rsquo;ENVIRONNEMENT.<\/b>\u00a0N&rsquo;\u00e9vapore pas de solvants, est respectueux de l&rsquo;environnement, et peut \u00eatre appliqu\u00e9 dans des garages, des d\u00e9barras et des maisons sans g\u00eaner le voisinage.<\/p>\n<\/div>\n<\/div>\n","protected":false},"featured_media":83122,"comment_status":"open","ping_status":"closed","template":"","meta":{"om_disable_all_campaigns":false,"site-sidebar-layout":"no-sidebar","site-content-layout":"plain-container","ast-site-content-layout":"normal-width-container","site-content-style":"unboxed","site-sidebar-style":"unboxed","ast-global-header-display":"","ast-banner-title-visibility":"","ast-main-header-display":"","ast-hfb-above-header-display":"","ast-hfb-below-header-display":"","ast-hfb-mobile-header-display":"","site-post-title":"disabled","ast-breadcrumbs-content":"","ast-featured-img":"disabled","footer-sml-layout":"","ast-disable-related-posts":"","theme-transparent-header-meta":"default","adv-header-id-meta":"","stick-header-meta":"default","header-above-stick-meta":"","header-main-stick-meta":"","header-below-stick-meta":"","astra-migrate-meta-layouts":"set","ast-page-background-enabled":"default","ast-page-background-meta":{"desktop":{"background-color":"var(--ast-global-color-4)","background-image":"","background-repeat":"repeat","background-position":"center center","background-size":"auto","background-attachment":"scroll","background-type":"","background-media":"","overlay-type":"","overlay-color":"","overlay-opacity":"","overlay-gradient":""},"tablet":{"background-color":"","background-image":"","background-repeat":"repeat","background-position":"center center","background-size":"auto","background-attachment":"scroll","background-type":"","background-media":"","overlay-type":"","overlay-color":"","overlay-opacity":"","overlay-gradient":""},"mobile":{"background-color":"","background-image":"","background-repeat":"repeat","background-position":"center center","background-size":"auto","background-attachment":"scroll","background-type":"","background-media":"","overlay-type":"","overlay-color":"","overlay-opacity":"","overlay-gradient":""}},"ast-content-background-meta":{"desktop":{"background-color":"var(--ast-global-color-5)","background-image":"","background-repeat":"repeat","background-position":"center center","background-size":"auto","background-attachment":"scroll","background-type":"","background-media":"","overlay-type":"","overlay-color":"","overlay-opacity":"","overlay-gradient":""},"tablet":{"background-color":"var(--ast-global-color-5)","background-image":"","background-repeat":"repeat","background-position":"center center","background-size":"auto","background-attachment":"scroll","background-type":"","background-media":"","overlay-type":"","overlay-color":"","overlay-opacity":"","overlay-gradient":""},"mobile":{"background-color":"var(--ast-global-color-5)","background-image":"","background-repeat":"repeat","background-position":"center center","background-size":"auto","background-attachment":"scroll","background-type":"","background-media":"","overlay-type":"","overlay-color":"","overlay-opacity":"","overlay-gradient":""}}},"product_brand":[],"product_cat":[286,80],"product_tag":[],"class_list":{"0":"post-3148","1":"product","2":"type-product","3":"status-publish","4":"has-post-thumbnail","6":"product_cat-eau-finition","7":"product_cat-finitions","8":"desktop-align-center","9":"tablet-align-center","10":"mobile-align-center","11":"ast-product-gallery-layout-horizontal-slider","12":"ast-product-single-variable","13":"ast-product-tabs-layout-horizontal","15":"first","16":"instock","17":"taxable","18":"shipping-taxable","19":"purchasable","20":"product-type-variable"},"bundled_by":[],"bundle_stock_status":"instock","bundle_stock_quantity":4624,"bundle_virtual":false,"bundle_layout":"","bundle_add_to_cart_form_location":"","bundle_editable_in_cart":false,"bundle_sold_individually_context":"","bundle_item_grouping":"","bundle_min_size":"","bundle_max_size":"","bundle_price":[],"bundled_items":[],"bundle_sell_ids":[83628],"yoast_head":"<!-- This site is optimized with the Yoast SEO plugin v27.4 - https:\/\/yoast.com\/product\/yoast-seo-wordpress\/ -->\n<title>NITORAQUA LACQUER | peinture guitare NitorLACK<\/title>\n<meta name=\"description\" content=\"Nitorlack - Peinture nitrocellulosique pour guitares, couleurs vintage et tutoriels pour peindre votre guitare. D\u00e9couvrir NITORAQUA LACQUER\" \/>\n<meta name=\"robots\" content=\"index, follow, max-snippet:-1, max-image-preview:large, max-video-preview:-1\" \/>\n<link rel=\"canonical\" href=\"https:\/\/nitorlack.com\/fr\/barniz\/finitions\/eau-finition\/nitoraqua-lacquer-black-matt\/\" \/>\n<meta property=\"og:locale\" content=\"fr_FR\" \/>\n<meta property=\"og:type\" content=\"article\" \/>\n<meta property=\"og:title\" content=\"NITORAQUA LACQUER | peinture guitare NitorLACK\" \/>\n<meta property=\"og:description\" content=\"Nitorlack - Peinture nitrocellulosique pour guitares, couleurs vintage et tutoriels pour peindre votre guitare. D\u00e9couvrir NITORAQUA LACQUER\" \/>\n<meta property=\"og:url\" content=\"https:\/\/nitorlack.com\/fr\/barniz\/finitions\/eau-finition\/nitoraqua-lacquer-black-matt\/\" \/>\n<meta property=\"og:site_name\" content=\"Nitorlack\" \/>\n<meta property=\"article:modified_time\" content=\"2026-04-25T14:23:56+00:00\" \/>\n<meta property=\"og:image\" content=\"https:\/\/nitorlack.com\/wp-content\/uploads\/2025\/10\/BOTE-9-A.jpg\" \/>\n\t<meta property=\"og:image:width\" content=\"1200\" \/>\n\t<meta property=\"og:image:height\" content=\"1200\" \/>\n\t<meta property=\"og:image:type\" content=\"image\/jpeg\" \/>\n<meta name=\"twitter:card\" content=\"summary_large_image\" \/>\n<meta name=\"twitter:label1\" content=\"Dur\u00e9e de lecture estim\u00e9e\" \/>\n\t<meta name=\"twitter:data1\" content=\"1 minute\" \/>\n<script type=\"application\/ld+json\" class=\"yoast-schema-graph\">{\"@context\":\"https:\\\/\\\/schema.org\",\"@graph\":[{\"@type\":\"WebPage\",\"@id\":\"https:\\\/\\\/nitorlack.com\\\/fr\\\/barniz\\\/finitions\\\/eau-finition\\\/nitoraqua-lacquer-black-matt\\\/\",\"url\":\"https:\\\/\\\/nitorlack.com\\\/fr\\\/barniz\\\/finitions\\\/eau-finition\\\/nitoraqua-lacquer-black-matt\\\/\",\"name\":\"NITORAQUA LACQUER | peinture guitare NitorLACK\",\"isPartOf\":{\"@id\":\"https:\\\/\\\/nitorlack.com\\\/fr\\\/#website\"},\"primaryImageOfPage\":{\"@id\":\"https:\\\/\\\/nitorlack.com\\\/fr\\\/barniz\\\/finitions\\\/eau-finition\\\/nitoraqua-lacquer-black-matt\\\/#primaryimage\"},\"image\":{\"@id\":\"https:\\\/\\\/nitorlack.com\\\/fr\\\/barniz\\\/finitions\\\/eau-finition\\\/nitoraqua-lacquer-black-matt\\\/#primaryimage\"},\"thumbnailUrl\":\"https:\\\/\\\/nitorlack.com\\\/wp-content\\\/uploads\\\/2025\\\/10\\\/BOTE-9-A.jpg\",\"datePublished\":\"2016-03-30T10:18:36+00:00\",\"dateModified\":\"2026-04-25T14:23:56+00:00\",\"description\":\"Nitorlack - Peinture nitrocellulosique pour guitares, couleurs vintage et tutoriels pour peindre votre guitare. D\u00e9couvrir NITORAQUA LACQUER\",\"breadcrumb\":{\"@id\":\"https:\\\/\\\/nitorlack.com\\\/fr\\\/barniz\\\/finitions\\\/eau-finition\\\/nitoraqua-lacquer-black-matt\\\/#breadcrumb\"},\"inLanguage\":\"fr-FR\",\"potentialAction\":[{\"@type\":\"ReadAction\",\"target\":[\"https:\\\/\\\/nitorlack.com\\\/fr\\\/barniz\\\/finitions\\\/eau-finition\\\/nitoraqua-lacquer-black-matt\\\/\"]}]},{\"@type\":\"ImageObject\",\"inLanguage\":\"fr-FR\",\"@id\":\"https:\\\/\\\/nitorlack.com\\\/fr\\\/barniz\\\/finitions\\\/eau-finition\\\/nitoraqua-lacquer-black-matt\\\/#primaryimage\",\"url\":\"https:\\\/\\\/nitorlack.com\\\/wp-content\\\/uploads\\\/2025\\\/10\\\/BOTE-9-A.jpg\",\"contentUrl\":\"https:\\\/\\\/nitorlack.com\\\/wp-content\\\/uploads\\\/2025\\\/10\\\/BOTE-9-A.jpg\",\"width\":1200,\"height\":1200,\"caption\":\"Vernis \u00e0 base d'eau\"},{\"@type\":\"BreadcrumbList\",\"@id\":\"https:\\\/\\\/nitorlack.com\\\/fr\\\/barniz\\\/finitions\\\/eau-finition\\\/nitoraqua-lacquer-black-matt\\\/#breadcrumb\",\"itemListElement\":[{\"@type\":\"ListItem\",\"position\":1,\"name\":\"Page de Couverture\",\"item\":\"https:\\\/\\\/nitorlack.com\\\/fr\\\/\"},{\"@type\":\"ListItem\",\"position\":2,\"name\":\"Boutique\",\"item\":\"https:\\\/\\\/nitorlack.com\\\/fr\\\/boutique\\\/\"},{\"@type\":\"ListItem\",\"position\":3,\"name\":\"NITORAQUA LACQUER\"}]},{\"@type\":\"WebSite\",\"@id\":\"https:\\\/\\\/nitorlack.com\\\/fr\\\/#website\",\"url\":\"https:\\\/\\\/nitorlack.com\\\/fr\\\/\",\"name\":\"Nitorlack\",\"description\":\"Guitar Lacquers\",\"publisher\":{\"@id\":\"https:\\\/\\\/nitorlack.com\\\/fr\\\/#organization\"},\"potentialAction\":[{\"@type\":\"SearchAction\",\"target\":{\"@type\":\"EntryPoint\",\"urlTemplate\":\"https:\\\/\\\/nitorlack.com\\\/fr\\\/?s={search_term_string}\"},\"query-input\":{\"@type\":\"PropertyValueSpecification\",\"valueRequired\":true,\"valueName\":\"search_term_string\"}}],\"inLanguage\":\"fr-FR\"},{\"@type\":\"Organization\",\"@id\":\"https:\\\/\\\/nitorlack.com\\\/fr\\\/#organization\",\"name\":\"Nitorlack\",\"url\":\"https:\\\/\\\/nitorlack.com\\\/fr\\\/\",\"logo\":{\"@type\":\"ImageObject\",\"inLanguage\":\"fr-FR\",\"@id\":\"https:\\\/\\\/nitorlack.com\\\/fr\\\/#\\\/schema\\\/logo\\\/image\\\/\",\"url\":\"http:\\\/\\\/nitorlack.com\\\/wp-content\\\/uploads\\\/2016\\\/02\\\/cropped-galleta-negra-1.jpg\",\"contentUrl\":\"http:\\\/\\\/nitorlack.com\\\/wp-content\\\/uploads\\\/2016\\\/02\\\/cropped-galleta-negra-1.jpg\",\"width\":512,\"height\":512,\"caption\":\"Nitorlack\"},\"image\":{\"@id\":\"https:\\\/\\\/nitorlack.com\\\/fr\\\/#\\\/schema\\\/logo\\\/image\\\/\"}}]}<\/script>\n<!-- \/ Yoast SEO plugin. -->","yoast_head_json":{"title":"NITORAQUA LACQUER | peinture guitare NitorLACK","description":"Nitorlack - Peinture nitrocellulosique pour guitares, couleurs vintage et tutoriels pour peindre votre guitare. D\u00e9couvrir NITORAQUA LACQUER","robots":{"index":"index","follow":"follow","max-snippet":"max-snippet:-1","max-image-preview":"max-image-preview:large","max-video-preview":"max-video-preview:-1"},"canonical":"https:\/\/nitorlack.com\/fr\/barniz\/finitions\/eau-finition\/nitoraqua-lacquer-black-matt\/","og_locale":"fr_FR","og_type":"article","og_title":"NITORAQUA LACQUER | peinture guitare NitorLACK","og_description":"Nitorlack - Peinture nitrocellulosique pour guitares, couleurs vintage et tutoriels pour peindre votre guitare. D\u00e9couvrir NITORAQUA LACQUER","og_url":"https:\/\/nitorlack.com\/fr\/barniz\/finitions\/eau-finition\/nitoraqua-lacquer-black-matt\/","og_site_name":"Nitorlack","article_modified_time":"2026-04-25T14:23:56+00:00","og_image":[{"width":1200,"height":1200,"url":"https:\/\/nitorlack.com\/wp-content\/uploads\/2025\/10\/BOTE-9-A.jpg","type":"image\/jpeg"}],"twitter_card":"summary_large_image","twitter_misc":{"Dur\u00e9e de lecture estim\u00e9e":"1 minute"},"schema":{"@context":"https:\/\/schema.org","@graph":[{"@type":"WebPage","@id":"https:\/\/nitorlack.com\/fr\/barniz\/finitions\/eau-finition\/nitoraqua-lacquer-black-matt\/","url":"https:\/\/nitorlack.com\/fr\/barniz\/finitions\/eau-finition\/nitoraqua-lacquer-black-matt\/","name":"NITORAQUA LACQUER | peinture guitare NitorLACK","isPartOf":{"@id":"https:\/\/nitorlack.com\/fr\/#website"},"primaryImageOfPage":{"@id":"https:\/\/nitorlack.com\/fr\/barniz\/finitions\/eau-finition\/nitoraqua-lacquer-black-matt\/#primaryimage"},"image":{"@id":"https:\/\/nitorlack.com\/fr\/barniz\/finitions\/eau-finition\/nitoraqua-lacquer-black-matt\/#primaryimage"},"thumbnailUrl":"https:\/\/nitorlack.com\/wp-content\/uploads\/2025\/10\/BOTE-9-A.jpg","datePublished":"2016-03-30T10:18:36+00:00","dateModified":"2026-04-25T14:23:56+00:00","description":"Nitorlack - Peinture nitrocellulosique pour guitares, couleurs vintage et tutoriels pour peindre votre guitare. D\u00e9couvrir NITORAQUA LACQUER","breadcrumb":{"@id":"https:\/\/nitorlack.com\/fr\/barniz\/finitions\/eau-finition\/nitoraqua-lacquer-black-matt\/#breadcrumb"},"inLanguage":"fr-FR","potentialAction":[{"@type":"ReadAction","target":["https:\/\/nitorlack.com\/fr\/barniz\/finitions\/eau-finition\/nitoraqua-lacquer-black-matt\/"]}]},{"@type":"ImageObject","inLanguage":"fr-FR","@id":"https:\/\/nitorlack.com\/fr\/barniz\/finitions\/eau-finition\/nitoraqua-lacquer-black-matt\/#primaryimage","url":"https:\/\/nitorlack.com\/wp-content\/uploads\/2025\/10\/BOTE-9-A.jpg","contentUrl":"https:\/\/nitorlack.com\/wp-content\/uploads\/2025\/10\/BOTE-9-A.jpg","width":1200,"height":1200,"caption":"Vernis \u00e0 base d'eau"},{"@type":"BreadcrumbList","@id":"https:\/\/nitorlack.com\/fr\/barniz\/finitions\/eau-finition\/nitoraqua-lacquer-black-matt\/#breadcrumb","itemListElement":[{"@type":"ListItem","position":1,"name":"Page de Couverture","item":"https:\/\/nitorlack.com\/fr\/"},{"@type":"ListItem","position":2,"name":"Boutique","item":"https:\/\/nitorlack.com\/fr\/boutique\/"},{"@type":"ListItem","position":3,"name":"NITORAQUA LACQUER"}]},{"@type":"WebSite","@id":"https:\/\/nitorlack.com\/fr\/#website","url":"https:\/\/nitorlack.com\/fr\/","name":"Nitorlack","description":"Guitar Lacquers","publisher":{"@id":"https:\/\/nitorlack.com\/fr\/#organization"},"potentialAction":[{"@type":"SearchAction","target":{"@type":"EntryPoint","urlTemplate":"https:\/\/nitorlack.com\/fr\/?s={search_term_string}"},"query-input":{"@type":"PropertyValueSpecification","valueRequired":true,"valueName":"search_term_string"}}],"inLanguage":"fr-FR"},{"@type":"Organization","@id":"https:\/\/nitorlack.com\/fr\/#organization","name":"Nitorlack","url":"https:\/\/nitorlack.com\/fr\/","logo":{"@type":"ImageObject","inLanguage":"fr-FR","@id":"https:\/\/nitorlack.com\/fr\/#\/schema\/logo\/image\/","url":"http:\/\/nitorlack.com\/wp-content\/uploads\/2016\/02\/cropped-galleta-negra-1.jpg","contentUrl":"http:\/\/nitorlack.com\/wp-content\/uploads\/2016\/02\/cropped-galleta-negra-1.jpg","width":512,"height":512,"caption":"Nitorlack"},"image":{"@id":"https:\/\/nitorlack.com\/fr\/#\/schema\/logo\/image\/"}}]}},"_links":{"self":[{"href":"https:\/\/nitorlack.com\/fr\/wp-json\/wp\/v2\/product\/3148","targetHints":{"allow":["GET"]}}],"collection":[{"href":"https:\/\/nitorlack.com\/fr\/wp-json\/wp\/v2\/product"}],"about":[{"href":"https:\/\/nitorlack.com\/fr\/wp-json\/wp\/v2\/types\/product"}],"replies":[{"embeddable":true,"href":"https:\/\/nitorlack.com\/fr\/wp-json\/wp\/v2\/comments?post=3148"}],"wp:featuredmedia":[{"embeddable":true,"href":"https:\/\/nitorlack.com\/fr\/wp-json\/wp\/v2\/media\/83122"}],"wp:attachment":[{"href":"https:\/\/nitorlack.com\/fr\/wp-json\/wp\/v2\/media?parent=3148"}],"wp:term":[{"taxonomy":"product_brand","embeddable":true,"href":"https:\/\/nitorlack.com\/fr\/wp-json\/wp\/v2\/product_brand?post=3148"},{"taxonomy":"product_cat","embeddable":true,"href":"https:\/\/nitorlack.com\/fr\/wp-json\/wp\/v2\/product_cat?post=3148"},{"taxonomy":"product_tag","embeddable":true,"href":"https:\/\/nitorlack.com\/fr\/wp-json\/wp\/v2\/product_tag?post=3148"}],"curies":[{"name":"wp","href":"https:\/\/api.w.org\/{rel}","templated":true}]}}