{"id":3028,"date":"2016-03-30T12:18:58","date_gmt":"2016-03-30T10:18:58","guid":{"rendered":"http:\/\/nitorlack.com\/en\/product\/paint-remover-guitar\/"},"modified":"2025-12-12T01:33:45","modified_gmt":"2025-12-11T23:33:45","slug":"paint-remover-guitar","status":"publish","type":"product","link":"https:\/\/nitorlack.com\/fr\/barniz\/accessories\/decapant\/paint-remover-guitar\/","title":{"rendered":"D\u00c9CAPANT POUR GUITARE"},"content":{"rendered":"<h2 style=\"text-align: center;\">Guitare d\u00e9caper<\/h2>\n<p><strong>Gel d\u00e9capant incolore<\/strong> \u00e0 base de solvant \u00e0 haut pouvoir d&rsquo;\u00e9limination. Il ne contient pas de produits acides ou alcalins et respecte donc la surface peinte, ne produisant pas de corrosion sur le m\u00e9tal et n&rsquo;alt\u00e9rant pas la couleur du bois. Gr\u00e2ce \u00e0 sa thixotropie particuli\u00e8re, il ne coule pas.<\/p>\n<p><strong>Une pellicule assez \u00e9paisse du produit est appliqu\u00e9e au pinceau<\/strong>, en laissant agir pendant 5 \u00e0 15 minutes. Ensuite, la masse attaqu\u00e9e et dissoute est enlev\u00e9e \u00e0 l&rsquo;aide d&rsquo;une spatule.<\/p>\n<p><strong>Important:<\/strong> Ne jamais pulv\u00e9riser.<\/p>\n<p>Si la peinture est tr\u00e8s dure ou ancienne, il est conseill\u00e9 de la r\u00e2per, en faisant des coupes en treillis, avant l&rsquo;application et de r\u00e9p\u00e9ter cette op\u00e9ration plusieurs fois, car le produit attaque et dissout lentement la ou les couches de peinture.<\/p>\n<p>Avant de repeindre la surface d\u00e9cap\u00e9e, celle-ci doit \u00eatre soigneusement nettoy\u00e9e \u00e0 l&rsquo;aide d&rsquo;un solvant.<br \/>\nLe produit <strong>ne doit pas \u00eatre laiss\u00e9 sur la surface \u00e0 d\u00e9caper pendant plus d&rsquo;une heure<\/strong>, car il formerait une couche dure.<\/p>\n<p>&nbsp;<\/p>\n<h3>La s\u00e9curit\u00e9:<\/h3>\n<p>Comme il s&rsquo;agit d&rsquo;un produit \u00e0 base de solvant, il doit \u00eatre appliqu\u00e9 avec un bon renouvellement de l&rsquo;air et avec les mesures de protection n\u00e9cessaires.<\/p>\n<p>Prot\u00e9ger les r\u00e9cipients des temp\u00e9ratures \u00e9lev\u00e9es et de la lumi\u00e8re directe du soleil. Ne pas manger, boire ou fumer pendant l&rsquo;application. En cas de contact avec les yeux, rincer abondamment \u00e0 l&rsquo;eau claire.<\/p>\n<p>Toxique en cas d&rsquo;ingestion. Tenir hors de port\u00e9e des enfants.<\/p>\n","protected":false},"excerpt":{"rendered":"<p>Gel d\u00e9capant \u00e0 base de solvant \u00e0 haut pouvoir d\u00e9capant pour les peintures ou vernis de type nitrocellulosique, \u00e0 base d&rsquo;eau.<\/p>\n<ul>\n<li>Pour d\u00e9caper une guitare vernie avec l&rsquo;un de ces 2 derniers produits, suivez notre <a href=\"https:\/\/nitorlack.com\/fr\/blog\/comment-decaper-une-guitare\/\">guide de d\u00e9capage au pistolet thermique<\/a>.<\/li>\n<\/ul>\n<p><a href=\"https:\/\/nitorlack.com\/wp-content\/uploads\/2025\/11\/Etiqueta-de-920032-PAINT-REMOVER.jpg\" target=\"_blank\" rel=\"noopener\"><img loading=\"lazy\" decoding=\"async\" class=\"alignnone wp-image-84173 \" src=\"https:\/\/nitorlack.com\/wp-content\/uploads\/2025\/11\/Etiqueta-de-920032-PAINT-REMOVER.jpg\" alt=\"\" width=\"183\" height=\"138\" srcset=\"https:\/\/nitorlack.com\/wp-content\/uploads\/2025\/11\/Etiqueta-de-920032-PAINT-REMOVER.jpg 1505w, https:\/\/nitorlack.com\/wp-content\/uploads\/2025\/11\/Etiqueta-de-920032-PAINT-REMOVER-300x226.jpg 300w, https:\/\/nitorlack.com\/wp-content\/uploads\/2025\/11\/Etiqueta-de-920032-PAINT-REMOVER-1024x773.jpg 1024w, https:\/\/nitorlack.com\/wp-content\/uploads\/2025\/11\/Etiqueta-de-920032-PAINT-REMOVER-150x113.jpg 150w, https:\/\/nitorlack.com\/wp-content\/uploads\/2025\/11\/Etiqueta-de-920032-PAINT-REMOVER-768x580.jpg 768w, https:\/\/nitorlack.com\/wp-content\/uploads\/2025\/11\/Etiqueta-de-920032-PAINT-REMOVER-1000x755.jpg 1000w\" sizes=\"auto, (max-width: 183px) 100vw, 183px\" \/><\/a><\/p>\n","protected":false},"featured_media":26166,"comment_status":"open","ping_status":"closed","template":"","meta":{"om_disable_all_campaigns":false,"site-sidebar-layout":"default","site-content-layout":"default","ast-site-content-layout":"default","site-content-style":"default","site-sidebar-style":"default","ast-global-header-display":"","ast-banner-title-visibility":"","ast-main-header-display":"","ast-hfb-above-header-display":"","ast-hfb-below-header-display":"","ast-hfb-mobile-header-display":"","site-post-title":"disabled","ast-breadcrumbs-content":"","ast-featured-img":"disabled","footer-sml-layout":"","ast-disable-related-posts":"","theme-transparent-header-meta":"default","adv-header-id-meta":"","stick-header-meta":"default","header-above-stick-meta":"","header-main-stick-meta":"","header-below-stick-meta":"","astra-migrate-meta-layouts":"default","ast-page-background-enabled":"default","ast-page-background-meta":{"desktop":{"background-color":"var(--ast-global-color-4)","background-image":"","background-repeat":"repeat","background-position":"center center","background-size":"auto","background-attachment":"scroll","background-type":"","background-media":"","overlay-type":"","overlay-color":"","overlay-opacity":"","overlay-gradient":""},"tablet":{"background-color":"","background-image":"","background-repeat":"repeat","background-position":"center center","background-size":"auto","background-attachment":"scroll","background-type":"","background-media":"","overlay-type":"","overlay-color":"","overlay-opacity":"","overlay-gradient":""},"mobile":{"background-color":"","background-image":"","background-repeat":"repeat","background-position":"center center","background-size":"auto","background-attachment":"scroll","background-type":"","background-media":"","overlay-type":"","overlay-color":"","overlay-opacity":"","overlay-gradient":""}},"ast-content-background-meta":{"desktop":{"background-color":"var(--ast-global-color-5)","background-image":"","background-repeat":"repeat","background-position":"center center","background-size":"auto","background-attachment":"scroll","background-type":"","background-media":"","overlay-type":"","overlay-color":"","overlay-opacity":"","overlay-gradient":""},"tablet":{"background-color":"var(--ast-global-color-5)","background-image":"","background-repeat":"repeat","background-position":"center center","background-size":"auto","background-attachment":"scroll","background-type":"","background-media":"","overlay-type":"","overlay-color":"","overlay-opacity":"","overlay-gradient":""},"mobile":{"background-color":"var(--ast-global-color-5)","background-image":"","background-repeat":"repeat","background-position":"center center","background-size":"auto","background-attachment":"scroll","background-type":"","background-media":"","overlay-type":"","overlay-color":"","overlay-opacity":"","overlay-gradient":""}}},"product_brand":[],"product_cat":[85,319],"product_tag":[],"class_list":{"0":"post-3028","1":"product","2":"type-product","3":"status-publish","4":"has-post-thumbnail","6":"product_cat-accessories","7":"product_cat-decapant","8":"desktop-align-center","9":"tablet-align-center","10":"mobile-align-center","11":"ast-product-gallery-layout-horizontal-slider","12":"ast-product-gallery-with-no-image","13":"ast-product-tabs-layout-horizontal","15":"first","16":"instock","17":"taxable","18":"shipping-taxable","19":"purchasable","20":"product-type-simple"},"bundled_by":[],"bundle_stock_status":"instock","bundle_stock_quantity":4762,"bundle_virtual":false,"bundle_layout":"","bundle_add_to_cart_form_location":"","bundle_editable_in_cart":false,"bundle_sold_individually_context":"","bundle_item_grouping":"","bundle_min_size":"","bundle_max_size":"","bundle_price":[],"bundled_items":[],"bundle_sell_ids":[],"yoast_head":"<!-- This site is optimized with the Yoast SEO plugin v27.6 - https:\/\/yoast.com\/product\/yoast-seo-wordpress\/ -->\n<title>D\u00e9capant Pour Guitare | NITORLACK\u00ae<\/title>\n<meta name=\"description\" content=\"Gel incolore \u00e0 base de solvant, con\u00e7u pour enlever le vernis des guitares sans endommager le bois.Processus rapide et facile. Un soutien personnalis\u00e9 pour les clients\" \/>\n<meta name=\"robots\" content=\"index, follow, max-snippet:-1, max-image-preview:large, max-video-preview:-1\" \/>\n<link rel=\"canonical\" href=\"https:\/\/nitorlack.com\/fr\/barniz\/accessories\/decapant\/paint-remover-guitar\/\" \/>\n<meta property=\"og:locale\" content=\"fr_FR\" \/>\n<meta property=\"og:type\" content=\"article\" \/>\n<meta property=\"og:title\" content=\"D\u00e9capant Pour Guitare | NITORLACK\u00ae\" \/>\n<meta property=\"og:description\" content=\"Gel incolore \u00e0 base de solvant, con\u00e7u pour enlever le vernis des guitares sans endommager le bois.Processus rapide et facile. Un soutien personnalis\u00e9 pour les clients\" \/>\n<meta property=\"og:url\" content=\"https:\/\/nitorlack.com\/fr\/barniz\/accessories\/decapant\/paint-remover-guitar\/\" \/>\n<meta property=\"og:site_name\" content=\"Nitorlack\" \/>\n<meta property=\"article:modified_time\" content=\"2025-12-11T23:33:45+00:00\" \/>\n<meta property=\"og:image\" content=\"https:\/\/nitorlack.com\/wp-content\/uploads\/2019\/09\/Decapante-Guitarras-e1671010636167.jpg\" \/>\n\t<meta property=\"og:image:width\" content=\"1000\" \/>\n\t<meta property=\"og:image:height\" content=\"1000\" \/>\n\t<meta property=\"og:image:type\" content=\"image\/jpeg\" \/>\n<meta name=\"twitter:card\" content=\"summary_large_image\" \/>\n<meta name=\"twitter:label1\" content=\"Dur\u00e9e de lecture estim\u00e9e\" \/>\n\t<meta name=\"twitter:data1\" content=\"1 minute\" \/>\n<script type=\"application\/ld+json\" class=\"yoast-schema-graph\">{\"@context\":\"https:\\\/\\\/schema.org\",\"@graph\":[{\"@type\":\"WebPage\",\"@id\":\"https:\\\/\\\/nitorlack.com\\\/fr\\\/barniz\\\/accessories\\\/decapant\\\/paint-remover-guitar\\\/\",\"url\":\"https:\\\/\\\/nitorlack.com\\\/fr\\\/barniz\\\/accessories\\\/decapant\\\/paint-remover-guitar\\\/\",\"name\":\"D\u00e9capant Pour Guitare | NITORLACK\u00ae\",\"isPartOf\":{\"@id\":\"https:\\\/\\\/nitorlack.com\\\/fr\\\/#website\"},\"primaryImageOfPage\":{\"@id\":\"https:\\\/\\\/nitorlack.com\\\/fr\\\/barniz\\\/accessories\\\/decapant\\\/paint-remover-guitar\\\/#primaryimage\"},\"image\":{\"@id\":\"https:\\\/\\\/nitorlack.com\\\/fr\\\/barniz\\\/accessories\\\/decapant\\\/paint-remover-guitar\\\/#primaryimage\"},\"thumbnailUrl\":\"https:\\\/\\\/nitorlack.com\\\/wp-content\\\/uploads\\\/2019\\\/09\\\/Decapante-Guitarras-e1671010636167.jpg\",\"datePublished\":\"2016-03-30T10:18:58+00:00\",\"dateModified\":\"2025-12-11T23:33:45+00:00\",\"description\":\"Gel incolore \u00e0 base de solvant, con\u00e7u pour enlever le vernis des guitares sans endommager le bois.Processus rapide et facile. Un soutien personnalis\u00e9 pour les clients\",\"breadcrumb\":{\"@id\":\"https:\\\/\\\/nitorlack.com\\\/fr\\\/barniz\\\/accessories\\\/decapant\\\/paint-remover-guitar\\\/#breadcrumb\"},\"inLanguage\":\"fr-FR\",\"potentialAction\":[{\"@type\":\"ReadAction\",\"target\":[\"https:\\\/\\\/nitorlack.com\\\/fr\\\/barniz\\\/accessories\\\/decapant\\\/paint-remover-guitar\\\/\"]}]},{\"@type\":\"ImageObject\",\"inLanguage\":\"fr-FR\",\"@id\":\"https:\\\/\\\/nitorlack.com\\\/fr\\\/barniz\\\/accessories\\\/decapant\\\/paint-remover-guitar\\\/#primaryimage\",\"url\":\"https:\\\/\\\/nitorlack.com\\\/wp-content\\\/uploads\\\/2019\\\/09\\\/Decapante-Guitarras-e1671010636167.jpg\",\"contentUrl\":\"https:\\\/\\\/nitorlack.com\\\/wp-content\\\/uploads\\\/2019\\\/09\\\/Decapante-Guitarras-e1671010636167.jpg\",\"width\":1000,\"height\":1000,\"caption\":\"D\u00c9CAPANT POUR GUITARE\"},{\"@type\":\"BreadcrumbList\",\"@id\":\"https:\\\/\\\/nitorlack.com\\\/fr\\\/barniz\\\/accessories\\\/decapant\\\/paint-remover-guitar\\\/#breadcrumb\",\"itemListElement\":[{\"@type\":\"ListItem\",\"position\":1,\"name\":\"Page de Couverture\",\"item\":\"https:\\\/\\\/nitorlack.com\\\/fr\\\/\"},{\"@type\":\"ListItem\",\"position\":2,\"name\":\"Boutique\",\"item\":\"https:\\\/\\\/nitorlack.com\\\/fr\\\/boutique\\\/\"},{\"@type\":\"ListItem\",\"position\":3,\"name\":\"D\u00c9CAPANT POUR GUITARE\"}]},{\"@type\":\"WebSite\",\"@id\":\"https:\\\/\\\/nitorlack.com\\\/fr\\\/#website\",\"url\":\"https:\\\/\\\/nitorlack.com\\\/fr\\\/\",\"name\":\"Nitorlack\",\"description\":\"Guitar Lacquers\",\"publisher\":{\"@id\":\"https:\\\/\\\/nitorlack.com\\\/fr\\\/#organization\"},\"potentialAction\":[{\"@type\":\"SearchAction\",\"target\":{\"@type\":\"EntryPoint\",\"urlTemplate\":\"https:\\\/\\\/nitorlack.com\\\/fr\\\/?s={search_term_string}\"},\"query-input\":{\"@type\":\"PropertyValueSpecification\",\"valueRequired\":true,\"valueName\":\"search_term_string\"}}],\"inLanguage\":\"fr-FR\"},{\"@type\":\"Organization\",\"@id\":\"https:\\\/\\\/nitorlack.com\\\/fr\\\/#organization\",\"name\":\"Nitorlack\",\"url\":\"https:\\\/\\\/nitorlack.com\\\/fr\\\/\",\"logo\":{\"@type\":\"ImageObject\",\"inLanguage\":\"fr-FR\",\"@id\":\"https:\\\/\\\/nitorlack.com\\\/fr\\\/#\\\/schema\\\/logo\\\/image\\\/\",\"url\":\"http:\\\/\\\/nitorlack.com\\\/wp-content\\\/uploads\\\/2016\\\/02\\\/cropped-galleta-negra-1.jpg\",\"contentUrl\":\"http:\\\/\\\/nitorlack.com\\\/wp-content\\\/uploads\\\/2016\\\/02\\\/cropped-galleta-negra-1.jpg\",\"width\":512,\"height\":512,\"caption\":\"Nitorlack\"},\"image\":{\"@id\":\"https:\\\/\\\/nitorlack.com\\\/fr\\\/#\\\/schema\\\/logo\\\/image\\\/\"}}]}<\/script>\n<!-- \/ Yoast SEO plugin. -->","yoast_head_json":{"title":"D\u00e9capant Pour Guitare | NITORLACK\u00ae","description":"Gel incolore \u00e0 base de solvant, con\u00e7u pour enlever le vernis des guitares sans endommager le bois.Processus rapide et facile. Un soutien personnalis\u00e9 pour les clients","robots":{"index":"index","follow":"follow","max-snippet":"max-snippet:-1","max-image-preview":"max-image-preview:large","max-video-preview":"max-video-preview:-1"},"canonical":"https:\/\/nitorlack.com\/fr\/barniz\/accessories\/decapant\/paint-remover-guitar\/","og_locale":"fr_FR","og_type":"article","og_title":"D\u00e9capant Pour Guitare | NITORLACK\u00ae","og_description":"Gel incolore \u00e0 base de solvant, con\u00e7u pour enlever le vernis des guitares sans endommager le bois.Processus rapide et facile. Un soutien personnalis\u00e9 pour les clients","og_url":"https:\/\/nitorlack.com\/fr\/barniz\/accessories\/decapant\/paint-remover-guitar\/","og_site_name":"Nitorlack","article_modified_time":"2025-12-11T23:33:45+00:00","og_image":[{"width":1000,"height":1000,"url":"https:\/\/nitorlack.com\/wp-content\/uploads\/2019\/09\/Decapante-Guitarras-e1671010636167.jpg","type":"image\/jpeg"}],"twitter_card":"summary_large_image","twitter_misc":{"Dur\u00e9e de lecture estim\u00e9e":"1 minute"},"schema":{"@context":"https:\/\/schema.org","@graph":[{"@type":"WebPage","@id":"https:\/\/nitorlack.com\/fr\/barniz\/accessories\/decapant\/paint-remover-guitar\/","url":"https:\/\/nitorlack.com\/fr\/barniz\/accessories\/decapant\/paint-remover-guitar\/","name":"D\u00e9capant Pour Guitare | NITORLACK\u00ae","isPartOf":{"@id":"https:\/\/nitorlack.com\/fr\/#website"},"primaryImageOfPage":{"@id":"https:\/\/nitorlack.com\/fr\/barniz\/accessories\/decapant\/paint-remover-guitar\/#primaryimage"},"image":{"@id":"https:\/\/nitorlack.com\/fr\/barniz\/accessories\/decapant\/paint-remover-guitar\/#primaryimage"},"thumbnailUrl":"https:\/\/nitorlack.com\/wp-content\/uploads\/2019\/09\/Decapante-Guitarras-e1671010636167.jpg","datePublished":"2016-03-30T10:18:58+00:00","dateModified":"2025-12-11T23:33:45+00:00","description":"Gel incolore \u00e0 base de solvant, con\u00e7u pour enlever le vernis des guitares sans endommager le bois.Processus rapide et facile. Un soutien personnalis\u00e9 pour les clients","breadcrumb":{"@id":"https:\/\/nitorlack.com\/fr\/barniz\/accessories\/decapant\/paint-remover-guitar\/#breadcrumb"},"inLanguage":"fr-FR","potentialAction":[{"@type":"ReadAction","target":["https:\/\/nitorlack.com\/fr\/barniz\/accessories\/decapant\/paint-remover-guitar\/"]}]},{"@type":"ImageObject","inLanguage":"fr-FR","@id":"https:\/\/nitorlack.com\/fr\/barniz\/accessories\/decapant\/paint-remover-guitar\/#primaryimage","url":"https:\/\/nitorlack.com\/wp-content\/uploads\/2019\/09\/Decapante-Guitarras-e1671010636167.jpg","contentUrl":"https:\/\/nitorlack.com\/wp-content\/uploads\/2019\/09\/Decapante-Guitarras-e1671010636167.jpg","width":1000,"height":1000,"caption":"D\u00c9CAPANT POUR GUITARE"},{"@type":"BreadcrumbList","@id":"https:\/\/nitorlack.com\/fr\/barniz\/accessories\/decapant\/paint-remover-guitar\/#breadcrumb","itemListElement":[{"@type":"ListItem","position":1,"name":"Page de Couverture","item":"https:\/\/nitorlack.com\/fr\/"},{"@type":"ListItem","position":2,"name":"Boutique","item":"https:\/\/nitorlack.com\/fr\/boutique\/"},{"@type":"ListItem","position":3,"name":"D\u00c9CAPANT POUR GUITARE"}]},{"@type":"WebSite","@id":"https:\/\/nitorlack.com\/fr\/#website","url":"https:\/\/nitorlack.com\/fr\/","name":"Nitorlack","description":"Guitar Lacquers","publisher":{"@id":"https:\/\/nitorlack.com\/fr\/#organization"},"potentialAction":[{"@type":"SearchAction","target":{"@type":"EntryPoint","urlTemplate":"https:\/\/nitorlack.com\/fr\/?s={search_term_string}"},"query-input":{"@type":"PropertyValueSpecification","valueRequired":true,"valueName":"search_term_string"}}],"inLanguage":"fr-FR"},{"@type":"Organization","@id":"https:\/\/nitorlack.com\/fr\/#organization","name":"Nitorlack","url":"https:\/\/nitorlack.com\/fr\/","logo":{"@type":"ImageObject","inLanguage":"fr-FR","@id":"https:\/\/nitorlack.com\/fr\/#\/schema\/logo\/image\/","url":"http:\/\/nitorlack.com\/wp-content\/uploads\/2016\/02\/cropped-galleta-negra-1.jpg","contentUrl":"http:\/\/nitorlack.com\/wp-content\/uploads\/2016\/02\/cropped-galleta-negra-1.jpg","width":512,"height":512,"caption":"Nitorlack"},"image":{"@id":"https:\/\/nitorlack.com\/fr\/#\/schema\/logo\/image\/"}}]}},"_links":{"self":[{"href":"https:\/\/nitorlack.com\/fr\/wp-json\/wp\/v2\/product\/3028","targetHints":{"allow":["GET"]}}],"collection":[{"href":"https:\/\/nitorlack.com\/fr\/wp-json\/wp\/v2\/product"}],"about":[{"href":"https:\/\/nitorlack.com\/fr\/wp-json\/wp\/v2\/types\/product"}],"replies":[{"embeddable":true,"href":"https:\/\/nitorlack.com\/fr\/wp-json\/wp\/v2\/comments?post=3028"}],"wp:featuredmedia":[{"embeddable":true,"href":"https:\/\/nitorlack.com\/fr\/wp-json\/wp\/v2\/media\/26166"}],"wp:attachment":[{"href":"https:\/\/nitorlack.com\/fr\/wp-json\/wp\/v2\/media?parent=3028"}],"wp:term":[{"taxonomy":"product_brand","embeddable":true,"href":"https:\/\/nitorlack.com\/fr\/wp-json\/wp\/v2\/product_brand?post=3028"},{"taxonomy":"product_cat","embeddable":true,"href":"https:\/\/nitorlack.com\/fr\/wp-json\/wp\/v2\/product_cat?post=3028"},{"taxonomy":"product_tag","embeddable":true,"href":"https:\/\/nitorlack.com\/fr\/wp-json\/wp\/v2\/product_tag?post=3028"}],"curies":[{"name":"wp","href":"https:\/\/api.w.org\/{rel}","templated":true}]}}