{"id":29622,"date":"2020-06-08T09:44:18","date_gmt":"2020-06-08T07:44:18","guid":{"rendered":"http:\/\/nitorlack.com\/barniz\/non%20class\u00e9\/nitorlak-a-daphne-blue-br-0750-l\/"},"modified":"2026-02-18T22:44:58","modified_gmt":"2026-02-18T20:44:58","slug":"nitorlak-a-daphne-blue-br-0750-l","status":"publish","type":"product","link":"https:\/\/nitorlack.com\/fr\/barniz\/custom-couleurs-pot\/solide\/nitorlak-a-daphne-blue-br-0750-l\/","title":{"rendered":"DAPHNE BLUE"},"content":{"rendered":"<div class=\"wpb-content-wrapper\"><p>[vc_row css=\u00a0\u00bb.vc_custom_1593585132184{background-color: #ffffff !important;}\u00a0\u00bb][vc_column width=\u00a0\u00bb1\/2&Prime;][vc_column_text]<\/p>\n<h2>Nos couleurs d&rsquo;inspiration vintage<\/h2>\n<p>Les couleurs Nitorlack sont bas\u00e9es sur les couleurs originales de Fender et Gibson. La cr\u00e9ation de ces couleurs est pr\u00e9c\u00e9d\u00e9e d&rsquo;un grand travail et d&rsquo;une \u00e9tude exhaustive de la part de notre laboratoire et de notre d\u00e9partement technique. Gr\u00e2ce \u00e0 cela, nous avons pu recr\u00e9er fid\u00e8lement les sonorit\u00e9s des guitares Fender et Gibson des ann\u00e9es 50 et 60.<\/p>\n<p>Au cours de ces ann\u00e9es et jusqu&rsquo;\u00e0 aujourd&rsquo;hui, il faut tenir compte du fait que les couleurs des guitares vintage ont beaucoup chang\u00e9 au fil des ans en raison du vieillissement de la laque nitrocellulosique et des modifications des couleurs des marques.<\/p>\n<p>Par cons\u00e9quent, deux guitares finies en 1960 avec des couleurs Fender peuvent \u00eatre totalement diff\u00e9rentes l&rsquo;une de l&rsquo;autre ou d&rsquo;une guitare plus moderne.[\/vc_column_text][\/vc_column][vc_column width=\u00a0\u00bb1\/2&Prime;][vc_single_image image=\u00a0\u00bb64130&Prime; img_size=\u00a0\u00bb1000&#215;800&Prime; alignment=\u00a0\u00bbcenter\u00a0\u00bb][\/vc_column][\/vc_row][vc_row][vc_column][vc_column_text]<\/p>\n<h3>Guide d&rsquo;application<\/h3>\n<ul>\n<li>Nous commen\u00e7ons \u00e0 appliquer la couleur une fois que la guitare a \u00e9t\u00e9 appr\u00eat\u00e9e avec le Nitorlack Primer.<\/li>\n<li>Lorsque nous commen\u00e7ons \u00e0 peindre, les pores doivent \u00eatre ferm\u00e9s et les veines ne doivent pas \u00eatre marqu\u00e9es.<\/li>\n<li>Le produit est appliqu\u00e9 par pulv\u00e9risation ou au pistolet \u00e0 une distance d&rsquo;environ 25 cm.<\/li>\n<li>Lors de l&rsquo;application, il faut suivre un sch\u00e9ma d&rsquo;application, d&rsquo;abord horizontalement puis verticalement, en appliquant la peinture de mani\u00e8re uniforme.<\/li>\n<li>Appliquer plusieurs couches, les laisser s\u00e9cher pendant environ 24 heures et les poncer entre elles pour \u00e9liminer les impuret\u00e9s restantes.<\/li>\n<li>Ce travail est termin\u00e9 lorsque la surface est compl\u00e8tement lisse et exempte d&rsquo;imperfections.<\/li>\n<\/ul>\n<h3>Preguntas frecuentes:<\/h3>\n<p>&nbsp;<\/p>\n<h4>\u00bf Cuantos spray necesito para barnizar una guitarra?<\/h4>\n<p>&#8211; Si la superficie est\u00e1 bien cubierta y no es tu primer proyecto de pintura, podr\u00e1s hacerlo con un spray, aunque no aplicar\u00e1s muchas capas. Sin embargo si no eres un experto recomendamos usar 2 sprays para un \u00f3ptimo acabado.<\/p>\n<p>&nbsp;<\/p>\n<h4>\u00bfA que temperatura debe estar la guitarra durante y despu\u00e9s del proceso?<\/h4>\n<p>&#8211; Se recomienda hacer en un lugar cuya temperatura est\u00e9 entre 15 y 25 grados. Si el proceso de pintura o barnizado se hace en condiciones de mucho calor o frio pueden hacer que el resultado final no sea bueno.<\/p>\n<p>&nbsp;<\/p>\n<h4>\u00bf Donde debo realizar el proceso?<\/h4>\n<p>Un sitio limpio ser\u00e1 fundamental, para evitar que la suciedad o part\u00edculas de polvo se adhieran a la superficie.<\/p>\n<p>&nbsp;<\/p>\n<h4>\u00bfEs obligatorio lijar entre capas?<\/h4>\n<p>No es algo que deba siempre, pero es recomendable para as\u00ed eliminar las imperfecciones que queden en la pintura al final de cada capa, as\u00ed como las part\u00edculas que puedan adherirse.[\/vc_column_text][\/vc_column][\/vc_row][vc_row][vc_column][vc_column_text]<\/p>\n<h4 style=\"text-align: center;\">Partagez votre travail sur les m\u00e9dias sociaux en utilisant notre hashtag<\/h4>\n<h2 style=\"text-align: center;\">#myNitorlack<\/h2>\n<p>[\/vc_column_text][vc_raw_html]JTVCQmVzdF9Xb3JkcHJlc3NfR2FsbGVyeSUyMGlkJTNEJTIyNCUyMiU1RA==[\/vc_raw_html][\/vc_column][\/vc_row][vc_column][vc_column_text]<\/p>\n<h3 style=\"text-align: center;\">Avec la garantie de <a href=\"https:\/\/valresa.com\/\"> Valresa Coatings SA <\/a><\/h3>\n<p>[\/vc_column_text][\/vc_column][vc_column width=\u00a0\u00bb1\/2&Prime;][\/vc_column][vc_column width=\u00a0\u00bb1\/2&Prime;][\/vc_column]<\/p>\n<\/div>","protected":false},"excerpt":{"rendered":"<p>Finition Classic Fender DAPHNE BLUE<\/p>\n<p>Utilis\u00e9 par Fender de 1960 \u00e0 1965 et inspir\u00e9 de la Cadillac 1958.<\/p>\n<p>L\u00e9g\u00e8rement plus sombre que Sonic Blue.<\/p>\n<p>Il est conseill\u00e9 d&rsquo;appliquer une finition pour prot\u00e9ger la couleur et donner de la profondeur.<\/p>\n","protected":false},"featured_media":75462,"comment_status":"open","ping_status":"closed","template":"","meta":{"om_disable_all_campaigns":false,"site-sidebar-layout":"no-sidebar","site-content-layout":"plain-container","ast-site-content-layout":"normal-width-container","site-content-style":"unboxed","site-sidebar-style":"unboxed","ast-global-header-display":"","ast-banner-title-visibility":"","ast-main-header-display":"","ast-hfb-above-header-display":"","ast-hfb-below-header-display":"","ast-hfb-mobile-header-display":"","site-post-title":"disabled","ast-breadcrumbs-content":"","ast-featured-img":"disabled","footer-sml-layout":"","ast-disable-related-posts":"","theme-transparent-header-meta":"default","adv-header-id-meta":"","stick-header-meta":"default","header-above-stick-meta":"","header-main-stick-meta":"","header-below-stick-meta":"","astra-migrate-meta-layouts":"default","ast-page-background-enabled":"default","ast-page-background-meta":{"desktop":{"background-color":"var(--ast-global-color-4)","background-image":"","background-repeat":"repeat","background-position":"center center","background-size":"auto","background-attachment":"scroll","background-type":"","background-media":"","overlay-type":"","overlay-color":"","overlay-opacity":"","overlay-gradient":""},"tablet":{"background-color":"","background-image":"","background-repeat":"repeat","background-position":"center center","background-size":"auto","background-attachment":"scroll","background-type":"","background-media":"","overlay-type":"","overlay-color":"","overlay-opacity":"","overlay-gradient":""},"mobile":{"background-color":"","background-image":"","background-repeat":"repeat","background-position":"center center","background-size":"auto","background-attachment":"scroll","background-type":"","background-media":"","overlay-type":"","overlay-color":"","overlay-opacity":"","overlay-gradient":""}},"ast-content-background-meta":{"desktop":{"background-color":"var(--ast-global-color-5)","background-image":"","background-repeat":"repeat","background-position":"center center","background-size":"auto","background-attachment":"scroll","background-type":"","background-media":"","overlay-type":"","overlay-color":"","overlay-opacity":"","overlay-gradient":""},"tablet":{"background-color":"var(--ast-global-color-5)","background-image":"","background-repeat":"repeat","background-position":"center center","background-size":"auto","background-attachment":"scroll","background-type":"","background-media":"","overlay-type":"","overlay-color":"","overlay-opacity":"","overlay-gradient":""},"mobile":{"background-color":"var(--ast-global-color-5)","background-image":"","background-repeat":"repeat","background-position":"center center","background-size":"auto","background-attachment":"scroll","background-type":"","background-media":"","overlay-type":"","overlay-color":"","overlay-opacity":"","overlay-gradient":""}}},"product_brand":[],"product_cat":[114,7423],"product_tag":[],"class_list":{"0":"post-29622","1":"product","2":"type-product","3":"status-publish","4":"has-post-thumbnail","6":"product_cat-custom-couleurs-pot","7":"product_cat-solide","8":"desktop-align-center","9":"tablet-align-center","10":"mobile-align-center","11":"ast-product-gallery-layout-horizontal-slider","12":"ast-product-single-variable","13":"ast-product-tabs-layout-horizontal","15":"first","16":"instock","17":"taxable","18":"shipping-taxable","19":"purchasable","20":"product-type-variable"},"bundled_by":[],"bundle_stock_status":"instock","bundle_stock_quantity":4925,"bundle_virtual":false,"bundle_layout":"","bundle_add_to_cart_form_location":"","bundle_editable_in_cart":false,"bundle_sold_individually_context":"","bundle_item_grouping":"","bundle_min_size":"","bundle_max_size":"","bundle_price":[],"bundled_items":[],"bundle_sell_ids":[],"yoast_head":"<!-- This site is optimized with the Yoast SEO plugin v27.3 - https:\/\/yoast.com\/product\/yoast-seo-wordpress\/ -->\n<title>DAPHNE BLUE | Color NitorLACK<\/title>\n<meta name=\"description\" content=\"Couleur bleu daphn\u00e9, typique des ann\u00e9es 60. Disponible en nitrocellulose ou en polyur\u00e9thane, ainsi qu&#039;en spray de 400 ml et en bo\u00eete de 500 ml.\" \/>\n<meta name=\"robots\" content=\"index, follow, max-snippet:-1, max-image-preview:large, max-video-preview:-1\" \/>\n<link rel=\"canonical\" href=\"https:\/\/nitorlack.com\/fr\/barniz\/custom-couleurs-pot\/solide\/nitorlak-a-daphne-blue-br-0750-l\/\" \/>\n<meta property=\"og:locale\" content=\"fr_FR\" \/>\n<meta property=\"og:type\" content=\"article\" \/>\n<meta property=\"og:title\" content=\"DAPHNE BLUE | Color NitorLACK\" \/>\n<meta property=\"og:description\" content=\"Couleur bleu daphn\u00e9, typique des ann\u00e9es 60. Disponible en nitrocellulose ou en polyur\u00e9thane, ainsi qu&#039;en spray de 400 ml et en bo\u00eete de 500 ml.\" \/>\n<meta property=\"og:url\" content=\"https:\/\/nitorlack.com\/fr\/barniz\/custom-couleurs-pot\/solide\/nitorlak-a-daphne-blue-br-0750-l\/\" \/>\n<meta property=\"og:site_name\" content=\"Nitorlack\" \/>\n<meta property=\"article:modified_time\" content=\"2026-02-18T20:44:58+00:00\" \/>\n<meta property=\"og:image\" content=\"https:\/\/nitorlack.com\/wp-content\/uploads\/2024\/10\/SESION-3-GUITARRA-9-1-B.jpg\" \/>\n\t<meta property=\"og:image:width\" content=\"1200\" \/>\n\t<meta property=\"og:image:height\" content=\"1200\" \/>\n\t<meta property=\"og:image:type\" content=\"image\/jpeg\" \/>\n<meta name=\"twitter:card\" content=\"summary_large_image\" \/>\n<meta name=\"twitter:label1\" content=\"Dur\u00e9e de lecture estim\u00e9e\" \/>\n\t<meta name=\"twitter:data1\" content=\"4 minutes\" \/>\n<script type=\"application\/ld+json\" class=\"yoast-schema-graph\">{\"@context\":\"https:\\\/\\\/schema.org\",\"@graph\":[{\"@type\":\"WebPage\",\"@id\":\"https:\\\/\\\/nitorlack.com\\\/fr\\\/barniz\\\/custom-couleurs-pot\\\/solide\\\/nitorlak-a-daphne-blue-br-0750-l\\\/\",\"url\":\"https:\\\/\\\/nitorlack.com\\\/fr\\\/barniz\\\/custom-couleurs-pot\\\/solide\\\/nitorlak-a-daphne-blue-br-0750-l\\\/\",\"name\":\"DAPHNE BLUE | Color NitorLACK\",\"isPartOf\":{\"@id\":\"https:\\\/\\\/nitorlack.com\\\/fr\\\/#website\"},\"primaryImageOfPage\":{\"@id\":\"https:\\\/\\\/nitorlack.com\\\/fr\\\/barniz\\\/custom-couleurs-pot\\\/solide\\\/nitorlak-a-daphne-blue-br-0750-l\\\/#primaryimage\"},\"image\":{\"@id\":\"https:\\\/\\\/nitorlack.com\\\/fr\\\/barniz\\\/custom-couleurs-pot\\\/solide\\\/nitorlak-a-daphne-blue-br-0750-l\\\/#primaryimage\"},\"thumbnailUrl\":\"https:\\\/\\\/nitorlack.com\\\/wp-content\\\/uploads\\\/2024\\\/10\\\/SESION-3-GUITARRA-9-2-B.jpg\",\"datePublished\":\"2020-06-08T07:44:18+00:00\",\"dateModified\":\"2026-02-18T20:44:58+00:00\",\"description\":\"Couleur bleu daphn\u00e9, typique des ann\u00e9es 60. Disponible en nitrocellulose ou en polyur\u00e9thane, ainsi qu'en spray de 400 ml et en bo\u00eete de 500 ml.\",\"breadcrumb\":{\"@id\":\"https:\\\/\\\/nitorlack.com\\\/fr\\\/barniz\\\/custom-couleurs-pot\\\/solide\\\/nitorlak-a-daphne-blue-br-0750-l\\\/#breadcrumb\"},\"inLanguage\":\"fr-FR\",\"potentialAction\":[{\"@type\":\"ReadAction\",\"target\":[\"https:\\\/\\\/nitorlack.com\\\/fr\\\/barniz\\\/custom-couleurs-pot\\\/solide\\\/nitorlak-a-daphne-blue-br-0750-l\\\/\"]}]},{\"@type\":\"ImageObject\",\"inLanguage\":\"fr-FR\",\"@id\":\"https:\\\/\\\/nitorlack.com\\\/fr\\\/barniz\\\/custom-couleurs-pot\\\/solide\\\/nitorlak-a-daphne-blue-br-0750-l\\\/#primaryimage\",\"url\":\"https:\\\/\\\/nitorlack.com\\\/wp-content\\\/uploads\\\/2024\\\/10\\\/SESION-3-GUITARRA-9-2-B.jpg\",\"contentUrl\":\"https:\\\/\\\/nitorlack.com\\\/wp-content\\\/uploads\\\/2024\\\/10\\\/SESION-3-GUITARRA-9-2-B.jpg\",\"width\":1200,\"height\":1200,\"caption\":\"sonic blue guitarra\"},{\"@type\":\"BreadcrumbList\",\"@id\":\"https:\\\/\\\/nitorlack.com\\\/fr\\\/barniz\\\/custom-couleurs-pot\\\/solide\\\/nitorlak-a-daphne-blue-br-0750-l\\\/#breadcrumb\",\"itemListElement\":[{\"@type\":\"ListItem\",\"position\":1,\"name\":\"Page de Couverture\",\"item\":\"https:\\\/\\\/nitorlack.com\\\/fr\\\/\"},{\"@type\":\"ListItem\",\"position\":2,\"name\":\"Boutique\",\"item\":\"https:\\\/\\\/nitorlack.com\\\/fr\\\/boutique\\\/\"},{\"@type\":\"ListItem\",\"position\":3,\"name\":\"DAPHNE BLUE\"}]},{\"@type\":\"WebSite\",\"@id\":\"https:\\\/\\\/nitorlack.com\\\/fr\\\/#website\",\"url\":\"https:\\\/\\\/nitorlack.com\\\/fr\\\/\",\"name\":\"Nitorlack\",\"description\":\"Guitar Lacquers\",\"publisher\":{\"@id\":\"https:\\\/\\\/nitorlack.com\\\/fr\\\/#organization\"},\"potentialAction\":[{\"@type\":\"SearchAction\",\"target\":{\"@type\":\"EntryPoint\",\"urlTemplate\":\"https:\\\/\\\/nitorlack.com\\\/fr\\\/?s={search_term_string}\"},\"query-input\":{\"@type\":\"PropertyValueSpecification\",\"valueRequired\":true,\"valueName\":\"search_term_string\"}}],\"inLanguage\":\"fr-FR\"},{\"@type\":\"Organization\",\"@id\":\"https:\\\/\\\/nitorlack.com\\\/fr\\\/#organization\",\"name\":\"Nitorlack\",\"url\":\"https:\\\/\\\/nitorlack.com\\\/fr\\\/\",\"logo\":{\"@type\":\"ImageObject\",\"inLanguage\":\"fr-FR\",\"@id\":\"https:\\\/\\\/nitorlack.com\\\/fr\\\/#\\\/schema\\\/logo\\\/image\\\/\",\"url\":\"http:\\\/\\\/nitorlack.com\\\/wp-content\\\/uploads\\\/2016\\\/02\\\/cropped-galleta-negra-1.jpg\",\"contentUrl\":\"http:\\\/\\\/nitorlack.com\\\/wp-content\\\/uploads\\\/2016\\\/02\\\/cropped-galleta-negra-1.jpg\",\"width\":512,\"height\":512,\"caption\":\"Nitorlack\"},\"image\":{\"@id\":\"https:\\\/\\\/nitorlack.com\\\/fr\\\/#\\\/schema\\\/logo\\\/image\\\/\"}}]}<\/script>\n<!-- \/ Yoast SEO plugin. -->","yoast_head_json":{"title":"DAPHNE BLUE | Color NitorLACK","description":"Couleur bleu daphn\u00e9, typique des ann\u00e9es 60. Disponible en nitrocellulose ou en polyur\u00e9thane, ainsi qu'en spray de 400 ml et en bo\u00eete de 500 ml.","robots":{"index":"index","follow":"follow","max-snippet":"max-snippet:-1","max-image-preview":"max-image-preview:large","max-video-preview":"max-video-preview:-1"},"canonical":"https:\/\/nitorlack.com\/fr\/barniz\/custom-couleurs-pot\/solide\/nitorlak-a-daphne-blue-br-0750-l\/","og_locale":"fr_FR","og_type":"article","og_title":"DAPHNE BLUE | Color NitorLACK","og_description":"Couleur bleu daphn\u00e9, typique des ann\u00e9es 60. Disponible en nitrocellulose ou en polyur\u00e9thane, ainsi qu'en spray de 400 ml et en bo\u00eete de 500 ml.","og_url":"https:\/\/nitorlack.com\/fr\/barniz\/custom-couleurs-pot\/solide\/nitorlak-a-daphne-blue-br-0750-l\/","og_site_name":"Nitorlack","article_modified_time":"2026-02-18T20:44:58+00:00","og_image":[{"width":1200,"height":1200,"url":"https:\/\/nitorlack.com\/wp-content\/uploads\/2024\/10\/SESION-3-GUITARRA-9-1-B.jpg","type":"image\/jpeg"}],"twitter_card":"summary_large_image","twitter_misc":{"Dur\u00e9e de lecture estim\u00e9e":"4 minutes"},"schema":{"@context":"https:\/\/schema.org","@graph":[{"@type":"WebPage","@id":"https:\/\/nitorlack.com\/fr\/barniz\/custom-couleurs-pot\/solide\/nitorlak-a-daphne-blue-br-0750-l\/","url":"https:\/\/nitorlack.com\/fr\/barniz\/custom-couleurs-pot\/solide\/nitorlak-a-daphne-blue-br-0750-l\/","name":"DAPHNE BLUE | Color NitorLACK","isPartOf":{"@id":"https:\/\/nitorlack.com\/fr\/#website"},"primaryImageOfPage":{"@id":"https:\/\/nitorlack.com\/fr\/barniz\/custom-couleurs-pot\/solide\/nitorlak-a-daphne-blue-br-0750-l\/#primaryimage"},"image":{"@id":"https:\/\/nitorlack.com\/fr\/barniz\/custom-couleurs-pot\/solide\/nitorlak-a-daphne-blue-br-0750-l\/#primaryimage"},"thumbnailUrl":"https:\/\/nitorlack.com\/wp-content\/uploads\/2024\/10\/SESION-3-GUITARRA-9-2-B.jpg","datePublished":"2020-06-08T07:44:18+00:00","dateModified":"2026-02-18T20:44:58+00:00","description":"Couleur bleu daphn\u00e9, typique des ann\u00e9es 60. Disponible en nitrocellulose ou en polyur\u00e9thane, ainsi qu'en spray de 400 ml et en bo\u00eete de 500 ml.","breadcrumb":{"@id":"https:\/\/nitorlack.com\/fr\/barniz\/custom-couleurs-pot\/solide\/nitorlak-a-daphne-blue-br-0750-l\/#breadcrumb"},"inLanguage":"fr-FR","potentialAction":[{"@type":"ReadAction","target":["https:\/\/nitorlack.com\/fr\/barniz\/custom-couleurs-pot\/solide\/nitorlak-a-daphne-blue-br-0750-l\/"]}]},{"@type":"ImageObject","inLanguage":"fr-FR","@id":"https:\/\/nitorlack.com\/fr\/barniz\/custom-couleurs-pot\/solide\/nitorlak-a-daphne-blue-br-0750-l\/#primaryimage","url":"https:\/\/nitorlack.com\/wp-content\/uploads\/2024\/10\/SESION-3-GUITARRA-9-2-B.jpg","contentUrl":"https:\/\/nitorlack.com\/wp-content\/uploads\/2024\/10\/SESION-3-GUITARRA-9-2-B.jpg","width":1200,"height":1200,"caption":"sonic blue guitarra"},{"@type":"BreadcrumbList","@id":"https:\/\/nitorlack.com\/fr\/barniz\/custom-couleurs-pot\/solide\/nitorlak-a-daphne-blue-br-0750-l\/#breadcrumb","itemListElement":[{"@type":"ListItem","position":1,"name":"Page de Couverture","item":"https:\/\/nitorlack.com\/fr\/"},{"@type":"ListItem","position":2,"name":"Boutique","item":"https:\/\/nitorlack.com\/fr\/boutique\/"},{"@type":"ListItem","position":3,"name":"DAPHNE BLUE"}]},{"@type":"WebSite","@id":"https:\/\/nitorlack.com\/fr\/#website","url":"https:\/\/nitorlack.com\/fr\/","name":"Nitorlack","description":"Guitar Lacquers","publisher":{"@id":"https:\/\/nitorlack.com\/fr\/#organization"},"potentialAction":[{"@type":"SearchAction","target":{"@type":"EntryPoint","urlTemplate":"https:\/\/nitorlack.com\/fr\/?s={search_term_string}"},"query-input":{"@type":"PropertyValueSpecification","valueRequired":true,"valueName":"search_term_string"}}],"inLanguage":"fr-FR"},{"@type":"Organization","@id":"https:\/\/nitorlack.com\/fr\/#organization","name":"Nitorlack","url":"https:\/\/nitorlack.com\/fr\/","logo":{"@type":"ImageObject","inLanguage":"fr-FR","@id":"https:\/\/nitorlack.com\/fr\/#\/schema\/logo\/image\/","url":"http:\/\/nitorlack.com\/wp-content\/uploads\/2016\/02\/cropped-galleta-negra-1.jpg","contentUrl":"http:\/\/nitorlack.com\/wp-content\/uploads\/2016\/02\/cropped-galleta-negra-1.jpg","width":512,"height":512,"caption":"Nitorlack"},"image":{"@id":"https:\/\/nitorlack.com\/fr\/#\/schema\/logo\/image\/"}}]}},"_links":{"self":[{"href":"https:\/\/nitorlack.com\/fr\/wp-json\/wp\/v2\/product\/29622","targetHints":{"allow":["GET"]}}],"collection":[{"href":"https:\/\/nitorlack.com\/fr\/wp-json\/wp\/v2\/product"}],"about":[{"href":"https:\/\/nitorlack.com\/fr\/wp-json\/wp\/v2\/types\/product"}],"replies":[{"embeddable":true,"href":"https:\/\/nitorlack.com\/fr\/wp-json\/wp\/v2\/comments?post=29622"}],"wp:featuredmedia":[{"embeddable":true,"href":"https:\/\/nitorlack.com\/fr\/wp-json\/wp\/v2\/media\/75462"}],"wp:attachment":[{"href":"https:\/\/nitorlack.com\/fr\/wp-json\/wp\/v2\/media?parent=29622"}],"wp:term":[{"taxonomy":"product_brand","embeddable":true,"href":"https:\/\/nitorlack.com\/fr\/wp-json\/wp\/v2\/product_brand?post=29622"},{"taxonomy":"product_cat","embeddable":true,"href":"https:\/\/nitorlack.com\/fr\/wp-json\/wp\/v2\/product_cat?post=29622"},{"taxonomy":"product_tag","embeddable":true,"href":"https:\/\/nitorlack.com\/fr\/wp-json\/wp\/v2\/product_tag?post=29622"}],"curies":[{"name":"wp","href":"https:\/\/api.w.org\/{rel}","templated":true}]}}