{"id":2677,"date":"2016-03-30T12:19:09","date_gmt":"2016-03-30T10:19:09","guid":{"rendered":"http:\/\/nitorlack.com\/product\/shellac-superblonde\/"},"modified":"2026-02-19T17:14:05","modified_gmt":"2026-02-19T15:14:05","slug":"shellac-superblonde","status":"publish","type":"product","link":"https:\/\/nitorlack.com\/fr\/barniz\/finitions\/shellac-superblonde\/","title":{"rendered":"GOMME-LAQUE"},"content":{"rendered":"<div class=\"wpb-content-wrapper\"><p>[vc_row][vc_column][vc_column_text]<\/p>\n<h3>Gomme-laque en flocons, cassante, translucide, jaune \u00e0 brun-orange vif, pour le bois<\/h3>\n<p>&nbsp;<\/p>\n<h4>Types de gomme-laque disponibles:<\/h4>\n<ul>\n<li>\n<h4>Superblonde \u00e9pil\u00e9e<\/h4>\n<\/li>\n<li>\n<h4>Citron 1er<\/h4>\n<\/li>\n<li>\n<h4>Pierre ponce<\/h4>\n<\/li>\n<\/ul>\n<p>La finition \u00e0 la gomme-laque a pour but de <strong>prot\u00e9ger le bois<\/strong> en fermant les pores et de lui donner de la duret\u00e9 et de l&rsquo;\u00e9lasticit\u00e9.<\/p>\n<p><strong>La gomme-laque en \u00e9cailles est dure et tenace<\/strong>, et offre une bonne qualit\u00e9 de couverture, sa fine pellicule a un brillant \u00e9lev\u00e9 qui r\u00e9siste \u00e0 l&rsquo;abrasion et \u00e0 la d\u00e9t\u00e9rioration par les UV. Il est soluble dans l&rsquo;alcool, insoluble dans l&rsquo;eau et l\u00e9g\u00e8rement soluble dans l&rsquo;ac\u00e9tone et l&rsquo;\u00e9ther.<\/p>\n<p><strong>La gomme-laque en flocons<\/strong> est une r\u00e9sine produite par des insectes qui vivent sur les branches de certains arbres indiens. La gomme-laque brute est recueillie sur l&rsquo;arbre, puis \u00e9cras\u00e9e et tri\u00e9e, avant d&rsquo;\u00eatre chauff\u00e9e, comprim\u00e9e et transform\u00e9e en une masse plastique pr\u00eate \u00e0 \u00eatre \u00e9tal\u00e9e, formant de fines feuilles et laiss\u00e9e \u00e0 s\u00e9cher pour \u00eatre d\u00e9coup\u00e9e ult\u00e9rieurement, c&rsquo;est ainsi qu&rsquo;on la trouve sur le march\u00e9.<\/p>\n<p><strong>La pierre ponce<\/strong> est une roche ign\u00e9e ou volcanique sous forme de poudre, elle contient de l&rsquo;oxyde de silicium et de l&rsquo;oxyde d&rsquo;aluminium, g\u00e9n\u00e9rant une poudre tr\u00e8s fine qui est utilis\u00e9e pour diverses techniques de finition.<\/p>\n<p>Obtenu \u00e0 partir de pierres silicat\u00e9es de haute puret\u00e9, il est particuli\u00e8rement appr\u00e9ci\u00e9 comme charge dans les finitions de polissage \u00e0 la fran\u00e7aise.<\/p>\n<p>Malgr\u00e9 sa coloration opaque, en m\u00e9langeant cette poudre avec de la gomme-laque, on obtient une p\u00e2te de <strong>finition transparente.<\/strong><\/p>\n<p>Il est utilis\u00e9 comme <strong>mastic<\/strong>, m\u00e9lang\u00e9 \u00e0 de l&rsquo;alcool et dans certains cas \u00e0 de l&rsquo;huile, pour remplir les pores afin d&rsquo;obtenir une surface lisse sur laquelle la finition finale est facile \u00e0 appliquer. Il peut \u00e9galement \u00eatre m\u00e9lang\u00e9 \u00e0 de l&rsquo;eau ou \u00e0 de la paraffine liquide pour d&rsquo;autres types de finitions.<\/p>\n<p>&nbsp;<\/p>\n<p>Vous pouvez voir un tutoriel pratique sur la fa\u00e7on <a href=\"https:\/\/nitorlack.com\/fr\/blog\/finition-shellac\/\">d&rsquo;appliquer la gomme-laque<\/a>.<\/p>\n<p>Il y a \u00e9galement un tutoriel sur la<a href=\"https:\/\/www.youtube.com\/watch?v=WO3_8EvR_-k\"> fabrication de la gomme-laque et sa pr\u00e9paration<\/a>[\/vc_column_text][\/vc_column][\/vc_row][vc_row][vc_column][vc_video link=\u00a0\u00bbhttps:\/\/www.youtube.com\/watch?v=WO3_8EvR_-k\u00a0\u00bb el_width=\u00a0\u00bb80&Prime; align=\u00a0\u00bbcenter\u00a0\u00bb][\/vc_column][\/vc_row]<\/p>\n<\/div>","protected":false},"excerpt":{"rendered":"<p><strong>D\u00e9cir\u00e9 Shellac super Blonde, 1er Citron et ponce.<\/strong><br \/>\nFinition traditionnelle pour le flamenco et la guitare classique.<br \/>\nFlocons cassants, translucide jaune \u00e0 orange vif brun.<br \/>\nCouramment utilis\u00e9 dans le classique \/ flamenco et la guitare acoustique.<\/p>\n","protected":false},"featured_media":23666,"comment_status":"open","ping_status":"closed","template":"","meta":{"om_disable_all_campaigns":false,"site-sidebar-layout":"no-sidebar","site-content-layout":"plain-container","ast-site-content-layout":"default","site-content-style":"default","site-sidebar-style":"default","ast-global-header-display":"","ast-banner-title-visibility":"","ast-main-header-display":"","ast-hfb-above-header-display":"","ast-hfb-below-header-display":"","ast-hfb-mobile-header-display":"","site-post-title":"disabled","ast-breadcrumbs-content":"","ast-featured-img":"disabled","footer-sml-layout":"","ast-disable-related-posts":"","theme-transparent-header-meta":"default","adv-header-id-meta":"","stick-header-meta":"default","header-above-stick-meta":"","header-main-stick-meta":"","header-below-stick-meta":"","astra-migrate-meta-layouts":"set","ast-page-background-enabled":"default","ast-page-background-meta":{"desktop":{"background-color":"var(--ast-global-color-4)","background-image":"","background-repeat":"repeat","background-position":"center center","background-size":"auto","background-attachment":"scroll","background-type":"","background-media":"","overlay-type":"","overlay-color":"","overlay-opacity":"","overlay-gradient":""},"tablet":{"background-color":"","background-image":"","background-repeat":"repeat","background-position":"center center","background-size":"auto","background-attachment":"scroll","background-type":"","background-media":"","overlay-type":"","overlay-color":"","overlay-opacity":"","overlay-gradient":""},"mobile":{"background-color":"","background-image":"","background-repeat":"repeat","background-position":"center center","background-size":"auto","background-attachment":"scroll","background-type":"","background-media":"","overlay-type":"","overlay-color":"","overlay-opacity":"","overlay-gradient":""}},"ast-content-background-meta":{"desktop":{"background-color":"var(--ast-global-color-5)","background-image":"","background-repeat":"repeat","background-position":"center center","background-size":"auto","background-attachment":"scroll","background-type":"","background-media":"","overlay-type":"","overlay-color":"","overlay-opacity":"","overlay-gradient":""},"tablet":{"background-color":"var(--ast-global-color-5)","background-image":"","background-repeat":"repeat","background-position":"center center","background-size":"auto","background-attachment":"scroll","background-type":"","background-media":"","overlay-type":"","overlay-color":"","overlay-opacity":"","overlay-gradient":""},"mobile":{"background-color":"var(--ast-global-color-5)","background-image":"","background-repeat":"repeat","background-position":"center center","background-size":"auto","background-attachment":"scroll","background-type":"","background-media":"","overlay-type":"","overlay-color":"","overlay-opacity":"","overlay-gradient":""}}},"product_brand":[],"product_cat":[80,486],"product_tag":[],"class_list":{"0":"post-2677","1":"product","2":"type-product","3":"status-publish","4":"has-post-thumbnail","6":"product_cat-finitions","7":"product_cat-shellac-fr","8":"desktop-align-center","9":"tablet-align-center","10":"mobile-align-center","11":"ast-product-gallery-layout-horizontal-slider","12":"ast-product-single-variable","13":"ast-product-tabs-layout-horizontal","15":"first","16":"instock","17":"taxable","18":"shipping-taxable","19":"purchasable","20":"product-type-variable"},"bundled_by":[],"bundle_stock_status":"instock","bundle_stock_quantity":5000,"bundle_virtual":false,"bundle_layout":"","bundle_add_to_cart_form_location":"","bundle_editable_in_cart":false,"bundle_sold_individually_context":"","bundle_item_grouping":"","bundle_min_size":"","bundle_max_size":"","bundle_price":[],"bundled_items":[],"bundle_sell_ids":[],"yoast_head":"<!-- This site is optimized with the Yoast SEO plugin v27.3 - https:\/\/yoast.com\/product\/yoast-seo-wordpress\/ -->\n<title>Gomme-laque pour guitare en paillettes - NITORLACK<\/title>\n<meta name=\"description\" content=\"La finition \u00e0 la gomme-laque est destin\u00e9e \u00e0 prot\u00e9ger le bois de la guitare en fermant les pores et en lui conf\u00e9rant duret\u00e9 et \u00e9lasticit\u00e9\" \/>\n<meta name=\"robots\" content=\"index, follow, max-snippet:-1, max-image-preview:large, max-video-preview:-1\" \/>\n<link rel=\"canonical\" href=\"https:\/\/nitorlack.com\/fr\/barniz\/finitions\/shellac-superblonde\/\" \/>\n<meta property=\"og:locale\" content=\"fr_FR\" \/>\n<meta property=\"og:type\" content=\"article\" \/>\n<meta property=\"og:title\" content=\"Gomme-laque pour guitare en paillettes - NITORLACK\" \/>\n<meta property=\"og:description\" content=\"La finition \u00e0 la gomme-laque est destin\u00e9e \u00e0 prot\u00e9ger le bois de la guitare en fermant les pores et en lui conf\u00e9rant duret\u00e9 et \u00e9lasticit\u00e9\" \/>\n<meta property=\"og:url\" content=\"https:\/\/nitorlack.com\/fr\/barniz\/finitions\/shellac-superblonde\/\" \/>\n<meta property=\"og:site_name\" content=\"Nitorlack\" \/>\n<meta property=\"article:modified_time\" content=\"2026-02-19T15:14:05+00:00\" \/>\n<meta property=\"og:image\" content=\"https:\/\/nitorlack.com\/wp-content\/uploads\/2016\/03\/Shellac_varities-2-1-e1683640018765.png\" \/>\n\t<meta property=\"og:image:width\" content=\"397\" \/>\n\t<meta property=\"og:image:height\" content=\"564\" \/>\n\t<meta property=\"og:image:type\" content=\"image\/png\" \/>\n<meta name=\"twitter:card\" content=\"summary_large_image\" \/>\n<meta name=\"twitter:label1\" content=\"Dur\u00e9e de lecture estim\u00e9e\" \/>\n\t<meta name=\"twitter:data1\" content=\"2 minutes\" \/>\n<script type=\"application\/ld+json\" class=\"yoast-schema-graph\">{\"@context\":\"https:\\\/\\\/schema.org\",\"@graph\":[{\"@type\":\"WebPage\",\"@id\":\"https:\\\/\\\/nitorlack.com\\\/fr\\\/barniz\\\/finitions\\\/shellac-superblonde\\\/\",\"url\":\"https:\\\/\\\/nitorlack.com\\\/fr\\\/barniz\\\/finitions\\\/shellac-superblonde\\\/\",\"name\":\"Gomme-laque pour guitare en paillettes - NITORLACK\",\"isPartOf\":{\"@id\":\"https:\\\/\\\/nitorlack.com\\\/fr\\\/#website\"},\"primaryImageOfPage\":{\"@id\":\"https:\\\/\\\/nitorlack.com\\\/fr\\\/barniz\\\/finitions\\\/shellac-superblonde\\\/#primaryimage\"},\"image\":{\"@id\":\"https:\\\/\\\/nitorlack.com\\\/fr\\\/barniz\\\/finitions\\\/shellac-superblonde\\\/#primaryimage\"},\"thumbnailUrl\":\"https:\\\/\\\/nitorlack.com\\\/wp-content\\\/uploads\\\/2016\\\/03\\\/Shellac_varities-2-1-e1683640018765.png\",\"datePublished\":\"2016-03-30T10:19:09+00:00\",\"dateModified\":\"2026-02-19T15:14:05+00:00\",\"description\":\"La finition \u00e0 la gomme-laque est destin\u00e9e \u00e0 prot\u00e9ger le bois de la guitare en fermant les pores et en lui conf\u00e9rant duret\u00e9 et \u00e9lasticit\u00e9\",\"breadcrumb\":{\"@id\":\"https:\\\/\\\/nitorlack.com\\\/fr\\\/barniz\\\/finitions\\\/shellac-superblonde\\\/#breadcrumb\"},\"inLanguage\":\"fr-FR\",\"potentialAction\":[{\"@type\":\"ReadAction\",\"target\":[\"https:\\\/\\\/nitorlack.com\\\/fr\\\/barniz\\\/finitions\\\/shellac-superblonde\\\/\"]}]},{\"@type\":\"ImageObject\",\"inLanguage\":\"fr-FR\",\"@id\":\"https:\\\/\\\/nitorlack.com\\\/fr\\\/barniz\\\/finitions\\\/shellac-superblonde\\\/#primaryimage\",\"url\":\"https:\\\/\\\/nitorlack.com\\\/wp-content\\\/uploads\\\/2016\\\/03\\\/Shellac_varities-2-1-e1683640018765.png\",\"contentUrl\":\"https:\\\/\\\/nitorlack.com\\\/wp-content\\\/uploads\\\/2016\\\/03\\\/Shellac_varities-2-1-e1683640018765.png\",\"width\":397,\"height\":564,\"caption\":\"gomalaca para guitarra\"},{\"@type\":\"BreadcrumbList\",\"@id\":\"https:\\\/\\\/nitorlack.com\\\/fr\\\/barniz\\\/finitions\\\/shellac-superblonde\\\/#breadcrumb\",\"itemListElement\":[{\"@type\":\"ListItem\",\"position\":1,\"name\":\"Page de Couverture\",\"item\":\"https:\\\/\\\/nitorlack.com\\\/fr\\\/\"},{\"@type\":\"ListItem\",\"position\":2,\"name\":\"Boutique\",\"item\":\"https:\\\/\\\/nitorlack.com\\\/fr\\\/boutique\\\/\"},{\"@type\":\"ListItem\",\"position\":3,\"name\":\"GOMME-LAQUE\"}]},{\"@type\":\"WebSite\",\"@id\":\"https:\\\/\\\/nitorlack.com\\\/fr\\\/#website\",\"url\":\"https:\\\/\\\/nitorlack.com\\\/fr\\\/\",\"name\":\"Nitorlack\",\"description\":\"Guitar Lacquers\",\"publisher\":{\"@id\":\"https:\\\/\\\/nitorlack.com\\\/fr\\\/#organization\"},\"potentialAction\":[{\"@type\":\"SearchAction\",\"target\":{\"@type\":\"EntryPoint\",\"urlTemplate\":\"https:\\\/\\\/nitorlack.com\\\/fr\\\/?s={search_term_string}\"},\"query-input\":{\"@type\":\"PropertyValueSpecification\",\"valueRequired\":true,\"valueName\":\"search_term_string\"}}],\"inLanguage\":\"fr-FR\"},{\"@type\":\"Organization\",\"@id\":\"https:\\\/\\\/nitorlack.com\\\/fr\\\/#organization\",\"name\":\"Nitorlack\",\"url\":\"https:\\\/\\\/nitorlack.com\\\/fr\\\/\",\"logo\":{\"@type\":\"ImageObject\",\"inLanguage\":\"fr-FR\",\"@id\":\"https:\\\/\\\/nitorlack.com\\\/fr\\\/#\\\/schema\\\/logo\\\/image\\\/\",\"url\":\"http:\\\/\\\/nitorlack.com\\\/wp-content\\\/uploads\\\/2016\\\/02\\\/cropped-galleta-negra-1.jpg\",\"contentUrl\":\"http:\\\/\\\/nitorlack.com\\\/wp-content\\\/uploads\\\/2016\\\/02\\\/cropped-galleta-negra-1.jpg\",\"width\":512,\"height\":512,\"caption\":\"Nitorlack\"},\"image\":{\"@id\":\"https:\\\/\\\/nitorlack.com\\\/fr\\\/#\\\/schema\\\/logo\\\/image\\\/\"}}]}<\/script>\n<!-- \/ Yoast SEO plugin. -->","yoast_head_json":{"title":"Gomme-laque pour guitare en paillettes - NITORLACK","description":"La finition \u00e0 la gomme-laque est destin\u00e9e \u00e0 prot\u00e9ger le bois de la guitare en fermant les pores et en lui conf\u00e9rant duret\u00e9 et \u00e9lasticit\u00e9","robots":{"index":"index","follow":"follow","max-snippet":"max-snippet:-1","max-image-preview":"max-image-preview:large","max-video-preview":"max-video-preview:-1"},"canonical":"https:\/\/nitorlack.com\/fr\/barniz\/finitions\/shellac-superblonde\/","og_locale":"fr_FR","og_type":"article","og_title":"Gomme-laque pour guitare en paillettes - NITORLACK","og_description":"La finition \u00e0 la gomme-laque est destin\u00e9e \u00e0 prot\u00e9ger le bois de la guitare en fermant les pores et en lui conf\u00e9rant duret\u00e9 et \u00e9lasticit\u00e9","og_url":"https:\/\/nitorlack.com\/fr\/barniz\/finitions\/shellac-superblonde\/","og_site_name":"Nitorlack","article_modified_time":"2026-02-19T15:14:05+00:00","og_image":[{"width":397,"height":564,"url":"https:\/\/nitorlack.com\/wp-content\/uploads\/2016\/03\/Shellac_varities-2-1-e1683640018765.png","type":"image\/png"}],"twitter_card":"summary_large_image","twitter_misc":{"Dur\u00e9e de lecture estim\u00e9e":"2 minutes"},"schema":{"@context":"https:\/\/schema.org","@graph":[{"@type":"WebPage","@id":"https:\/\/nitorlack.com\/fr\/barniz\/finitions\/shellac-superblonde\/","url":"https:\/\/nitorlack.com\/fr\/barniz\/finitions\/shellac-superblonde\/","name":"Gomme-laque pour guitare en paillettes - NITORLACK","isPartOf":{"@id":"https:\/\/nitorlack.com\/fr\/#website"},"primaryImageOfPage":{"@id":"https:\/\/nitorlack.com\/fr\/barniz\/finitions\/shellac-superblonde\/#primaryimage"},"image":{"@id":"https:\/\/nitorlack.com\/fr\/barniz\/finitions\/shellac-superblonde\/#primaryimage"},"thumbnailUrl":"https:\/\/nitorlack.com\/wp-content\/uploads\/2016\/03\/Shellac_varities-2-1-e1683640018765.png","datePublished":"2016-03-30T10:19:09+00:00","dateModified":"2026-02-19T15:14:05+00:00","description":"La finition \u00e0 la gomme-laque est destin\u00e9e \u00e0 prot\u00e9ger le bois de la guitare en fermant les pores et en lui conf\u00e9rant duret\u00e9 et \u00e9lasticit\u00e9","breadcrumb":{"@id":"https:\/\/nitorlack.com\/fr\/barniz\/finitions\/shellac-superblonde\/#breadcrumb"},"inLanguage":"fr-FR","potentialAction":[{"@type":"ReadAction","target":["https:\/\/nitorlack.com\/fr\/barniz\/finitions\/shellac-superblonde\/"]}]},{"@type":"ImageObject","inLanguage":"fr-FR","@id":"https:\/\/nitorlack.com\/fr\/barniz\/finitions\/shellac-superblonde\/#primaryimage","url":"https:\/\/nitorlack.com\/wp-content\/uploads\/2016\/03\/Shellac_varities-2-1-e1683640018765.png","contentUrl":"https:\/\/nitorlack.com\/wp-content\/uploads\/2016\/03\/Shellac_varities-2-1-e1683640018765.png","width":397,"height":564,"caption":"gomalaca para guitarra"},{"@type":"BreadcrumbList","@id":"https:\/\/nitorlack.com\/fr\/barniz\/finitions\/shellac-superblonde\/#breadcrumb","itemListElement":[{"@type":"ListItem","position":1,"name":"Page de Couverture","item":"https:\/\/nitorlack.com\/fr\/"},{"@type":"ListItem","position":2,"name":"Boutique","item":"https:\/\/nitorlack.com\/fr\/boutique\/"},{"@type":"ListItem","position":3,"name":"GOMME-LAQUE"}]},{"@type":"WebSite","@id":"https:\/\/nitorlack.com\/fr\/#website","url":"https:\/\/nitorlack.com\/fr\/","name":"Nitorlack","description":"Guitar Lacquers","publisher":{"@id":"https:\/\/nitorlack.com\/fr\/#organization"},"potentialAction":[{"@type":"SearchAction","target":{"@type":"EntryPoint","urlTemplate":"https:\/\/nitorlack.com\/fr\/?s={search_term_string}"},"query-input":{"@type":"PropertyValueSpecification","valueRequired":true,"valueName":"search_term_string"}}],"inLanguage":"fr-FR"},{"@type":"Organization","@id":"https:\/\/nitorlack.com\/fr\/#organization","name":"Nitorlack","url":"https:\/\/nitorlack.com\/fr\/","logo":{"@type":"ImageObject","inLanguage":"fr-FR","@id":"https:\/\/nitorlack.com\/fr\/#\/schema\/logo\/image\/","url":"http:\/\/nitorlack.com\/wp-content\/uploads\/2016\/02\/cropped-galleta-negra-1.jpg","contentUrl":"http:\/\/nitorlack.com\/wp-content\/uploads\/2016\/02\/cropped-galleta-negra-1.jpg","width":512,"height":512,"caption":"Nitorlack"},"image":{"@id":"https:\/\/nitorlack.com\/fr\/#\/schema\/logo\/image\/"}}]}},"_links":{"self":[{"href":"https:\/\/nitorlack.com\/fr\/wp-json\/wp\/v2\/product\/2677","targetHints":{"allow":["GET"]}}],"collection":[{"href":"https:\/\/nitorlack.com\/fr\/wp-json\/wp\/v2\/product"}],"about":[{"href":"https:\/\/nitorlack.com\/fr\/wp-json\/wp\/v2\/types\/product"}],"replies":[{"embeddable":true,"href":"https:\/\/nitorlack.com\/fr\/wp-json\/wp\/v2\/comments?post=2677"}],"wp:featuredmedia":[{"embeddable":true,"href":"https:\/\/nitorlack.com\/fr\/wp-json\/wp\/v2\/media\/23666"}],"wp:attachment":[{"href":"https:\/\/nitorlack.com\/fr\/wp-json\/wp\/v2\/media?parent=2677"}],"wp:term":[{"taxonomy":"product_brand","embeddable":true,"href":"https:\/\/nitorlack.com\/fr\/wp-json\/wp\/v2\/product_brand?post=2677"},{"taxonomy":"product_cat","embeddable":true,"href":"https:\/\/nitorlack.com\/fr\/wp-json\/wp\/v2\/product_cat?post=2677"},{"taxonomy":"product_tag","embeddable":true,"href":"https:\/\/nitorlack.com\/fr\/wp-json\/wp\/v2\/product_tag?post=2677"}],"curies":[{"name":"wp","href":"https:\/\/api.w.org\/{rel}","templated":true}]}}