{"id":24004,"date":"2018-02-28T14:56:43","date_gmt":"2018-02-28T12:56:43","guid":{"rendered":"http:\/\/nitorlack.com\/barniz\/sincategorizar\/spray-preval-complet\/"},"modified":"2026-03-30T03:13:59","modified_gmt":"2026-03-30T01:13:59","slug":"spray-preval-complet","status":"publish","type":"product","link":"https:\/\/nitorlack.com\/fr\/barniz\/accessories\/divers-fr\/spray-preval-complet\/","title":{"rendered":"SPRAY PR\u00c9VAL &#8211; RECHARGEABLE"},"content":{"rendered":"<div class=\"wpb-content-wrapper\"><p>[vc_row][vc_column][vc_column_text]<\/p>\n<h2><strong>Spray rechargeable avec flacon en verre<\/strong><\/h2>\n<h3><strong>Quand utiliser l&rsquo;a\u00e9rosol rechargeable ?<\/strong><\/h3>\n<p>Si vous n&rsquo;avez pas opt\u00e9 pour notre spray nitrocellulose et que vous souhaitez utiliser une solution \u00e0 base de polyur\u00e9thane ou d&rsquo;eau, mais que vous ne disposez pas d&rsquo;un pistolet, le spray rechargeable est fait pour vous.<\/p>\n<p>Le spray rechargeable vous permet de pulv\u00e9riser votre peinture, nitrocellulose, polyur\u00e9thane ou \u00e0 l&rsquo;eau pour une finition belle et uniforme.<\/p>\n<h3><strong>Avec quels produits l&rsquo;a\u00e9rosol rechargeable peut-il \u00eatre combin\u00e9 ?<\/strong><\/h3>\n<p>Le spray rechargeable peut \u00eatre utilis\u00e9 avec nos diff\u00e9rents produits de type laque, polyur\u00e9thane \u00e0 l&rsquo;eau et nitrocellulose. La proportion dans laquelle le produit doit \u00eatre dilu\u00e9 d\u00e9pend du produit \u00e0 utiliser.<\/p>\n<h3><strong>Pr\u00e9paration et application du produit:<\/strong><\/h3>\n<ol>\n<li>Le spray rechargeable se pr\u00e9sente en 2 parties, une bouteille en verre et le spray rechargeable.<br \/>\nRemplissez la bouteille en verre avec au maximum 170 ml de la peinture que vous souhaitez utiliser pour la finition de votre kit de guitare. Assurez-vous d&rsquo;avoir secou\u00e9 la peinture au pr\u00e9alable pour qu&rsquo;elle soit homog\u00e8ne,<\/li>\n<li>\u00a0Vissez le vaporisateur rechargeable dans le r\u00e9cipient en verre<\/li>\n<li>\u00a0Pulv\u00e9risez la peinture sur le corps et le manche de la guitare pour obtenir la finition souhait\u00e9e.<\/li>\n<\/ol>\n<p>Veuillez noter que le bidon en verre est r\u00e9utilisable autant de fois que n\u00e9cessaire et que vous ne pouvez acheter de recharge que pour les produits en spray, <strong>il suffit de laisser le bidon propre.<\/strong><\/p>\n<p>L&rsquo;a\u00e9rosol de recharge pulv\u00e9rise un total de 500-600mL de peinture avec une pression de <strong>4,4bar et une buse de 4mm.<\/strong><br \/>\n<a href=\"https:\/\/nitorlack.com\/fr\/barniz\/accessories\/divers-fr\/spray-preval\/\">Une recharge <\/a>est \u00e9galement disponible sur notre site Internet pour prolonger la dur\u00e9e de vie de ce produit.<\/p>\n<p><img loading=\"lazy\" decoding=\"async\" class=\"alignnone\" src=\"https:\/\/lacasadepinturas.com\/images\/15122016124809preval4.jpg\" alt=\"RECHARGEABLE SPRAY PREVAL\" width=\"725\" height=\"240\" \/><\/p>\n<p>&nbsp;<\/p>\n<p><strong>DONN\u00c9ES TECHNIQUES <\/strong><\/p>\n<ul>\n<li>Unit\u00e9 de gaz: 3 oz. (85,05 gr) Propulseur, avec un rendement de 453,6 in liquide (16 oz)<\/li>\n<li>\u00e9cologique et inoffensif<\/li>\n<li>Pression de pulv\u00e9risation: 4,4 bars.<\/li>\n<li>Capacit\u00e9 du verre: 6 oz \/ 170 ml (r\u00e9utilisable)<\/li>\n<li>Viscosit\u00e9: 17 secondes pour 100 ccm de liquides Buse de<\/li>\n<li>4 mm (DIN EN ISO 2431).<\/li>\n<\/ul>\n<p>[\/vc_column_text][\/vc_column][\/vc_row]<\/p>\n<\/div>","protected":false},"excerpt":{"rendered":"<ul>\n<li>Ce spray rechargeable vous permet d&rsquo;appliquer des produits qui se pr\u00e9sentent sous forme liquide, comme <strong>les produits \u00e0 base de polyur\u00e9thane ou d&rsquo;eau<\/strong>, en format spray.<\/li>\n<li>Mettez le produit que vous voulez appliquer dans la bouteille en verre, diluez-le et commencez \u00e0 l&rsquo;appliquer jusqu&rsquo;\u00e0 ce que vous obteniez un bon r\u00e9sultat.<\/li>\n<li>Il se distingue par la <strong>facilit\u00e9 d&rsquo;utilisation<\/strong> de tous nos produits, pour les clients qui ne disposent pas d&rsquo;un pistolet \u00e0 peinture professionnel.<\/li>\n<\/ul>\n","protected":false},"featured_media":74689,"comment_status":"open","ping_status":"closed","template":"","meta":{"om_disable_all_campaigns":false,"site-sidebar-layout":"no-sidebar","site-content-layout":"plain-container","ast-site-content-layout":"normal-width-container","site-content-style":"unboxed","site-sidebar-style":"unboxed","ast-global-header-display":"","ast-banner-title-visibility":"","ast-main-header-display":"","ast-hfb-above-header-display":"","ast-hfb-below-header-display":"","ast-hfb-mobile-header-display":"","site-post-title":"disabled","ast-breadcrumbs-content":"","ast-featured-img":"disabled","footer-sml-layout":"","ast-disable-related-posts":"","theme-transparent-header-meta":"default","adv-header-id-meta":"","stick-header-meta":"default","header-above-stick-meta":"","header-main-stick-meta":"","header-below-stick-meta":"","astra-migrate-meta-layouts":"default","ast-page-background-enabled":"default","ast-page-background-meta":{"desktop":{"background-color":"var(--ast-global-color-4)","background-image":"","background-repeat":"repeat","background-position":"center center","background-size":"auto","background-attachment":"scroll","background-type":"","background-media":"","overlay-type":"","overlay-color":"","overlay-opacity":"","overlay-gradient":""},"tablet":{"background-color":"","background-image":"","background-repeat":"repeat","background-position":"center center","background-size":"auto","background-attachment":"scroll","background-type":"","background-media":"","overlay-type":"","overlay-color":"","overlay-opacity":"","overlay-gradient":""},"mobile":{"background-color":"","background-image":"","background-repeat":"repeat","background-position":"center center","background-size":"auto","background-attachment":"scroll","background-type":"","background-media":"","overlay-type":"","overlay-color":"","overlay-opacity":"","overlay-gradient":""}},"ast-content-background-meta":{"desktop":{"background-color":"var(--ast-global-color-5)","background-image":"","background-repeat":"repeat","background-position":"center center","background-size":"auto","background-attachment":"scroll","background-type":"","background-media":"","overlay-type":"","overlay-color":"","overlay-opacity":"","overlay-gradient":""},"tablet":{"background-color":"var(--ast-global-color-5)","background-image":"","background-repeat":"repeat","background-position":"center center","background-size":"auto","background-attachment":"scroll","background-type":"","background-media":"","overlay-type":"","overlay-color":"","overlay-opacity":"","overlay-gradient":""},"mobile":{"background-color":"var(--ast-global-color-5)","background-image":"","background-repeat":"repeat","background-position":"center center","background-size":"auto","background-attachment":"scroll","background-type":"","background-media":"","overlay-type":"","overlay-color":"","overlay-opacity":"","overlay-gradient":""}}},"product_brand":[],"product_cat":[85,338,7701],"product_tag":[],"class_list":{"0":"post-24004","1":"product","2":"type-product","3":"status-publish","4":"has-post-thumbnail","6":"product_cat-accessories","7":"product_cat-divers-fr","8":"product_cat-spray-recargable-fr","9":"desktop-align-center","10":"tablet-align-center","11":"mobile-align-center","12":"ast-product-gallery-layout-horizontal-slider","13":"ast-product-gallery-with-no-image","14":"ast-product-tabs-layout-horizontal","16":"first","17":"instock","18":"taxable","19":"shipping-taxable","20":"purchasable","21":"product-type-simple"},"bundled_by":[],"bundle_stock_status":"instock","bundle_stock_quantity":4991,"bundle_virtual":false,"bundle_layout":"","bundle_add_to_cart_form_location":"","bundle_editable_in_cart":false,"bundle_sold_individually_context":"","bundle_item_grouping":"","bundle_min_size":"","bundle_max_size":"","bundle_price":[],"bundled_items":[],"bundle_sell_ids":[24003],"yoast_head":"<!-- This site is optimized with the Yoast SEO plugin v27.3 - https:\/\/yoast.com\/product\/yoast-seo-wordpress\/ -->\n<title>Spray Preval - Rechargeable | NITORLACK<\/title>\n<meta name=\"description\" content=\"Produit tr\u00e8s utile pour pulv\u00e9riser tout type de couleur ou de vernis sans pistolet professionnel. Il permet l&#039;application de produits liquides en format spray\" \/>\n<meta name=\"robots\" content=\"index, follow, max-snippet:-1, max-image-preview:large, max-video-preview:-1\" \/>\n<link rel=\"canonical\" href=\"https:\/\/nitorlack.com\/fr\/barniz\/accessories\/divers-fr\/spray-preval-complet\/\" \/>\n<meta property=\"og:locale\" content=\"fr_FR\" \/>\n<meta property=\"og:type\" content=\"article\" \/>\n<meta property=\"og:title\" content=\"Spray Preval - Rechargeable | NITORLACK\" \/>\n<meta property=\"og:description\" content=\"Produit tr\u00e8s utile pour pulv\u00e9riser tout type de couleur ou de vernis sans pistolet professionnel. Il permet l&#039;application de produits liquides en format spray\" \/>\n<meta property=\"og:url\" content=\"https:\/\/nitorlack.com\/fr\/barniz\/accessories\/divers-fr\/spray-preval-complet\/\" \/>\n<meta property=\"og:site_name\" content=\"Nitorlack\" \/>\n<meta property=\"article:modified_time\" content=\"2026-03-30T01:13:59+00:00\" \/>\n<meta property=\"og:image\" content=\"https:\/\/nitorlack.com\/wp-content\/uploads\/2022\/11\/PREVAL2.png\" \/>\n\t<meta property=\"og:image:width\" content=\"442\" \/>\n\t<meta property=\"og:image:height\" content=\"444\" \/>\n\t<meta property=\"og:image:type\" content=\"image\/png\" \/>\n<meta name=\"twitter:card\" content=\"summary_large_image\" \/>\n<meta name=\"twitter:label1\" content=\"Dur\u00e9e de lecture estim\u00e9e\" \/>\n\t<meta name=\"twitter:data1\" content=\"2 minutes\" \/>\n<script type=\"application\/ld+json\" class=\"yoast-schema-graph\">{\"@context\":\"https:\\\/\\\/schema.org\",\"@graph\":[{\"@type\":\"WebPage\",\"@id\":\"https:\\\/\\\/nitorlack.com\\\/fr\\\/barniz\\\/accessories\\\/divers-fr\\\/spray-preval-complet\\\/\",\"url\":\"https:\\\/\\\/nitorlack.com\\\/fr\\\/barniz\\\/accessories\\\/divers-fr\\\/spray-preval-complet\\\/\",\"name\":\"Spray Preval - Rechargeable | NITORLACK\",\"isPartOf\":{\"@id\":\"https:\\\/\\\/nitorlack.com\\\/fr\\\/#website\"},\"primaryImageOfPage\":{\"@id\":\"https:\\\/\\\/nitorlack.com\\\/fr\\\/barniz\\\/accessories\\\/divers-fr\\\/spray-preval-complet\\\/#primaryimage\"},\"image\":{\"@id\":\"https:\\\/\\\/nitorlack.com\\\/fr\\\/barniz\\\/accessories\\\/divers-fr\\\/spray-preval-complet\\\/#primaryimage\"},\"thumbnailUrl\":\"https:\\\/\\\/nitorlack.com\\\/wp-content\\\/uploads\\\/2024\\\/09\\\/Preval.jpg\",\"datePublished\":\"2018-02-28T12:56:43+00:00\",\"dateModified\":\"2026-03-30T01:13:59+00:00\",\"description\":\"Produit tr\u00e8s utile pour pulv\u00e9riser tout type de couleur ou de vernis sans pistolet professionnel. Il permet l'application de produits liquides en format spray\",\"breadcrumb\":{\"@id\":\"https:\\\/\\\/nitorlack.com\\\/fr\\\/barniz\\\/accessories\\\/divers-fr\\\/spray-preval-complet\\\/#breadcrumb\"},\"inLanguage\":\"fr-FR\",\"potentialAction\":[{\"@type\":\"ReadAction\",\"target\":[\"https:\\\/\\\/nitorlack.com\\\/fr\\\/barniz\\\/accessories\\\/divers-fr\\\/spray-preval-complet\\\/\"]}]},{\"@type\":\"ImageObject\",\"inLanguage\":\"fr-FR\",\"@id\":\"https:\\\/\\\/nitorlack.com\\\/fr\\\/barniz\\\/accessories\\\/divers-fr\\\/spray-preval-complet\\\/#primaryimage\",\"url\":\"https:\\\/\\\/nitorlack.com\\\/wp-content\\\/uploads\\\/2024\\\/09\\\/Preval.jpg\",\"contentUrl\":\"https:\\\/\\\/nitorlack.com\\\/wp-content\\\/uploads\\\/2024\\\/09\\\/Preval.jpg\",\"width\":1500,\"height\":1500,\"caption\":\"Spray preval\"},{\"@type\":\"BreadcrumbList\",\"@id\":\"https:\\\/\\\/nitorlack.com\\\/fr\\\/barniz\\\/accessories\\\/divers-fr\\\/spray-preval-complet\\\/#breadcrumb\",\"itemListElement\":[{\"@type\":\"ListItem\",\"position\":1,\"name\":\"Page de Couverture\",\"item\":\"https:\\\/\\\/nitorlack.com\\\/fr\\\/\"},{\"@type\":\"ListItem\",\"position\":2,\"name\":\"Boutique\",\"item\":\"https:\\\/\\\/nitorlack.com\\\/fr\\\/boutique\\\/\"},{\"@type\":\"ListItem\",\"position\":3,\"name\":\"SPRAY PR\u00c9VAL &#8211; RECHARGEABLE\"}]},{\"@type\":\"WebSite\",\"@id\":\"https:\\\/\\\/nitorlack.com\\\/fr\\\/#website\",\"url\":\"https:\\\/\\\/nitorlack.com\\\/fr\\\/\",\"name\":\"Nitorlack\",\"description\":\"Guitar Lacquers\",\"publisher\":{\"@id\":\"https:\\\/\\\/nitorlack.com\\\/fr\\\/#organization\"},\"potentialAction\":[{\"@type\":\"SearchAction\",\"target\":{\"@type\":\"EntryPoint\",\"urlTemplate\":\"https:\\\/\\\/nitorlack.com\\\/fr\\\/?s={search_term_string}\"},\"query-input\":{\"@type\":\"PropertyValueSpecification\",\"valueRequired\":true,\"valueName\":\"search_term_string\"}}],\"inLanguage\":\"fr-FR\"},{\"@type\":\"Organization\",\"@id\":\"https:\\\/\\\/nitorlack.com\\\/fr\\\/#organization\",\"name\":\"Nitorlack\",\"url\":\"https:\\\/\\\/nitorlack.com\\\/fr\\\/\",\"logo\":{\"@type\":\"ImageObject\",\"inLanguage\":\"fr-FR\",\"@id\":\"https:\\\/\\\/nitorlack.com\\\/fr\\\/#\\\/schema\\\/logo\\\/image\\\/\",\"url\":\"http:\\\/\\\/nitorlack.com\\\/wp-content\\\/uploads\\\/2016\\\/02\\\/cropped-galleta-negra-1.jpg\",\"contentUrl\":\"http:\\\/\\\/nitorlack.com\\\/wp-content\\\/uploads\\\/2016\\\/02\\\/cropped-galleta-negra-1.jpg\",\"width\":512,\"height\":512,\"caption\":\"Nitorlack\"},\"image\":{\"@id\":\"https:\\\/\\\/nitorlack.com\\\/fr\\\/#\\\/schema\\\/logo\\\/image\\\/\"}}]}<\/script>\n<!-- \/ Yoast SEO plugin. -->","yoast_head_json":{"title":"Spray Preval - Rechargeable | NITORLACK","description":"Produit tr\u00e8s utile pour pulv\u00e9riser tout type de couleur ou de vernis sans pistolet professionnel. Il permet l'application de produits liquides en format spray","robots":{"index":"index","follow":"follow","max-snippet":"max-snippet:-1","max-image-preview":"max-image-preview:large","max-video-preview":"max-video-preview:-1"},"canonical":"https:\/\/nitorlack.com\/fr\/barniz\/accessories\/divers-fr\/spray-preval-complet\/","og_locale":"fr_FR","og_type":"article","og_title":"Spray Preval - Rechargeable | NITORLACK","og_description":"Produit tr\u00e8s utile pour pulv\u00e9riser tout type de couleur ou de vernis sans pistolet professionnel. Il permet l'application de produits liquides en format spray","og_url":"https:\/\/nitorlack.com\/fr\/barniz\/accessories\/divers-fr\/spray-preval-complet\/","og_site_name":"Nitorlack","article_modified_time":"2026-03-30T01:13:59+00:00","og_image":[{"width":442,"height":444,"url":"https:\/\/nitorlack.com\/wp-content\/uploads\/2022\/11\/PREVAL2.png","type":"image\/png"}],"twitter_card":"summary_large_image","twitter_misc":{"Dur\u00e9e de lecture estim\u00e9e":"2 minutes"},"schema":{"@context":"https:\/\/schema.org","@graph":[{"@type":"WebPage","@id":"https:\/\/nitorlack.com\/fr\/barniz\/accessories\/divers-fr\/spray-preval-complet\/","url":"https:\/\/nitorlack.com\/fr\/barniz\/accessories\/divers-fr\/spray-preval-complet\/","name":"Spray Preval - Rechargeable | NITORLACK","isPartOf":{"@id":"https:\/\/nitorlack.com\/fr\/#website"},"primaryImageOfPage":{"@id":"https:\/\/nitorlack.com\/fr\/barniz\/accessories\/divers-fr\/spray-preval-complet\/#primaryimage"},"image":{"@id":"https:\/\/nitorlack.com\/fr\/barniz\/accessories\/divers-fr\/spray-preval-complet\/#primaryimage"},"thumbnailUrl":"https:\/\/nitorlack.com\/wp-content\/uploads\/2024\/09\/Preval.jpg","datePublished":"2018-02-28T12:56:43+00:00","dateModified":"2026-03-30T01:13:59+00:00","description":"Produit tr\u00e8s utile pour pulv\u00e9riser tout type de couleur ou de vernis sans pistolet professionnel. Il permet l'application de produits liquides en format spray","breadcrumb":{"@id":"https:\/\/nitorlack.com\/fr\/barniz\/accessories\/divers-fr\/spray-preval-complet\/#breadcrumb"},"inLanguage":"fr-FR","potentialAction":[{"@type":"ReadAction","target":["https:\/\/nitorlack.com\/fr\/barniz\/accessories\/divers-fr\/spray-preval-complet\/"]}]},{"@type":"ImageObject","inLanguage":"fr-FR","@id":"https:\/\/nitorlack.com\/fr\/barniz\/accessories\/divers-fr\/spray-preval-complet\/#primaryimage","url":"https:\/\/nitorlack.com\/wp-content\/uploads\/2024\/09\/Preval.jpg","contentUrl":"https:\/\/nitorlack.com\/wp-content\/uploads\/2024\/09\/Preval.jpg","width":1500,"height":1500,"caption":"Spray preval"},{"@type":"BreadcrumbList","@id":"https:\/\/nitorlack.com\/fr\/barniz\/accessories\/divers-fr\/spray-preval-complet\/#breadcrumb","itemListElement":[{"@type":"ListItem","position":1,"name":"Page de Couverture","item":"https:\/\/nitorlack.com\/fr\/"},{"@type":"ListItem","position":2,"name":"Boutique","item":"https:\/\/nitorlack.com\/fr\/boutique\/"},{"@type":"ListItem","position":3,"name":"SPRAY PR\u00c9VAL &#8211; RECHARGEABLE"}]},{"@type":"WebSite","@id":"https:\/\/nitorlack.com\/fr\/#website","url":"https:\/\/nitorlack.com\/fr\/","name":"Nitorlack","description":"Guitar Lacquers","publisher":{"@id":"https:\/\/nitorlack.com\/fr\/#organization"},"potentialAction":[{"@type":"SearchAction","target":{"@type":"EntryPoint","urlTemplate":"https:\/\/nitorlack.com\/fr\/?s={search_term_string}"},"query-input":{"@type":"PropertyValueSpecification","valueRequired":true,"valueName":"search_term_string"}}],"inLanguage":"fr-FR"},{"@type":"Organization","@id":"https:\/\/nitorlack.com\/fr\/#organization","name":"Nitorlack","url":"https:\/\/nitorlack.com\/fr\/","logo":{"@type":"ImageObject","inLanguage":"fr-FR","@id":"https:\/\/nitorlack.com\/fr\/#\/schema\/logo\/image\/","url":"http:\/\/nitorlack.com\/wp-content\/uploads\/2016\/02\/cropped-galleta-negra-1.jpg","contentUrl":"http:\/\/nitorlack.com\/wp-content\/uploads\/2016\/02\/cropped-galleta-negra-1.jpg","width":512,"height":512,"caption":"Nitorlack"},"image":{"@id":"https:\/\/nitorlack.com\/fr\/#\/schema\/logo\/image\/"}}]}},"_links":{"self":[{"href":"https:\/\/nitorlack.com\/fr\/wp-json\/wp\/v2\/product\/24004","targetHints":{"allow":["GET"]}}],"collection":[{"href":"https:\/\/nitorlack.com\/fr\/wp-json\/wp\/v2\/product"}],"about":[{"href":"https:\/\/nitorlack.com\/fr\/wp-json\/wp\/v2\/types\/product"}],"replies":[{"embeddable":true,"href":"https:\/\/nitorlack.com\/fr\/wp-json\/wp\/v2\/comments?post=24004"}],"wp:featuredmedia":[{"embeddable":true,"href":"https:\/\/nitorlack.com\/fr\/wp-json\/wp\/v2\/media\/74689"}],"wp:attachment":[{"href":"https:\/\/nitorlack.com\/fr\/wp-json\/wp\/v2\/media?parent=24004"}],"wp:term":[{"taxonomy":"product_brand","embeddable":true,"href":"https:\/\/nitorlack.com\/fr\/wp-json\/wp\/v2\/product_brand?post=24004"},{"taxonomy":"product_cat","embeddable":true,"href":"https:\/\/nitorlack.com\/fr\/wp-json\/wp\/v2\/product_cat?post=24004"},{"taxonomy":"product_tag","embeddable":true,"href":"https:\/\/nitorlack.com\/fr\/wp-json\/wp\/v2\/product_tag?post=24004"}],"curies":[{"name":"wp","href":"https:\/\/api.w.org\/{rel}","templated":true}]}}