{"id":24003,"date":"2018-02-28T15:05:38","date_gmt":"2018-02-28T13:05:38","guid":{"rendered":"http:\/\/nitorlack.com\/barniz\/sincategorizar\/spray-preval\/"},"modified":"2026-02-02T21:41:35","modified_gmt":"2026-02-02T19:41:35","slug":"spray-preval","status":"publish","type":"product","link":"https:\/\/nitorlack.com\/fr\/barniz\/accessories\/divers-fr\/spray-preval\/","title":{"rendered":"SPRAY PREVAL \u2013 POUVOIR"},"content":{"rendered":"<p>REMPLACEMENT du spray rechargeable PREVAL.<\/p>\n<p>Vous pouvez appliquer tout type de peinture, \u00e0 base d\u2019eau ou \u00e0 solvant, monocomposant ou bicomposant, polyvalente, avec une pulv\u00e9risation en couche \u00e9paisse de 4 mm et avec une pression de 4,4 bars.<\/p>\n<p>Facilit\u00e9 d&rsquo;application avec la nitrocellulose, le polyur\u00e9thane ou les colorants.<\/p>\n<p>&#8211; Polyvalent et \u00e9conomique, ce spray rechargeable assure des finitions professionnelles<\/p>\n<p>&#8211; Multifonction: vous pouvez appliquer des arri\u00e8re-plans, des finitions, des teintures, etc.<\/p>\n<p>&#8211; Remplissez la base avec le liquide que vous voulez.<\/p>\n<p>&#8211; Obtenez des poudres parfaites en quelques minutes seulement, sans avoir \u00e0 utiliser un \u00e9quipement professionnel de pointe.<\/p>\n<p>&#8211; Spray enti\u00e8rement rechargeable, le r\u00e9servoir en verre est r\u00e9utilisable autant de fois que vous le souhaitez. Rechargez-le quand vous le souhaitez, laissez le conteneur propre<\/p>\n<p>&nbsp;<\/p>\n<p><img loading=\"lazy\" decoding=\"async\" class=\"\" src=\"https:\/\/lacasadepinturas.com\/images\/15122016124809preval4.jpg\" width=\"725\" height=\"240\" \/><\/p>\n<p>DONN\u00c9ES TECHNIQUES<\/p>\n<p>Unit\u00e9 de gaz: 3 oz. (85,05 gr) Propulseur, avec un rendement de 453,6 in liquide (16 oz).<\/p>\n<p>(\u00e9cologique et inoffensif)<\/p>\n<p>Pression de pulv\u00e9risation: 4,4 bars.<\/p>\n<p>Capacit\u00e9 du verre: 6 oz \/ 170 ml (r\u00e9utilisable)<\/p>\n<p>Viscosit\u00e9: 17 secondes pour 100 ccm de liquides<\/p>\n<p>Buse de 4 mm (DIN EN ISO 2431).<\/p>\n<p>1 pi\u00e8ce de rechange<\/p>\n","protected":false},"excerpt":{"rendered":"<p>SPRAY PREVAL RECHARGEABLE &#8211; RECHANGE<\/p>\n<p>Appliquez n&rsquo;importe quel type de peinture avec un spray. D&rsquo;un ou deux composants. Nitrocellulose, polyur\u00e9thane, eau ou colorants.<br \/>\n1 pi\u00e8ce de rechange<\/p>\n<p>Pression de pulv\u00e9risation: 4,4 bars.<\/p>\n<p>Capacit\u00e9 du verre: 6 oz \/ 170 ml (r\u00e9utilisable)<\/p>\n<p>Viscosit\u00e9: 17 secondes pour 100 ccm de liquides<\/p>\n<p>Buse de 4 mm (DIN EN ISO 2431).<\/p>\n<p>1 pi\u00e8ce de rechange<\/p>\n","protected":false},"featured_media":74735,"comment_status":"open","ping_status":"closed","template":"","meta":{"om_disable_all_campaigns":false,"site-sidebar-layout":"default","site-content-layout":"default","ast-site-content-layout":"default","site-content-style":"default","site-sidebar-style":"default","ast-global-header-display":"","ast-banner-title-visibility":"","ast-main-header-display":"","ast-hfb-above-header-display":"","ast-hfb-below-header-display":"","ast-hfb-mobile-header-display":"","site-post-title":"disabled","ast-breadcrumbs-content":"","ast-featured-img":"disabled","footer-sml-layout":"","ast-disable-related-posts":"","theme-transparent-header-meta":"default","adv-header-id-meta":"","stick-header-meta":"default","header-above-stick-meta":"","header-main-stick-meta":"","header-below-stick-meta":"","astra-migrate-meta-layouts":"default","ast-page-background-enabled":"default","ast-page-background-meta":{"desktop":{"background-color":"var(--ast-global-color-4)","background-image":"","background-repeat":"repeat","background-position":"center center","background-size":"auto","background-attachment":"scroll","background-type":"","background-media":"","overlay-type":"","overlay-color":"","overlay-opacity":"","overlay-gradient":""},"tablet":{"background-color":"","background-image":"","background-repeat":"repeat","background-position":"center center","background-size":"auto","background-attachment":"scroll","background-type":"","background-media":"","overlay-type":"","overlay-color":"","overlay-opacity":"","overlay-gradient":""},"mobile":{"background-color":"","background-image":"","background-repeat":"repeat","background-position":"center center","background-size":"auto","background-attachment":"scroll","background-type":"","background-media":"","overlay-type":"","overlay-color":"","overlay-opacity":"","overlay-gradient":""}},"ast-content-background-meta":{"desktop":{"background-color":"var(--ast-global-color-5)","background-image":"","background-repeat":"repeat","background-position":"center center","background-size":"auto","background-attachment":"scroll","background-type":"","background-media":"","overlay-type":"","overlay-color":"","overlay-opacity":"","overlay-gradient":""},"tablet":{"background-color":"var(--ast-global-color-5)","background-image":"","background-repeat":"repeat","background-position":"center center","background-size":"auto","background-attachment":"scroll","background-type":"","background-media":"","overlay-type":"","overlay-color":"","overlay-opacity":"","overlay-gradient":""},"mobile":{"background-color":"var(--ast-global-color-5)","background-image":"","background-repeat":"repeat","background-position":"center center","background-size":"auto","background-attachment":"scroll","background-type":"","background-media":"","overlay-type":"","overlay-color":"","overlay-opacity":"","overlay-gradient":""}}},"product_brand":[],"product_cat":[85,338,7701],"product_tag":[],"class_list":{"0":"post-24003","1":"product","2":"type-product","3":"status-publish","4":"has-post-thumbnail","6":"product_cat-accessories","7":"product_cat-divers-fr","8":"product_cat-spray-recargable-fr","9":"desktop-align-center","10":"tablet-align-center","11":"mobile-align-center","12":"ast-product-gallery-layout-horizontal-slider","13":"ast-product-gallery-with-no-image","14":"ast-product-tabs-layout-horizontal","16":"first","17":"instock","18":"taxable","19":"shipping-taxable","20":"purchasable","21":"product-type-simple"},"bundled_by":[],"bundle_stock_status":"instock","bundle_stock_quantity":4996,"bundle_virtual":false,"bundle_layout":"","bundle_add_to_cart_form_location":"","bundle_editable_in_cart":false,"bundle_sold_individually_context":"","bundle_item_grouping":"","bundle_min_size":"","bundle_max_size":"","bundle_price":[],"bundled_items":[],"bundle_sell_ids":[],"yoast_head":"<!-- This site is optimized with the Yoast SEO plugin v27.3 - https:\/\/yoast.com\/product\/yoast-seo-wordpress\/ -->\n<title>SPRAY PREVAL \u2013 POUVOIR | Vernis pour guitare et fournitures pour peindre des guitares<\/title>\n<meta name=\"description\" content=\"recharge recharge spray preval, recharge pour preval spray. Tr\u00e8s utile pour pulv\u00e9riser tout type de teinture pour guitare ou de peinture pour guitare.\" \/>\n<meta name=\"robots\" content=\"index, follow, max-snippet:-1, max-image-preview:large, max-video-preview:-1\" \/>\n<link rel=\"canonical\" href=\"https:\/\/nitorlack.com\/fr\/barniz\/accessories\/divers-fr\/spray-preval\/\" \/>\n<meta property=\"og:locale\" content=\"fr_FR\" \/>\n<meta property=\"og:type\" content=\"article\" \/>\n<meta property=\"og:title\" content=\"SPRAY PREVAL \u2013 POUVOIR | Vernis pour guitare et fournitures pour peindre des guitares\" \/>\n<meta property=\"og:description\" content=\"recharge recharge spray preval, recharge pour preval spray. Tr\u00e8s utile pour pulv\u00e9riser tout type de teinture pour guitare ou de peinture pour guitare.\" \/>\n<meta property=\"og:url\" content=\"https:\/\/nitorlack.com\/fr\/barniz\/accessories\/divers-fr\/spray-preval\/\" \/>\n<meta property=\"og:site_name\" content=\"Nitorlack\" \/>\n<meta property=\"article:modified_time\" content=\"2026-02-02T19:41:35+00:00\" \/>\n<meta property=\"og:image\" content=\"https:\/\/nitorlack.com\/wp-content\/uploads\/2018\/02\/39717-01-1000.jpg\" \/>\n\t<meta property=\"og:image:width\" content=\"397\" \/>\n\t<meta property=\"og:image:height\" content=\"565\" \/>\n\t<meta property=\"og:image:type\" content=\"image\/jpeg\" \/>\n<meta name=\"twitter:card\" content=\"summary_large_image\" \/>\n<meta name=\"twitter:label1\" content=\"Dur\u00e9e de lecture estim\u00e9e\" \/>\n\t<meta name=\"twitter:data1\" content=\"1 minute\" \/>\n<script type=\"application\/ld+json\" class=\"yoast-schema-graph\">{\"@context\":\"https:\\\/\\\/schema.org\",\"@graph\":[{\"@type\":\"WebPage\",\"@id\":\"https:\\\/\\\/nitorlack.com\\\/fr\\\/barniz\\\/accessories\\\/divers-fr\\\/spray-preval\\\/\",\"url\":\"https:\\\/\\\/nitorlack.com\\\/fr\\\/barniz\\\/accessories\\\/divers-fr\\\/spray-preval\\\/\",\"name\":\"SPRAY PREVAL \u2013 POUVOIR | Vernis pour guitare et fournitures pour peindre des guitares\",\"isPartOf\":{\"@id\":\"https:\\\/\\\/nitorlack.com\\\/fr\\\/#website\"},\"primaryImageOfPage\":{\"@id\":\"https:\\\/\\\/nitorlack.com\\\/fr\\\/barniz\\\/accessories\\\/divers-fr\\\/spray-preval\\\/#primaryimage\"},\"image\":{\"@id\":\"https:\\\/\\\/nitorlack.com\\\/fr\\\/barniz\\\/accessories\\\/divers-fr\\\/spray-preval\\\/#primaryimage\"},\"thumbnailUrl\":\"https:\\\/\\\/nitorlack.com\\\/wp-content\\\/uploads\\\/2024\\\/09\\\/recarga-preval-1.jpg\",\"datePublished\":\"2018-02-28T13:05:38+00:00\",\"dateModified\":\"2026-02-02T19:41:35+00:00\",\"description\":\"recharge recharge spray preval, recharge pour preval spray. Tr\u00e8s utile pour pulv\u00e9riser tout type de teinture pour guitare ou de peinture pour guitare.\",\"breadcrumb\":{\"@id\":\"https:\\\/\\\/nitorlack.com\\\/fr\\\/barniz\\\/accessories\\\/divers-fr\\\/spray-preval\\\/#breadcrumb\"},\"inLanguage\":\"fr-FR\",\"potentialAction\":[{\"@type\":\"ReadAction\",\"target\":[\"https:\\\/\\\/nitorlack.com\\\/fr\\\/barniz\\\/accessories\\\/divers-fr\\\/spray-preval\\\/\"]}]},{\"@type\":\"ImageObject\",\"inLanguage\":\"fr-FR\",\"@id\":\"https:\\\/\\\/nitorlack.com\\\/fr\\\/barniz\\\/accessories\\\/divers-fr\\\/spray-preval\\\/#primaryimage\",\"url\":\"https:\\\/\\\/nitorlack.com\\\/wp-content\\\/uploads\\\/2024\\\/09\\\/recarga-preval-1.jpg\",\"contentUrl\":\"https:\\\/\\\/nitorlack.com\\\/wp-content\\\/uploads\\\/2024\\\/09\\\/recarga-preval-1.jpg\",\"width\":1200,\"height\":1200,\"caption\":\"recarga spray preval\"},{\"@type\":\"BreadcrumbList\",\"@id\":\"https:\\\/\\\/nitorlack.com\\\/fr\\\/barniz\\\/accessories\\\/divers-fr\\\/spray-preval\\\/#breadcrumb\",\"itemListElement\":[{\"@type\":\"ListItem\",\"position\":1,\"name\":\"Page de Couverture\",\"item\":\"https:\\\/\\\/nitorlack.com\\\/fr\\\/\"},{\"@type\":\"ListItem\",\"position\":2,\"name\":\"Boutique\",\"item\":\"https:\\\/\\\/nitorlack.com\\\/fr\\\/boutique\\\/\"},{\"@type\":\"ListItem\",\"position\":3,\"name\":\"SPRAY PREVAL \u2013 POUVOIR\"}]},{\"@type\":\"WebSite\",\"@id\":\"https:\\\/\\\/nitorlack.com\\\/fr\\\/#website\",\"url\":\"https:\\\/\\\/nitorlack.com\\\/fr\\\/\",\"name\":\"Nitorlack\",\"description\":\"Guitar Lacquers\",\"publisher\":{\"@id\":\"https:\\\/\\\/nitorlack.com\\\/fr\\\/#organization\"},\"potentialAction\":[{\"@type\":\"SearchAction\",\"target\":{\"@type\":\"EntryPoint\",\"urlTemplate\":\"https:\\\/\\\/nitorlack.com\\\/fr\\\/?s={search_term_string}\"},\"query-input\":{\"@type\":\"PropertyValueSpecification\",\"valueRequired\":true,\"valueName\":\"search_term_string\"}}],\"inLanguage\":\"fr-FR\"},{\"@type\":\"Organization\",\"@id\":\"https:\\\/\\\/nitorlack.com\\\/fr\\\/#organization\",\"name\":\"Nitorlack\",\"url\":\"https:\\\/\\\/nitorlack.com\\\/fr\\\/\",\"logo\":{\"@type\":\"ImageObject\",\"inLanguage\":\"fr-FR\",\"@id\":\"https:\\\/\\\/nitorlack.com\\\/fr\\\/#\\\/schema\\\/logo\\\/image\\\/\",\"url\":\"http:\\\/\\\/nitorlack.com\\\/wp-content\\\/uploads\\\/2016\\\/02\\\/cropped-galleta-negra-1.jpg\",\"contentUrl\":\"http:\\\/\\\/nitorlack.com\\\/wp-content\\\/uploads\\\/2016\\\/02\\\/cropped-galleta-negra-1.jpg\",\"width\":512,\"height\":512,\"caption\":\"Nitorlack\"},\"image\":{\"@id\":\"https:\\\/\\\/nitorlack.com\\\/fr\\\/#\\\/schema\\\/logo\\\/image\\\/\"}}]}<\/script>\n<!-- \/ Yoast SEO plugin. -->","yoast_head_json":{"title":"SPRAY PREVAL \u2013 POUVOIR | Vernis pour guitare et fournitures pour peindre des guitares","description":"recharge recharge spray preval, recharge pour preval spray. Tr\u00e8s utile pour pulv\u00e9riser tout type de teinture pour guitare ou de peinture pour guitare.","robots":{"index":"index","follow":"follow","max-snippet":"max-snippet:-1","max-image-preview":"max-image-preview:large","max-video-preview":"max-video-preview:-1"},"canonical":"https:\/\/nitorlack.com\/fr\/barniz\/accessories\/divers-fr\/spray-preval\/","og_locale":"fr_FR","og_type":"article","og_title":"SPRAY PREVAL \u2013 POUVOIR | Vernis pour guitare et fournitures pour peindre des guitares","og_description":"recharge recharge spray preval, recharge pour preval spray. Tr\u00e8s utile pour pulv\u00e9riser tout type de teinture pour guitare ou de peinture pour guitare.","og_url":"https:\/\/nitorlack.com\/fr\/barniz\/accessories\/divers-fr\/spray-preval\/","og_site_name":"Nitorlack","article_modified_time":"2026-02-02T19:41:35+00:00","og_image":[{"width":397,"height":565,"url":"https:\/\/nitorlack.com\/wp-content\/uploads\/2018\/02\/39717-01-1000.jpg","type":"image\/jpeg"}],"twitter_card":"summary_large_image","twitter_misc":{"Dur\u00e9e de lecture estim\u00e9e":"1 minute"},"schema":{"@context":"https:\/\/schema.org","@graph":[{"@type":"WebPage","@id":"https:\/\/nitorlack.com\/fr\/barniz\/accessories\/divers-fr\/spray-preval\/","url":"https:\/\/nitorlack.com\/fr\/barniz\/accessories\/divers-fr\/spray-preval\/","name":"SPRAY PREVAL \u2013 POUVOIR | Vernis pour guitare et fournitures pour peindre des guitares","isPartOf":{"@id":"https:\/\/nitorlack.com\/fr\/#website"},"primaryImageOfPage":{"@id":"https:\/\/nitorlack.com\/fr\/barniz\/accessories\/divers-fr\/spray-preval\/#primaryimage"},"image":{"@id":"https:\/\/nitorlack.com\/fr\/barniz\/accessories\/divers-fr\/spray-preval\/#primaryimage"},"thumbnailUrl":"https:\/\/nitorlack.com\/wp-content\/uploads\/2024\/09\/recarga-preval-1.jpg","datePublished":"2018-02-28T13:05:38+00:00","dateModified":"2026-02-02T19:41:35+00:00","description":"recharge recharge spray preval, recharge pour preval spray. Tr\u00e8s utile pour pulv\u00e9riser tout type de teinture pour guitare ou de peinture pour guitare.","breadcrumb":{"@id":"https:\/\/nitorlack.com\/fr\/barniz\/accessories\/divers-fr\/spray-preval\/#breadcrumb"},"inLanguage":"fr-FR","potentialAction":[{"@type":"ReadAction","target":["https:\/\/nitorlack.com\/fr\/barniz\/accessories\/divers-fr\/spray-preval\/"]}]},{"@type":"ImageObject","inLanguage":"fr-FR","@id":"https:\/\/nitorlack.com\/fr\/barniz\/accessories\/divers-fr\/spray-preval\/#primaryimage","url":"https:\/\/nitorlack.com\/wp-content\/uploads\/2024\/09\/recarga-preval-1.jpg","contentUrl":"https:\/\/nitorlack.com\/wp-content\/uploads\/2024\/09\/recarga-preval-1.jpg","width":1200,"height":1200,"caption":"recarga spray preval"},{"@type":"BreadcrumbList","@id":"https:\/\/nitorlack.com\/fr\/barniz\/accessories\/divers-fr\/spray-preval\/#breadcrumb","itemListElement":[{"@type":"ListItem","position":1,"name":"Page de Couverture","item":"https:\/\/nitorlack.com\/fr\/"},{"@type":"ListItem","position":2,"name":"Boutique","item":"https:\/\/nitorlack.com\/fr\/boutique\/"},{"@type":"ListItem","position":3,"name":"SPRAY PREVAL \u2013 POUVOIR"}]},{"@type":"WebSite","@id":"https:\/\/nitorlack.com\/fr\/#website","url":"https:\/\/nitorlack.com\/fr\/","name":"Nitorlack","description":"Guitar Lacquers","publisher":{"@id":"https:\/\/nitorlack.com\/fr\/#organization"},"potentialAction":[{"@type":"SearchAction","target":{"@type":"EntryPoint","urlTemplate":"https:\/\/nitorlack.com\/fr\/?s={search_term_string}"},"query-input":{"@type":"PropertyValueSpecification","valueRequired":true,"valueName":"search_term_string"}}],"inLanguage":"fr-FR"},{"@type":"Organization","@id":"https:\/\/nitorlack.com\/fr\/#organization","name":"Nitorlack","url":"https:\/\/nitorlack.com\/fr\/","logo":{"@type":"ImageObject","inLanguage":"fr-FR","@id":"https:\/\/nitorlack.com\/fr\/#\/schema\/logo\/image\/","url":"http:\/\/nitorlack.com\/wp-content\/uploads\/2016\/02\/cropped-galleta-negra-1.jpg","contentUrl":"http:\/\/nitorlack.com\/wp-content\/uploads\/2016\/02\/cropped-galleta-negra-1.jpg","width":512,"height":512,"caption":"Nitorlack"},"image":{"@id":"https:\/\/nitorlack.com\/fr\/#\/schema\/logo\/image\/"}}]}},"_links":{"self":[{"href":"https:\/\/nitorlack.com\/fr\/wp-json\/wp\/v2\/product\/24003","targetHints":{"allow":["GET"]}}],"collection":[{"href":"https:\/\/nitorlack.com\/fr\/wp-json\/wp\/v2\/product"}],"about":[{"href":"https:\/\/nitorlack.com\/fr\/wp-json\/wp\/v2\/types\/product"}],"replies":[{"embeddable":true,"href":"https:\/\/nitorlack.com\/fr\/wp-json\/wp\/v2\/comments?post=24003"}],"wp:featuredmedia":[{"embeddable":true,"href":"https:\/\/nitorlack.com\/fr\/wp-json\/wp\/v2\/media\/74735"}],"wp:attachment":[{"href":"https:\/\/nitorlack.com\/fr\/wp-json\/wp\/v2\/media?parent=24003"}],"wp:term":[{"taxonomy":"product_brand","embeddable":true,"href":"https:\/\/nitorlack.com\/fr\/wp-json\/wp\/v2\/product_brand?post=24003"},{"taxonomy":"product_cat","embeddable":true,"href":"https:\/\/nitorlack.com\/fr\/wp-json\/wp\/v2\/product_cat?post=24003"},{"taxonomy":"product_tag","embeddable":true,"href":"https:\/\/nitorlack.com\/fr\/wp-json\/wp\/v2\/product_tag?post=24003"}],"curies":[{"name":"wp","href":"https:\/\/api.w.org\/{rel}","templated":true}]}}