{"id":24000,"date":"2017-11-02T12:03:57","date_gmt":"2017-11-02T10:03:57","guid":{"rendered":"http:\/\/nitorlack.com\/barniz\/sincategorizar\/catalyseur-pu-46-couleurs-et-finitions-brillantes-2-5l\/"},"modified":"2025-12-12T01:33:44","modified_gmt":"2025-12-11T23:33:44","slug":"catalyseur-pu-46-couleurs-et-finitions-brillantes-2-5l","status":"publish","type":"product","link":"https:\/\/nitorlack.com\/fr\/barniz\/catalyseur-fr\/catalyseur-pu-46-couleurs-et-finitions-brillantes-2-5l\/","title":{"rendered":"CATALYSEUR PU 46. COULEURS ET FINITIONS BRILLANTES \u2013 2.5L"},"content":{"rendered":"<h1>Catalyseur de polyur\u00e9thane pour guitares 046.<\/h1>\n<p>Rapport de m\u00e9lange 2:1 avec toutes les couleurs et finitions polyur\u00e9thane. 2 parts de polyur\u00e9thane pour 1 part de catalyseur. Rapport de m\u00e9lange 2:1. R\u00e9cipient de 2,5 litres pour un bidon de 5 litres. Tous les produits polyur\u00e9thanes de la boutique comprennent d\u00e9j\u00e0 le catalyseur, n&rsquo;achetez que si vous avez besoin d&rsquo;un catalyseur suppl\u00e9mentaire pour une autre raison. Nous disposons \u00e9galement du <a href=\"https:\/\/nitorlack.com\/fr\/barniz\/catalyseur-fr\/catalyseur-pu-144-bouche-pores-et-finitions-matt-25-l\/\">catalyseur 144<\/a> pour les couches de base et les finitions mates. Bidon de 2,5 litres.<\/p>\n<h6>Avec la garantie de <a href=\"https:\/\/valresa.com\/\">Valresa Coatings S.A.<\/a><\/h6>\n<h6><\/h6>\n","protected":false},"excerpt":{"rendered":"<p>Catalyseur pour les polyur\u00e9thanes PU 46. Rapport de m\u00e9lange 2:1 avec toutes les finitions polyur\u00e9thanes brillantes. R\u00e9cipient de 2,5 litres &#8211; Rapport de m\u00e9lange 2:1 avec le r\u00e9cipient de 5 litres<\/p>\n<p><strong>UTILISATION S\u00c9CURITAIRE :<\/strong> Porter des gants de protection\/des v\u00eatements de protection\/des lunettes\/un masque. Se laver soigneusement apr\u00e8s manipulation. Liquide et vapeurs hautement inflammables. Provoque une irritation de la peau. Liquide et vapeurs hautement inflammables.<\/p>\n<p><a href=\"https:\/\/nitorlack.com\/wp-content\/uploads\/2025\/11\/Etiqueta-de-190046-Catalizador-PU-046-Colores.jpg\" target=\"_blank\" rel=\"noopener\"><img loading=\"lazy\" decoding=\"async\" class=\"alignnone wp-image-83975 \" src=\"https:\/\/nitorlack.com\/wp-content\/uploads\/2025\/11\/Etiqueta-de-190046-Catalizador-PU-046-Colores.jpg\" alt=\"\" width=\"240\" height=\"216\" srcset=\"https:\/\/nitorlack.com\/wp-content\/uploads\/2025\/11\/Etiqueta-de-190046-Catalizador-PU-046-Colores.jpg 784w, https:\/\/nitorlack.com\/wp-content\/uploads\/2025\/11\/Etiqueta-de-190046-Catalizador-PU-046-Colores-300x270.jpg 300w, https:\/\/nitorlack.com\/wp-content\/uploads\/2025\/11\/Etiqueta-de-190046-Catalizador-PU-046-Colores-150x135.jpg 150w, https:\/\/nitorlack.com\/wp-content\/uploads\/2025\/11\/Etiqueta-de-190046-Catalizador-PU-046-Colores-768x691.jpg 768w\" sizes=\"auto, (max-width: 240px) 100vw, 240px\" \/><\/a><\/p>\n","protected":false},"featured_media":25927,"comment_status":"open","ping_status":"closed","template":"","meta":{"om_disable_all_campaigns":false,"site-sidebar-layout":"default","site-content-layout":"","ast-site-content-layout":"default","site-content-style":"default","site-sidebar-style":"default","ast-global-header-display":"","ast-banner-title-visibility":"","ast-main-header-display":"","ast-hfb-above-header-display":"","ast-hfb-below-header-display":"","ast-hfb-mobile-header-display":"","site-post-title":"","ast-breadcrumbs-content":"","ast-featured-img":"","footer-sml-layout":"","ast-disable-related-posts":"","theme-transparent-header-meta":"default","adv-header-id-meta":"","stick-header-meta":"default","header-above-stick-meta":"","header-main-stick-meta":"","header-below-stick-meta":"","astra-migrate-meta-layouts":"default","ast-page-background-enabled":"default","ast-page-background-meta":{"desktop":{"background-color":"var(--ast-global-color-4)","background-image":"","background-repeat":"repeat","background-position":"center center","background-size":"auto","background-attachment":"scroll","background-type":"","background-media":"","overlay-type":"","overlay-color":"","overlay-opacity":"","overlay-gradient":""},"tablet":{"background-color":"","background-image":"","background-repeat":"repeat","background-position":"center center","background-size":"auto","background-attachment":"scroll","background-type":"","background-media":"","overlay-type":"","overlay-color":"","overlay-opacity":"","overlay-gradient":""},"mobile":{"background-color":"","background-image":"","background-repeat":"repeat","background-position":"center center","background-size":"auto","background-attachment":"scroll","background-type":"","background-media":"","overlay-type":"","overlay-color":"","overlay-opacity":"","overlay-gradient":""}},"ast-content-background-meta":{"desktop":{"background-color":"var(--ast-global-color-5)","background-image":"","background-repeat":"repeat","background-position":"center center","background-size":"auto","background-attachment":"scroll","background-type":"","background-media":"","overlay-type":"","overlay-color":"","overlay-opacity":"","overlay-gradient":""},"tablet":{"background-color":"var(--ast-global-color-5)","background-image":"","background-repeat":"repeat","background-position":"center center","background-size":"auto","background-attachment":"scroll","background-type":"","background-media":"","overlay-type":"","overlay-color":"","overlay-opacity":"","overlay-gradient":""},"mobile":{"background-color":"var(--ast-global-color-5)","background-image":"","background-repeat":"repeat","background-position":"center center","background-size":"auto","background-attachment":"scroll","background-type":"","background-media":"","overlay-type":"","overlay-color":"","overlay-opacity":"","overlay-gradient":""}}},"product_brand":[],"product_cat":[7349],"product_tag":[],"class_list":{"0":"post-24000","1":"product","2":"type-product","3":"status-publish","4":"has-post-thumbnail","6":"product_cat-catalyseur-fr","7":"desktop-align-center","8":"tablet-align-center","9":"mobile-align-center","10":"ast-product-gallery-layout-horizontal-slider","11":"ast-product-gallery-with-no-image","12":"ast-product-tabs-layout-horizontal","14":"first","15":"instock","16":"taxable","17":"shipping-taxable","18":"purchasable","19":"product-type-simple"},"bundled_by":[],"bundle_stock_status":"instock","bundle_stock_quantity":4965,"bundle_virtual":false,"bundle_layout":"","bundle_add_to_cart_form_location":"","bundle_editable_in_cart":false,"bundle_sold_individually_context":"","bundle_item_grouping":"","bundle_min_size":"","bundle_max_size":"","bundle_price":[],"bundled_items":[],"bundle_sell_ids":[],"yoast_head":"<!-- This site is optimized with the Yoast SEO plugin v27.3 - https:\/\/yoast.com\/product\/yoast-seo-wordpress\/ -->\n<title>Catalyseur | NitorLACK<\/title>\n<meta name=\"description\" content=\"Durcisseur catalyseur polyur\u00e9thane pour guitares 046 . Utilis\u00e9 pour les couleurs et les finitions brillantes des guitares en polyur\u00e9thane..\" \/>\n<meta name=\"robots\" content=\"index, follow, max-snippet:-1, max-image-preview:large, max-video-preview:-1\" \/>\n<link rel=\"canonical\" href=\"https:\/\/nitorlack.com\/fr\/barniz\/catalyseur-fr\/catalyseur-pu-46-couleurs-et-finitions-brillantes-2-5l\/\" \/>\n<meta property=\"og:locale\" content=\"fr_FR\" \/>\n<meta property=\"og:type\" content=\"article\" \/>\n<meta property=\"og:title\" content=\"Catalyseur | NitorLACK\" \/>\n<meta property=\"og:description\" content=\"Durcisseur catalyseur polyur\u00e9thane pour guitares 046 . Utilis\u00e9 pour les couleurs et les finitions brillantes des guitares en polyur\u00e9thane..\" \/>\n<meta property=\"og:url\" content=\"https:\/\/nitorlack.com\/fr\/barniz\/catalyseur-fr\/catalyseur-pu-46-couleurs-et-finitions-brillantes-2-5l\/\" \/>\n<meta property=\"og:site_name\" content=\"Nitorlack\" \/>\n<meta property=\"article:modified_time\" content=\"2025-12-11T23:33:44+00:00\" \/>\n<meta property=\"og:image\" content=\"https:\/\/nitorlack.com\/wp-content\/uploads\/2017\/11\/CATALIZADOR-PU-046.jpg\" \/>\n\t<meta property=\"og:image:width\" content=\"1129\" \/>\n\t<meta property=\"og:image:height\" content=\"1617\" \/>\n\t<meta property=\"og:image:type\" content=\"image\/jpeg\" \/>\n<meta name=\"twitter:card\" content=\"summary_large_image\" \/>\n<script type=\"application\/ld+json\" class=\"yoast-schema-graph\">{\"@context\":\"https:\\\/\\\/schema.org\",\"@graph\":[{\"@type\":\"WebPage\",\"@id\":\"https:\\\/\\\/nitorlack.com\\\/fr\\\/barniz\\\/catalyseur-fr\\\/catalyseur-pu-46-couleurs-et-finitions-brillantes-2-5l\\\/\",\"url\":\"https:\\\/\\\/nitorlack.com\\\/fr\\\/barniz\\\/catalyseur-fr\\\/catalyseur-pu-46-couleurs-et-finitions-brillantes-2-5l\\\/\",\"name\":\"Catalyseur | NitorLACK\",\"isPartOf\":{\"@id\":\"https:\\\/\\\/nitorlack.com\\\/fr\\\/#website\"},\"primaryImageOfPage\":{\"@id\":\"https:\\\/\\\/nitorlack.com\\\/fr\\\/barniz\\\/catalyseur-fr\\\/catalyseur-pu-46-couleurs-et-finitions-brillantes-2-5l\\\/#primaryimage\"},\"image\":{\"@id\":\"https:\\\/\\\/nitorlack.com\\\/fr\\\/barniz\\\/catalyseur-fr\\\/catalyseur-pu-46-couleurs-et-finitions-brillantes-2-5l\\\/#primaryimage\"},\"thumbnailUrl\":\"https:\\\/\\\/nitorlack.com\\\/wp-content\\\/uploads\\\/2017\\\/11\\\/CATALIZADOR-PU-046.jpg\",\"datePublished\":\"2017-11-02T10:03:57+00:00\",\"dateModified\":\"2025-12-11T23:33:44+00:00\",\"description\":\"Durcisseur catalyseur polyur\u00e9thane pour guitares 046 . Utilis\u00e9 pour les couleurs et les finitions brillantes des guitares en polyur\u00e9thane..\",\"breadcrumb\":{\"@id\":\"https:\\\/\\\/nitorlack.com\\\/fr\\\/barniz\\\/catalyseur-fr\\\/catalyseur-pu-46-couleurs-et-finitions-brillantes-2-5l\\\/#breadcrumb\"},\"inLanguage\":\"fr-FR\",\"potentialAction\":[{\"@type\":\"ReadAction\",\"target\":[\"https:\\\/\\\/nitorlack.com\\\/fr\\\/barniz\\\/catalyseur-fr\\\/catalyseur-pu-46-couleurs-et-finitions-brillantes-2-5l\\\/\"]}]},{\"@type\":\"ImageObject\",\"inLanguage\":\"fr-FR\",\"@id\":\"https:\\\/\\\/nitorlack.com\\\/fr\\\/barniz\\\/catalyseur-fr\\\/catalyseur-pu-46-couleurs-et-finitions-brillantes-2-5l\\\/#primaryimage\",\"url\":\"https:\\\/\\\/nitorlack.com\\\/wp-content\\\/uploads\\\/2017\\\/11\\\/CATALIZADOR-PU-046.jpg\",\"contentUrl\":\"https:\\\/\\\/nitorlack.com\\\/wp-content\\\/uploads\\\/2017\\\/11\\\/CATALIZADOR-PU-046.jpg\",\"width\":1129,\"height\":1617,\"caption\":\"Durcisseur catalyseur polyur\u00e9thane\"},{\"@type\":\"BreadcrumbList\",\"@id\":\"https:\\\/\\\/nitorlack.com\\\/fr\\\/barniz\\\/catalyseur-fr\\\/catalyseur-pu-46-couleurs-et-finitions-brillantes-2-5l\\\/#breadcrumb\",\"itemListElement\":[{\"@type\":\"ListItem\",\"position\":1,\"name\":\"Page de Couverture\",\"item\":\"https:\\\/\\\/nitorlack.com\\\/fr\\\/\"},{\"@type\":\"ListItem\",\"position\":2,\"name\":\"Boutique\",\"item\":\"https:\\\/\\\/nitorlack.com\\\/fr\\\/boutique\\\/\"},{\"@type\":\"ListItem\",\"position\":3,\"name\":\"CATALYSEUR PU 46. COULEURS ET FINITIONS BRILLANTES \u2013 2.5L\"}]},{\"@type\":\"WebSite\",\"@id\":\"https:\\\/\\\/nitorlack.com\\\/fr\\\/#website\",\"url\":\"https:\\\/\\\/nitorlack.com\\\/fr\\\/\",\"name\":\"Nitorlack\",\"description\":\"Guitar Lacquers\",\"publisher\":{\"@id\":\"https:\\\/\\\/nitorlack.com\\\/fr\\\/#organization\"},\"potentialAction\":[{\"@type\":\"SearchAction\",\"target\":{\"@type\":\"EntryPoint\",\"urlTemplate\":\"https:\\\/\\\/nitorlack.com\\\/fr\\\/?s={search_term_string}\"},\"query-input\":{\"@type\":\"PropertyValueSpecification\",\"valueRequired\":true,\"valueName\":\"search_term_string\"}}],\"inLanguage\":\"fr-FR\"},{\"@type\":\"Organization\",\"@id\":\"https:\\\/\\\/nitorlack.com\\\/fr\\\/#organization\",\"name\":\"Nitorlack\",\"url\":\"https:\\\/\\\/nitorlack.com\\\/fr\\\/\",\"logo\":{\"@type\":\"ImageObject\",\"inLanguage\":\"fr-FR\",\"@id\":\"https:\\\/\\\/nitorlack.com\\\/fr\\\/#\\\/schema\\\/logo\\\/image\\\/\",\"url\":\"http:\\\/\\\/nitorlack.com\\\/wp-content\\\/uploads\\\/2016\\\/02\\\/cropped-galleta-negra-1.jpg\",\"contentUrl\":\"http:\\\/\\\/nitorlack.com\\\/wp-content\\\/uploads\\\/2016\\\/02\\\/cropped-galleta-negra-1.jpg\",\"width\":512,\"height\":512,\"caption\":\"Nitorlack\"},\"image\":{\"@id\":\"https:\\\/\\\/nitorlack.com\\\/fr\\\/#\\\/schema\\\/logo\\\/image\\\/\"}}]}<\/script>\n<!-- \/ Yoast SEO plugin. -->","yoast_head_json":{"title":"Catalyseur | NitorLACK","description":"Durcisseur catalyseur polyur\u00e9thane pour guitares 046 . Utilis\u00e9 pour les couleurs et les finitions brillantes des guitares en polyur\u00e9thane..","robots":{"index":"index","follow":"follow","max-snippet":"max-snippet:-1","max-image-preview":"max-image-preview:large","max-video-preview":"max-video-preview:-1"},"canonical":"https:\/\/nitorlack.com\/fr\/barniz\/catalyseur-fr\/catalyseur-pu-46-couleurs-et-finitions-brillantes-2-5l\/","og_locale":"fr_FR","og_type":"article","og_title":"Catalyseur | NitorLACK","og_description":"Durcisseur catalyseur polyur\u00e9thane pour guitares 046 . Utilis\u00e9 pour les couleurs et les finitions brillantes des guitares en polyur\u00e9thane..","og_url":"https:\/\/nitorlack.com\/fr\/barniz\/catalyseur-fr\/catalyseur-pu-46-couleurs-et-finitions-brillantes-2-5l\/","og_site_name":"Nitorlack","article_modified_time":"2025-12-11T23:33:44+00:00","og_image":[{"width":1129,"height":1617,"url":"https:\/\/nitorlack.com\/wp-content\/uploads\/2017\/11\/CATALIZADOR-PU-046.jpg","type":"image\/jpeg"}],"twitter_card":"summary_large_image","schema":{"@context":"https:\/\/schema.org","@graph":[{"@type":"WebPage","@id":"https:\/\/nitorlack.com\/fr\/barniz\/catalyseur-fr\/catalyseur-pu-46-couleurs-et-finitions-brillantes-2-5l\/","url":"https:\/\/nitorlack.com\/fr\/barniz\/catalyseur-fr\/catalyseur-pu-46-couleurs-et-finitions-brillantes-2-5l\/","name":"Catalyseur | NitorLACK","isPartOf":{"@id":"https:\/\/nitorlack.com\/fr\/#website"},"primaryImageOfPage":{"@id":"https:\/\/nitorlack.com\/fr\/barniz\/catalyseur-fr\/catalyseur-pu-46-couleurs-et-finitions-brillantes-2-5l\/#primaryimage"},"image":{"@id":"https:\/\/nitorlack.com\/fr\/barniz\/catalyseur-fr\/catalyseur-pu-46-couleurs-et-finitions-brillantes-2-5l\/#primaryimage"},"thumbnailUrl":"https:\/\/nitorlack.com\/wp-content\/uploads\/2017\/11\/CATALIZADOR-PU-046.jpg","datePublished":"2017-11-02T10:03:57+00:00","dateModified":"2025-12-11T23:33:44+00:00","description":"Durcisseur catalyseur polyur\u00e9thane pour guitares 046 . Utilis\u00e9 pour les couleurs et les finitions brillantes des guitares en polyur\u00e9thane..","breadcrumb":{"@id":"https:\/\/nitorlack.com\/fr\/barniz\/catalyseur-fr\/catalyseur-pu-46-couleurs-et-finitions-brillantes-2-5l\/#breadcrumb"},"inLanguage":"fr-FR","potentialAction":[{"@type":"ReadAction","target":["https:\/\/nitorlack.com\/fr\/barniz\/catalyseur-fr\/catalyseur-pu-46-couleurs-et-finitions-brillantes-2-5l\/"]}]},{"@type":"ImageObject","inLanguage":"fr-FR","@id":"https:\/\/nitorlack.com\/fr\/barniz\/catalyseur-fr\/catalyseur-pu-46-couleurs-et-finitions-brillantes-2-5l\/#primaryimage","url":"https:\/\/nitorlack.com\/wp-content\/uploads\/2017\/11\/CATALIZADOR-PU-046.jpg","contentUrl":"https:\/\/nitorlack.com\/wp-content\/uploads\/2017\/11\/CATALIZADOR-PU-046.jpg","width":1129,"height":1617,"caption":"Durcisseur catalyseur polyur\u00e9thane"},{"@type":"BreadcrumbList","@id":"https:\/\/nitorlack.com\/fr\/barniz\/catalyseur-fr\/catalyseur-pu-46-couleurs-et-finitions-brillantes-2-5l\/#breadcrumb","itemListElement":[{"@type":"ListItem","position":1,"name":"Page de Couverture","item":"https:\/\/nitorlack.com\/fr\/"},{"@type":"ListItem","position":2,"name":"Boutique","item":"https:\/\/nitorlack.com\/fr\/boutique\/"},{"@type":"ListItem","position":3,"name":"CATALYSEUR PU 46. COULEURS ET FINITIONS BRILLANTES \u2013 2.5L"}]},{"@type":"WebSite","@id":"https:\/\/nitorlack.com\/fr\/#website","url":"https:\/\/nitorlack.com\/fr\/","name":"Nitorlack","description":"Guitar Lacquers","publisher":{"@id":"https:\/\/nitorlack.com\/fr\/#organization"},"potentialAction":[{"@type":"SearchAction","target":{"@type":"EntryPoint","urlTemplate":"https:\/\/nitorlack.com\/fr\/?s={search_term_string}"},"query-input":{"@type":"PropertyValueSpecification","valueRequired":true,"valueName":"search_term_string"}}],"inLanguage":"fr-FR"},{"@type":"Organization","@id":"https:\/\/nitorlack.com\/fr\/#organization","name":"Nitorlack","url":"https:\/\/nitorlack.com\/fr\/","logo":{"@type":"ImageObject","inLanguage":"fr-FR","@id":"https:\/\/nitorlack.com\/fr\/#\/schema\/logo\/image\/","url":"http:\/\/nitorlack.com\/wp-content\/uploads\/2016\/02\/cropped-galleta-negra-1.jpg","contentUrl":"http:\/\/nitorlack.com\/wp-content\/uploads\/2016\/02\/cropped-galleta-negra-1.jpg","width":512,"height":512,"caption":"Nitorlack"},"image":{"@id":"https:\/\/nitorlack.com\/fr\/#\/schema\/logo\/image\/"}}]}},"_links":{"self":[{"href":"https:\/\/nitorlack.com\/fr\/wp-json\/wp\/v2\/product\/24000","targetHints":{"allow":["GET"]}}],"collection":[{"href":"https:\/\/nitorlack.com\/fr\/wp-json\/wp\/v2\/product"}],"about":[{"href":"https:\/\/nitorlack.com\/fr\/wp-json\/wp\/v2\/types\/product"}],"replies":[{"embeddable":true,"href":"https:\/\/nitorlack.com\/fr\/wp-json\/wp\/v2\/comments?post=24000"}],"wp:featuredmedia":[{"embeddable":true,"href":"https:\/\/nitorlack.com\/fr\/wp-json\/wp\/v2\/media\/25927"}],"wp:attachment":[{"href":"https:\/\/nitorlack.com\/fr\/wp-json\/wp\/v2\/media?parent=24000"}],"wp:term":[{"taxonomy":"product_brand","embeddable":true,"href":"https:\/\/nitorlack.com\/fr\/wp-json\/wp\/v2\/product_brand?post=24000"},{"taxonomy":"product_cat","embeddable":true,"href":"https:\/\/nitorlack.com\/fr\/wp-json\/wp\/v2\/product_cat?post=24000"},{"taxonomy":"product_tag","embeddable":true,"href":"https:\/\/nitorlack.com\/fr\/wp-json\/wp\/v2\/product_tag?post=24000"}],"curies":[{"name":"wp","href":"https:\/\/api.w.org\/{rel}","templated":true}]}}