{"id":23910,"date":"2019-03-27T10:19:14","date_gmt":"2019-03-27T08:19:14","guid":{"rendered":"http:\/\/nitorlack.com\/barniz\/sincategorizar\/nitorlack-relic-gloss\/"},"modified":"2026-03-24T14:03:29","modified_gmt":"2026-03-24T12:03:29","slug":"nitorlack-relic-gloss","status":"publish","type":"product","link":"https:\/\/nitorlack.com\/fr\/barniz\/finitions\/nitrocellulose-finitions\/nitorlack-relic-gloss\/","title":{"rendered":"NITORLACK RELIC GLOSS"},"content":{"rendered":"<div class=\"wpb-content-wrapper\"><p>[vc_row][vc_column][vc_video link=\u00a0\u00bbhttps:\/\/youtu.be\/V4B1Wlr0CcI?si=OSXBmlxAQYszAmbp\u00a0\u00bb el_width=\u00a0\u00bb80&Prime; align=\u00a0\u00bbcenter\u00a0\u00bb css=\u00a0\u00bb\u00a0\u00bb][\/vc_column][\/vc_row][vc_row][vc_column][vc_column_text css=\u00a0\u00bb\u00a0\u00bb]<\/p>\n<h3>Processus de vernissage :<\/h3>\n<ul>\n<li>Si le bois de la guitare n&rsquo;a pas \u00e9t\u00e9 verni auparavant, nous devrons boucher compl\u00e8tement les pores et couvrir le grain du bois jusqu&rsquo;\u00e0 ce qu&rsquo;il soit totalement lisse, en appliquant 4 \u00e0 6 couches de <a href=\"https:\/\/nitorlack.com\/fr\/barniz\/bouche-pores\/nitrocellulose-fr-5\/nitorlack-primer-2\/\">Nitorlack Primer<\/a> (Fond Nitro).<\/li>\n<li>Cependant, si le corps de la guitare a d\u00e9j\u00e0 \u00e9t\u00e9 verni auparavant, ce sera plus simple car il suffira de poncer et d&rsquo;appliquer une fine couche de Nitorlack Primer.<\/li>\n<li>Appliquez la couleur choisie en pon\u00e7ant entre les couches pour obtenir une surface uniforme et sans imperfections.<\/li>\n<li>Commencez \u00e0 appliquer la finition relic en couches fines.<\/li>\n<li>Apr\u00e8s ce processus, vous pouvez appliquer deux \u00e0 trois couches fines de Nitrocellulose Relic, en pon\u00e7ant entre les couches jusqu&rsquo;\u00e0 ce que la surface soit couverte.<\/li>\n<li>Le processus jusqu&rsquo;ici est identique \u00e0 celui utilis\u00e9 avec le <a href=\"https:\/\/nitorlack.com\/fr\/barniz\/finitions\/nitrocellulose-finitions\/nitorlack-lacquer-gloss-2\/\">Lacquer Gloss<\/a>, seul le type de finition \u00e0 utiliser change.<\/li>\n<li>Il est possible de polir avant que la nitro ne commence \u00e0 se craqueler, bien que selon le pourcentage de relic utilis\u00e9, la finition peut commencer \u00e0 montrer des fissures au fur et \u00e0 mesure qu&rsquo;elle s\u00e8che.<\/li>\n<li>Attendez environ 15 jours avant de commencer la phase suivante.<\/li>\n<\/ul>\n<h3>Processus relic :<\/h3>\n<ul>\n<li>Placez la guitare \u00e0 una temp\u00e9rature comprise entre -10 et -20 degr\u00e9s, par intervalles de 4 heures.<\/li>\n<li>D\u00e8s la sortie du froid, la guitare pr\u00e9sentera des fissures transparentes ; appliquez alors <a href=\"https:\/\/nitorlack.com\/fr\/barniz\/accessories\/relic-patina-fr\/relic-patina\/\">RELIC PATINA<\/a> avec un chiffon et essuyez, en ne laissant que ce qui reste \u00e0 l&rsquo;int\u00e9rieur des fissures.<\/li>\n<li>Ce produit devra \u00eatre retir\u00e9 dans un d\u00e9lai de <strong>3 \u00e0 5 minutes<\/strong> apr\u00e8s son application. Il sera ainsi plus facile de retirer l&rsquo;exc\u00e9dent, car il ne sera pas compl\u00e8tement sec.<\/li>\n<li>Si vous cherchez \u00e0 accentuer l&rsquo;aspect relic sur une zone sp\u00e9cifique de la guitare, ou sur l&rsquo;ensemble de celle-ci, il est recommand\u00e9 d&rsquo;utiliser notre <a href=\"https:\/\/nitorlack.com\/fr\/barniz\/accessories\/divers-fr\/spray-de-congelation\/\">SPRAY DE CONG\u00c9LATION<\/a>. Vous pouvez \u00e9galement remplir ces fissures avec Relic Patina.<\/li>\n<li>Laissez la guitare \u00e0 temp\u00e9rature ambiante pendant 4 \u00e0 6 heures.<\/li>\n<li>Vous pouvez r\u00e9p\u00e9ter le processus de froid, de spray de cong\u00e9lation et de Relic Patina autant de fois que vous le souhaitez. Plus vous le ferez, plus le craquelage sera prononc\u00e9, mais 4 \u00e0 6 fois devraient suffire.<\/li>\n<\/ul>\n<p>&nbsp;<\/p>\n<p><strong>Important :<\/strong> Le Spray Relic est pr\u00eat \u00e0 l&#8217;emploi. Cependant, le bidon d&rsquo;un litre doit \u00eatre m\u00e9lang\u00e9 avec une proportion de 40 % de <a href=\"https:\/\/nitorlack.com\/fr\/barniz\/finitions\/nitrocellulose-finitions\/nitorlack-lacquer-gloss-2\/\">Lacquer Gloss<\/a> et 10-15 % de <a href=\"https:\/\/nitorlack.com\/fr\/barniz\/dissolvants\/dissolvants-fr\/solvent-medium-copiar\/\">diluant<\/a>, pour obtenir un craquelage moins \u00ab\u00a0agressif\u00a0\u00bb. Plus la proportion de Relic est \u00e9lev\u00e9e, plus le craquelage sera prononc\u00e9 et profond.<\/p>\n<p>Avec la garantie de <a href=\"https:\/\/valresa.com\/\">Valresa Coatings S.A<\/a>[\/vc_column_text][\/vc_column][\/vc_row][vc_row content_placement=\u00a0\u00bbmiddle\u00a0\u00bb][vc_column][vc_column_text]<\/p>\n<h2 style=\"text-align: center;\">#mynitorlack<\/h2>\n<h3 style=\"text-align: center;\">Partez vos cr\u00e9ations sur les r\u00e9seaux sociaux en utilisant notre hashtag<\/h3>\n<p>&nbsp;<br \/>\n[\/vc_column_text][\/vc_column][\/vc_row][vc_row][vc_column][vc_raw_html]W0Jlc3RfV29yZHByZXNzX0dhbGxlcnkgaWQ9IjIiXQ==[\/vc_raw_html][\/vc_column][\/vc_row]<\/p>\n<\/div>","protected":false},"excerpt":{"rendered":"<p><b>Nitrocellulose \u00e0 haute rigidit\u00e9, permettant d&rsquo;obtenir diff\u00e9rents types de craquelures sur la surface de la guitare.<\/b><\/p>\n<p>Elle permet d&rsquo;obtenir un fa\u00efen\u00e7age facile, reproduisant l&rsquo;effet vintage typique des ann\u00e9es 60 propre aux guitares Fender et Gibson.<\/p>\n<ul>\n<li>Le craquelage se produit quelques jours apr\u00e8s l&rsquo;application du produit, au fur et \u00e0 mesure que le vernis s\u00e8che.<\/li>\n<li>Si vous avez besoin de craquelures plus prononc\u00e9es, elles peuvent \u00eatre obtenues en multipliant les chocs thermiques sur la surface de la guitare.<\/li>\n<li>Il est recommand\u00e9 de m\u00e9langer avec une proportion de 40 % de <a href=\"https:\/\/nitorlack.com\/fr\/barniz\/finitions\/nitrocellulose-finitions\/nitorlack-lacquer-gloss-2\/\">Lacquer Gloss<\/a> et 10-15 % de <a href=\"https:\/\/nitorlack.com\/fr\/barniz\/dissolvants\/dissolvants-fr\/solvent-medium-copiar\/\">diluant<\/a>, pour obtenir un craquelage moins \u00ab\u00a0agressif\u00a0\u00bb. Plus la proportion de Relic est \u00e9lev\u00e9e, plus les fissures seront prononc\u00e9es et profondes.<\/li>\n<li>Pour accentuer les fissures et l&rsquo;aspect vieilli, une fois le processus termin\u00e9, il est recommand\u00e9 d&rsquo;utiliser notre <a href=\"https:\/\/nitorlack.com\/fr\/barniz\/accessories\/divers-fr\/spray-de-congelation\/\">Spray de Cong\u00e9lation<\/a> combin\u00e9 avec la <a href=\"https:\/\/nitorlack.com\/fr\/barniz\/accessories\/relic-patina-fr\/relic-patina\/\">Relic Patina.<\/a><\/li>\n<\/ul>\n<p>Disponible en spray et en pot.<\/p>\n<p>&nbsp;<\/p>\n","protected":false},"featured_media":59018,"comment_status":"open","ping_status":"closed","template":"","meta":{"om_disable_all_campaigns":false,"site-sidebar-layout":"default","site-content-layout":"default","ast-site-content-layout":"default","site-content-style":"default","site-sidebar-style":"default","ast-global-header-display":"","ast-banner-title-visibility":"","ast-main-header-display":"","ast-hfb-above-header-display":"","ast-hfb-below-header-display":"","ast-hfb-mobile-header-display":"","site-post-title":"","ast-breadcrumbs-content":"","ast-featured-img":"","footer-sml-layout":"","ast-disable-related-posts":"","theme-transparent-header-meta":"default","adv-header-id-meta":"","stick-header-meta":"default","header-above-stick-meta":"","header-main-stick-meta":"","header-below-stick-meta":"","astra-migrate-meta-layouts":"default","ast-page-background-enabled":"default","ast-page-background-meta":{"desktop":{"background-color":"var(--ast-global-color-4)","background-image":"","background-repeat":"repeat","background-position":"center center","background-size":"auto","background-attachment":"scroll","background-type":"","background-media":"","overlay-type":"","overlay-color":"","overlay-opacity":"","overlay-gradient":""},"tablet":{"background-color":"","background-image":"","background-repeat":"repeat","background-position":"center center","background-size":"auto","background-attachment":"scroll","background-type":"","background-media":"","overlay-type":"","overlay-color":"","overlay-opacity":"","overlay-gradient":""},"mobile":{"background-color":"","background-image":"","background-repeat":"repeat","background-position":"center center","background-size":"auto","background-attachment":"scroll","background-type":"","background-media":"","overlay-type":"","overlay-color":"","overlay-opacity":"","overlay-gradient":""}},"ast-content-background-meta":{"desktop":{"background-color":"var(--ast-global-color-5)","background-image":"","background-repeat":"repeat","background-position":"center center","background-size":"auto","background-attachment":"scroll","background-type":"","background-media":"","overlay-type":"","overlay-color":"","overlay-opacity":"","overlay-gradient":""},"tablet":{"background-color":"var(--ast-global-color-5)","background-image":"","background-repeat":"repeat","background-position":"center center","background-size":"auto","background-attachment":"scroll","background-type":"","background-media":"","overlay-type":"","overlay-color":"","overlay-opacity":"","overlay-gradient":""},"mobile":{"background-color":"var(--ast-global-color-5)","background-image":"","background-repeat":"repeat","background-position":"center center","background-size":"auto","background-attachment":"scroll","background-type":"","background-media":"","overlay-type":"","overlay-color":"","overlay-opacity":"","overlay-gradient":""}}},"product_brand":[],"product_cat":[283],"product_tag":[],"class_list":{"0":"post-23910","1":"product","2":"type-product","3":"status-publish","4":"has-post-thumbnail","6":"product_cat-nitrocellulose-finitions","7":"desktop-align-center","8":"tablet-align-center","9":"mobile-align-center","10":"ast-product-gallery-layout-horizontal-slider","11":"ast-product-single-variable","12":"ast-product-tabs-layout-horizontal","14":"first","15":"instock","16":"taxable","17":"shipping-taxable","18":"purchasable","19":"product-type-variable"},"bundled_by":[],"bundle_stock_status":"instock","bundle_stock_quantity":null,"bundle_virtual":false,"bundle_layout":"","bundle_add_to_cart_form_location":"","bundle_editable_in_cart":false,"bundle_sold_individually_context":"","bundle_item_grouping":"","bundle_min_size":"","bundle_max_size":"","bundle_price":[],"bundled_items":[],"bundle_sell_ids":[66293],"yoast_head":"<!-- This site is optimized with the Yoast SEO plugin v27.4 - https:\/\/yoast.com\/product\/yoast-seo-wordpress\/ -->\n<title>NITORLACK RELIC GLOSS | Vernis \u00e0 effet vintage<\/title>\n<meta name=\"description\" content=\"Vernis nitro con\u00e7u pour obtenir un effet relique sur votre guitare. Ce vernis se craquelle facilement quelques jours apr\u00e8s son application\" \/>\n<meta name=\"robots\" content=\"index, follow, max-snippet:-1, max-image-preview:large, max-video-preview:-1\" \/>\n<link rel=\"canonical\" href=\"https:\/\/nitorlack.com\/fr\/barniz\/finitions\/nitrocellulose-finitions\/nitorlack-relic-gloss\/\" \/>\n<meta property=\"og:locale\" content=\"fr_FR\" \/>\n<meta property=\"og:type\" content=\"article\" \/>\n<meta property=\"og:title\" content=\"NITORLACK RELIC GLOSS | Vernis \u00e0 effet vintage\" \/>\n<meta property=\"og:description\" content=\"Vernis nitro con\u00e7u pour obtenir un effet relique sur votre guitare. Ce vernis se craquelle facilement quelques jours apr\u00e8s son application\" \/>\n<meta property=\"og:url\" content=\"https:\/\/nitorlack.com\/fr\/barniz\/finitions\/nitrocellulose-finitions\/nitorlack-relic-gloss\/\" \/>\n<meta property=\"og:site_name\" content=\"Nitorlack\" \/>\n<meta property=\"article:modified_time\" content=\"2026-03-24T12:03:29+00:00\" \/>\n<meta property=\"og:image\" content=\"https:\/\/nitorlack.com\/wp-content\/uploads\/2022\/05\/DSC00276-baja.jpg\" \/>\n\t<meta property=\"og:image:width\" content=\"1000\" \/>\n\t<meta property=\"og:image:height\" content=\"1000\" \/>\n\t<meta property=\"og:image:type\" content=\"image\/jpeg\" \/>\n<meta name=\"twitter:card\" content=\"summary_large_image\" \/>\n<meta name=\"twitter:label1\" content=\"Dur\u00e9e de lecture estim\u00e9e\" \/>\n\t<meta name=\"twitter:data1\" content=\"2 minutes\" \/>\n<script type=\"application\/ld+json\" class=\"yoast-schema-graph\">{\"@context\":\"https:\\\/\\\/schema.org\",\"@graph\":[{\"@type\":\"WebPage\",\"@id\":\"https:\\\/\\\/nitorlack.com\\\/fr\\\/barniz\\\/finitions\\\/nitrocellulose-finitions\\\/nitorlack-relic-gloss\\\/\",\"url\":\"https:\\\/\\\/nitorlack.com\\\/fr\\\/barniz\\\/finitions\\\/nitrocellulose-finitions\\\/nitorlack-relic-gloss\\\/\",\"name\":\"NITORLACK RELIC GLOSS | Vernis \u00e0 effet vintage\",\"isPartOf\":{\"@id\":\"https:\\\/\\\/nitorlack.com\\\/fr\\\/#website\"},\"primaryImageOfPage\":{\"@id\":\"https:\\\/\\\/nitorlack.com\\\/fr\\\/barniz\\\/finitions\\\/nitrocellulose-finitions\\\/nitorlack-relic-gloss\\\/#primaryimage\"},\"image\":{\"@id\":\"https:\\\/\\\/nitorlack.com\\\/fr\\\/barniz\\\/finitions\\\/nitrocellulose-finitions\\\/nitorlack-relic-gloss\\\/#primaryimage\"},\"thumbnailUrl\":\"https:\\\/\\\/nitorlack.com\\\/wp-content\\\/uploads\\\/2022\\\/05\\\/DSC00276-baja.jpg\",\"datePublished\":\"2019-03-27T08:19:14+00:00\",\"dateModified\":\"2026-03-24T12:03:29+00:00\",\"description\":\"Vernis nitro con\u00e7u pour obtenir un effet relique sur votre guitare. Ce vernis se craquelle facilement quelques jours apr\u00e8s son application\",\"breadcrumb\":{\"@id\":\"https:\\\/\\\/nitorlack.com\\\/fr\\\/barniz\\\/finitions\\\/nitrocellulose-finitions\\\/nitorlack-relic-gloss\\\/#breadcrumb\"},\"inLanguage\":\"fr-FR\",\"potentialAction\":[{\"@type\":\"ReadAction\",\"target\":[\"https:\\\/\\\/nitorlack.com\\\/fr\\\/barniz\\\/finitions\\\/nitrocellulose-finitions\\\/nitorlack-relic-gloss\\\/\"]}]},{\"@type\":\"ImageObject\",\"inLanguage\":\"fr-FR\",\"@id\":\"https:\\\/\\\/nitorlack.com\\\/fr\\\/barniz\\\/finitions\\\/nitrocellulose-finitions\\\/nitorlack-relic-gloss\\\/#primaryimage\",\"url\":\"https:\\\/\\\/nitorlack.com\\\/wp-content\\\/uploads\\\/2022\\\/05\\\/DSC00276-baja.jpg\",\"contentUrl\":\"https:\\\/\\\/nitorlack.com\\\/wp-content\\\/uploads\\\/2022\\\/05\\\/DSC00276-baja.jpg\",\"width\":1000,\"height\":1000,\"caption\":\"relic guitar\"},{\"@type\":\"BreadcrumbList\",\"@id\":\"https:\\\/\\\/nitorlack.com\\\/fr\\\/barniz\\\/finitions\\\/nitrocellulose-finitions\\\/nitorlack-relic-gloss\\\/#breadcrumb\",\"itemListElement\":[{\"@type\":\"ListItem\",\"position\":1,\"name\":\"Page de Couverture\",\"item\":\"https:\\\/\\\/nitorlack.com\\\/fr\\\/\"},{\"@type\":\"ListItem\",\"position\":2,\"name\":\"Boutique\",\"item\":\"https:\\\/\\\/nitorlack.com\\\/fr\\\/boutique\\\/\"},{\"@type\":\"ListItem\",\"position\":3,\"name\":\"NITORLACK RELIC GLOSS\"}]},{\"@type\":\"WebSite\",\"@id\":\"https:\\\/\\\/nitorlack.com\\\/fr\\\/#website\",\"url\":\"https:\\\/\\\/nitorlack.com\\\/fr\\\/\",\"name\":\"Nitorlack\",\"description\":\"Guitar Lacquers\",\"publisher\":{\"@id\":\"https:\\\/\\\/nitorlack.com\\\/fr\\\/#organization\"},\"potentialAction\":[{\"@type\":\"SearchAction\",\"target\":{\"@type\":\"EntryPoint\",\"urlTemplate\":\"https:\\\/\\\/nitorlack.com\\\/fr\\\/?s={search_term_string}\"},\"query-input\":{\"@type\":\"PropertyValueSpecification\",\"valueRequired\":true,\"valueName\":\"search_term_string\"}}],\"inLanguage\":\"fr-FR\"},{\"@type\":\"Organization\",\"@id\":\"https:\\\/\\\/nitorlack.com\\\/fr\\\/#organization\",\"name\":\"Nitorlack\",\"url\":\"https:\\\/\\\/nitorlack.com\\\/fr\\\/\",\"logo\":{\"@type\":\"ImageObject\",\"inLanguage\":\"fr-FR\",\"@id\":\"https:\\\/\\\/nitorlack.com\\\/fr\\\/#\\\/schema\\\/logo\\\/image\\\/\",\"url\":\"http:\\\/\\\/nitorlack.com\\\/wp-content\\\/uploads\\\/2016\\\/02\\\/cropped-galleta-negra-1.jpg\",\"contentUrl\":\"http:\\\/\\\/nitorlack.com\\\/wp-content\\\/uploads\\\/2016\\\/02\\\/cropped-galleta-negra-1.jpg\",\"width\":512,\"height\":512,\"caption\":\"Nitorlack\"},\"image\":{\"@id\":\"https:\\\/\\\/nitorlack.com\\\/fr\\\/#\\\/schema\\\/logo\\\/image\\\/\"}}]}<\/script>\n<!-- \/ Yoast SEO plugin. -->","yoast_head_json":{"title":"NITORLACK RELIC GLOSS | Vernis \u00e0 effet vintage","description":"Vernis nitro con\u00e7u pour obtenir un effet relique sur votre guitare. Ce vernis se craquelle facilement quelques jours apr\u00e8s son application","robots":{"index":"index","follow":"follow","max-snippet":"max-snippet:-1","max-image-preview":"max-image-preview:large","max-video-preview":"max-video-preview:-1"},"canonical":"https:\/\/nitorlack.com\/fr\/barniz\/finitions\/nitrocellulose-finitions\/nitorlack-relic-gloss\/","og_locale":"fr_FR","og_type":"article","og_title":"NITORLACK RELIC GLOSS | Vernis \u00e0 effet vintage","og_description":"Vernis nitro con\u00e7u pour obtenir un effet relique sur votre guitare. Ce vernis se craquelle facilement quelques jours apr\u00e8s son application","og_url":"https:\/\/nitorlack.com\/fr\/barniz\/finitions\/nitrocellulose-finitions\/nitorlack-relic-gloss\/","og_site_name":"Nitorlack","article_modified_time":"2026-03-24T12:03:29+00:00","og_image":[{"width":1000,"height":1000,"url":"https:\/\/nitorlack.com\/wp-content\/uploads\/2022\/05\/DSC00276-baja.jpg","type":"image\/jpeg"}],"twitter_card":"summary_large_image","twitter_misc":{"Dur\u00e9e de lecture estim\u00e9e":"2 minutes"},"schema":{"@context":"https:\/\/schema.org","@graph":[{"@type":"WebPage","@id":"https:\/\/nitorlack.com\/fr\/barniz\/finitions\/nitrocellulose-finitions\/nitorlack-relic-gloss\/","url":"https:\/\/nitorlack.com\/fr\/barniz\/finitions\/nitrocellulose-finitions\/nitorlack-relic-gloss\/","name":"NITORLACK RELIC GLOSS | Vernis \u00e0 effet vintage","isPartOf":{"@id":"https:\/\/nitorlack.com\/fr\/#website"},"primaryImageOfPage":{"@id":"https:\/\/nitorlack.com\/fr\/barniz\/finitions\/nitrocellulose-finitions\/nitorlack-relic-gloss\/#primaryimage"},"image":{"@id":"https:\/\/nitorlack.com\/fr\/barniz\/finitions\/nitrocellulose-finitions\/nitorlack-relic-gloss\/#primaryimage"},"thumbnailUrl":"https:\/\/nitorlack.com\/wp-content\/uploads\/2022\/05\/DSC00276-baja.jpg","datePublished":"2019-03-27T08:19:14+00:00","dateModified":"2026-03-24T12:03:29+00:00","description":"Vernis nitro con\u00e7u pour obtenir un effet relique sur votre guitare. Ce vernis se craquelle facilement quelques jours apr\u00e8s son application","breadcrumb":{"@id":"https:\/\/nitorlack.com\/fr\/barniz\/finitions\/nitrocellulose-finitions\/nitorlack-relic-gloss\/#breadcrumb"},"inLanguage":"fr-FR","potentialAction":[{"@type":"ReadAction","target":["https:\/\/nitorlack.com\/fr\/barniz\/finitions\/nitrocellulose-finitions\/nitorlack-relic-gloss\/"]}]},{"@type":"ImageObject","inLanguage":"fr-FR","@id":"https:\/\/nitorlack.com\/fr\/barniz\/finitions\/nitrocellulose-finitions\/nitorlack-relic-gloss\/#primaryimage","url":"https:\/\/nitorlack.com\/wp-content\/uploads\/2022\/05\/DSC00276-baja.jpg","contentUrl":"https:\/\/nitorlack.com\/wp-content\/uploads\/2022\/05\/DSC00276-baja.jpg","width":1000,"height":1000,"caption":"relic guitar"},{"@type":"BreadcrumbList","@id":"https:\/\/nitorlack.com\/fr\/barniz\/finitions\/nitrocellulose-finitions\/nitorlack-relic-gloss\/#breadcrumb","itemListElement":[{"@type":"ListItem","position":1,"name":"Page de Couverture","item":"https:\/\/nitorlack.com\/fr\/"},{"@type":"ListItem","position":2,"name":"Boutique","item":"https:\/\/nitorlack.com\/fr\/boutique\/"},{"@type":"ListItem","position":3,"name":"NITORLACK RELIC GLOSS"}]},{"@type":"WebSite","@id":"https:\/\/nitorlack.com\/fr\/#website","url":"https:\/\/nitorlack.com\/fr\/","name":"Nitorlack","description":"Guitar Lacquers","publisher":{"@id":"https:\/\/nitorlack.com\/fr\/#organization"},"potentialAction":[{"@type":"SearchAction","target":{"@type":"EntryPoint","urlTemplate":"https:\/\/nitorlack.com\/fr\/?s={search_term_string}"},"query-input":{"@type":"PropertyValueSpecification","valueRequired":true,"valueName":"search_term_string"}}],"inLanguage":"fr-FR"},{"@type":"Organization","@id":"https:\/\/nitorlack.com\/fr\/#organization","name":"Nitorlack","url":"https:\/\/nitorlack.com\/fr\/","logo":{"@type":"ImageObject","inLanguage":"fr-FR","@id":"https:\/\/nitorlack.com\/fr\/#\/schema\/logo\/image\/","url":"http:\/\/nitorlack.com\/wp-content\/uploads\/2016\/02\/cropped-galleta-negra-1.jpg","contentUrl":"http:\/\/nitorlack.com\/wp-content\/uploads\/2016\/02\/cropped-galleta-negra-1.jpg","width":512,"height":512,"caption":"Nitorlack"},"image":{"@id":"https:\/\/nitorlack.com\/fr\/#\/schema\/logo\/image\/"}}]}},"_links":{"self":[{"href":"https:\/\/nitorlack.com\/fr\/wp-json\/wp\/v2\/product\/23910","targetHints":{"allow":["GET"]}}],"collection":[{"href":"https:\/\/nitorlack.com\/fr\/wp-json\/wp\/v2\/product"}],"about":[{"href":"https:\/\/nitorlack.com\/fr\/wp-json\/wp\/v2\/types\/product"}],"replies":[{"embeddable":true,"href":"https:\/\/nitorlack.com\/fr\/wp-json\/wp\/v2\/comments?post=23910"}],"wp:featuredmedia":[{"embeddable":true,"href":"https:\/\/nitorlack.com\/fr\/wp-json\/wp\/v2\/media\/59018"}],"wp:attachment":[{"href":"https:\/\/nitorlack.com\/fr\/wp-json\/wp\/v2\/media?parent=23910"}],"wp:term":[{"taxonomy":"product_brand","embeddable":true,"href":"https:\/\/nitorlack.com\/fr\/wp-json\/wp\/v2\/product_brand?post=23910"},{"taxonomy":"product_cat","embeddable":true,"href":"https:\/\/nitorlack.com\/fr\/wp-json\/wp\/v2\/product_cat?post=23910"},{"taxonomy":"product_tag","embeddable":true,"href":"https:\/\/nitorlack.com\/fr\/wp-json\/wp\/v2\/product_tag?post=23910"}],"curies":[{"name":"wp","href":"https:\/\/api.w.org\/{rel}","templated":true}]}}