{"id":23367,"date":"2019-03-05T15:24:05","date_gmt":"2019-03-05T13:24:05","guid":{"rendered":"http:\/\/nitorlack.com\/?post_type=product&#038;p=23367"},"modified":"2026-04-24T12:36:26","modified_gmt":"2026-04-24T10:36:26","slug":"nitortint-orange-flamenco-fr","status":"publish","type":"product","link":"https:\/\/nitorlack.com\/fr\/barniz\/teintures-guitare-electric-fr\/classique-flamenco\/nitortint-orange-flamenco-fr\/","title":{"rendered":"NITORTINT ORANGE FLAMENCO"},"content":{"rendered":"<div class=\"wpb-content-wrapper\"><p>[vc_row full_width=\u00a0\u00bbstretch_row\u00a0\u00bb css=\u00a0\u00bb.vc_custom_1581589945399{background-color: #e8e8e8 !important;}\u00a0\u00bb][vc_column width=\u00a0\u00bb1\/2&Prime;][vc_column_text]<\/p>\n<h2>Teinture orange pour guitare flamenco. Donnez vie \u00e0 votre guitare<\/h2>\n<h5>Bouteille de 250 ml<\/h5>\n<p>Les colorants orange NitorTINT pour guitare flamenco sont sp\u00e9cialement con\u00e7us pour changer la couleur du bois avec une transparence maximale sans alt\u00e9rer la maille naturelle du bois. Il s&rsquo;agit de colorants concentr\u00e9s \u00e0 double utilit\u00e9. D&rsquo;une part, ils peuvent \u00eatre dilu\u00e9s avec un solvant pour \u00eatre appliqu\u00e9s directement sur le bois avec un colorant pour bois ou un a\u00e9rographe. D&rsquo;autre part, ils peuvent \u00eatre utilis\u00e9s pour colorer le vernis de finition. Ce sont des teintures universelles qui peuvent \u00eatre dilu\u00e9es dans du solvant, de l&rsquo;eau ou de l&rsquo;alcool. Dans le cas d&rsquo;une application au rouleau, il est recommand\u00e9 d&rsquo;utiliser de l&rsquo;eau ou un diluant Nitorlack Retard. Il est recommand\u00e9 de diluer les colorants NitorTINT entre 3% et 10% selon le type d&rsquo;application.[\/vc_column_text][\/vc_column][vc_column width=\u00a0\u00bb1\/2&Prime;][vc_single_image image=\u00a0\u00bb27176&Prime; img_size=\u00a0\u00bblarge\u00a0\u00bb][\/vc_column][\/vc_row][vc_row][vc_column][vc_empty_space height=\u00a0\u00bb80px\u00a0\u00bb][\/vc_column][\/vc_row][vc_row][vc_column width=\u00a0\u00bb1\/2&Prime;][vc_single_image image=\u00a0\u00bb27725&Prime; img_size=\u00a0\u00bblarge\u00a0\u00bb][\/vc_column][vc_column width=\u00a0\u00bb1\/2&Prime;][vc_column_text]<\/p>\n<h2>Il met en valeur le grain du bois.<\/h2>\n<p>Mettez en valeur la beaut\u00e9 de n&rsquo;importe quel bois en soulignant son grain avec les teintures NitorTINT. Diluez la teinture avec du Solvent Retard ou de l&rsquo;eau et, \u00e0 l&rsquo;aide d&rsquo;un tampon de teinture pour bois, vous pouvez obtenir cet effet 3D sur les dessus de bois tels que l&rsquo;\u00e9rable piqu\u00e9, l&rsquo;\u00e9rable flamm\u00e9 et les bois aux veines tr\u00e8s prononc\u00e9es. Une astuce pour faire ressortir les veines du bois consiste \u00e0 appliquer une teinture noire comme base et \u00e0 poncer, puis \u00e0 appliquer la teinture de la couleur de votre choix. Vous obtiendrez un effet beaucoup plus prononc\u00e9 car la teinture noire restera sur les veines les plus prononc\u00e9es du bois et le reste avec la couleur choisie.[\/vc_column_text][\/vc_column][\/vc_row][vc_row][vc_column][vc_empty_space height=\u00a0\u00bb80px\u00a0\u00bb][\/vc_column][\/vc_row][vc_row][vc_column width=\u00a0\u00bb1\/2&Prime;][vc_column_text]<\/p>\n<h2>Tintes y barnices para guitarra flamencos y cl\u00e1sicos.<\/h2>\n<p>Chez Nitorlack, nous n&rsquo;avons pas voulu oublier les colorants pour guitare classique ou flamenco. Nous avons sp\u00e9cialement formul\u00e9 des colorants pour guitare classique espagnole, rouge flamenco, jaune, orange et vieil or. Nous recommandons de diluer les colorants NitorTINT \u00e0 2 ou 3 % et de les appliquer uniform\u00e9ment jusqu&rsquo;\u00e0 l&rsquo;obtention du ton d\u00e9sir\u00e9.[\/vc_column_text][\/vc_column][vc_column width=\u00a0\u00bb1\/2&Prime;][vc_single_image image=\u00a0\u00bb27732&Prime; img_size=\u00a0\u00bblarge\u00a0\u00bb][\/vc_column][\/vc_row][vc_row][vc_column][vc_empty_space height=\u00a0\u00bb80px\u00a0\u00bb][\/vc_column][\/vc_row][vc_row][vc_column width=\u00a0\u00bb1\/2&Prime;][vc_single_image image=\u00a0\u00bb27737&Prime; img_size=\u00a0\u00bblarge\u00a0\u00bb][\/vc_column][vc_column width=\u00a0\u00bb1\/2&Prime;][vc_column_text]<\/p>\n<h2>La teinture orange pour guitare flamenco s&rsquo;applique facilement<\/h2>\n<h5>Spray rechargeable Preval<\/h5>\n<p>Si vous ne disposez pas d&rsquo;un pistolet a\u00e9rographe, vous pouvez appliquer le colorant de mani\u00e8re tr\u00e8s simple avec le syst\u00e8me de pulv\u00e9risation Preval. Ce syst\u00e8me de pulv\u00e9risation rempla\u00e7able se compose d&rsquo;un r\u00e9servoir en verre de 170 ml dans lequel le m\u00e9lange de colorant et de diluant est plac\u00e9 et de cartouches de pulv\u00e9risation rempla\u00e7ables. Gr\u00e2ce \u00e0 un processus d&rsquo;aspiration Venturi, il extrait le produit du r\u00e9servoir ferm\u00e9 et fournit une finition professionnelle sans m\u00e9langer l&rsquo;agent propulseur et le produit. Les cartouches rempla\u00e7ables peuvent pulv\u00e9riser jusqu&rsquo;\u00e0 650 ml. Le r\u00e9sultat est une finition non alt\u00e9r\u00e9e, sans changement de couleur.[\/vc_column_text][\/vc_column][\/vc_row][vc_row][vc_column][vc_column_text]Avec la garantie de<a href=\"https:\/\/valresa.com\/\"> VALRESA COATINGS S.A<\/a>[\/vc_column_text][\/vc_column][\/vc_row]<\/p>\n<\/div>","protected":false},"excerpt":{"rendered":"<p id=\"tw-target-text\" class=\"tw-data-text tw-ta tw-text-small\" dir=\"ltr\" data-placeholder=\"Traducci\u00f3n\"><span lang=\"fr\">Teinte orange classique pour guitare classique et flamenco. Ce sont des colorants concentr\u00e9s utilis\u00e9s pour la teinture de tous types d&rsquo;instruments. <\/span><\/p>\n<p class=\"tw-data-text tw-ta tw-text-small\" dir=\"ltr\" data-placeholder=\"Traducci\u00f3n\"><span lang=\"fr\">Ils poss\u00e8dent une transparence \u00e9lev\u00e9e, un bon pouvoir d&rsquo;\u00e9galisation, un s\u00e9chage rapide et une r\u00e9sistance \u00e0 la lumi\u00e8re. Vous pouvez vous diluer avec d&rsquo;autres colorants pour obtenir le ton personnalis\u00e9 dont vous avez besoin. Pour diluer les colorants concentr\u00e9s, nous utiliserons un solvant, une \u00e9vaporation moyenne ou lente, de l\u2019eau ou de l\u2019alcool. <\/span><\/p>\n<p class=\"tw-data-text tw-ta tw-text-small\" dir=\"ltr\" data-placeholder=\"Traducci\u00f3n\"><span lang=\"fr\">Nous pouvons m\u00eame les utiliser pour tonifier le caoutchouc.<\/span><\/p>\n<p><a href=\"https:\/\/nitorlack.com\/wp-content\/uploads\/2025\/10\/Etiqueta-de-480050-Tinte-Concentrado-050-Amarillo.jpg\" target=\"_blank\" rel=\"noopener\"><img loading=\"lazy\" decoding=\"async\" class=\"alignnone wp-image-83650\" src=\"https:\/\/nitorlack.com\/wp-content\/uploads\/2025\/10\/Etiqueta-de-480050-Tinte-Concentrado-050-Amarillo-300x270.jpg\" alt=\"\" width=\"202\" height=\"182\" srcset=\"https:\/\/nitorlack.com\/wp-content\/uploads\/2025\/10\/Etiqueta-de-480050-Tinte-Concentrado-050-Amarillo-300x270.jpg 300w, https:\/\/nitorlack.com\/wp-content\/uploads\/2025\/10\/Etiqueta-de-480050-Tinte-Concentrado-050-Amarillo-150x135.jpg 150w, https:\/\/nitorlack.com\/wp-content\/uploads\/2025\/10\/Etiqueta-de-480050-Tinte-Concentrado-050-Amarillo-768x691.jpg 768w, https:\/\/nitorlack.com\/wp-content\/uploads\/2025\/10\/Etiqueta-de-480050-Tinte-Concentrado-050-Amarillo.jpg 784w\" sizes=\"auto, (max-width: 202px) 100vw, 202px\" \/><\/a><\/p>\n","protected":false},"featured_media":72104,"comment_status":"open","ping_status":"closed","template":"","meta":{"om_disable_all_campaigns":false,"site-sidebar-layout":"no-sidebar","site-content-layout":"plain-container","ast-site-content-layout":"normal-width-container","site-content-style":"unboxed","site-sidebar-style":"unboxed","ast-global-header-display":"","ast-banner-title-visibility":"","ast-main-header-display":"","ast-hfb-above-header-display":"","ast-hfb-below-header-display":"","ast-hfb-mobile-header-display":"","site-post-title":"disabled","ast-breadcrumbs-content":"","ast-featured-img":"disabled","footer-sml-layout":"","ast-disable-related-posts":"","theme-transparent-header-meta":"default","adv-header-id-meta":"","stick-header-meta":"default","header-above-stick-meta":"","header-main-stick-meta":"","header-below-stick-meta":"","astra-migrate-meta-layouts":"default","ast-page-background-enabled":"default","ast-page-background-meta":{"desktop":{"background-color":"var(--ast-global-color-4)","background-image":"","background-repeat":"repeat","background-position":"center center","background-size":"auto","background-attachment":"scroll","background-type":"","background-media":"","overlay-type":"","overlay-color":"","overlay-opacity":"","overlay-gradient":""},"tablet":{"background-color":"","background-image":"","background-repeat":"repeat","background-position":"center center","background-size":"auto","background-attachment":"scroll","background-type":"","background-media":"","overlay-type":"","overlay-color":"","overlay-opacity":"","overlay-gradient":""},"mobile":{"background-color":"","background-image":"","background-repeat":"repeat","background-position":"center center","background-size":"auto","background-attachment":"scroll","background-type":"","background-media":"","overlay-type":"","overlay-color":"","overlay-opacity":"","overlay-gradient":""}},"ast-content-background-meta":{"desktop":{"background-color":"var(--ast-global-color-5)","background-image":"","background-repeat":"repeat","background-position":"center center","background-size":"auto","background-attachment":"scroll","background-type":"","background-media":"","overlay-type":"","overlay-color":"","overlay-opacity":"","overlay-gradient":""},"tablet":{"background-color":"var(--ast-global-color-5)","background-image":"","background-repeat":"repeat","background-position":"center center","background-size":"auto","background-attachment":"scroll","background-type":"","background-media":"","overlay-type":"","overlay-color":"","overlay-opacity":"","overlay-gradient":""},"mobile":{"background-color":"var(--ast-global-color-5)","background-image":"","background-repeat":"repeat","background-position":"center center","background-size":"auto","background-attachment":"scroll","background-type":"","background-media":"","overlay-type":"","overlay-color":"","overlay-opacity":"","overlay-gradient":""}}},"product_brand":[],"product_cat":[7355],"product_tag":[],"class_list":{"0":"post-23367","1":"product","2":"type-product","3":"status-publish","4":"has-post-thumbnail","6":"product_cat-classique-flamenco","7":"desktop-align-center","8":"tablet-align-center","9":"mobile-align-center","10":"ast-product-gallery-layout-horizontal-slider","11":"ast-product-tabs-layout-horizontal","13":"first","14":"instock","15":"taxable","16":"shipping-taxable","17":"purchasable","18":"product-type-simple"},"bundled_by":[],"bundle_stock_status":"instock","bundle_stock_quantity":4787,"bundle_virtual":false,"bundle_layout":"","bundle_add_to_cart_form_location":"","bundle_editable_in_cart":false,"bundle_sold_individually_context":"","bundle_item_grouping":"","bundle_min_size":"","bundle_max_size":"","bundle_price":[],"bundled_items":[],"bundle_sell_ids":[],"yoast_head":"<!-- This site is optimized with the Yoast SEO plugin v27.5 - https:\/\/yoast.com\/product\/yoast-seo-wordpress\/ -->\n<title>NITORTINT ORANGE FLAMENCO | Teintures et vernis pour guitare NitorLACK<\/title>\n<meta name=\"description\" content=\"Teinture orange pour guitares flamenco, sp\u00e9ciale pour la teinture du bois, utilisable au pistolet ou au couteau \u00e0 teindre et diluable dans du solvant, de l&#039;eau ou de l&#039;alcool.\" \/>\n<meta name=\"robots\" content=\"index, follow, max-snippet:-1, max-image-preview:large, max-video-preview:-1\" \/>\n<link rel=\"canonical\" href=\"https:\/\/nitorlack.com\/fr\/barniz\/teintures-guitare-electric-fr\/classique-flamenco\/nitortint-orange-flamenco-fr\/\" \/>\n<meta property=\"og:locale\" content=\"fr_FR\" \/>\n<meta property=\"og:type\" content=\"article\" \/>\n<meta property=\"og:title\" content=\"NITORTINT ORANGE FLAMENCO | Teintures et vernis pour guitare NitorLACK\" \/>\n<meta property=\"og:description\" content=\"Teinture orange pour guitares flamenco, sp\u00e9ciale pour la teinture du bois, utilisable au pistolet ou au couteau \u00e0 teindre et diluable dans du solvant, de l&#039;eau ou de l&#039;alcool.\" \/>\n<meta property=\"og:url\" content=\"https:\/\/nitorlack.com\/fr\/barniz\/teintures-guitare-electric-fr\/classique-flamenco\/nitortint-orange-flamenco-fr\/\" \/>\n<meta property=\"og:site_name\" content=\"Nitorlack\" \/>\n<meta property=\"article:modified_time\" content=\"2026-04-24T10:36:26+00:00\" \/>\n<meta property=\"og:image\" content=\"https:\/\/nitorlack.com\/wp-content\/uploads\/2024\/05\/CLASICA-NARANJA-FRONTAL.jpg\" \/>\n\t<meta property=\"og:image:width\" content=\"1200\" \/>\n\t<meta property=\"og:image:height\" content=\"1200\" \/>\n\t<meta property=\"og:image:type\" content=\"image\/jpeg\" \/>\n<meta name=\"twitter:card\" content=\"summary_large_image\" \/>\n<meta name=\"twitter:label1\" content=\"Dur\u00e9e de lecture estim\u00e9e\" \/>\n\t<meta name=\"twitter:data1\" content=\"3 minutes\" \/>\n<script type=\"application\/ld+json\" class=\"yoast-schema-graph\">{\"@context\":\"https:\\\/\\\/schema.org\",\"@graph\":[{\"@type\":\"WebPage\",\"@id\":\"https:\\\/\\\/nitorlack.com\\\/fr\\\/barniz\\\/teintures-guitare-electric-fr\\\/classique-flamenco\\\/nitortint-orange-flamenco-fr\\\/\",\"url\":\"https:\\\/\\\/nitorlack.com\\\/fr\\\/barniz\\\/teintures-guitare-electric-fr\\\/classique-flamenco\\\/nitortint-orange-flamenco-fr\\\/\",\"name\":\"NITORTINT ORANGE FLAMENCO | Teintures et vernis pour guitare NitorLACK\",\"isPartOf\":{\"@id\":\"https:\\\/\\\/nitorlack.com\\\/fr\\\/#website\"},\"primaryImageOfPage\":{\"@id\":\"https:\\\/\\\/nitorlack.com\\\/fr\\\/barniz\\\/teintures-guitare-electric-fr\\\/classique-flamenco\\\/nitortint-orange-flamenco-fr\\\/#primaryimage\"},\"image\":{\"@id\":\"https:\\\/\\\/nitorlack.com\\\/fr\\\/barniz\\\/teintures-guitare-electric-fr\\\/classique-flamenco\\\/nitortint-orange-flamenco-fr\\\/#primaryimage\"},\"thumbnailUrl\":\"https:\\\/\\\/nitorlack.com\\\/wp-content\\\/uploads\\\/2024\\\/05\\\/CLASICA-NARANJA-FRONTAL.jpg\",\"datePublished\":\"2019-03-05T13:24:05+00:00\",\"dateModified\":\"2026-04-24T10:36:26+00:00\",\"description\":\"Teinture orange pour guitares flamenco, sp\u00e9ciale pour la teinture du bois, utilisable au pistolet ou au couteau \u00e0 teindre et diluable dans du solvant, de l'eau ou de l'alcool.\",\"breadcrumb\":{\"@id\":\"https:\\\/\\\/nitorlack.com\\\/fr\\\/barniz\\\/teintures-guitare-electric-fr\\\/classique-flamenco\\\/nitortint-orange-flamenco-fr\\\/#breadcrumb\"},\"inLanguage\":\"fr-FR\",\"potentialAction\":[{\"@type\":\"ReadAction\",\"target\":[\"https:\\\/\\\/nitorlack.com\\\/fr\\\/barniz\\\/teintures-guitare-electric-fr\\\/classique-flamenco\\\/nitortint-orange-flamenco-fr\\\/\"]}]},{\"@type\":\"ImageObject\",\"inLanguage\":\"fr-FR\",\"@id\":\"https:\\\/\\\/nitorlack.com\\\/fr\\\/barniz\\\/teintures-guitare-electric-fr\\\/classique-flamenco\\\/nitortint-orange-flamenco-fr\\\/#primaryimage\",\"url\":\"https:\\\/\\\/nitorlack.com\\\/wp-content\\\/uploads\\\/2024\\\/05\\\/CLASICA-NARANJA-FRONTAL.jpg\",\"contentUrl\":\"https:\\\/\\\/nitorlack.com\\\/wp-content\\\/uploads\\\/2024\\\/05\\\/CLASICA-NARANJA-FRONTAL.jpg\",\"width\":1200,\"height\":1200,\"caption\":\"teinture orange pour guitare\"},{\"@type\":\"BreadcrumbList\",\"@id\":\"https:\\\/\\\/nitorlack.com\\\/fr\\\/barniz\\\/teintures-guitare-electric-fr\\\/classique-flamenco\\\/nitortint-orange-flamenco-fr\\\/#breadcrumb\",\"itemListElement\":[{\"@type\":\"ListItem\",\"position\":1,\"name\":\"Page de Couverture\",\"item\":\"https:\\\/\\\/nitorlack.com\\\/fr\\\/\"},{\"@type\":\"ListItem\",\"position\":2,\"name\":\"Boutique\",\"item\":\"https:\\\/\\\/nitorlack.com\\\/fr\\\/boutique\\\/\"},{\"@type\":\"ListItem\",\"position\":3,\"name\":\"NITORTINT ORANGE FLAMENCO\"}]},{\"@type\":\"WebSite\",\"@id\":\"https:\\\/\\\/nitorlack.com\\\/fr\\\/#website\",\"url\":\"https:\\\/\\\/nitorlack.com\\\/fr\\\/\",\"name\":\"Nitorlack\",\"description\":\"Guitar Lacquers\",\"publisher\":{\"@id\":\"https:\\\/\\\/nitorlack.com\\\/fr\\\/#organization\"},\"potentialAction\":[{\"@type\":\"SearchAction\",\"target\":{\"@type\":\"EntryPoint\",\"urlTemplate\":\"https:\\\/\\\/nitorlack.com\\\/fr\\\/?s={search_term_string}\"},\"query-input\":{\"@type\":\"PropertyValueSpecification\",\"valueRequired\":true,\"valueName\":\"search_term_string\"}}],\"inLanguage\":\"fr-FR\"},{\"@type\":\"Organization\",\"@id\":\"https:\\\/\\\/nitorlack.com\\\/fr\\\/#organization\",\"name\":\"Nitorlack\",\"url\":\"https:\\\/\\\/nitorlack.com\\\/fr\\\/\",\"logo\":{\"@type\":\"ImageObject\",\"inLanguage\":\"fr-FR\",\"@id\":\"https:\\\/\\\/nitorlack.com\\\/fr\\\/#\\\/schema\\\/logo\\\/image\\\/\",\"url\":\"http:\\\/\\\/nitorlack.com\\\/wp-content\\\/uploads\\\/2016\\\/02\\\/cropped-galleta-negra-1.jpg\",\"contentUrl\":\"http:\\\/\\\/nitorlack.com\\\/wp-content\\\/uploads\\\/2016\\\/02\\\/cropped-galleta-negra-1.jpg\",\"width\":512,\"height\":512,\"caption\":\"Nitorlack\"},\"image\":{\"@id\":\"https:\\\/\\\/nitorlack.com\\\/fr\\\/#\\\/schema\\\/logo\\\/image\\\/\"}}]}<\/script>\n<!-- \/ Yoast SEO plugin. -->","yoast_head_json":{"title":"NITORTINT ORANGE FLAMENCO | Teintures et vernis pour guitare NitorLACK","description":"Teinture orange pour guitares flamenco, sp\u00e9ciale pour la teinture du bois, utilisable au pistolet ou au couteau \u00e0 teindre et diluable dans du solvant, de l'eau ou de l'alcool.","robots":{"index":"index","follow":"follow","max-snippet":"max-snippet:-1","max-image-preview":"max-image-preview:large","max-video-preview":"max-video-preview:-1"},"canonical":"https:\/\/nitorlack.com\/fr\/barniz\/teintures-guitare-electric-fr\/classique-flamenco\/nitortint-orange-flamenco-fr\/","og_locale":"fr_FR","og_type":"article","og_title":"NITORTINT ORANGE FLAMENCO | Teintures et vernis pour guitare NitorLACK","og_description":"Teinture orange pour guitares flamenco, sp\u00e9ciale pour la teinture du bois, utilisable au pistolet ou au couteau \u00e0 teindre et diluable dans du solvant, de l'eau ou de l'alcool.","og_url":"https:\/\/nitorlack.com\/fr\/barniz\/teintures-guitare-electric-fr\/classique-flamenco\/nitortint-orange-flamenco-fr\/","og_site_name":"Nitorlack","article_modified_time":"2026-04-24T10:36:26+00:00","og_image":[{"width":1200,"height":1200,"url":"https:\/\/nitorlack.com\/wp-content\/uploads\/2024\/05\/CLASICA-NARANJA-FRONTAL.jpg","type":"image\/jpeg"}],"twitter_card":"summary_large_image","twitter_misc":{"Dur\u00e9e de lecture estim\u00e9e":"3 minutes"},"schema":{"@context":"https:\/\/schema.org","@graph":[{"@type":"WebPage","@id":"https:\/\/nitorlack.com\/fr\/barniz\/teintures-guitare-electric-fr\/classique-flamenco\/nitortint-orange-flamenco-fr\/","url":"https:\/\/nitorlack.com\/fr\/barniz\/teintures-guitare-electric-fr\/classique-flamenco\/nitortint-orange-flamenco-fr\/","name":"NITORTINT ORANGE FLAMENCO | Teintures et vernis pour guitare NitorLACK","isPartOf":{"@id":"https:\/\/nitorlack.com\/fr\/#website"},"primaryImageOfPage":{"@id":"https:\/\/nitorlack.com\/fr\/barniz\/teintures-guitare-electric-fr\/classique-flamenco\/nitortint-orange-flamenco-fr\/#primaryimage"},"image":{"@id":"https:\/\/nitorlack.com\/fr\/barniz\/teintures-guitare-electric-fr\/classique-flamenco\/nitortint-orange-flamenco-fr\/#primaryimage"},"thumbnailUrl":"https:\/\/nitorlack.com\/wp-content\/uploads\/2024\/05\/CLASICA-NARANJA-FRONTAL.jpg","datePublished":"2019-03-05T13:24:05+00:00","dateModified":"2026-04-24T10:36:26+00:00","description":"Teinture orange pour guitares flamenco, sp\u00e9ciale pour la teinture du bois, utilisable au pistolet ou au couteau \u00e0 teindre et diluable dans du solvant, de l'eau ou de l'alcool.","breadcrumb":{"@id":"https:\/\/nitorlack.com\/fr\/barniz\/teintures-guitare-electric-fr\/classique-flamenco\/nitortint-orange-flamenco-fr\/#breadcrumb"},"inLanguage":"fr-FR","potentialAction":[{"@type":"ReadAction","target":["https:\/\/nitorlack.com\/fr\/barniz\/teintures-guitare-electric-fr\/classique-flamenco\/nitortint-orange-flamenco-fr\/"]}]},{"@type":"ImageObject","inLanguage":"fr-FR","@id":"https:\/\/nitorlack.com\/fr\/barniz\/teintures-guitare-electric-fr\/classique-flamenco\/nitortint-orange-flamenco-fr\/#primaryimage","url":"https:\/\/nitorlack.com\/wp-content\/uploads\/2024\/05\/CLASICA-NARANJA-FRONTAL.jpg","contentUrl":"https:\/\/nitorlack.com\/wp-content\/uploads\/2024\/05\/CLASICA-NARANJA-FRONTAL.jpg","width":1200,"height":1200,"caption":"teinture orange pour guitare"},{"@type":"BreadcrumbList","@id":"https:\/\/nitorlack.com\/fr\/barniz\/teintures-guitare-electric-fr\/classique-flamenco\/nitortint-orange-flamenco-fr\/#breadcrumb","itemListElement":[{"@type":"ListItem","position":1,"name":"Page de Couverture","item":"https:\/\/nitorlack.com\/fr\/"},{"@type":"ListItem","position":2,"name":"Boutique","item":"https:\/\/nitorlack.com\/fr\/boutique\/"},{"@type":"ListItem","position":3,"name":"NITORTINT ORANGE FLAMENCO"}]},{"@type":"WebSite","@id":"https:\/\/nitorlack.com\/fr\/#website","url":"https:\/\/nitorlack.com\/fr\/","name":"Nitorlack","description":"Guitar Lacquers","publisher":{"@id":"https:\/\/nitorlack.com\/fr\/#organization"},"potentialAction":[{"@type":"SearchAction","target":{"@type":"EntryPoint","urlTemplate":"https:\/\/nitorlack.com\/fr\/?s={search_term_string}"},"query-input":{"@type":"PropertyValueSpecification","valueRequired":true,"valueName":"search_term_string"}}],"inLanguage":"fr-FR"},{"@type":"Organization","@id":"https:\/\/nitorlack.com\/fr\/#organization","name":"Nitorlack","url":"https:\/\/nitorlack.com\/fr\/","logo":{"@type":"ImageObject","inLanguage":"fr-FR","@id":"https:\/\/nitorlack.com\/fr\/#\/schema\/logo\/image\/","url":"http:\/\/nitorlack.com\/wp-content\/uploads\/2016\/02\/cropped-galleta-negra-1.jpg","contentUrl":"http:\/\/nitorlack.com\/wp-content\/uploads\/2016\/02\/cropped-galleta-negra-1.jpg","width":512,"height":512,"caption":"Nitorlack"},"image":{"@id":"https:\/\/nitorlack.com\/fr\/#\/schema\/logo\/image\/"}}]}},"_links":{"self":[{"href":"https:\/\/nitorlack.com\/fr\/wp-json\/wp\/v2\/product\/23367","targetHints":{"allow":["GET"]}}],"collection":[{"href":"https:\/\/nitorlack.com\/fr\/wp-json\/wp\/v2\/product"}],"about":[{"href":"https:\/\/nitorlack.com\/fr\/wp-json\/wp\/v2\/types\/product"}],"replies":[{"embeddable":true,"href":"https:\/\/nitorlack.com\/fr\/wp-json\/wp\/v2\/comments?post=23367"}],"wp:featuredmedia":[{"embeddable":true,"href":"https:\/\/nitorlack.com\/fr\/wp-json\/wp\/v2\/media\/72104"}],"wp:attachment":[{"href":"https:\/\/nitorlack.com\/fr\/wp-json\/wp\/v2\/media?parent=23367"}],"wp:term":[{"taxonomy":"product_brand","embeddable":true,"href":"https:\/\/nitorlack.com\/fr\/wp-json\/wp\/v2\/product_brand?post=23367"},{"taxonomy":"product_cat","embeddable":true,"href":"https:\/\/nitorlack.com\/fr\/wp-json\/wp\/v2\/product_cat?post=23367"},{"taxonomy":"product_tag","embeddable":true,"href":"https:\/\/nitorlack.com\/fr\/wp-json\/wp\/v2\/product_tag?post=23367"}],"curies":[{"name":"wp","href":"https:\/\/api.w.org\/{rel}","templated":true}]}}