{"id":74051,"date":"2024-08-09T13:19:21","date_gmt":"2024-08-09T11:19:21","guid":{"rendered":"https:\/\/nitorlack.com\/politique-des-medias-sociaux\/"},"modified":"2025-05-19T12:12:50","modified_gmt":"2025-05-19T10:12:50","slug":"politique-des-medias-sociaux","status":"publish","type":"page","link":"https:\/\/nitorlack.com\/fr\/politique-des-medias-sociaux\/","title":{"rendered":"Politique des m\u00e9dias sociaux"},"content":{"rendered":"<div class=\"wpb-content-wrapper\"><p>[vc_row][vc_column][vc_column_text css=\u00a0\u00bb\u00a0\u00bb]<strong>Politique relative aux m\u00e9dias sociaux<\/strong><\/p>\n<ol>\n<li><strong>Identification du responsable du traitement<\/strong><\/li>\n<\/ol>\n<p>&nbsp;<\/p>\n<table width=\"1072\">\n<tbody>\n<tr>\n<td width=\"100\"><strong>Entit\u00e9 :<\/strong><\/td>\n<td width=\"486\"><strong>VALRESA COATINGS, S.A.<\/strong><\/td>\n<td width=\"486\"><\/td>\n<\/tr>\n<tr>\n<td width=\"100\"><strong>CIF\/NIF :<\/strong><\/td>\n<td width=\"486\"><strong>A46030169<\/strong><\/td>\n<td width=\"486\"><\/td>\n<\/tr>\n<tr>\n<td width=\"100\"><strong>Adresse postale :<\/strong><\/td>\n<td width=\"486\"><strong>Avda. dels Gremis, s\/n. 46190, Riba-roja del T\u00faria (Valencia) Espagne.<\/strong><\/td>\n<td width=\"486\"><\/td>\n<\/tr>\n<tr>\n<td width=\"100\"><strong>T\u00e9l\u00e9phone :<\/strong><\/td>\n<td width=\"486\"><strong>(+34) 961669560<\/strong><\/td>\n<td width=\"486\"><\/td>\n<\/tr>\n<tr>\n<td width=\"100\"><strong>Courriel :<\/strong><\/td>\n<td width=\"486\"><strong>valresa@valresa.com<\/strong><\/td>\n<td width=\"486\"><\/td>\n<\/tr>\n<tr>\n<td width=\"100\"><strong>Objet social :<\/strong><\/td>\n<td width=\"486\"><strong>Fabrication et commercialisation de peintures et vernis<\/strong><\/td>\n<td width=\"486\"><\/td>\n<\/tr>\n<tr>\n<td width=\"100\"><strong>Site web :<\/strong><\/td>\n<td width=\"486\"><strong>https:\/\/nitorlack.com\/<\/strong><\/td>\n<td width=\"486\"><\/td>\n<\/tr>\n<tr>\n<td width=\"100\"><strong>Donn\u00e9es d&rsquo;enregistrement :<\/strong><\/td>\n<td width=\"486\"><strong>Registre du Commerce de VALENCIA Tome 3226, Livre 540, Folio 88, Section 8, Feuille V 7601<\/strong><\/td>\n<td width=\"486\">\n<h1><\/h1>\n<\/td>\n<\/tr>\n<\/tbody>\n<\/table>\n<p><\/p>\n<ol start=\"2\">\n<li><strong>Pr\u00e9sence sur les r\u00e9seaux sociaux<\/strong><\/li>\n<\/ol>\n<p>Conform\u00e9ment aux articles 13 \u00e0 24.2 du r\u00e8glement europ\u00e9en 2016\/679 relatif \u00e0 la protection des donn\u00e9es (RGPD) et \u00e0 la loi 34\/2002 sur les services de la soci\u00e9t\u00e9 de l&rsquo;information et le commerce \u00e9lectronique (LSSI-CE), le responsable du traitement informe les utilisateurs qu&rsquo;il a cr\u00e9\u00e9 un profil sur les r\u00e9seaux sociaux (RRSS) suivants :<\/p>\n<ul>\n<li><a href=\"https:\/\/es-es.facebook.com\/nitorlack\/\">Facebook<\/a><\/li>\n<li><a href=\"https:\/\/www.instagram.com\/nitorlack\/?hl=es\">Instagram<\/a><\/li>\n<li><a href=\"https:\/\/www.youtube.com\/channel\/UCF0Oyo44SRnpoCRPVeya3SQ\/featured\">YouTube<\/a><\/li>\n<\/ul>\n<p>dans le but principal de faire conna\u00eetre nos services et de contacter d&rsquo;autres utilisateurs.<\/p>\n<p>Si vous, en tant qu&rsquo;utilisateur, avez un profil sur le m\u00eame r\u00e9seau social que notre entit\u00e9, vous pouvez librement rejoindre la page cr\u00e9\u00e9e par nous, montrant ainsi votre int\u00e9r\u00eat pour les informations que nous publions sur ledit r\u00e9seau.<\/p>\n<p>En vous joignant, vous nous offrez une visibilit\u00e9 de certaines donn\u00e9es personnelles offertes publiquement par vous sur votre profil.<\/p>\n<p>Seulement au cas o\u00f9 vous rejoindriez notre page des r\u00e9seaux sociaux d\u00e9taill\u00e9s, les donn\u00e9es de votre profil seront trait\u00e9es par notre entit\u00e9 uniquement au sein du r\u00e9seau social lui-m\u00eame et en aucun cas elles ne seront trait\u00e9es par nous en dehors de celui-ci sans votre consentement pr\u00e9alable.<\/p>\n<p>En tant qu&rsquo;utilisateur, vous pouvez acc\u00e9der \u00e0 tout moment aux politiques de confidentialit\u00e9 du r\u00e9seau social lui-m\u00eame, ainsi que configurer votre profil pour garantir la confidentialit\u00e9 des donn\u00e9es que vous ne souhaitez pas rendre publiques. Vous pouvez \u00e9galement cesser de nous suivre \u00e0 tout moment.<\/p>\n<ol start=\"3\">\n<li><strong>Publications<\/strong><\/li>\n<\/ol>\n<p>Une fois que vous avez rejoint notre page et si vous le jugez opportun, vous pouvez publier des commentaires, des liens, des images, des photographies ou tout autre type de contenu multim\u00e9dia pris en charge par le r\u00e9seau social, en vous rappelant que, dans tous les cas, vous devez en \u00eatre le titulaire, jouir des droits d&rsquo;auteur et de propri\u00e9t\u00e9 intellectuelle ou avoir le consentement des tiers concern\u00e9s.<\/p>\n<p>Toute publication sur la page, qu&rsquo;il s&rsquo;agisse de textes, de graphiques, de photographies, de vid\u00e9os, etc., li\u00e9e \u00e0 des mineurs, ceux qui portent atteinte ou sont susceptibles de porter atteinte \u00e0 l&rsquo;honneur, \u00e0 la morale, \u00e0 l&rsquo;\u00e9thique, au bon go\u00fbt, \u00e0 la biens\u00e9ance et\/ou qui enfreignent, violent ou enfreignent les droits de propri\u00e9t\u00e9 intellectuelle ou industrielle, le droit \u00e0 l&rsquo;image ou tout autre qui va \u00e0 l&rsquo;encontre de la loi, est express\u00e9ment interdite. Dans ces cas, notre entit\u00e9 se r\u00e9serve le droit de retirer imm\u00e9diatement le contenu, pouvant demander le blocage permanent de l&rsquo;utilisateur.<\/p>\n<p>Notre entit\u00e9 ne sera pas responsable du contenu qu&rsquo;un utilisateur a librement publi\u00e9. L&rsquo;utilisateur doit garder \u00e0 l&rsquo;esprit que ses publications seront connues par d&rsquo;autres utilisateurs, il sera donc seul responsable de ses publications et de sa vie priv\u00e9e.<\/p>\n<ol start=\"4\">\n<li><strong>Publicit\u00e9<\/strong><\/li>\n<\/ol>\n<p>Notre entit\u00e9 pourra utiliser le r\u00e9seau social pour faire de la publicit\u00e9, en tout cas, en respectant les exigences de la r\u00e9glementation en vigueur applicable \u00e0 la protection des donn\u00e9es et de la LSSI-CE.<\/p>\n<p>Le fait de recommander nos pages \u00e0 d&rsquo;autres utilisateurs afin qu&rsquo;eux aussi puissent profiter des promotions ou \u00eatre inform\u00e9s des \u00e9v\u00e9nements ou des activit\u00e9s de notre entit\u00e9 ne sera pas consid\u00e9r\u00e9 comme de la publicit\u00e9.<\/p>\n<ol start=\"5\">\n<li><strong>Concours et promotions<\/strong><\/li>\n<\/ol>\n<p>Notre entit\u00e9 se r\u00e9serve le droit d&rsquo;organiser des concours et des promotions, auxquels pourront participer les utilisateurs qui le souhaitent et qui sont li\u00e9s \u00e0 notre page. Les bases de chacun d&rsquo;eux, lorsque la plateforme du r\u00e9seau social est utilis\u00e9e \u00e0 cette fin, seront publi\u00e9es sur celle-ci, en se conformant toujours \u00e0 la loi ou \u00e0 la norme qui lui est applicable.<\/p>\n<p>Le r\u00e9seau social ne parraine, ne cautionne ni n&rsquo;administre en aucune mani\u00e8re nos promotions, et n&rsquo;est associ\u00e9 \u00e0 aucune d&rsquo;elles.<\/p>\n<p>&nbsp;<\/p>\n<ol start=\"6\">\n<li><strong>Donn\u00e9es personnelles<\/strong><\/li>\n<\/ol>\n<p>Notre entit\u00e9 en tant que responsable du traitement, r\u00e9alisera les actions suivantes :<\/p>\n<ul>\n<li>Acc\u00e8s aux informations publiques du profil de l&rsquo;utilisateur.<\/li>\n<li>R\u00e9pondre aux demandes des utilisateurs.<\/li>\n<li>Envoi de messages individuels \u00e0 l&rsquo;utilisateur par le biais des canaux du r\u00e9seau social.<\/li>\n<li>Publication sur le profil de l&rsquo;utilisateur d&rsquo;informations li\u00e9es \u00e0 notre entit\u00e9.<\/li>\n<li>Mises \u00e0 jour du statut de la page qui seront publi\u00e9es sur le profil de l&rsquo;utilisateur<\/li>\n<\/ul>\n<p>L&rsquo;utilisateur peut cesser de suivre notre entit\u00e9 sur les r\u00e9seaux sociaux \u00e0 tout moment, contr\u00f4ler ses connexions, supprimer les contenus qui cessent de l&rsquo;int\u00e9resser et restreindre les personnes avec lesquelles il partage ses connexions, pour cela, il doit acc\u00e9der \u00e0 ses param\u00e8tres de confidentialit\u00e9.<\/p>\n<p>Ci-dessous, nous d\u00e9taillons les liens vers la politique de confidentialit\u00e9 des diff\u00e9rents r\u00e9seaux sociaux :<\/p>\n<p>Facebook : <a href=\"https:\/\/www.facebook.com\/help\/323540651073243\/\">https:\/\/www.facebook.com\/help\/323540651073243\/<\/a><\/p>\n<p>Twitter : <a href=\"https:\/\/twitter.com\/privacy\">https:\/\/twitter.com\/privacy<\/a><\/p>\n<p>Instagram : <a href=\"https:\/\/es-la.facebook.com\/help\/instagram\/155833707900388\/\">https:\/\/es-la.facebook.com\/help\/instagram\/155833707900388\/ <\/a><\/p>\n<p>YouTube : <a href=\"https:\/\/www.youtube.com\/intl\/es\/about\/policies\/#community-guidelines\">https:\/\/www.youtube.com\/intl\/es\/about\/policies\/#community-guidelines<\/a><\/p>\n<p>LinkedIn : <a href=\"https:\/\/www.linkedin.com\/legal\/privacy-policy?_l=es_ES\">https:\/\/www.linkedin.com\/legal\/privacy-policy?_l=es_ES<\/a><\/p>\n<p>Vimeo : <a href=\"https:\/\/vimeo.com\/privacy\">https:\/\/vimeo.com\/privacy<\/a><\/p>\n<p>Pinterest : <a href=\"https:\/\/policy.pinterest.com\/es\/privacy-policy\">https:\/\/policy.pinterest.com\/es\/privacy-policy<\/a><\/p>\n<p>Tik Tok : <a href=\"https:\/\/www.tiktok.com\/legal\/page\/eea\/privacy-policy\/es\">https:\/\/www.tiktok.com\/legal\/page\/eea\/privacy-policy\/es<\/a><\/p>\n<ol start=\"7\">\n<li><strong>Vos droits<\/strong><\/li>\n<\/ol>\n<p>Vous avez le droit de savoir si notre entit\u00e9 traite vos donn\u00e9es personnelles ; par cons\u00e9quent, vous avez le droit d&rsquo;acc\u00e9der \u00e0 vos donn\u00e9es, de les rectifier si elles sont inexactes ou de demander leur suppression lorsque les donn\u00e9es ne sont plus n\u00e9cessaires, dans la mesure o\u00f9 cela est l\u00e9galement possible.<\/p>\n<p>Vous pouvez \u00e9galement exercer votre droit d&rsquo;opposition, de limitation ou de portabilit\u00e9 si vous le jugez appropri\u00e9, vous pouvez m\u00eame r\u00e9voquer votre consentement et pour exercer vos droits, vous devez le faire par \u00e9crit \u00e0 <a href=\"mailto:valresa@valresa.com\">valresa@valresa.com<\/a> . Si vous agissez au nom d&rsquo;une autre personne, vous devez prouver cette repr\u00e9sentation.<\/p>\n<p>Si vous souhaitez transmettre une suggestion ou une question concernant le traitement de vos donn\u00e9es personnelles, vous pouvez contacter nos consultants en protection des donn\u00e9es :<\/p>\n<p>BUSINESS ADAPTER, S.L.<\/p>\n<p>Ronda Guglielmo Marconi, 11, 26, (Parque Tecnol\u00f3gico) 46980 Paterna (Valencia).<\/p>\n<p><a href=\"https:\/\/www.businessadapter.es\/contacta-con-el-delegado-de-proteccion-de-datos\">Formulaire de prise en charge de l&rsquo;int\u00e9ress\u00e9<\/a><\/p>\n<p>Nous vous informons que vous avez le droit de d\u00e9poser une r\u00e9clamation aupr\u00e8s de l&rsquo;Agence espagnole de protection des donn\u00e9es \u00e0 l&rsquo;adresse suivante : C\/ Jorge Juan, 6, 28001 Madrid ou sur <a href=\"http:\/\/www.aepd.es\">www.aepd.es<\/a>.<\/p>\n<p>Pour plus d&rsquo;informations sur le traitement des donn\u00e9es personnelles, vous pouvez consulter notre <a href=\"https:\/\/nitorlack.com\/fr\/confidentialite\/\">Politique de confidentialit\u00e9.<\/a><\/p>\n<ol start=\"8\">\n<li><strong>Mise \u00e0 jour de cette politique<\/strong><\/li>\n<\/ol>\n<p>Notre entit\u00e9 se r\u00e9serve le droit de modifier cette politique sans pr\u00e9avis. C&rsquo;est pourquoi nous vous recommandons de la consulter chaque fois que vous visitez notre site web.<\/p>\n<p>Actualis\u00e9 le 15 mai 2025.[\/vc_column_text][\/vc_column][\/vc_row]<\/p>\n<\/div>","protected":false},"excerpt":{"rendered":"<p>[vc_row][vc_column][vc_column_text css=\u00a0\u00bb\u00a0\u00bb]Politique relative aux m\u00e9dias sociaux Identification du responsable du traitement &nbsp; Entit\u00e9 [&hellip;]<\/p>\n","protected":false},"author":1,"featured_media":0,"parent":0,"menu_order":0,"comment_status":"closed","ping_status":"closed","template":"","meta":{"om_disable_all_campaigns":false,"site-sidebar-layout":"no-sidebar","site-content-layout":"plain-container","ast-site-content-layout":"default","site-content-style":"default","site-sidebar-style":"default","ast-global-header-display":"","ast-banner-title-visibility":"","ast-main-header-display":"","ast-hfb-above-header-display":"","ast-hfb-below-header-display":"","ast-hfb-mobile-header-display":"","site-post-title":"disabled","ast-breadcrumbs-content":"","ast-featured-img":"disabled","footer-sml-layout":"","ast-disable-related-posts":"","theme-transparent-header-meta":"default","adv-header-id-meta":"","stick-header-meta":"default","header-above-stick-meta":"","header-main-stick-meta":"","header-below-stick-meta":"","astra-migrate-meta-layouts":"default","ast-page-background-enabled":"default","ast-page-background-meta":{"desktop":{"background-color":"var(--ast-global-color-4)","background-image":"","background-repeat":"repeat","background-position":"center center","background-size":"auto","background-attachment":"scroll","background-type":"","background-media":"","overlay-type":"","overlay-color":"","overlay-opacity":"","overlay-gradient":""},"tablet":{"background-color":"","background-image":"","background-repeat":"repeat","background-position":"center center","background-size":"auto","background-attachment":"scroll","background-type":"","background-media":"","overlay-type":"","overlay-color":"","overlay-opacity":"","overlay-gradient":""},"mobile":{"background-color":"","background-image":"","background-repeat":"repeat","background-position":"center center","background-size":"auto","background-attachment":"scroll","background-type":"","background-media":"","overlay-type":"","overlay-color":"","overlay-opacity":"","overlay-gradient":""}},"ast-content-background-meta":{"desktop":{"background-color":"var(--ast-global-color-5)","background-image":"","background-repeat":"repeat","background-position":"center center","background-size":"auto","background-attachment":"scroll","background-type":"","background-media":"","overlay-type":"","overlay-color":"","overlay-opacity":"","overlay-gradient":""},"tablet":{"background-color":"var(--ast-global-color-5)","background-image":"","background-repeat":"repeat","background-position":"center center","background-size":"auto","background-attachment":"scroll","background-type":"","background-media":"","overlay-type":"","overlay-color":"","overlay-opacity":"","overlay-gradient":""},"mobile":{"background-color":"var(--ast-global-color-5)","background-image":"","background-repeat":"repeat","background-position":"center center","background-size":"auto","background-attachment":"scroll","background-type":"","background-media":"","overlay-type":"","overlay-color":"","overlay-opacity":"","overlay-gradient":""}},"footnotes":""},"class_list":["post-74051","page","type-page","status-publish","hentry"],"yoast_head":"<!-- This site is optimized with the Yoast SEO plugin v27.3 - https:\/\/yoast.com\/product\/yoast-seo-wordpress\/ -->\n<title>Politique des m\u00e9dias sociaux | NitorLACK<\/title>\n<meta name=\"description\" content=\"Nitorlack Politique des m\u00e9dias sociaux\" \/>\n<meta name=\"robots\" content=\"noindex, nofollow\" \/>\n<meta property=\"og:locale\" content=\"fr_FR\" \/>\n<meta property=\"og:type\" content=\"article\" \/>\n<meta property=\"og:title\" content=\"Politique des m\u00e9dias sociaux | NitorLACK\" \/>\n<meta property=\"og:description\" content=\"Nitorlack Politique des m\u00e9dias sociaux\" \/>\n<meta property=\"og:url\" content=\"https:\/\/nitorlack.com\/fr\/politique-des-medias-sociaux\/\" \/>\n<meta property=\"og:site_name\" content=\"Nitorlack\" \/>\n<meta property=\"article:modified_time\" content=\"2025-05-19T10:12:50+00:00\" \/>\n<meta name=\"twitter:card\" content=\"summary_large_image\" \/>\n<meta name=\"twitter:label1\" content=\"Dur\u00e9e de lecture estim\u00e9e\" \/>\n\t<meta name=\"twitter:data1\" content=\"6 minutes\" \/>\n<script type=\"application\/ld+json\" class=\"yoast-schema-graph\">{\"@context\":\"https:\\\/\\\/schema.org\",\"@graph\":[{\"@type\":\"WebPage\",\"@id\":\"https:\\\/\\\/nitorlack.com\\\/fr\\\/politique-des-medias-sociaux\\\/\",\"url\":\"https:\\\/\\\/nitorlack.com\\\/fr\\\/politique-des-medias-sociaux\\\/\",\"name\":\"Politique des m\u00e9dias sociaux | NitorLACK\",\"isPartOf\":{\"@id\":\"https:\\\/\\\/nitorlack.com\\\/fr\\\/#website\"},\"datePublished\":\"2024-08-09T11:19:21+00:00\",\"dateModified\":\"2025-05-19T10:12:50+00:00\",\"description\":\"Nitorlack Politique des m\u00e9dias sociaux\",\"breadcrumb\":{\"@id\":\"https:\\\/\\\/nitorlack.com\\\/fr\\\/politique-des-medias-sociaux\\\/#breadcrumb\"},\"inLanguage\":\"fr-FR\",\"potentialAction\":[{\"@type\":\"ReadAction\",\"target\":[\"https:\\\/\\\/nitorlack.com\\\/fr\\\/politique-des-medias-sociaux\\\/\"]}]},{\"@type\":\"BreadcrumbList\",\"@id\":\"https:\\\/\\\/nitorlack.com\\\/fr\\\/politique-des-medias-sociaux\\\/#breadcrumb\",\"itemListElement\":[{\"@type\":\"ListItem\",\"position\":1,\"name\":\"Page de Couverture\",\"item\":\"https:\\\/\\\/nitorlack.com\\\/fr\\\/\"},{\"@type\":\"ListItem\",\"position\":2,\"name\":\"Politique des m\u00e9dias sociaux\"}]},{\"@type\":\"WebSite\",\"@id\":\"https:\\\/\\\/nitorlack.com\\\/fr\\\/#website\",\"url\":\"https:\\\/\\\/nitorlack.com\\\/fr\\\/\",\"name\":\"Nitorlack\",\"description\":\"Guitar Lacquers\",\"publisher\":{\"@id\":\"https:\\\/\\\/nitorlack.com\\\/fr\\\/#organization\"},\"potentialAction\":[{\"@type\":\"SearchAction\",\"target\":{\"@type\":\"EntryPoint\",\"urlTemplate\":\"https:\\\/\\\/nitorlack.com\\\/fr\\\/?s={search_term_string}\"},\"query-input\":{\"@type\":\"PropertyValueSpecification\",\"valueRequired\":true,\"valueName\":\"search_term_string\"}}],\"inLanguage\":\"fr-FR\"},{\"@type\":\"Organization\",\"@id\":\"https:\\\/\\\/nitorlack.com\\\/fr\\\/#organization\",\"name\":\"Nitorlack\",\"url\":\"https:\\\/\\\/nitorlack.com\\\/fr\\\/\",\"logo\":{\"@type\":\"ImageObject\",\"inLanguage\":\"fr-FR\",\"@id\":\"https:\\\/\\\/nitorlack.com\\\/fr\\\/#\\\/schema\\\/logo\\\/image\\\/\",\"url\":\"http:\\\/\\\/nitorlack.com\\\/wp-content\\\/uploads\\\/2016\\\/02\\\/cropped-galleta-negra-1.jpg\",\"contentUrl\":\"http:\\\/\\\/nitorlack.com\\\/wp-content\\\/uploads\\\/2016\\\/02\\\/cropped-galleta-negra-1.jpg\",\"width\":512,\"height\":512,\"caption\":\"Nitorlack\"},\"image\":{\"@id\":\"https:\\\/\\\/nitorlack.com\\\/fr\\\/#\\\/schema\\\/logo\\\/image\\\/\"}}]}<\/script>\n<!-- \/ Yoast SEO plugin. -->","yoast_head_json":{"title":"Politique des m\u00e9dias sociaux | NitorLACK","description":"Nitorlack Politique des m\u00e9dias sociaux","robots":{"index":"noindex","follow":"nofollow"},"og_locale":"fr_FR","og_type":"article","og_title":"Politique des m\u00e9dias sociaux | NitorLACK","og_description":"Nitorlack Politique des m\u00e9dias sociaux","og_url":"https:\/\/nitorlack.com\/fr\/politique-des-medias-sociaux\/","og_site_name":"Nitorlack","article_modified_time":"2025-05-19T10:12:50+00:00","twitter_card":"summary_large_image","twitter_misc":{"Dur\u00e9e de lecture estim\u00e9e":"6 minutes"},"schema":{"@context":"https:\/\/schema.org","@graph":[{"@type":"WebPage","@id":"https:\/\/nitorlack.com\/fr\/politique-des-medias-sociaux\/","url":"https:\/\/nitorlack.com\/fr\/politique-des-medias-sociaux\/","name":"Politique des m\u00e9dias sociaux | NitorLACK","isPartOf":{"@id":"https:\/\/nitorlack.com\/fr\/#website"},"datePublished":"2024-08-09T11:19:21+00:00","dateModified":"2025-05-19T10:12:50+00:00","description":"Nitorlack Politique des m\u00e9dias sociaux","breadcrumb":{"@id":"https:\/\/nitorlack.com\/fr\/politique-des-medias-sociaux\/#breadcrumb"},"inLanguage":"fr-FR","potentialAction":[{"@type":"ReadAction","target":["https:\/\/nitorlack.com\/fr\/politique-des-medias-sociaux\/"]}]},{"@type":"BreadcrumbList","@id":"https:\/\/nitorlack.com\/fr\/politique-des-medias-sociaux\/#breadcrumb","itemListElement":[{"@type":"ListItem","position":1,"name":"Page de Couverture","item":"https:\/\/nitorlack.com\/fr\/"},{"@type":"ListItem","position":2,"name":"Politique des m\u00e9dias sociaux"}]},{"@type":"WebSite","@id":"https:\/\/nitorlack.com\/fr\/#website","url":"https:\/\/nitorlack.com\/fr\/","name":"Nitorlack","description":"Guitar Lacquers","publisher":{"@id":"https:\/\/nitorlack.com\/fr\/#organization"},"potentialAction":[{"@type":"SearchAction","target":{"@type":"EntryPoint","urlTemplate":"https:\/\/nitorlack.com\/fr\/?s={search_term_string}"},"query-input":{"@type":"PropertyValueSpecification","valueRequired":true,"valueName":"search_term_string"}}],"inLanguage":"fr-FR"},{"@type":"Organization","@id":"https:\/\/nitorlack.com\/fr\/#organization","name":"Nitorlack","url":"https:\/\/nitorlack.com\/fr\/","logo":{"@type":"ImageObject","inLanguage":"fr-FR","@id":"https:\/\/nitorlack.com\/fr\/#\/schema\/logo\/image\/","url":"http:\/\/nitorlack.com\/wp-content\/uploads\/2016\/02\/cropped-galleta-negra-1.jpg","contentUrl":"http:\/\/nitorlack.com\/wp-content\/uploads\/2016\/02\/cropped-galleta-negra-1.jpg","width":512,"height":512,"caption":"Nitorlack"},"image":{"@id":"https:\/\/nitorlack.com\/fr\/#\/schema\/logo\/image\/"}}]}},"_links":{"self":[{"href":"https:\/\/nitorlack.com\/fr\/wp-json\/wp\/v2\/pages\/74051","targetHints":{"allow":["GET"]}}],"collection":[{"href":"https:\/\/nitorlack.com\/fr\/wp-json\/wp\/v2\/pages"}],"about":[{"href":"https:\/\/nitorlack.com\/fr\/wp-json\/wp\/v2\/types\/page"}],"author":[{"embeddable":true,"href":"https:\/\/nitorlack.com\/fr\/wp-json\/wp\/v2\/users\/1"}],"replies":[{"embeddable":true,"href":"https:\/\/nitorlack.com\/fr\/wp-json\/wp\/v2\/comments?post=74051"}],"version-history":[{"count":5,"href":"https:\/\/nitorlack.com\/fr\/wp-json\/wp\/v2\/pages\/74051\/revisions"}],"predecessor-version":[{"id":80701,"href":"https:\/\/nitorlack.com\/fr\/wp-json\/wp\/v2\/pages\/74051\/revisions\/80701"}],"wp:attachment":[{"href":"https:\/\/nitorlack.com\/fr\/wp-json\/wp\/v2\/media?parent=74051"}],"curies":[{"name":"wp","href":"https:\/\/api.w.org\/{rel}","templated":true}]}}