{"id":61618,"date":"2022-10-03T11:25:55","date_gmt":"2022-10-03T09:25:55","guid":{"rendered":"https:\/\/nitorlack.com\/nitorlack-pro\/"},"modified":"2022-10-03T11:25:56","modified_gmt":"2022-10-03T09:25:56","slug":"nitorlack-pro","status":"publish","type":"page","link":"https:\/\/nitorlack.com\/fr\/nitorlack-pro\/","title":{"rendered":"Nitorlack PRO"},"content":{"rendered":"<h2>Bienvenue dans votre espace pro<\/h2>\n<h4>La section dont les constructeurs professionnels ont besoin<\/h4>\n<p>\t\t\t<a href=\"#contacto2\" role=\"button\"><br \/>\n\t\t\t\t\t\tPlus d&rsquo;informations<br \/>\n\t\t\t\t\t<\/a><\/p>\n<h2>nitorlack pro<\/h2>\n<h2>Vous \u00eates un fabricant de guitares industrielles ?<\/h2>\n<h2>Produits et prix industriels<\/h2>\n<p>Chez Nitorlack, nous connaissons les besoins des principaux fabricants de guitares, c&rsquo;est pourquoi nous proposons des produits de qualit\u00e9 \u00e0 des prix comp\u00e9titifs.<\/p>\n<p>Nous nous adaptons toujours aux besoins du client.<\/p>\n<h2>Processus de mise en \u0153uvre d\u00e9taill\u00e9s<\/h2>\n<p>Avec plus de 60 ans de fabrication de rev\u00eatements pour le bois, et 10 ans de sp\u00e9cialisation dans les guitares, nous connaissons parfaitement les besoins des principaux fabricants de guitares, c&rsquo;est pourquoi nous proposons des processus d&rsquo;application ainsi que des \u00e9chantillons de diff\u00e9rents processus<\/p>\n<h2>nitorlack pro<\/h2>\n<h2>\u00cates-vous un luthier professionnel ?<\/h2>\n<h2>B\u00e9n\u00e9ficiez de remises exclusives pour les luthiers professionnels<\/h2>\n<p>Nous offrons des remises au niveau du compte pour l&rsquo;ensemble de notre gamme de produits.<\/p>\n<h2>De professionnel \u00e0 professionnel<\/h2>\n<p>Inscrivez-vous sur le formulaire et nous vous contacterons pour vous inscrire en tant que professionnel.<\/p>\n<p>Vous recevrez \u00e9galement des conseils personnalis\u00e9s de nos sp\u00e9cialistes.<\/p>\n<h3>Contactez-nous et nous vous ferons une proposition personnalis\u00e9e.<\/h3>\n<h3>\n\t\t\t\t\t\tEmplacement :<br \/>\n\t\t\t\t<\/h3>\n<p>\n\t\t\t\t\t\tValencia, Espa\u00f1a\n\t\t\t\t\t<\/p>\n<h3>\n\t\t\t\t\t\tEmail:<br \/>\n\t\t\t\t<\/h3>\n<p>\n\t\t\t\t\t\tnitorlack@nitorlack.com\n\t\t\t\t\t<\/p>\n<h3>\n\t\t\t\t\t\tT\u00e9l\u00e9phone :<br \/>\n\t\t\t\t<\/h3>\n<p>\n\t\t\t\t\t\t+ 34 663 96 16 54\t\t\t\t\t<\/p>\n<p>\t\t\t<a href=\"https:\/\/nitorlack.com\/fr\/contact\/\" role=\"button\"><br \/>\n\t\t\t\t\t\tContact avec nous<br \/>\n\t\t\t\t\t<\/a><\/p>\n","protected":false},"excerpt":{"rendered":"<p>Bienvenue dans votre espace pro La section dont les constructeurs professionnels ont besoin [&hellip;]<\/p>\n","protected":false},"author":33274,"featured_media":0,"parent":0,"menu_order":0,"comment_status":"closed","ping_status":"closed","template":"","meta":{"om_disable_all_campaigns":false,"site-sidebar-layout":"no-sidebar","site-content-layout":"page-builder","ast-site-content-layout":"default","site-content-style":"default","site-sidebar-style":"default","ast-global-header-display":"","ast-banner-title-visibility":"","ast-main-header-display":"","ast-hfb-above-header-display":"","ast-hfb-below-header-display":"","ast-hfb-mobile-header-display":"","site-post-title":"disabled","ast-breadcrumbs-content":"","ast-featured-img":"disabled","footer-sml-layout":"","ast-disable-related-posts":"","theme-transparent-header-meta":"","adv-header-id-meta":"","stick-header-meta":"","header-above-stick-meta":"","header-main-stick-meta":"","header-below-stick-meta":"","astra-migrate-meta-layouts":"default","ast-page-background-enabled":"default","ast-page-background-meta":{"desktop":{"background-color":"var(--ast-global-color-4)","background-image":"","background-repeat":"repeat","background-position":"center center","background-size":"auto","background-attachment":"scroll","background-type":"","background-media":"","overlay-type":"","overlay-color":"","overlay-opacity":"","overlay-gradient":""},"tablet":{"background-color":"","background-image":"","background-repeat":"repeat","background-position":"center center","background-size":"auto","background-attachment":"scroll","background-type":"","background-media":"","overlay-type":"","overlay-color":"","overlay-opacity":"","overlay-gradient":""},"mobile":{"background-color":"","background-image":"","background-repeat":"repeat","background-position":"center center","background-size":"auto","background-attachment":"scroll","background-type":"","background-media":"","overlay-type":"","overlay-color":"","overlay-opacity":"","overlay-gradient":""}},"ast-content-background-meta":{"desktop":{"background-color":"var(--ast-global-color-5)","background-image":"","background-repeat":"repeat","background-position":"center center","background-size":"auto","background-attachment":"scroll","background-type":"","background-media":"","overlay-type":"","overlay-color":"","overlay-opacity":"","overlay-gradient":""},"tablet":{"background-color":"var(--ast-global-color-5)","background-image":"","background-repeat":"repeat","background-position":"center center","background-size":"auto","background-attachment":"scroll","background-type":"","background-media":"","overlay-type":"","overlay-color":"","overlay-opacity":"","overlay-gradient":""},"mobile":{"background-color":"var(--ast-global-color-5)","background-image":"","background-repeat":"repeat","background-position":"center center","background-size":"auto","background-attachment":"scroll","background-type":"","background-media":"","overlay-type":"","overlay-color":"","overlay-opacity":"","overlay-gradient":""}},"footnotes":""},"class_list":["post-61618","page","type-page","status-publish","hentry"],"yoast_head":"<!-- This site is optimized with the Yoast SEO plugin v27.5 - https:\/\/yoast.com\/product\/yoast-seo-wordpress\/ -->\n<title>Nitorlack PRO<\/title>\n<meta name=\"description\" content=\"Bienvenue dans l&#039;espace professionnel de Nitorlack, o\u00f9 nous voulons r\u00e9pondre aux besoins de tous nos clients. D\u00e9couvrez tous les avantages pour les professionnels.\" \/>\n<meta name=\"robots\" content=\"index, follow, max-snippet:-1, max-image-preview:large, max-video-preview:-1\" \/>\n<link rel=\"canonical\" href=\"https:\/\/nitorlack.com\/fr\/nitorlack-pro\/\" \/>\n<meta property=\"og:locale\" content=\"fr_FR\" \/>\n<meta property=\"og:type\" content=\"article\" \/>\n<meta property=\"og:title\" content=\"Nitorlack PRO\" \/>\n<meta property=\"og:description\" content=\"Bienvenue dans l&#039;espace professionnel de Nitorlack, o\u00f9 nous voulons r\u00e9pondre aux besoins de tous nos clients. D\u00e9couvrez tous les avantages pour les professionnels.\" \/>\n<meta property=\"og:url\" content=\"https:\/\/nitorlack.com\/fr\/nitorlack-pro\/\" \/>\n<meta property=\"og:site_name\" content=\"Nitorlack\" \/>\n<meta property=\"article:modified_time\" content=\"2022-10-03T09:25:56+00:00\" \/>\n<meta name=\"twitter:card\" content=\"summary_large_image\" \/>\n<meta name=\"twitter:label1\" content=\"Dur\u00e9e de lecture estim\u00e9e\" \/>\n\t<meta name=\"twitter:data1\" content=\"1 minute\" \/>\n<script type=\"application\/ld+json\" class=\"yoast-schema-graph\">{\"@context\":\"https:\\\/\\\/schema.org\",\"@graph\":[{\"@type\":\"WebPage\",\"@id\":\"https:\\\/\\\/nitorlack.com\\\/fr\\\/nitorlack-pro\\\/\",\"url\":\"https:\\\/\\\/nitorlack.com\\\/fr\\\/nitorlack-pro\\\/\",\"name\":\"Nitorlack PRO\",\"isPartOf\":{\"@id\":\"https:\\\/\\\/nitorlack.com\\\/fr\\\/#website\"},\"datePublished\":\"2022-10-03T09:25:55+00:00\",\"dateModified\":\"2022-10-03T09:25:56+00:00\",\"description\":\"Bienvenue dans l'espace professionnel de Nitorlack, o\u00f9 nous voulons r\u00e9pondre aux besoins de tous nos clients. D\u00e9couvrez tous les avantages pour les professionnels.\",\"breadcrumb\":{\"@id\":\"https:\\\/\\\/nitorlack.com\\\/fr\\\/nitorlack-pro\\\/#breadcrumb\"},\"inLanguage\":\"fr-FR\",\"potentialAction\":[{\"@type\":\"ReadAction\",\"target\":[\"https:\\\/\\\/nitorlack.com\\\/fr\\\/nitorlack-pro\\\/\"]}]},{\"@type\":\"BreadcrumbList\",\"@id\":\"https:\\\/\\\/nitorlack.com\\\/fr\\\/nitorlack-pro\\\/#breadcrumb\",\"itemListElement\":[{\"@type\":\"ListItem\",\"position\":1,\"name\":\"Page de Couverture\",\"item\":\"https:\\\/\\\/nitorlack.com\\\/fr\\\/\"},{\"@type\":\"ListItem\",\"position\":2,\"name\":\"Nitorlack PRO\"}]},{\"@type\":\"WebSite\",\"@id\":\"https:\\\/\\\/nitorlack.com\\\/fr\\\/#website\",\"url\":\"https:\\\/\\\/nitorlack.com\\\/fr\\\/\",\"name\":\"Nitorlack\",\"description\":\"Guitar Lacquers\",\"publisher\":{\"@id\":\"https:\\\/\\\/nitorlack.com\\\/fr\\\/#organization\"},\"potentialAction\":[{\"@type\":\"SearchAction\",\"target\":{\"@type\":\"EntryPoint\",\"urlTemplate\":\"https:\\\/\\\/nitorlack.com\\\/fr\\\/?s={search_term_string}\"},\"query-input\":{\"@type\":\"PropertyValueSpecification\",\"valueRequired\":true,\"valueName\":\"search_term_string\"}}],\"inLanguage\":\"fr-FR\"},{\"@type\":\"Organization\",\"@id\":\"https:\\\/\\\/nitorlack.com\\\/fr\\\/#organization\",\"name\":\"Nitorlack\",\"url\":\"https:\\\/\\\/nitorlack.com\\\/fr\\\/\",\"logo\":{\"@type\":\"ImageObject\",\"inLanguage\":\"fr-FR\",\"@id\":\"https:\\\/\\\/nitorlack.com\\\/fr\\\/#\\\/schema\\\/logo\\\/image\\\/\",\"url\":\"http:\\\/\\\/nitorlack.com\\\/wp-content\\\/uploads\\\/2016\\\/02\\\/cropped-galleta-negra-1.jpg\",\"contentUrl\":\"http:\\\/\\\/nitorlack.com\\\/wp-content\\\/uploads\\\/2016\\\/02\\\/cropped-galleta-negra-1.jpg\",\"width\":512,\"height\":512,\"caption\":\"Nitorlack\"},\"image\":{\"@id\":\"https:\\\/\\\/nitorlack.com\\\/fr\\\/#\\\/schema\\\/logo\\\/image\\\/\"}}]}<\/script>\n<!-- \/ Yoast SEO plugin. -->","yoast_head_json":{"title":"Nitorlack PRO","description":"Bienvenue dans l'espace professionnel de Nitorlack, o\u00f9 nous voulons r\u00e9pondre aux besoins de tous nos clients. D\u00e9couvrez tous les avantages pour les professionnels.","robots":{"index":"index","follow":"follow","max-snippet":"max-snippet:-1","max-image-preview":"max-image-preview:large","max-video-preview":"max-video-preview:-1"},"canonical":"https:\/\/nitorlack.com\/fr\/nitorlack-pro\/","og_locale":"fr_FR","og_type":"article","og_title":"Nitorlack PRO","og_description":"Bienvenue dans l'espace professionnel de Nitorlack, o\u00f9 nous voulons r\u00e9pondre aux besoins de tous nos clients. D\u00e9couvrez tous les avantages pour les professionnels.","og_url":"https:\/\/nitorlack.com\/fr\/nitorlack-pro\/","og_site_name":"Nitorlack","article_modified_time":"2022-10-03T09:25:56+00:00","twitter_card":"summary_large_image","twitter_misc":{"Dur\u00e9e de lecture estim\u00e9e":"1 minute"},"schema":{"@context":"https:\/\/schema.org","@graph":[{"@type":"WebPage","@id":"https:\/\/nitorlack.com\/fr\/nitorlack-pro\/","url":"https:\/\/nitorlack.com\/fr\/nitorlack-pro\/","name":"Nitorlack PRO","isPartOf":{"@id":"https:\/\/nitorlack.com\/fr\/#website"},"datePublished":"2022-10-03T09:25:55+00:00","dateModified":"2022-10-03T09:25:56+00:00","description":"Bienvenue dans l'espace professionnel de Nitorlack, o\u00f9 nous voulons r\u00e9pondre aux besoins de tous nos clients. D\u00e9couvrez tous les avantages pour les professionnels.","breadcrumb":{"@id":"https:\/\/nitorlack.com\/fr\/nitorlack-pro\/#breadcrumb"},"inLanguage":"fr-FR","potentialAction":[{"@type":"ReadAction","target":["https:\/\/nitorlack.com\/fr\/nitorlack-pro\/"]}]},{"@type":"BreadcrumbList","@id":"https:\/\/nitorlack.com\/fr\/nitorlack-pro\/#breadcrumb","itemListElement":[{"@type":"ListItem","position":1,"name":"Page de Couverture","item":"https:\/\/nitorlack.com\/fr\/"},{"@type":"ListItem","position":2,"name":"Nitorlack PRO"}]},{"@type":"WebSite","@id":"https:\/\/nitorlack.com\/fr\/#website","url":"https:\/\/nitorlack.com\/fr\/","name":"Nitorlack","description":"Guitar Lacquers","publisher":{"@id":"https:\/\/nitorlack.com\/fr\/#organization"},"potentialAction":[{"@type":"SearchAction","target":{"@type":"EntryPoint","urlTemplate":"https:\/\/nitorlack.com\/fr\/?s={search_term_string}"},"query-input":{"@type":"PropertyValueSpecification","valueRequired":true,"valueName":"search_term_string"}}],"inLanguage":"fr-FR"},{"@type":"Organization","@id":"https:\/\/nitorlack.com\/fr\/#organization","name":"Nitorlack","url":"https:\/\/nitorlack.com\/fr\/","logo":{"@type":"ImageObject","inLanguage":"fr-FR","@id":"https:\/\/nitorlack.com\/fr\/#\/schema\/logo\/image\/","url":"http:\/\/nitorlack.com\/wp-content\/uploads\/2016\/02\/cropped-galleta-negra-1.jpg","contentUrl":"http:\/\/nitorlack.com\/wp-content\/uploads\/2016\/02\/cropped-galleta-negra-1.jpg","width":512,"height":512,"caption":"Nitorlack"},"image":{"@id":"https:\/\/nitorlack.com\/fr\/#\/schema\/logo\/image\/"}}]}},"_links":{"self":[{"href":"https:\/\/nitorlack.com\/fr\/wp-json\/wp\/v2\/pages\/61618","targetHints":{"allow":["GET"]}}],"collection":[{"href":"https:\/\/nitorlack.com\/fr\/wp-json\/wp\/v2\/pages"}],"about":[{"href":"https:\/\/nitorlack.com\/fr\/wp-json\/wp\/v2\/types\/page"}],"author":[{"embeddable":true,"href":"https:\/\/nitorlack.com\/fr\/wp-json\/wp\/v2\/users\/33274"}],"replies":[{"embeddable":true,"href":"https:\/\/nitorlack.com\/fr\/wp-json\/wp\/v2\/comments?post=61618"}],"version-history":[{"count":0,"href":"https:\/\/nitorlack.com\/fr\/wp-json\/wp\/v2\/pages\/61618\/revisions"}],"wp:attachment":[{"href":"https:\/\/nitorlack.com\/fr\/wp-json\/wp\/v2\/media?parent=61618"}],"curies":[{"name":"wp","href":"https:\/\/api.w.org\/{rel}","templated":true}]}}