{"id":56282,"date":"2022-02-11T16:18:53","date_gmt":"2022-02-11T14:18:53","guid":{"rendered":"http:\/\/nitorlack.com\/gestionnaire-daffilies\/"},"modified":"2022-05-16T09:41:45","modified_gmt":"2022-05-16T07:41:45","slug":"gestionnaire-daffilies","status":"publish","type":"page","link":"https:\/\/nitorlack.com\/fr\/gestionnaire-daffilies\/","title":{"rendered":"gestionnaire d&rsquo;affili\u00e9s"},"content":{"rendered":"<div class=\"wpb-content-wrapper\"><p>[vc_row][vc_column][vc_column_text]<\/p>\n<h1 style=\"text-align: center;\">Comment fonctionne la plateforme d&rsquo;affiliation de Nitorlack ?<\/h1>\n<p>Tout d&rsquo;abord, si vous \u00eates int\u00e9ress\u00e9 \u00e0 faire partie de la plateforme, vous devez remplir ce formulaire, qui sera en attente d&rsquo;approbation.<\/p>\n<p>Une fois approuv\u00e9, nous configurerons l&rsquo;utilisateur pour qu&rsquo;il re\u00e7oive le pourcentage de commission convenu et la dur\u00e9e du cookie.<br \/>\n[\/vc_column_text][vc_btn title=\u00a0\u00bbenregistrez\u00a0\u00bb color=\u00a0\u00bbprimary\u00a0\u00bb align=\u00a0\u00bbcenter\u00a0\u00bb link=\u00a0\u00bburl:http%3A%2F%2Fnitorlack.com%2Faffiliate-home%2Faffiliate-register%2F|title:enregistrez|target:_blank|\u00a0\u00bb][vc_separator][\/vc_column][\/vc_row][vc_row][vc_column width=\u00a0\u00bb1\/2&Prime;][vc_single_image image=\u00a0\u00bb56486&Prime; img_size=\u00a0\u00bbfull\u00a0\u00bb onclick=\u00a0\u00bbimg_link_large\u00a0\u00bb img_link_target=\u00a0\u00bb_blank\u00a0\u00bb][\/vc_column][vc_column width=\u00a0\u00bb1\/2&Prime;][vc_column_text]<\/p>\n<p>Il s&rsquo;agit du <strong>panneau de l&rsquo;administrateur<\/strong>, auquel tous les affili\u00e9s peuvent acc\u00e9der :<\/p>\n<p>Dans la sous-section <strong>\u00ab\u00a0aper\u00e7u\u00a0\u00bb<\/strong>, vous pouvez v\u00e9rifier le nombre de visites, les ventes et le solde des ventes g\u00e9n\u00e9r\u00e9es, et ainsi suivre les b\u00e9n\u00e9fices g\u00e9n\u00e9r\u00e9s sur une base quotidienne.<\/p>\n<p>Si vous naviguez dans le menu sup\u00e9rieur, vous pouvez voir plus de d\u00e9tails concernant votre compte et modifier certains param\u00e8tres personnels.[\/vc_column_text][\/vc_column][\/vc_row][vc_row][vc_column width=\u00a0\u00bb1\/2&Prime;][vc_single_image image=\u00a0\u00bb56077&Prime; img_size=\u00a0\u00bbfull\u00a0\u00bb onclick=\u00a0\u00bbimg_link_large\u00a0\u00bb][\/vc_column][vc_column width=\u00a0\u00bb1\/2&Prime;][vc_column_text]<\/p>\n<p>Dans la section <strong>\u00ab\u00a0cr\u00e9ative\u00a0\u00bb<\/strong>, vous pouvez g\u00e9n\u00e9rer des liens personnalis\u00e9s pour chaque page vers laquelle vous souhaitez \u00e9tablir un lien.<\/p>\n<p>Vous pouvez cr\u00e9er un seul lien ou plusieurs, en fonction de l&rsquo;intention de chaque affili\u00e9.<\/p>\n<p>Si vous cr\u00e9ez plusieurs liens, il <strong>est conseill\u00e9<\/strong> de g\u00e9n\u00e9rer des liens \u00e0 partir de diff\u00e9rentes parties du site Web, afin d&rsquo;amener l&rsquo;utilisateur \u00e0 entrer dans la partie du site Web \u00e0 laquelle vous faites r\u00e9f\u00e9rence dans chaque situation.<\/p>\n<p>Une fois que vous aurez suivi les \u00e9tapes indiqu\u00e9es dans l&rsquo;image, <strong>l&rsquo;url personnalis\u00e9e<\/strong> sera g\u00e9n\u00e9r\u00e9e avec une extension \u00e0 la fin, qui sera ce qui la diff\u00e9rencie de l&rsquo;url g\u00e9n\u00e9rique, ce sera celle que vous devrez partager.[\/vc_column_text][\/vc_column][\/vc_row][vc_row][vc_column][vc_cta h2=\u00a0\u00bbLes raisons de rejoindre notre r\u00e9seau d&rsquo;affili\u00e9s\u00a0\u00bb]<br \/>\n&nbsp;<\/p>\n<p>&nbsp;<\/p>\n<p>Le principal avantage de travailler avec les affili\u00e9s de Nitorlack est la <strong>dur\u00e9e du cookie et le volume d&rsquo;achat moyen par utilisateur<\/strong> :<\/p>\n<p>Sur d&rsquo;autres plateformes d&rsquo;affiliation telles que <strong>AMAZON<\/strong>, cette dur\u00e9e n&rsquo;est que de 24 heures, ce qui r\u00e9duit le b\u00e9n\u00e9fice de leurs sites affili\u00e9s.<\/p>\n<p>Volume d&rsquo;achat : comme le processus de vernissage d&rsquo;une guitare n\u00e9cessite plusieurs produits, les clients ont tendance \u00e0 les acheter tous par lots, de sorte que le <strong>paiement moyen par achat est assez \u00e9lev\u00e9<\/strong>.<\/p>\n<p>Si vous avez un site <strong>web ou tout autre m\u00e9dia<\/strong> li\u00e9 au monde des guitares, vous pourrez g\u00e9n\u00e9rer un revenu passif mensuel.[\/vc_cta][vc_separator][vc_column_text]<\/p>\n<h3>Quelle est l&rsquo;influence de la dur\u00e9e du cookie ?<\/h3>\n<p>La dur\u00e9e sera importante au moment de comptabiliser les avantages obtenus, car elle <strong>d\u00e9termine le nombre de jours o\u00f9 l&rsquo;utilisateur devra acheter et o\u00f9 cet achat sera comptabilis\u00e9 comme un achat d&rsquo;affili\u00e9<\/strong>.<\/p>\n<p>Autrement dit, si un utilisateur entre dans votre lien et ach\u00e8te \u00e0 ce moment-l\u00e0, cet achat sera comptabilis\u00e9 dans votre balance, mais que se passe-t-il si l&rsquo;utilisateur va sur un autre site web et d\u00e9cide de ne pas acheter \u00e0 ce moment-l\u00e0, et de le faire par exemple le lendemain ? Vous n&rsquo;en tirerez aucun avantage bien que vous ayez amen\u00e9 ce client sur le web.<\/p>\n<p>Eh bien, conscients du type d&rsquo;achat concern\u00e9 et du fait qu&rsquo;il ne s&rsquo;agit g\u00e9n\u00e9ralement pas d&rsquo;un achat impulsif, les affili\u00e9s de Nitorlack fixent un cookie pouvant aller jusqu&rsquo;\u00e0 5 jours pour que cet achat soit comptabilis\u00e9 pour nos affili\u00e9s.<\/p>\n<p><strong>En bref,<\/strong> si vous nous amenez un visiteur et qu&rsquo;il ach\u00e8te jusqu&rsquo;\u00e0 5 jours plus tard, cet avantage sera \u00e9galement ajout\u00e9 \u00e0 votre solde.[\/vc_column_text][\/vc_column][\/vc_row]<\/p>\n<\/div>","protected":false},"excerpt":{"rendered":"<p>[vc_row][vc_column][vc_column_text] Comment fonctionne la plateforme d&rsquo;affiliation de Nitorlack ? Tout d&rsquo;abord, si vous [&hellip;]<\/p>\n","protected":false},"author":33274,"featured_media":0,"parent":0,"menu_order":0,"comment_status":"closed","ping_status":"closed","template":"","meta":{"om_disable_all_campaigns":false,"site-sidebar-layout":"no-sidebar","site-content-layout":"plain-container","ast-site-content-layout":"default","site-content-style":"default","site-sidebar-style":"default","ast-global-header-display":"","ast-banner-title-visibility":"","ast-main-header-display":"","ast-hfb-above-header-display":"","ast-hfb-below-header-display":"","ast-hfb-mobile-header-display":"","site-post-title":"disabled","ast-breadcrumbs-content":"","ast-featured-img":"disabled","footer-sml-layout":"","ast-disable-related-posts":"","theme-transparent-header-meta":"default","adv-header-id-meta":"","stick-header-meta":"default","header-above-stick-meta":"","header-main-stick-meta":"","header-below-stick-meta":"","astra-migrate-meta-layouts":"default","ast-page-background-enabled":"default","ast-page-background-meta":{"desktop":{"background-color":"var(--ast-global-color-4)","background-image":"","background-repeat":"repeat","background-position":"center center","background-size":"auto","background-attachment":"scroll","background-type":"","background-media":"","overlay-type":"","overlay-color":"","overlay-opacity":"","overlay-gradient":""},"tablet":{"background-color":"","background-image":"","background-repeat":"repeat","background-position":"center center","background-size":"auto","background-attachment":"scroll","background-type":"","background-media":"","overlay-type":"","overlay-color":"","overlay-opacity":"","overlay-gradient":""},"mobile":{"background-color":"","background-image":"","background-repeat":"repeat","background-position":"center center","background-size":"auto","background-attachment":"scroll","background-type":"","background-media":"","overlay-type":"","overlay-color":"","overlay-opacity":"","overlay-gradient":""}},"ast-content-background-meta":{"desktop":{"background-color":"var(--ast-global-color-5)","background-image":"","background-repeat":"repeat","background-position":"center center","background-size":"auto","background-attachment":"scroll","background-type":"","background-media":"","overlay-type":"","overlay-color":"","overlay-opacity":"","overlay-gradient":""},"tablet":{"background-color":"var(--ast-global-color-5)","background-image":"","background-repeat":"repeat","background-position":"center center","background-size":"auto","background-attachment":"scroll","background-type":"","background-media":"","overlay-type":"","overlay-color":"","overlay-opacity":"","overlay-gradient":""},"mobile":{"background-color":"var(--ast-global-color-5)","background-image":"","background-repeat":"repeat","background-position":"center center","background-size":"auto","background-attachment":"scroll","background-type":"","background-media":"","overlay-type":"","overlay-color":"","overlay-opacity":"","overlay-gradient":""}},"footnotes":""},"class_list":["post-56282","page","type-page","status-publish","hentry"],"yoast_head":"<!-- This site is optimized with the Yoast SEO plugin v27.3 - https:\/\/yoast.com\/product\/yoast-seo-wordpress\/ -->\n<title>gestionnaire d&#039;affili\u00e9s | Nitorlack<\/title>\n<meta name=\"description\" content=\"Nitorlack - Peinture nitrocellulosique pour guitares, couleurs vintage et tutoriels pour peindre votre guitare. D\u00e9couvrir gestionnaire d&#039;affili\u00e9s\" \/>\n<meta name=\"robots\" content=\"index, follow, max-snippet:-1, max-image-preview:large, max-video-preview:-1\" \/>\n<link rel=\"canonical\" href=\"https:\/\/nitorlack.com\/fr\/gestionnaire-daffilies\/\" \/>\n<meta property=\"og:locale\" content=\"fr_FR\" \/>\n<meta property=\"og:type\" content=\"article\" \/>\n<meta property=\"og:title\" content=\"gestionnaire d&#039;affili\u00e9s | Nitorlack\" \/>\n<meta property=\"og:description\" content=\"Nitorlack - Peinture nitrocellulosique pour guitares, couleurs vintage et tutoriels pour peindre votre guitare. D\u00e9couvrir gestionnaire d&#039;affili\u00e9s\" \/>\n<meta property=\"og:url\" content=\"https:\/\/nitorlack.com\/fr\/gestionnaire-daffilies\/\" \/>\n<meta property=\"og:site_name\" content=\"Nitorlack\" \/>\n<meta property=\"article:modified_time\" content=\"2022-05-16T07:41:45+00:00\" \/>\n<meta name=\"twitter:card\" content=\"summary_large_image\" \/>\n<meta name=\"twitter:label1\" content=\"Dur\u00e9e de lecture estim\u00e9e\" \/>\n\t<meta name=\"twitter:data1\" content=\"3 minutes\" \/>\n<script type=\"application\/ld+json\" class=\"yoast-schema-graph\">{\"@context\":\"https:\\\/\\\/schema.org\",\"@graph\":[{\"@type\":\"WebPage\",\"@id\":\"https:\\\/\\\/nitorlack.com\\\/fr\\\/gestionnaire-daffilies\\\/\",\"url\":\"https:\\\/\\\/nitorlack.com\\\/fr\\\/gestionnaire-daffilies\\\/\",\"name\":\"gestionnaire d'affili\u00e9s | Nitorlack\",\"isPartOf\":{\"@id\":\"https:\\\/\\\/nitorlack.com\\\/fr\\\/#website\"},\"datePublished\":\"2022-02-11T14:18:53+00:00\",\"dateModified\":\"2022-05-16T07:41:45+00:00\",\"description\":\"Nitorlack - Peinture nitrocellulosique pour guitares, couleurs vintage et tutoriels pour peindre votre guitare. D\u00e9couvrir gestionnaire d'affili\u00e9s\",\"breadcrumb\":{\"@id\":\"https:\\\/\\\/nitorlack.com\\\/fr\\\/gestionnaire-daffilies\\\/#breadcrumb\"},\"inLanguage\":\"fr-FR\",\"potentialAction\":[{\"@type\":\"ReadAction\",\"target\":[\"https:\\\/\\\/nitorlack.com\\\/fr\\\/gestionnaire-daffilies\\\/\"]}]},{\"@type\":\"BreadcrumbList\",\"@id\":\"https:\\\/\\\/nitorlack.com\\\/fr\\\/gestionnaire-daffilies\\\/#breadcrumb\",\"itemListElement\":[{\"@type\":\"ListItem\",\"position\":1,\"name\":\"Page de Couverture\",\"item\":\"https:\\\/\\\/nitorlack.com\\\/fr\\\/\"},{\"@type\":\"ListItem\",\"position\":2,\"name\":\"gestionnaire d&#8217;affili\u00e9s\"}]},{\"@type\":\"WebSite\",\"@id\":\"https:\\\/\\\/nitorlack.com\\\/fr\\\/#website\",\"url\":\"https:\\\/\\\/nitorlack.com\\\/fr\\\/\",\"name\":\"Nitorlack\",\"description\":\"Guitar Lacquers\",\"publisher\":{\"@id\":\"https:\\\/\\\/nitorlack.com\\\/fr\\\/#organization\"},\"potentialAction\":[{\"@type\":\"SearchAction\",\"target\":{\"@type\":\"EntryPoint\",\"urlTemplate\":\"https:\\\/\\\/nitorlack.com\\\/fr\\\/?s={search_term_string}\"},\"query-input\":{\"@type\":\"PropertyValueSpecification\",\"valueRequired\":true,\"valueName\":\"search_term_string\"}}],\"inLanguage\":\"fr-FR\"},{\"@type\":\"Organization\",\"@id\":\"https:\\\/\\\/nitorlack.com\\\/fr\\\/#organization\",\"name\":\"Nitorlack\",\"url\":\"https:\\\/\\\/nitorlack.com\\\/fr\\\/\",\"logo\":{\"@type\":\"ImageObject\",\"inLanguage\":\"fr-FR\",\"@id\":\"https:\\\/\\\/nitorlack.com\\\/fr\\\/#\\\/schema\\\/logo\\\/image\\\/\",\"url\":\"http:\\\/\\\/nitorlack.com\\\/wp-content\\\/uploads\\\/2016\\\/02\\\/cropped-galleta-negra-1.jpg\",\"contentUrl\":\"http:\\\/\\\/nitorlack.com\\\/wp-content\\\/uploads\\\/2016\\\/02\\\/cropped-galleta-negra-1.jpg\",\"width\":512,\"height\":512,\"caption\":\"Nitorlack\"},\"image\":{\"@id\":\"https:\\\/\\\/nitorlack.com\\\/fr\\\/#\\\/schema\\\/logo\\\/image\\\/\"}}]}<\/script>\n<!-- \/ Yoast SEO plugin. -->","yoast_head_json":{"title":"gestionnaire d'affili\u00e9s | Nitorlack","description":"Nitorlack - Peinture nitrocellulosique pour guitares, couleurs vintage et tutoriels pour peindre votre guitare. D\u00e9couvrir gestionnaire d'affili\u00e9s","robots":{"index":"index","follow":"follow","max-snippet":"max-snippet:-1","max-image-preview":"max-image-preview:large","max-video-preview":"max-video-preview:-1"},"canonical":"https:\/\/nitorlack.com\/fr\/gestionnaire-daffilies\/","og_locale":"fr_FR","og_type":"article","og_title":"gestionnaire d'affili\u00e9s | Nitorlack","og_description":"Nitorlack - Peinture nitrocellulosique pour guitares, couleurs vintage et tutoriels pour peindre votre guitare. D\u00e9couvrir gestionnaire d'affili\u00e9s","og_url":"https:\/\/nitorlack.com\/fr\/gestionnaire-daffilies\/","og_site_name":"Nitorlack","article_modified_time":"2022-05-16T07:41:45+00:00","twitter_card":"summary_large_image","twitter_misc":{"Dur\u00e9e de lecture estim\u00e9e":"3 minutes"},"schema":{"@context":"https:\/\/schema.org","@graph":[{"@type":"WebPage","@id":"https:\/\/nitorlack.com\/fr\/gestionnaire-daffilies\/","url":"https:\/\/nitorlack.com\/fr\/gestionnaire-daffilies\/","name":"gestionnaire d'affili\u00e9s | Nitorlack","isPartOf":{"@id":"https:\/\/nitorlack.com\/fr\/#website"},"datePublished":"2022-02-11T14:18:53+00:00","dateModified":"2022-05-16T07:41:45+00:00","description":"Nitorlack - Peinture nitrocellulosique pour guitares, couleurs vintage et tutoriels pour peindre votre guitare. D\u00e9couvrir gestionnaire d'affili\u00e9s","breadcrumb":{"@id":"https:\/\/nitorlack.com\/fr\/gestionnaire-daffilies\/#breadcrumb"},"inLanguage":"fr-FR","potentialAction":[{"@type":"ReadAction","target":["https:\/\/nitorlack.com\/fr\/gestionnaire-daffilies\/"]}]},{"@type":"BreadcrumbList","@id":"https:\/\/nitorlack.com\/fr\/gestionnaire-daffilies\/#breadcrumb","itemListElement":[{"@type":"ListItem","position":1,"name":"Page de Couverture","item":"https:\/\/nitorlack.com\/fr\/"},{"@type":"ListItem","position":2,"name":"gestionnaire d&#8217;affili\u00e9s"}]},{"@type":"WebSite","@id":"https:\/\/nitorlack.com\/fr\/#website","url":"https:\/\/nitorlack.com\/fr\/","name":"Nitorlack","description":"Guitar Lacquers","publisher":{"@id":"https:\/\/nitorlack.com\/fr\/#organization"},"potentialAction":[{"@type":"SearchAction","target":{"@type":"EntryPoint","urlTemplate":"https:\/\/nitorlack.com\/fr\/?s={search_term_string}"},"query-input":{"@type":"PropertyValueSpecification","valueRequired":true,"valueName":"search_term_string"}}],"inLanguage":"fr-FR"},{"@type":"Organization","@id":"https:\/\/nitorlack.com\/fr\/#organization","name":"Nitorlack","url":"https:\/\/nitorlack.com\/fr\/","logo":{"@type":"ImageObject","inLanguage":"fr-FR","@id":"https:\/\/nitorlack.com\/fr\/#\/schema\/logo\/image\/","url":"http:\/\/nitorlack.com\/wp-content\/uploads\/2016\/02\/cropped-galleta-negra-1.jpg","contentUrl":"http:\/\/nitorlack.com\/wp-content\/uploads\/2016\/02\/cropped-galleta-negra-1.jpg","width":512,"height":512,"caption":"Nitorlack"},"image":{"@id":"https:\/\/nitorlack.com\/fr\/#\/schema\/logo\/image\/"}}]}},"_links":{"self":[{"href":"https:\/\/nitorlack.com\/fr\/wp-json\/wp\/v2\/pages\/56282","targetHints":{"allow":["GET"]}}],"collection":[{"href":"https:\/\/nitorlack.com\/fr\/wp-json\/wp\/v2\/pages"}],"about":[{"href":"https:\/\/nitorlack.com\/fr\/wp-json\/wp\/v2\/types\/page"}],"author":[{"embeddable":true,"href":"https:\/\/nitorlack.com\/fr\/wp-json\/wp\/v2\/users\/33274"}],"replies":[{"embeddable":true,"href":"https:\/\/nitorlack.com\/fr\/wp-json\/wp\/v2\/comments?post=56282"}],"version-history":[{"count":0,"href":"https:\/\/nitorlack.com\/fr\/wp-json\/wp\/v2\/pages\/56282\/revisions"}],"wp:attachment":[{"href":"https:\/\/nitorlack.com\/fr\/wp-json\/wp\/v2\/media?parent=56282"}],"curies":[{"name":"wp","href":"https:\/\/api.w.org\/{rel}","templated":true}]}}