{"id":56268,"date":"2022-02-11T12:32:01","date_gmt":"2022-02-11T10:32:01","guid":{"rendered":"http:\/\/nitorlack.com\/affilies-de-nitorlack\/"},"modified":"2022-11-24T12:23:54","modified_gmt":"2022-11-24T10:23:54","slug":"affilies-de-nitorlack","status":"publish","type":"page","link":"https:\/\/nitorlack.com\/fr\/affilies-de-nitorlack\/","title":{"rendered":"Programme d&rsquo;affiliation Nitorlack"},"content":{"rendered":"<div class=\"wpb-content-wrapper\"><p>[vc_row full_width=\u00a0\u00bbsr-vc-medium-width\u00a0\u00bb][vc_column][vc_single_image image=\u00a0\u00bb56443&Prime; img_size=\u00a0\u00bblarge\u00a0\u00bb alignment=\u00a0\u00bbcenter\u00a0\u00bb][\/vc_column][\/vc_row][vc_row full_width=\u00a0\u00bbsr-vc-medium-width\u00a0\u00bb css=\u00a0\u00bb.vc_custom_1643366405535{margin-right: 50px !important;margin-left: 50px !important;}\u00a0\u00bb][vc_column][vc_btn title=\u00a0\u00bbAcces aux affili\u00e9s\u00a0\u00bb style=\u00a0\u00bbclassic\u00a0\u00bb shape=\u00a0\u00bbsquare\u00a0\u00bb color=\u00a0\u00bbprimary\u00a0\u00bb align=\u00a0\u00bbcenter\u00a0\u00bb link=\u00a0\u00bburl:https%3A%2F%2Fnitorlack.com%2Ffr%2Fplate-forme-affiliee%2Facces-aux-affilies%2F|title:Acces|target:_blank\u00a0\u00bb][vc_custom_heading text=\u00a0\u00bbNitorLACK Affiliates &#8211; Le programme de marketing d&rsquo;affiliation de NitorLACK\u00a0\u00bb font_container=\u00a0\u00bbtag:h4|text_align:left\u00a0\u00bb use_theme_fonts=\u00a0\u00bbyes\u00a0\u00bb][vc_column_text]Le programme d&rsquo;affiliation de NitorLACK aide les cr\u00e9ateurs de contenu, les \u00e9diteurs et les blogueurs \u00e0 mon\u00e9tiser leur trafic. Les associ\u00e9s utilisent des outils de cr\u00e9ation de liens pour diriger leur public vers leurs recommandations et gagnent de l&rsquo;argent gr\u00e2ce aux achats et aux programmes d&rsquo;affiliation.[\/vc_column_text][\/vc_column][\/vc_row][vc_row full_width=\u00a0\u00bbsr-vc-medium-width\u00a0\u00bb css=\u00a0\u00bb.vc_custom_1643367178286{margin-right: 50px !important;margin-left: 50px !important;}\u00a0\u00bb][vc_column width=\u00a0\u00bb1\/3&Prime;][vc_icon icon_fontawesome=\u00a0\u00bbfar fa-hand-point-up\u00a0\u00bb size=\u00a0\u00bblg\u00a0\u00bb align=\u00a0\u00bbcenter\u00a0\u00bb link=\u00a0\u00bburl:https%3A%2F%2Fnitorlack.com%2Ffr%2Fplate-forme-affiliee%2Fenregistrez%2F|target:_blank|rel:nofollow\u00a0\u00bb][vc_column_text]<\/p>\n<h4 style=\"text-align: center;\"><a href=\"https:\/\/nitorlack.com\/fr\/plate-forme-affiliee\/enregistrez\/\">1. Enregistrez<\/a><\/h4>\n<p>Rejoignez des cr\u00e9ateurs, des auteurs et des blogueurs qui gagnent d\u00e9j\u00e0 de l&rsquo;argent gr\u00e2ce au programme d&rsquo;affiliation.[\/vc_column_text][\/vc_column][vc_column width=\u00a0\u00bb1\/3&Prime;][vc_icon icon_fontawesome=\u00a0\u00bbfab fa-wpforms\u00a0\u00bb size=\u00a0\u00bblg\u00a0\u00bb align=\u00a0\u00bbcenter\u00a0\u00bb][vc_column_text]<\/p>\n<h4 style=\"text-align: center;\">2. Recommande des produits<\/h4>\n<p>Partagez des produits avec votre public. Vous avez la possibilit\u00e9 de personnaliser les liens pour les grands \u00e9diteurs, les blogueurs individuels et les influenceurs des m\u00e9dias sociaux.[\/vc_column_text][\/vc_column][vc_column width=\u00a0\u00bb1\/3&Prime;][vc_icon icon_fontawesome=\u00a0\u00bbfas fa-euro-sign\u00a0\u00bb size=\u00a0\u00bblg\u00a0\u00bb align=\u00a0\u00bbcenter\u00a0\u00bb][vc_column_text]<\/p>\n<h4 style=\"text-align: center;\">3. Gagner de l&rsquo;argent<\/h4>\n<p>Gagnez jusqu&rsquo;\u00e0 8% de commission pour les affili\u00e9s sur les achats et les programmes d&rsquo;affiliation. Nos frais de conversion comp\u00e9titifs vous aideront \u00e0 maximiser vos revenus.[\/vc_column_text][\/vc_column][\/vc_row][vc_row full_width=\u00a0\u00bbsr-vc-medium-width\u00a0\u00bb][vc_column][vc_single_image image=\u00a0\u00bb56450&Prime; img_size=\u00a0\u00bblarge\u00a0\u00bb alignment=\u00a0\u00bbcenter\u00a0\u00bb][\/vc_column][\/vc_row][vc_row full_width=\u00a0\u00bbsr-vc-medium-width\u00a0\u00bb equal_height=\u00a0\u00bbyes\u00a0\u00bb css=\u00a0\u00bb.vc_custom_1643367377927{margin-top: 20px !important;margin-right: 50px !important;margin-left: 50px !important;}\u00a0\u00bb][vc_column width=\u00a0\u00bb1\/2&Prime;][vc_column_text]<\/p>\n<h4 style=\"text-align: left;\"><a href=\"https:\/\/nitorlack.com\/fr\/gestionnaire-daffilies\/\">Comment fonctionne le programme d&rsquo;affiliation ?<\/a><\/h4>\n<p>Vous pouvez partager les produits Nitorlack avec votre public gr\u00e2ce \u00e0 des outils de liaison personnalis\u00e9s et gagner de l&rsquo;argent sur les achats des clients.<\/p>\n<p>*Les achats effectu\u00e9s par les distributeurs officiels ne seront pas comptabilis\u00e9s, m\u00eame s&rsquo;ils sont comptabilis\u00e9s par la plateforme d&rsquo;affiliation*[\/vc_column_text][vc_column_text]<\/p>\n<h4 style=\"text-align: left;\">Comment puis-je participer au programme ?<\/h4>\n<p>Tous les blogueurs, r\u00e9dacteurs, influenceurs et cr\u00e9ateurs de contenu ayant des sites web, des cha\u00eenes youtube li\u00e9s au monde de la guitare peuvent participer. Inscrivez-vous ici[\/vc_column_text][\/vc_column][vc_column width=\u00a0\u00bb1\/2&Prime;][vc_column_text]<\/p>\n<h4 style=\"text-align: left;\">Comment puis-je gagner de l&rsquo;argent gr\u00e2ce au programme ?<\/h4>\n<p>Vous recevrez des revenus des achats sponsoris\u00e9s sur vos plateformes et ils compl\u00e8tent l&rsquo;achat sur Nitorlack. Le cookie est stock\u00e9 pour une p\u00e9riode de 5 jours pendant laquelle le client peut effectuer l&rsquo;achat et vous recevrez la commission.[\/vc_column_text][vc_column_text]<\/p>\n<h4 style=\"text-align: left;\">Comment s&rsquo;abonner au programme ?<\/h4>\n<p>Inscrivez-vous au programme d&rsquo;affiliation \u00e0 l&rsquo;aide du lien suivant.<\/p>\n<p>Gagnez jusqu&rsquo;\u00e0 8% de commission sur les achats des affili\u00e9s. Une fois inscrit, nous vous contacterons pour confirmer votre inscription et accepter votre candidature.[\/vc_column_text][\/vc_column][\/vc_row][vc_row full_width=\u00a0\u00bbsr-vc-medium-width\u00a0\u00bb css=\u00a0\u00bb.vc_custom_1643366448086{margin-top: 20px !important;margin-right: 50px !important;margin-left: 50px !important;}\u00a0\u00bb][vc_column][vc_btn title=\u00a0\u00bbenregistrez\u00a0\u00bb style=\u00a0\u00bbclassic\u00a0\u00bb shape=\u00a0\u00bbsquare\u00a0\u00bb color=\u00a0\u00bbinverse\u00a0\u00bb align=\u00a0\u00bbcenter\u00a0\u00bb link=\u00a0\u00bburl:https%3A%2F%2Fnitorlack.com%2Ffr%2Fplate-forme-affiliee%2Fenregistrez%2F|title:enregistrez|target:_blank\u00a0\u00bb][\/vc_column][\/vc_row]<\/p>\n<\/div>","protected":false},"excerpt":{"rendered":"<p>[vc_row full_width=\u00a0\u00bbsr-vc-medium-width\u00a0\u00bb][vc_column][vc_single_image image=\u00a0\u00bb56443&Prime; img_size=\u00a0\u00bblarge\u00a0\u00bb alignment=\u00a0\u00bbcenter\u00a0\u00bb][\/vc_column][\/vc_row][vc_row full_width=\u00a0\u00bbsr-vc-medium-width\u00a0\u00bb css=\u00a0\u00bb.vc_custom_1643366405535{margin-right: 50px !important;margin-left: 50px !important;}\u00a0\u00bb][vc_column][vc_btn title=\u00a0\u00bbAcces aux [&hellip;]<\/p>\n","protected":false},"author":1,"featured_media":0,"parent":0,"menu_order":0,"comment_status":"closed","ping_status":"closed","template":"","meta":{"om_disable_all_campaigns":false,"site-sidebar-layout":"no-sidebar","site-content-layout":"plain-container","ast-site-content-layout":"default","site-content-style":"default","site-sidebar-style":"default","ast-global-header-display":"","ast-banner-title-visibility":"","ast-main-header-display":"","ast-hfb-above-header-display":"","ast-hfb-below-header-display":"","ast-hfb-mobile-header-display":"","site-post-title":"disabled","ast-breadcrumbs-content":"","ast-featured-img":"disabled","footer-sml-layout":"","ast-disable-related-posts":"","theme-transparent-header-meta":"default","adv-header-id-meta":"","stick-header-meta":"default","header-above-stick-meta":"","header-main-stick-meta":"","header-below-stick-meta":"","astra-migrate-meta-layouts":"default","ast-page-background-enabled":"default","ast-page-background-meta":{"desktop":{"background-color":"var(--ast-global-color-4)","background-image":"","background-repeat":"repeat","background-position":"center center","background-size":"auto","background-attachment":"scroll","background-type":"","background-media":"","overlay-type":"","overlay-color":"","overlay-opacity":"","overlay-gradient":""},"tablet":{"background-color":"","background-image":"","background-repeat":"repeat","background-position":"center center","background-size":"auto","background-attachment":"scroll","background-type":"","background-media":"","overlay-type":"","overlay-color":"","overlay-opacity":"","overlay-gradient":""},"mobile":{"background-color":"","background-image":"","background-repeat":"repeat","background-position":"center center","background-size":"auto","background-attachment":"scroll","background-type":"","background-media":"","overlay-type":"","overlay-color":"","overlay-opacity":"","overlay-gradient":""}},"ast-content-background-meta":{"desktop":{"background-color":"var(--ast-global-color-5)","background-image":"","background-repeat":"repeat","background-position":"center center","background-size":"auto","background-attachment":"scroll","background-type":"","background-media":"","overlay-type":"","overlay-color":"","overlay-opacity":"","overlay-gradient":""},"tablet":{"background-color":"var(--ast-global-color-5)","background-image":"","background-repeat":"repeat","background-position":"center center","background-size":"auto","background-attachment":"scroll","background-type":"","background-media":"","overlay-type":"","overlay-color":"","overlay-opacity":"","overlay-gradient":""},"mobile":{"background-color":"var(--ast-global-color-5)","background-image":"","background-repeat":"repeat","background-position":"center center","background-size":"auto","background-attachment":"scroll","background-type":"","background-media":"","overlay-type":"","overlay-color":"","overlay-opacity":"","overlay-gradient":""}},"footnotes":""},"class_list":["post-56268","page","type-page","status-publish","hentry"],"yoast_head":"<!-- This site is optimized with the Yoast SEO plugin v27.3 - https:\/\/yoast.com\/product\/yoast-seo-wordpress\/ -->\n<title>Programme d&#039;affiliation Nitorlack | Nitorlack<\/title>\n<meta name=\"description\" content=\"Nitorlack - Devenez un affili\u00e9 de notre programme et gagnez un revenu passif en recommandant nos produits.\" \/>\n<meta name=\"robots\" content=\"index, follow, max-snippet:-1, max-image-preview:large, max-video-preview:-1\" \/>\n<link rel=\"canonical\" href=\"https:\/\/nitorlack.com\/fr\/affilies-de-nitorlack\/\" \/>\n<meta property=\"og:locale\" content=\"fr_FR\" \/>\n<meta property=\"og:type\" content=\"article\" \/>\n<meta property=\"og:title\" content=\"Programme d&#039;affiliation Nitorlack | Nitorlack\" \/>\n<meta property=\"og:description\" content=\"Nitorlack - Devenez un affili\u00e9 de notre programme et gagnez un revenu passif en recommandant nos produits.\" \/>\n<meta property=\"og:url\" content=\"https:\/\/nitorlack.com\/fr\/affilies-de-nitorlack\/\" \/>\n<meta property=\"og:site_name\" content=\"Nitorlack\" \/>\n<meta property=\"article:modified_time\" content=\"2022-11-24T10:23:54+00:00\" \/>\n<meta name=\"twitter:card\" content=\"summary_large_image\" \/>\n<meta name=\"twitter:label1\" content=\"Dur\u00e9e de lecture estim\u00e9e\" \/>\n\t<meta name=\"twitter:data1\" content=\"2 minutes\" \/>\n<script type=\"application\/ld+json\" class=\"yoast-schema-graph\">{\"@context\":\"https:\\\/\\\/schema.org\",\"@graph\":[{\"@type\":\"WebPage\",\"@id\":\"https:\\\/\\\/nitorlack.com\\\/fr\\\/affilies-de-nitorlack\\\/\",\"url\":\"https:\\\/\\\/nitorlack.com\\\/fr\\\/affilies-de-nitorlack\\\/\",\"name\":\"Programme d'affiliation Nitorlack | Nitorlack\",\"isPartOf\":{\"@id\":\"https:\\\/\\\/nitorlack.com\\\/fr\\\/#website\"},\"datePublished\":\"2022-02-11T10:32:01+00:00\",\"dateModified\":\"2022-11-24T10:23:54+00:00\",\"description\":\"Nitorlack - Devenez un affili\u00e9 de notre programme et gagnez un revenu passif en recommandant nos produits.\",\"breadcrumb\":{\"@id\":\"https:\\\/\\\/nitorlack.com\\\/fr\\\/affilies-de-nitorlack\\\/#breadcrumb\"},\"inLanguage\":\"fr-FR\",\"potentialAction\":[{\"@type\":\"ReadAction\",\"target\":[\"https:\\\/\\\/nitorlack.com\\\/fr\\\/affilies-de-nitorlack\\\/\"]}]},{\"@type\":\"BreadcrumbList\",\"@id\":\"https:\\\/\\\/nitorlack.com\\\/fr\\\/affilies-de-nitorlack\\\/#breadcrumb\",\"itemListElement\":[{\"@type\":\"ListItem\",\"position\":1,\"name\":\"Page de Couverture\",\"item\":\"https:\\\/\\\/nitorlack.com\\\/fr\\\/\"},{\"@type\":\"ListItem\",\"position\":2,\"name\":\"Programme d&#8217;affiliation Nitorlack\"}]},{\"@type\":\"WebSite\",\"@id\":\"https:\\\/\\\/nitorlack.com\\\/fr\\\/#website\",\"url\":\"https:\\\/\\\/nitorlack.com\\\/fr\\\/\",\"name\":\"Nitorlack\",\"description\":\"Guitar Lacquers\",\"publisher\":{\"@id\":\"https:\\\/\\\/nitorlack.com\\\/fr\\\/#organization\"},\"potentialAction\":[{\"@type\":\"SearchAction\",\"target\":{\"@type\":\"EntryPoint\",\"urlTemplate\":\"https:\\\/\\\/nitorlack.com\\\/fr\\\/?s={search_term_string}\"},\"query-input\":{\"@type\":\"PropertyValueSpecification\",\"valueRequired\":true,\"valueName\":\"search_term_string\"}}],\"inLanguage\":\"fr-FR\"},{\"@type\":\"Organization\",\"@id\":\"https:\\\/\\\/nitorlack.com\\\/fr\\\/#organization\",\"name\":\"Nitorlack\",\"url\":\"https:\\\/\\\/nitorlack.com\\\/fr\\\/\",\"logo\":{\"@type\":\"ImageObject\",\"inLanguage\":\"fr-FR\",\"@id\":\"https:\\\/\\\/nitorlack.com\\\/fr\\\/#\\\/schema\\\/logo\\\/image\\\/\",\"url\":\"http:\\\/\\\/nitorlack.com\\\/wp-content\\\/uploads\\\/2016\\\/02\\\/cropped-galleta-negra-1.jpg\",\"contentUrl\":\"http:\\\/\\\/nitorlack.com\\\/wp-content\\\/uploads\\\/2016\\\/02\\\/cropped-galleta-negra-1.jpg\",\"width\":512,\"height\":512,\"caption\":\"Nitorlack\"},\"image\":{\"@id\":\"https:\\\/\\\/nitorlack.com\\\/fr\\\/#\\\/schema\\\/logo\\\/image\\\/\"}}]}<\/script>\n<!-- \/ Yoast SEO plugin. -->","yoast_head_json":{"title":"Programme d'affiliation Nitorlack | Nitorlack","description":"Nitorlack - Devenez un affili\u00e9 de notre programme et gagnez un revenu passif en recommandant nos produits.","robots":{"index":"index","follow":"follow","max-snippet":"max-snippet:-1","max-image-preview":"max-image-preview:large","max-video-preview":"max-video-preview:-1"},"canonical":"https:\/\/nitorlack.com\/fr\/affilies-de-nitorlack\/","og_locale":"fr_FR","og_type":"article","og_title":"Programme d'affiliation Nitorlack | Nitorlack","og_description":"Nitorlack - Devenez un affili\u00e9 de notre programme et gagnez un revenu passif en recommandant nos produits.","og_url":"https:\/\/nitorlack.com\/fr\/affilies-de-nitorlack\/","og_site_name":"Nitorlack","article_modified_time":"2022-11-24T10:23:54+00:00","twitter_card":"summary_large_image","twitter_misc":{"Dur\u00e9e de lecture estim\u00e9e":"2 minutes"},"schema":{"@context":"https:\/\/schema.org","@graph":[{"@type":"WebPage","@id":"https:\/\/nitorlack.com\/fr\/affilies-de-nitorlack\/","url":"https:\/\/nitorlack.com\/fr\/affilies-de-nitorlack\/","name":"Programme d'affiliation Nitorlack | Nitorlack","isPartOf":{"@id":"https:\/\/nitorlack.com\/fr\/#website"},"datePublished":"2022-02-11T10:32:01+00:00","dateModified":"2022-11-24T10:23:54+00:00","description":"Nitorlack - Devenez un affili\u00e9 de notre programme et gagnez un revenu passif en recommandant nos produits.","breadcrumb":{"@id":"https:\/\/nitorlack.com\/fr\/affilies-de-nitorlack\/#breadcrumb"},"inLanguage":"fr-FR","potentialAction":[{"@type":"ReadAction","target":["https:\/\/nitorlack.com\/fr\/affilies-de-nitorlack\/"]}]},{"@type":"BreadcrumbList","@id":"https:\/\/nitorlack.com\/fr\/affilies-de-nitorlack\/#breadcrumb","itemListElement":[{"@type":"ListItem","position":1,"name":"Page de Couverture","item":"https:\/\/nitorlack.com\/fr\/"},{"@type":"ListItem","position":2,"name":"Programme d&#8217;affiliation Nitorlack"}]},{"@type":"WebSite","@id":"https:\/\/nitorlack.com\/fr\/#website","url":"https:\/\/nitorlack.com\/fr\/","name":"Nitorlack","description":"Guitar Lacquers","publisher":{"@id":"https:\/\/nitorlack.com\/fr\/#organization"},"potentialAction":[{"@type":"SearchAction","target":{"@type":"EntryPoint","urlTemplate":"https:\/\/nitorlack.com\/fr\/?s={search_term_string}"},"query-input":{"@type":"PropertyValueSpecification","valueRequired":true,"valueName":"search_term_string"}}],"inLanguage":"fr-FR"},{"@type":"Organization","@id":"https:\/\/nitorlack.com\/fr\/#organization","name":"Nitorlack","url":"https:\/\/nitorlack.com\/fr\/","logo":{"@type":"ImageObject","inLanguage":"fr-FR","@id":"https:\/\/nitorlack.com\/fr\/#\/schema\/logo\/image\/","url":"http:\/\/nitorlack.com\/wp-content\/uploads\/2016\/02\/cropped-galleta-negra-1.jpg","contentUrl":"http:\/\/nitorlack.com\/wp-content\/uploads\/2016\/02\/cropped-galleta-negra-1.jpg","width":512,"height":512,"caption":"Nitorlack"},"image":{"@id":"https:\/\/nitorlack.com\/fr\/#\/schema\/logo\/image\/"}}]}},"_links":{"self":[{"href":"https:\/\/nitorlack.com\/fr\/wp-json\/wp\/v2\/pages\/56268","targetHints":{"allow":["GET"]}}],"collection":[{"href":"https:\/\/nitorlack.com\/fr\/wp-json\/wp\/v2\/pages"}],"about":[{"href":"https:\/\/nitorlack.com\/fr\/wp-json\/wp\/v2\/types\/page"}],"author":[{"embeddable":true,"href":"https:\/\/nitorlack.com\/fr\/wp-json\/wp\/v2\/users\/1"}],"replies":[{"embeddable":true,"href":"https:\/\/nitorlack.com\/fr\/wp-json\/wp\/v2\/comments?post=56268"}],"version-history":[{"count":0,"href":"https:\/\/nitorlack.com\/fr\/wp-json\/wp\/v2\/pages\/56268\/revisions"}],"wp:attachment":[{"href":"https:\/\/nitorlack.com\/fr\/wp-json\/wp\/v2\/media?parent=56268"}],"curies":[{"name":"wp","href":"https:\/\/api.w.org\/{rel}","templated":true}]}}