{"id":47826,"date":"2021-05-25T14:18:58","date_gmt":"2021-05-25T12:18:58","guid":{"rendered":"http:\/\/nitorlack.com\/catalogue\/"},"modified":"2024-10-18T15:12:19","modified_gmt":"2024-10-18T13:12:19","slug":"catalogue","status":"publish","type":"page","link":"https:\/\/nitorlack.com\/fr\/catalogue\/","title":{"rendered":"Catalogue"},"content":{"rendered":"<div class=\"wpb-content-wrapper\"><p>[vc_row css=\u00a0\u00bb.vc_custom_1542186528126{margin-top: 50px !important;}\u00a0\u00bb][vc_column width=\u00a0\u00bb1\/2&Prime;][vc_single_image image=\u00a0\u00bb21055&Prime; img_size=\u00a0\u00bbfull\u00a0\u00bb][\/vc_column][vc_column width=\u00a0\u00bb1\/2&Prime;][vc_custom_heading text=\u00a0\u00bbTEINTURES\u00a0\u00bb font_container=\u00a0\u00bbtag:h2|font_size:45|text_align:left\u00a0\u00bb google_fonts=\u00a0\u00bbfont_family:Open%20Sans%3A300%2C300italic%2Cregular%2Citalic%2C600%2C600italic%2C700%2C700italic%2C800%2C800italic|font_style:700%20bold%20regular%3A700%3Anormal\u00a0\u00bb css=\u00a0\u00bb\u00a0\u00bb][vc_column_text]NitorTINT sont des teintures concentr\u00e9es sp\u00e9cialement indiqu\u00e9es pour teindre le bois et donner \u00e0 votre guitare \u00e9lectrique le son que vous souhaitez. Vous pouvez passer des teintes classiques aux teintes plus modernes pour peindre votre guitare. Ils sont sp\u00e9cialement formul\u00e9s pour les teintures sp\u00e9cifiques aux luthiers et aux guitares formul\u00e9es et con\u00e7ues par nos experts.Pour peindre des guitares \u00e9lectriques et classiques, ce ne sont pas les teintures de bois typiques du march\u00e9 du meuble.<\/p>\n<p>Redonnez vie au grain du bois de votre guitare![\/vc_column_text][vc_btn title=\u00a0\u00bbACHETEZ\u00a0\u00bb style=\u00a0\u00bboutline\u00a0\u00bb shape=\u00a0\u00bbsquare\u00a0\u00bb color=\u00a0\u00bbdanger\u00a0\u00bb css=\u00a0\u00bb\u00a0\u00bb link=\u00a0\u00bburl:https%3A%2F%2Fnitorlack.com%2Ffr%2Fvernis%2Fteintures-guitare-electric-fr%2F\u00a0\u00bb][\/vc_column][\/vc_row][vc_row][vc_column width=\u00a0\u00bb1\/2&Prime;][vc_single_image image=\u00a0\u00bb21063&Prime; img_size=\u00a0\u00bbfull\u00a0\u00bb][\/vc_column][vc_column width=\u00a0\u00bb1\/2&Prime;][vc_custom_heading text=\u00a0\u00bbBOUCHE PORES \/ FONDS\u00a0\u00bb font_container=\u00a0\u00bbtag:h2|font_size:45|text_align:left\u00a0\u00bb google_fonts=\u00a0\u00bbfont_family:Open%20Sans%3A300%2C300italic%2Cregular%2Citalic%2C600%2C600italic%2C700%2C700italic%2C800%2C800italic|font_style:700%20bold%20regular%3A700%3Anormal\u00a0\u00bb css=\u00a0\u00bb\u00a0\u00bb][vc_column_text]Les arri\u00e8re-plans d\u00e9velopp\u00e9s par NITORLACK sont des arri\u00e8re-plans d\u00e9velopp\u00e9s sp\u00e9cialement pour les guitares. Parmi les principales caract\u00e9ristiques de notre laque d&rsquo;\u00e9tanch\u00e9it\u00e9, il y a son pouvoir couvrant d\u00fb \u00e0 sa grande quantit\u00e9 de solides, son s\u00e9chage rapide et son pon\u00e7age facile, sa facilit\u00e9 d&rsquo;application et sa bonne transparence.<\/p>\n<p>Une bonne pr\u00e9paration nous apportera de nombreux avantages, principalement une meilleure finition et un gain de temps et de produit dans les phases de teinture et de finition.[\/vc_column_text][vc_btn title=\u00a0\u00bbNITROCELLULOSE\u00a0\u00bb style=\u00a0\u00bboutline\u00a0\u00bb shape=\u00a0\u00bbsquare\u00a0\u00bb color=\u00a0\u00bbdanger\u00a0\u00bb css=\u00a0\u00bb\u00a0\u00bb link=\u00a0\u00bburl:https%3A%2F%2Fnitorlack.com%2Ffr%2Fbarniz%2Fbouche-pores%2Fnitrocellulose-fr-5%2Fnitorlack-primer-2%2F\u00a0\u00bb][vc_btn title=\u00a0\u00bbPOLIURETHANE\u00a0\u00bb style=\u00a0\u00bboutline\u00a0\u00bb shape=\u00a0\u00bbsquare\u00a0\u00bb color=\u00a0\u00bbdanger\u00a0\u00bb css=\u00a0\u00bb\u00a0\u00bb link=\u00a0\u00bburl:https%3A%2F%2Fnitorlack.com%2Ffr%2Fbarniz%2Fbouche-pores%2Fpolyurethane-fr-3%2Fnitorpol-primer-2-2%2F\u00a0\u00bb][vc_btn title=\u00a0\u00bbEAU\u00a0\u00bb style=\u00a0\u00bboutline\u00a0\u00bb shape=\u00a0\u00bbsquare\u00a0\u00bb color=\u00a0\u00bbdanger\u00a0\u00bb css=\u00a0\u00bb\u00a0\u00bb link=\u00a0\u00bburl:https%3A%2F%2Fnitorlack.com%2Ffr%2Fbarniz%2Fbouche-pores%2Fbase-deau-fr%2Fnitoraqua-primer%2F\u00a0\u00bb][\/vc_column][\/vc_row][vc_row css=\u00a0\u00bb.vc_custom_1542186528126{margin-top: 50px !important;}\u00a0\u00bb][vc_column width=\u00a0\u00bb1\/2&Prime;][vc_single_image image=\u00a0\u00bb21068&Prime; img_size=\u00a0\u00bbfull\u00a0\u00bb][\/vc_column][vc_column width=\u00a0\u00bb1\/2&Prime;][vc_custom_heading text=\u00a0\u00bbCUSTOM COLORS\u00a0\u00bb font_container=\u00a0\u00bbtag:h1|font_size:45|text_align:left\u00a0\u00bb google_fonts=\u00a0\u00bbfont_family:Open%20Sans%3A300%2C300italic%2Cregular%2Citalic%2C600%2C600italic%2C700%2C700italic%2C800%2C800italic|font_style:700%20bold%20regular%3A700%3Anormal\u00a0\u00bb][vc_column_text]COULEURS PERSONNALIS\u00c9ES NitorLACK sont le r\u00e9sultat d&rsquo;une \u00e9tude exhaustive des couleurs historiques des grandes marques. Nous avons des couleurs Fender et Gibson, en nitrocellulose ou polyur\u00e9thane, en spray ou en canette. Obtenez les couleurs classiques pour votre guitare.<\/p>\n<p>Les couleurs d\u00e9velopp\u00e9es par Nitorlack pour peindre les guitares sont sp\u00e9cialement formul\u00e9es pour les instruments de musique, ce sont des finitions flexibles et s&rsquo;adaptent aux changements de temp\u00e9rature et \u00e0 l&rsquo;expansion et la compression du bois de l&rsquo;instrument, permettant au bois de respirer et favorisant les vibrations.[\/vc_column_text][vc_btn title=\u00a0\u00bbACHETEZ\u00a0\u00bb style=\u00a0\u00bboutline\u00a0\u00bb shape=\u00a0\u00bbsquare\u00a0\u00bb color=\u00a0\u00bbdanger\u00a0\u00bb css=\u00a0\u00bb\u00a0\u00bb link=\u00a0\u00bburl:https%3A%2F%2Fnitorlack.com%2Ffr%2Fvernis%2Fcustom-couleurs-pot%2F\u00a0\u00bb][\/vc_column][\/vc_row][vc_row][vc_column width=\u00a0\u00bb1\/2&Prime;][vc_single_image image=\u00a0\u00bb21073&Prime; img_size=\u00a0\u00bbfull\u00a0\u00bb][\/vc_column][vc_column width=\u00a0\u00bb1\/2&Prime;][vc_custom_heading text=\u00a0\u00bbFINITIONS\u00a0\u00bb font_container=\u00a0\u00bbtag:h2|font_size:45|text_align:left\u00a0\u00bb google_fonts=\u00a0\u00bbfont_family:Open%20Sans%3A300%2C300italic%2Cregular%2Citalic%2C600%2C600italic%2C700%2C700italic%2C800%2C800italic|font_style:700%20bold%20regular%3A700%3Anormal\u00a0\u00bb css=\u00a0\u00bb\u00a0\u00bb][vc_column_text]Les finitions Nitorlack sont des finitions de haute qualit\u00e9, \u00e0 utiliser sur les guitares et les instruments de musique. Nous avons toute technologie \u00e0 appliquer \u00e0 notre guitare, nitrocellulose, polyur\u00e9thane, \u00e0 base d&rsquo;eau et shellac, finition brillante ou mate. Toutes nos finitions de guitare sont de la plus haute qualit\u00e9 et sont utilis\u00e9es dans les finitions d&rsquo;instruments vintage, les travaux de r\u00e9paration et les instruments artisanaux haut de gamme.[\/vc_column_text][vc_btn title=\u00a0\u00bbNITROCELLULOSE\u00a0\u00bb style=\u00a0\u00bboutline\u00a0\u00bb shape=\u00a0\u00bbsquare\u00a0\u00bb color=\u00a0\u00bbdanger\u00a0\u00bb css=\u00a0\u00bb\u00a0\u00bb link=\u00a0\u00bburl:https%3A%2F%2Fnitorlack.com%2Ffr%2Fbarniz%2Ffinitions%2Fnitrocellulose-finitions%2Fnitorlack-lacquer-gloss-2%2F\u00a0\u00bb][vc_btn title=\u00a0\u00bbPOLIURETHANE\u00a0\u00bb style=\u00a0\u00bboutline\u00a0\u00bb shape=\u00a0\u00bbsquare\u00a0\u00bb color=\u00a0\u00bbdanger\u00a0\u00bb css=\u00a0\u00bb\u00a0\u00bb link=\u00a0\u00bburl:https%3A%2F%2Fnitorlack.com%2Ffr%2Fbarniz%2Ffinitions%2Fpolyurethane-fr%2Fnitorpol-lacquer-gloss-2%2F\u00a0\u00bb][vc_btn title=\u00a0\u00bbEAU\u00a0\u00bb style=\u00a0\u00bboutline\u00a0\u00bb shape=\u00a0\u00bbsquare\u00a0\u00bb color=\u00a0\u00bbdanger\u00a0\u00bb css=\u00a0\u00bb\u00a0\u00bb link=\u00a0\u00bburl:https%3A%2F%2Fnitorlack.com%2Ffr%2Fbarniz%2Ffinitions%2Feau-finition%2Fnitoraqua-lacquer-black-matt%2F\u00a0\u00bb][vc_btn title=\u00a0\u00bbSHELLAC\u00a0\u00bb style=\u00a0\u00bboutline\u00a0\u00bb shape=\u00a0\u00bbsquare\u00a0\u00bb color=\u00a0\u00bbdanger\u00a0\u00bb css=\u00a0\u00bb\u00a0\u00bb link=\u00a0\u00bburl:https%3A%2F%2Fnitorlack.com%2Ffr%2Fbarniz%2Ffinitions%2Fshellac-superblonde%2F\u00a0\u00bb][\/vc_column][\/vc_row][vc_row css=\u00a0\u00bb.vc_custom_1542186528126{margin-top: 50px !important;}\u00a0\u00bb][vc_column width=\u00a0\u00bb1\/2&Prime;][vc_single_image image=\u00a0\u00bb21079&Prime; img_size=\u00a0\u00bbfull\u00a0\u00bb][\/vc_column][vc_column width=\u00a0\u00bb1\/2&Prime;][vc_custom_heading text=\u00a0\u00bbSOLVANT\u00a0\u00bb font_container=\u00a0\u00bbtag:h2|font_size:45|text_align:left\u00a0\u00bb google_fonts=\u00a0\u00bbfont_family:Open%20Sans%3A300%2C300italic%2Cregular%2Citalic%2C600%2C600italic%2C700%2C700italic%2C800%2C800italic|font_style:700%20bold%20regular%3A700%3Anormal\u00a0\u00bb css=\u00a0\u00bb\u00a0\u00bb][vc_column_text]Les diluants Nitorlack sont utilis\u00e9s pour diluer toutes nos finitions de guitare \u00e0 base de solvants telles que la nitrocellulose, le polyur\u00e9thane et les colorants.<\/p>\n<p>Nous avons diff\u00e9rents degr\u00e9s d&rsquo;\u00e9vaporation dans nos solvants, d&rsquo;un degr\u00e9 d&rsquo;\u00e9vaporation moyen qui convient \u00e0 la grande majorit\u00e9 des applications \u00e0 un solvant \u00e0 \u00e9vaporation lente pour les environnements o\u00f9 nous avons un taux d&rsquo;humidit\u00e9 \u00e9lev\u00e9 et que nous voulons \u00e9viter les voiles.[\/vc_column_text][vc_btn title=\u00a0\u00bbACHETEZ\u00a0\u00bb style=\u00a0\u00bboutline\u00a0\u00bb shape=\u00a0\u00bbsquare\u00a0\u00bb color=\u00a0\u00bbdanger\u00a0\u00bb css=\u00a0\u00bb\u00a0\u00bb link=\u00a0\u00bburl:https%3A%2F%2Fnitorlack.com%2Ffr%2Fbarniz%2Fdissolvants%2Fdissolvants-fr%2Fsolvent-medium-copiar%2F\u00a0\u00bb][\/vc_column][\/vc_row][vc_row css=\u00a0\u00bb.vc_custom_1542186528126{margin-top: 50px !important;}\u00a0\u00bb][vc_column width=\u00a0\u00bb1\/2&Prime;][vc_single_image image=\u00a0\u00bb21089&Prime; img_size=\u00a0\u00bbfull\u00a0\u00bb][\/vc_column][vc_column width=\u00a0\u00bb1\/2&Prime;][vc_custom_heading text=\u00a0\u00bbACCESORIES\u00a0\u00bb font_container=\u00a0\u00bbtag:h2|font_size:45|text_align:left\u00a0\u00bb google_fonts=\u00a0\u00bbfont_family:Open%20Sans%3A300%2C300italic%2Cregular%2Citalic%2C600%2C600italic%2C700%2C700italic%2C800%2C800italic|font_style:700%20bold%20regular%3A700%3Anormal\u00a0\u00bb css=\u00a0\u00bb\u00a0\u00bb][vc_column_text]Tous les accessoires dont vous avez besoin pour effectuer le travail de finition de votre guitare. Polis, papier de verre, ruban-cache et \u00e9quipement de protection.[\/vc_column_text][vc_btn title=\u00a0\u00bbACHETEZ\u00a0\u00bb style=\u00a0\u00bboutline\u00a0\u00bb shape=\u00a0\u00bbsquare\u00a0\u00bb color=\u00a0\u00bbdanger\u00a0\u00bb css=\u00a0\u00bb\u00a0\u00bb link=\u00a0\u00bburl:https%3A%2F%2Fnitorlack.com%2Ffr%2Fvernis%2Faccessories%2F\u00a0\u00bb][\/vc_column][\/vc_row]<\/p>\n<\/div>","protected":false},"excerpt":{"rendered":"<p>[vc_row css=\u00a0\u00bb.vc_custom_1542186528126{margin-top: 50px !important;}\u00a0\u00bb][vc_column width=\u00a0\u00bb1\/2&Prime;][vc_single_image image=\u00a0\u00bb21055&Prime; img_size=\u00a0\u00bbfull\u00a0\u00bb][\/vc_column][vc_column width=\u00a0\u00bb1\/2&Prime;][vc_custom_heading text=\u00a0\u00bbTEINTURES\u00a0\u00bb font_container=\u00a0\u00bbtag:h2|font_size:45|text_align:left\u00a0\u00bb google_fonts=\u00a0\u00bbfont_family:Open%20Sans%3A300%2C300italic%2Cregular%2Citalic%2C600%2C600italic%2C700%2C700italic%2C800%2C800italic|font_style:700%20bold%20regular%3A700%3Anormal\u00a0\u00bb css=\u00a0\u00bb\u00a0\u00bb][vc_column_text]NitorTINT sont [&hellip;]<\/p>\n","protected":false},"author":1,"featured_media":0,"parent":0,"menu_order":0,"comment_status":"closed","ping_status":"closed","template":"","meta":{"om_disable_all_campaigns":false,"site-sidebar-layout":"no-sidebar","site-content-layout":"plain-container","ast-site-content-layout":"normal-width-container","site-content-style":"unboxed","site-sidebar-style":"unboxed","ast-global-header-display":"","ast-banner-title-visibility":"","ast-main-header-display":"","ast-hfb-above-header-display":"","ast-hfb-below-header-display":"","ast-hfb-mobile-header-display":"","site-post-title":"disabled","ast-breadcrumbs-content":"","ast-featured-img":"disabled","footer-sml-layout":"","ast-disable-related-posts":"","theme-transparent-header-meta":"default","adv-header-id-meta":"","stick-header-meta":"default","header-above-stick-meta":"","header-main-stick-meta":"","header-below-stick-meta":"","astra-migrate-meta-layouts":"set","ast-page-background-enabled":"default","ast-page-background-meta":{"desktop":{"background-color":"var(--ast-global-color-4)","background-image":"","background-repeat":"repeat","background-position":"center center","background-size":"auto","background-attachment":"scroll","background-type":"","background-media":"","overlay-type":"","overlay-color":"","overlay-opacity":"","overlay-gradient":""},"tablet":{"background-color":"","background-image":"","background-repeat":"repeat","background-position":"center center","background-size":"auto","background-attachment":"scroll","background-type":"","background-media":"","overlay-type":"","overlay-color":"","overlay-opacity":"","overlay-gradient":""},"mobile":{"background-color":"","background-image":"","background-repeat":"repeat","background-position":"center center","background-size":"auto","background-attachment":"scroll","background-type":"","background-media":"","overlay-type":"","overlay-color":"","overlay-opacity":"","overlay-gradient":""}},"ast-content-background-meta":{"desktop":{"background-color":"var(--ast-global-color-5)","background-image":"","background-repeat":"repeat","background-position":"center center","background-size":"auto","background-attachment":"scroll","background-type":"","background-media":"","overlay-type":"","overlay-color":"","overlay-opacity":"","overlay-gradient":""},"tablet":{"background-color":"var(--ast-global-color-5)","background-image":"","background-repeat":"repeat","background-position":"center center","background-size":"auto","background-attachment":"scroll","background-type":"","background-media":"","overlay-type":"","overlay-color":"","overlay-opacity":"","overlay-gradient":""},"mobile":{"background-color":"var(--ast-global-color-5)","background-image":"","background-repeat":"repeat","background-position":"center center","background-size":"auto","background-attachment":"scroll","background-type":"","background-media":"","overlay-type":"","overlay-color":"","overlay-opacity":"","overlay-gradient":""}},"footnotes":""},"class_list":["post-47826","page","type-page","status-publish","hentry"],"yoast_head":"<!-- This site is optimized with the Yoast SEO plugin v27.3 - https:\/\/yoast.com\/product\/yoast-seo-wordpress\/ -->\n<title>Catalogue | NitorLACK<\/title>\n<meta name=\"description\" content=\"| a\u00e9rosol de nitrocellulose et peinture guitare NitorLACK\" \/>\n<meta name=\"robots\" content=\"index, follow, max-snippet:-1, max-image-preview:large, max-video-preview:-1\" \/>\n<link rel=\"canonical\" href=\"https:\/\/nitorlack.com\/fr\/catalogue\/\" \/>\n<meta property=\"og:locale\" content=\"fr_FR\" \/>\n<meta property=\"og:type\" content=\"article\" \/>\n<meta property=\"og:title\" content=\"Catalogue | NitorLACK\" \/>\n<meta property=\"og:description\" content=\"| a\u00e9rosol de nitrocellulose et peinture guitare NitorLACK\" \/>\n<meta property=\"og:url\" content=\"https:\/\/nitorlack.com\/fr\/catalogue\/\" \/>\n<meta property=\"og:site_name\" content=\"Nitorlack\" \/>\n<meta property=\"article:modified_time\" content=\"2024-10-18T13:12:19+00:00\" \/>\n<meta name=\"twitter:card\" content=\"summary_large_image\" \/>\n<meta name=\"twitter:label1\" content=\"Dur\u00e9e de lecture estim\u00e9e\" \/>\n\t<meta name=\"twitter:data1\" content=\"6 minutes\" \/>\n<script type=\"application\/ld+json\" class=\"yoast-schema-graph\">{\"@context\":\"https:\\\/\\\/schema.org\",\"@graph\":[{\"@type\":\"WebPage\",\"@id\":\"https:\\\/\\\/nitorlack.com\\\/fr\\\/catalogue\\\/\",\"url\":\"https:\\\/\\\/nitorlack.com\\\/fr\\\/catalogue\\\/\",\"name\":\"Catalogue | NitorLACK\",\"isPartOf\":{\"@id\":\"https:\\\/\\\/nitorlack.com\\\/fr\\\/#website\"},\"datePublished\":\"2021-05-25T12:18:58+00:00\",\"dateModified\":\"2024-10-18T13:12:19+00:00\",\"description\":\"| a\u00e9rosol de nitrocellulose et peinture guitare NitorLACK\",\"breadcrumb\":{\"@id\":\"https:\\\/\\\/nitorlack.com\\\/fr\\\/catalogue\\\/#breadcrumb\"},\"inLanguage\":\"fr-FR\",\"potentialAction\":[{\"@type\":\"ReadAction\",\"target\":[\"https:\\\/\\\/nitorlack.com\\\/fr\\\/catalogue\\\/\"]}]},{\"@type\":\"BreadcrumbList\",\"@id\":\"https:\\\/\\\/nitorlack.com\\\/fr\\\/catalogue\\\/#breadcrumb\",\"itemListElement\":[{\"@type\":\"ListItem\",\"position\":1,\"name\":\"Page de Couverture\",\"item\":\"https:\\\/\\\/nitorlack.com\\\/fr\\\/\"},{\"@type\":\"ListItem\",\"position\":2,\"name\":\"Catalogue\"}]},{\"@type\":\"WebSite\",\"@id\":\"https:\\\/\\\/nitorlack.com\\\/fr\\\/#website\",\"url\":\"https:\\\/\\\/nitorlack.com\\\/fr\\\/\",\"name\":\"Nitorlack\",\"description\":\"Guitar Lacquers\",\"publisher\":{\"@id\":\"https:\\\/\\\/nitorlack.com\\\/fr\\\/#organization\"},\"potentialAction\":[{\"@type\":\"SearchAction\",\"target\":{\"@type\":\"EntryPoint\",\"urlTemplate\":\"https:\\\/\\\/nitorlack.com\\\/fr\\\/?s={search_term_string}\"},\"query-input\":{\"@type\":\"PropertyValueSpecification\",\"valueRequired\":true,\"valueName\":\"search_term_string\"}}],\"inLanguage\":\"fr-FR\"},{\"@type\":\"Organization\",\"@id\":\"https:\\\/\\\/nitorlack.com\\\/fr\\\/#organization\",\"name\":\"Nitorlack\",\"url\":\"https:\\\/\\\/nitorlack.com\\\/fr\\\/\",\"logo\":{\"@type\":\"ImageObject\",\"inLanguage\":\"fr-FR\",\"@id\":\"https:\\\/\\\/nitorlack.com\\\/fr\\\/#\\\/schema\\\/logo\\\/image\\\/\",\"url\":\"http:\\\/\\\/nitorlack.com\\\/wp-content\\\/uploads\\\/2016\\\/02\\\/cropped-galleta-negra-1.jpg\",\"contentUrl\":\"http:\\\/\\\/nitorlack.com\\\/wp-content\\\/uploads\\\/2016\\\/02\\\/cropped-galleta-negra-1.jpg\",\"width\":512,\"height\":512,\"caption\":\"Nitorlack\"},\"image\":{\"@id\":\"https:\\\/\\\/nitorlack.com\\\/fr\\\/#\\\/schema\\\/logo\\\/image\\\/\"}}]}<\/script>\n<!-- \/ Yoast SEO plugin. -->","yoast_head_json":{"title":"Catalogue | NitorLACK","description":"| a\u00e9rosol de nitrocellulose et peinture guitare NitorLACK","robots":{"index":"index","follow":"follow","max-snippet":"max-snippet:-1","max-image-preview":"max-image-preview:large","max-video-preview":"max-video-preview:-1"},"canonical":"https:\/\/nitorlack.com\/fr\/catalogue\/","og_locale":"fr_FR","og_type":"article","og_title":"Catalogue | NitorLACK","og_description":"| a\u00e9rosol de nitrocellulose et peinture guitare NitorLACK","og_url":"https:\/\/nitorlack.com\/fr\/catalogue\/","og_site_name":"Nitorlack","article_modified_time":"2024-10-18T13:12:19+00:00","twitter_card":"summary_large_image","twitter_misc":{"Dur\u00e9e de lecture estim\u00e9e":"6 minutes"},"schema":{"@context":"https:\/\/schema.org","@graph":[{"@type":"WebPage","@id":"https:\/\/nitorlack.com\/fr\/catalogue\/","url":"https:\/\/nitorlack.com\/fr\/catalogue\/","name":"Catalogue | NitorLACK","isPartOf":{"@id":"https:\/\/nitorlack.com\/fr\/#website"},"datePublished":"2021-05-25T12:18:58+00:00","dateModified":"2024-10-18T13:12:19+00:00","description":"| a\u00e9rosol de nitrocellulose et peinture guitare NitorLACK","breadcrumb":{"@id":"https:\/\/nitorlack.com\/fr\/catalogue\/#breadcrumb"},"inLanguage":"fr-FR","potentialAction":[{"@type":"ReadAction","target":["https:\/\/nitorlack.com\/fr\/catalogue\/"]}]},{"@type":"BreadcrumbList","@id":"https:\/\/nitorlack.com\/fr\/catalogue\/#breadcrumb","itemListElement":[{"@type":"ListItem","position":1,"name":"Page de Couverture","item":"https:\/\/nitorlack.com\/fr\/"},{"@type":"ListItem","position":2,"name":"Catalogue"}]},{"@type":"WebSite","@id":"https:\/\/nitorlack.com\/fr\/#website","url":"https:\/\/nitorlack.com\/fr\/","name":"Nitorlack","description":"Guitar Lacquers","publisher":{"@id":"https:\/\/nitorlack.com\/fr\/#organization"},"potentialAction":[{"@type":"SearchAction","target":{"@type":"EntryPoint","urlTemplate":"https:\/\/nitorlack.com\/fr\/?s={search_term_string}"},"query-input":{"@type":"PropertyValueSpecification","valueRequired":true,"valueName":"search_term_string"}}],"inLanguage":"fr-FR"},{"@type":"Organization","@id":"https:\/\/nitorlack.com\/fr\/#organization","name":"Nitorlack","url":"https:\/\/nitorlack.com\/fr\/","logo":{"@type":"ImageObject","inLanguage":"fr-FR","@id":"https:\/\/nitorlack.com\/fr\/#\/schema\/logo\/image\/","url":"http:\/\/nitorlack.com\/wp-content\/uploads\/2016\/02\/cropped-galleta-negra-1.jpg","contentUrl":"http:\/\/nitorlack.com\/wp-content\/uploads\/2016\/02\/cropped-galleta-negra-1.jpg","width":512,"height":512,"caption":"Nitorlack"},"image":{"@id":"https:\/\/nitorlack.com\/fr\/#\/schema\/logo\/image\/"}}]}},"_links":{"self":[{"href":"https:\/\/nitorlack.com\/fr\/wp-json\/wp\/v2\/pages\/47826","targetHints":{"allow":["GET"]}}],"collection":[{"href":"https:\/\/nitorlack.com\/fr\/wp-json\/wp\/v2\/pages"}],"about":[{"href":"https:\/\/nitorlack.com\/fr\/wp-json\/wp\/v2\/types\/page"}],"author":[{"embeddable":true,"href":"https:\/\/nitorlack.com\/fr\/wp-json\/wp\/v2\/users\/1"}],"replies":[{"embeddable":true,"href":"https:\/\/nitorlack.com\/fr\/wp-json\/wp\/v2\/comments?post=47826"}],"version-history":[{"count":2,"href":"https:\/\/nitorlack.com\/fr\/wp-json\/wp\/v2\/pages\/47826\/revisions"}],"predecessor-version":[{"id":75619,"href":"https:\/\/nitorlack.com\/fr\/wp-json\/wp\/v2\/pages\/47826\/revisions\/75619"}],"wp:attachment":[{"href":"https:\/\/nitorlack.com\/fr\/wp-json\/wp\/v2\/media?parent=47826"}],"curies":[{"name":"wp","href":"https:\/\/api.w.org\/{rel}","templated":true}]}}