{"id":4208,"date":"2016-04-06T22:42:04","date_gmt":"2016-04-06T22:42:04","guid":{"rendered":"http:\/\/nitorlack.com\/fr\/fiches-techniques\/finitions-fiches-techniques\/120139-nitorpol-brillo\/"},"modified":"2016-04-07T14:15:56","modified_gmt":"2016-04-07T14:15:56","slug":"120139-nitorpol-brillo","status":"publish","type":"page","link":"https:\/\/nitorlack.com\/fr\/fiches-techniques\/finitions-fiches-techniques\/120139-nitorpol-brillo\/","title":{"rendered":"120139 &#8211; NitorPOL Gloss"},"content":{"rendered":"<h3>MODE D\u2019EMPLOI<\/h3>\n<p>Finition de haute brillance de deux composants pour peindre des guitares. L\u2019excellence du corps, de la duret\u00e9 et de l\u2019\u00e9lasticit\u00e9, qualit\u00e9s auxquelles il faut ajouter une transparence \u00e9lev\u00e9e donne une sensation de profondeur du film sur la guitare impossible \u00e0 r\u00e9aliser avec la nitrocellulose, l\u2019eau ou la gomme laque. De plus, la sensation de brillance et de corps est atteinte avec peu de quantit\u00e9 de produit.<\/p>\n<p>De telles caract\u00e9ristiques en font un produit sp\u00e9cialement con\u00e7u pour des instruments qui requi\u00e8rent une haute brillante dans leur finition, comme les guitares ou les pianos par exemple.<\/p>\n<p>La grande r\u00e9sistance de la laque polyur\u00e9thane aux impacts et aux rayures offre une protection, une garantie et une dur\u00e9e de vie maximales \u00e0 la guitare.<\/p>\n<p>Le produit est aussi recommand\u00e9 lorsque vous souhaitez terminer rapidement le processus de peignage, puisqu\u2019il est polissable d\u00e8s 48 heures.<\/p>\n<p>Cette peinture laqu\u00e9e \u00e0 base de polyur\u00e9thane peut \u00eatre utilis\u00e9e comme seul vernis pour tout le processus. Il n\u2019est pas n\u00e9cessaire d\u2019utiliser une peinture d\u2019impression ou un enduit, sauf si le bois \u00e0 vernir est tr\u00e8s r\u00e9sineux.<\/p>\n<h3><\/h3>\n<h3>NORMES D\u2019APPLICATION ET CONSEILS PRATIQUES<\/h3>\n<p>M\u00e9langer 2 portions de la peinture laqu\u00e9e 120139 Haute Brillance Guitares \u00e0 base de polyur\u00e9thane avec une portion de l\u2019agent durcissant 100144 Valpon E 004 en volume.<\/p>\n<p>Peut s\u2019appliquer en pistolet, Calderin, Airless et Aimix.<\/p>\n<p>Pour des syst\u00e8mes d\u2019a\u00e9rographies traditionnelles, utiliser des t\u00eates de 2 \u00e0 2,5 mm et de pression 2,5 \u2013 3 Atm.<\/p>\n<ul>\n<li>Viscosit\u00e9 du m\u00e9lange\u00a0: 15\u201c DIN\u00a0 4<\/li>\n<li>Dissolvant : 540421 : Valdis Dissolvant Universal Evaporation Moyenne<\/li>\n<li>Grammage conseill\u00e9 pour chaque couche : 140gr\/cm<sup>2<\/sup>.<\/li>\n<\/ul>\n<p>Pour permettre une parfaite a\u00e9ration et une bonne extensibilit\u00e9 du film lorsque vous travaillez dans des environnements chauds, diluer jusqu\u2019\u00e0 5 \u2013 7% avec 540424 Dissolvant Evaporation Lente.<\/p>\n<p>Pour obtenir la meilleure brillance, le bois doit \u00eatre bien tamponn\u00e9 et bien ponc\u00e9. Toujours ponc\u00e9 imm\u00e9diatement avant de recommencer \u00e0 peindre.<\/p>\n<p>Pour obtenir une haute brillance nous vous recommandons d\u2019utiliser du papier de verre tr\u00e8s fin entre chaque couche, et de faire particuli\u00e8rement attention aux derni\u00e8res couches. Vous pouvez commencez avec du grain 800 et monter progressivement de couche en couche jusqu\u2019\u00e0 un grain 2000.<\/p>\n<p>Cette laque \u00e0 base de polyur\u00e9thane peut \u00eatre poli 48 heures apr\u00e8s le s\u00e9chage total.<\/p>\n<h3><\/h3>\n<h3>CARACTERISTIQUES TECHNIQUES<\/h3>\n<ul>\n<li>Brillance du 120139 \u00e0 angle de 60 \u00b0\u00a0: 100%<\/li>\n<li>Viscosit\u00e9 du produit\u00a0: 14\u201c &#8211; 19\u201c DIN\u00a0 4 \u00e0 20 \u00b0 C<\/li>\n<li>S\u00e9chage poussi\u00e8re 120 micros, support inerte \u00e0 20\u00b0C\u00a0: 90 minutes<\/li>\n<li>S\u00e9chage au toucher 120 micros, support inerte \u00e0 20\u00b0C\u00a0: 2 heures.<\/li>\n<li>S\u00e9chage total 120 micros, support inerte \u00e0 20\u00b0C\u00a0: 5 heures<\/li>\n<li>La dur\u00e9e de vie du m\u00e9lange 2\/1 avec le 190004 est de 4 heures.<\/li>\n<li>Attendre 24 h \u00e0 partir de la premi\u00e8re couche avant de pouvoir repeindre la guitare, en pon\u00e7ant avant de repeindre.\n<ul>\n<li>COV\u2019s (% poids): 68<\/li>\n<\/ul>\n<\/li>\n<\/ul>\n<h3><\/h3>\n<h3>PRECAUTIONS<\/h3>\n<p>Eviter les courants d\u2019air pendant le s\u00e9chage du produit car ils acc\u00e9l\u00e8rent le s\u00e9chage de la surface du film et cr\u00e9ent des probl\u00e8mes de d\u00e9gazage, d\u2019ondulations et de manque d\u2019extensibilit\u00e9. Faire particuli\u00e8rement attention aux cabines pressuris\u00e9es dont l\u2019arriv\u00e9e d\u2019air peut \u00eatre parfois dirig\u00e9e vers des pi\u00e8ces en train de s\u00e9cher.<\/p>\n<p>Produit p\u00e9rim\u00e9 en 18 mois.<\/p>\n<p>Concernant la dangerosit\u00e9 et la toxicit\u00e9 du produit, nous recommandons de lire sa Fiche de Donn\u00e9es de S\u00e9curit\u00e9 avant de l\u2019utiliser.<\/p>\n<p>En raison de la vari\u00e9t\u00e9 des situations de travail, toutes les donn\u00e9es v\u00e9hicul\u00e9es dans ce document doivent \u00eatre conforme aux conditions de fabrication et de manipulation respectives au travail de l\u2019usager. ValResa garantie la qualit\u00e9 de ses produits conform\u00e9ment aux Conditions G\u00e9n\u00e9rales de Vente et d\u2019Approvisionnement.<\/p>\n<p><span style=\"line-height: 1.5;\">y<\/span><\/p>\n","protected":false},"excerpt":{"rendered":"<p>MODE D\u2019EMPLOI Finition de haute brillance de deux composants pour peindre des guitares. [&hellip;]<\/p>\n","protected":false},"author":1,"featured_media":0,"parent":4129,"menu_order":0,"comment_status":"closed","ping_status":"closed","template":"","meta":{"om_disable_all_campaigns":false,"site-sidebar-layout":"default","site-content-layout":"","ast-site-content-layout":"default","site-content-style":"default","site-sidebar-style":"default","ast-global-header-display":"","ast-banner-title-visibility":"","ast-main-header-display":"","ast-hfb-above-header-display":"","ast-hfb-below-header-display":"","ast-hfb-mobile-header-display":"","site-post-title":"","ast-breadcrumbs-content":"","ast-featured-img":"","footer-sml-layout":"","ast-disable-related-posts":"","theme-transparent-header-meta":"","adv-header-id-meta":"","stick-header-meta":"","header-above-stick-meta":"","header-main-stick-meta":"","header-below-stick-meta":"","astra-migrate-meta-layouts":"default","ast-page-background-enabled":"default","ast-page-background-meta":{"desktop":{"background-color":"var(--ast-global-color-4)","background-image":"","background-repeat":"repeat","background-position":"center center","background-size":"auto","background-attachment":"scroll","background-type":"","background-media":"","overlay-type":"","overlay-color":"","overlay-opacity":"","overlay-gradient":""},"tablet":{"background-color":"","background-image":"","background-repeat":"repeat","background-position":"center center","background-size":"auto","background-attachment":"scroll","background-type":"","background-media":"","overlay-type":"","overlay-color":"","overlay-opacity":"","overlay-gradient":""},"mobile":{"background-color":"","background-image":"","background-repeat":"repeat","background-position":"center center","background-size":"auto","background-attachment":"scroll","background-type":"","background-media":"","overlay-type":"","overlay-color":"","overlay-opacity":"","overlay-gradient":""}},"ast-content-background-meta":{"desktop":{"background-color":"var(--ast-global-color-5)","background-image":"","background-repeat":"repeat","background-position":"center center","background-size":"auto","background-attachment":"scroll","background-type":"","background-media":"","overlay-type":"","overlay-color":"","overlay-opacity":"","overlay-gradient":""},"tablet":{"background-color":"var(--ast-global-color-5)","background-image":"","background-repeat":"repeat","background-position":"center center","background-size":"auto","background-attachment":"scroll","background-type":"","background-media":"","overlay-type":"","overlay-color":"","overlay-opacity":"","overlay-gradient":""},"mobile":{"background-color":"var(--ast-global-color-5)","background-image":"","background-repeat":"repeat","background-position":"center center","background-size":"auto","background-attachment":"scroll","background-type":"","background-media":"","overlay-type":"","overlay-color":"","overlay-opacity":"","overlay-gradient":""}},"footnotes":""},"class_list":["post-4208","page","type-page","status-publish","hentry"],"yoast_head":"<!-- This site is optimized with the Yoast SEO plugin v27.5 - https:\/\/yoast.com\/product\/yoast-seo-wordpress\/ -->\n<title>120139 - NitorPOL Gloss | NitorLACK<\/title>\n<meta name=\"description\" content=\"a\u00e9rosol de nitrocellulose et peinture guitare NitorLACK\" \/>\n<meta name=\"robots\" content=\"index, follow, max-snippet:-1, max-image-preview:large, max-video-preview:-1\" \/>\n<link rel=\"canonical\" href=\"https:\/\/nitorlack.com\/fr\/fiches-techniques\/finitions-fiches-techniques\/120139-nitorpol-brillo\/\" \/>\n<meta property=\"og:locale\" content=\"fr_FR\" \/>\n<meta property=\"og:type\" content=\"article\" \/>\n<meta property=\"og:title\" content=\"120139 - NitorPOL Gloss | NitorLACK\" \/>\n<meta property=\"og:description\" content=\"a\u00e9rosol de nitrocellulose et peinture guitare NitorLACK\" \/>\n<meta property=\"og:url\" content=\"https:\/\/nitorlack.com\/fr\/fiches-techniques\/finitions-fiches-techniques\/120139-nitorpol-brillo\/\" \/>\n<meta property=\"og:site_name\" content=\"Nitorlack\" \/>\n<meta property=\"article:modified_time\" content=\"2016-04-07T14:15:56+00:00\" \/>\n<meta name=\"twitter:card\" content=\"summary_large_image\" \/>\n<meta name=\"twitter:label1\" content=\"Dur\u00e9e de lecture estim\u00e9e\" \/>\n\t<meta name=\"twitter:data1\" content=\"3 minutes\" \/>\n<script type=\"application\/ld+json\" class=\"yoast-schema-graph\">{\"@context\":\"https:\\\/\\\/schema.org\",\"@graph\":[{\"@type\":\"WebPage\",\"@id\":\"https:\\\/\\\/nitorlack.com\\\/fr\\\/fiches-techniques\\\/finitions-fiches-techniques\\\/120139-nitorpol-brillo\\\/\",\"url\":\"https:\\\/\\\/nitorlack.com\\\/fr\\\/fiches-techniques\\\/finitions-fiches-techniques\\\/120139-nitorpol-brillo\\\/\",\"name\":\"120139 - NitorPOL Gloss | NitorLACK\",\"isPartOf\":{\"@id\":\"https:\\\/\\\/nitorlack.com\\\/fr\\\/#website\"},\"datePublished\":\"2016-04-06T22:42:04+00:00\",\"dateModified\":\"2016-04-07T14:15:56+00:00\",\"description\":\"a\u00e9rosol de nitrocellulose et peinture guitare NitorLACK\",\"breadcrumb\":{\"@id\":\"https:\\\/\\\/nitorlack.com\\\/fr\\\/fiches-techniques\\\/finitions-fiches-techniques\\\/120139-nitorpol-brillo\\\/#breadcrumb\"},\"inLanguage\":\"fr-FR\",\"potentialAction\":[{\"@type\":\"ReadAction\",\"target\":[\"https:\\\/\\\/nitorlack.com\\\/fr\\\/fiches-techniques\\\/finitions-fiches-techniques\\\/120139-nitorpol-brillo\\\/\"]}]},{\"@type\":\"BreadcrumbList\",\"@id\":\"https:\\\/\\\/nitorlack.com\\\/fr\\\/fiches-techniques\\\/finitions-fiches-techniques\\\/120139-nitorpol-brillo\\\/#breadcrumb\",\"itemListElement\":[{\"@type\":\"ListItem\",\"position\":1,\"name\":\"Page de Couverture\",\"item\":\"https:\\\/\\\/nitorlack.com\\\/fr\\\/\"},{\"@type\":\"ListItem\",\"position\":2,\"name\":\"Fiches Techniques\",\"item\":\"https:\\\/\\\/nitorlack.com\\\/fr\\\/fiches-techniques\\\/\"},{\"@type\":\"ListItem\",\"position\":3,\"name\":\"Finitions Fiches Techniques\",\"item\":\"https:\\\/\\\/nitorlack.com\\\/fr\\\/fiches-techniques\\\/finitions-fiches-techniques\\\/\"},{\"@type\":\"ListItem\",\"position\":4,\"name\":\"120139 &#8211; NitorPOL Gloss\"}]},{\"@type\":\"WebSite\",\"@id\":\"https:\\\/\\\/nitorlack.com\\\/fr\\\/#website\",\"url\":\"https:\\\/\\\/nitorlack.com\\\/fr\\\/\",\"name\":\"Nitorlack\",\"description\":\"Guitar Lacquers\",\"publisher\":{\"@id\":\"https:\\\/\\\/nitorlack.com\\\/fr\\\/#organization\"},\"potentialAction\":[{\"@type\":\"SearchAction\",\"target\":{\"@type\":\"EntryPoint\",\"urlTemplate\":\"https:\\\/\\\/nitorlack.com\\\/fr\\\/?s={search_term_string}\"},\"query-input\":{\"@type\":\"PropertyValueSpecification\",\"valueRequired\":true,\"valueName\":\"search_term_string\"}}],\"inLanguage\":\"fr-FR\"},{\"@type\":\"Organization\",\"@id\":\"https:\\\/\\\/nitorlack.com\\\/fr\\\/#organization\",\"name\":\"Nitorlack\",\"url\":\"https:\\\/\\\/nitorlack.com\\\/fr\\\/\",\"logo\":{\"@type\":\"ImageObject\",\"inLanguage\":\"fr-FR\",\"@id\":\"https:\\\/\\\/nitorlack.com\\\/fr\\\/#\\\/schema\\\/logo\\\/image\\\/\",\"url\":\"http:\\\/\\\/nitorlack.com\\\/wp-content\\\/uploads\\\/2016\\\/02\\\/cropped-galleta-negra-1.jpg\",\"contentUrl\":\"http:\\\/\\\/nitorlack.com\\\/wp-content\\\/uploads\\\/2016\\\/02\\\/cropped-galleta-negra-1.jpg\",\"width\":512,\"height\":512,\"caption\":\"Nitorlack\"},\"image\":{\"@id\":\"https:\\\/\\\/nitorlack.com\\\/fr\\\/#\\\/schema\\\/logo\\\/image\\\/\"}}]}<\/script>\n<!-- \/ Yoast SEO plugin. -->","yoast_head_json":{"title":"120139 - NitorPOL Gloss | NitorLACK","description":"a\u00e9rosol de nitrocellulose et peinture guitare NitorLACK","robots":{"index":"index","follow":"follow","max-snippet":"max-snippet:-1","max-image-preview":"max-image-preview:large","max-video-preview":"max-video-preview:-1"},"canonical":"https:\/\/nitorlack.com\/fr\/fiches-techniques\/finitions-fiches-techniques\/120139-nitorpol-brillo\/","og_locale":"fr_FR","og_type":"article","og_title":"120139 - NitorPOL Gloss | NitorLACK","og_description":"a\u00e9rosol de nitrocellulose et peinture guitare NitorLACK","og_url":"https:\/\/nitorlack.com\/fr\/fiches-techniques\/finitions-fiches-techniques\/120139-nitorpol-brillo\/","og_site_name":"Nitorlack","article_modified_time":"2016-04-07T14:15:56+00:00","twitter_card":"summary_large_image","twitter_misc":{"Dur\u00e9e de lecture estim\u00e9e":"3 minutes"},"schema":{"@context":"https:\/\/schema.org","@graph":[{"@type":"WebPage","@id":"https:\/\/nitorlack.com\/fr\/fiches-techniques\/finitions-fiches-techniques\/120139-nitorpol-brillo\/","url":"https:\/\/nitorlack.com\/fr\/fiches-techniques\/finitions-fiches-techniques\/120139-nitorpol-brillo\/","name":"120139 - NitorPOL Gloss | NitorLACK","isPartOf":{"@id":"https:\/\/nitorlack.com\/fr\/#website"},"datePublished":"2016-04-06T22:42:04+00:00","dateModified":"2016-04-07T14:15:56+00:00","description":"a\u00e9rosol de nitrocellulose et peinture guitare NitorLACK","breadcrumb":{"@id":"https:\/\/nitorlack.com\/fr\/fiches-techniques\/finitions-fiches-techniques\/120139-nitorpol-brillo\/#breadcrumb"},"inLanguage":"fr-FR","potentialAction":[{"@type":"ReadAction","target":["https:\/\/nitorlack.com\/fr\/fiches-techniques\/finitions-fiches-techniques\/120139-nitorpol-brillo\/"]}]},{"@type":"BreadcrumbList","@id":"https:\/\/nitorlack.com\/fr\/fiches-techniques\/finitions-fiches-techniques\/120139-nitorpol-brillo\/#breadcrumb","itemListElement":[{"@type":"ListItem","position":1,"name":"Page de Couverture","item":"https:\/\/nitorlack.com\/fr\/"},{"@type":"ListItem","position":2,"name":"Fiches Techniques","item":"https:\/\/nitorlack.com\/fr\/fiches-techniques\/"},{"@type":"ListItem","position":3,"name":"Finitions Fiches Techniques","item":"https:\/\/nitorlack.com\/fr\/fiches-techniques\/finitions-fiches-techniques\/"},{"@type":"ListItem","position":4,"name":"120139 &#8211; NitorPOL Gloss"}]},{"@type":"WebSite","@id":"https:\/\/nitorlack.com\/fr\/#website","url":"https:\/\/nitorlack.com\/fr\/","name":"Nitorlack","description":"Guitar Lacquers","publisher":{"@id":"https:\/\/nitorlack.com\/fr\/#organization"},"potentialAction":[{"@type":"SearchAction","target":{"@type":"EntryPoint","urlTemplate":"https:\/\/nitorlack.com\/fr\/?s={search_term_string}"},"query-input":{"@type":"PropertyValueSpecification","valueRequired":true,"valueName":"search_term_string"}}],"inLanguage":"fr-FR"},{"@type":"Organization","@id":"https:\/\/nitorlack.com\/fr\/#organization","name":"Nitorlack","url":"https:\/\/nitorlack.com\/fr\/","logo":{"@type":"ImageObject","inLanguage":"fr-FR","@id":"https:\/\/nitorlack.com\/fr\/#\/schema\/logo\/image\/","url":"http:\/\/nitorlack.com\/wp-content\/uploads\/2016\/02\/cropped-galleta-negra-1.jpg","contentUrl":"http:\/\/nitorlack.com\/wp-content\/uploads\/2016\/02\/cropped-galleta-negra-1.jpg","width":512,"height":512,"caption":"Nitorlack"},"image":{"@id":"https:\/\/nitorlack.com\/fr\/#\/schema\/logo\/image\/"}}]}},"_links":{"self":[{"href":"https:\/\/nitorlack.com\/fr\/wp-json\/wp\/v2\/pages\/4208","targetHints":{"allow":["GET"]}}],"collection":[{"href":"https:\/\/nitorlack.com\/fr\/wp-json\/wp\/v2\/pages"}],"about":[{"href":"https:\/\/nitorlack.com\/fr\/wp-json\/wp\/v2\/types\/page"}],"author":[{"embeddable":true,"href":"https:\/\/nitorlack.com\/fr\/wp-json\/wp\/v2\/users\/1"}],"replies":[{"embeddable":true,"href":"https:\/\/nitorlack.com\/fr\/wp-json\/wp\/v2\/comments?post=4208"}],"version-history":[{"count":0,"href":"https:\/\/nitorlack.com\/fr\/wp-json\/wp\/v2\/pages\/4208\/revisions"}],"up":[{"embeddable":true,"href":"https:\/\/nitorlack.com\/fr\/wp-json\/wp\/v2\/pages\/4129"}],"wp:attachment":[{"href":"https:\/\/nitorlack.com\/fr\/wp-json\/wp\/v2\/media?parent=4208"}],"curies":[{"name":"wp","href":"https:\/\/api.w.org\/{rel}","templated":true}]}}