{"id":4135,"date":"2016-04-06T22:38:54","date_gmt":"2016-04-06T22:38:54","guid":{"rendered":"http:\/\/nitorlack.com\/fr\/fiches-techniques\/finitions-fiches-techniques\/120138-nitorpol-matt\/"},"modified":"2016-04-06T23:23:35","modified_gmt":"2016-04-06T23:23:35","slug":"120138-nitorpol-mat","status":"publish","type":"page","link":"https:\/\/nitorlack.com\/fr\/fiches-techniques\/finitions-fiches-techniques\/120138-nitorpol-mat\/","title":{"rendered":"120138 &#8211; NitorPOL Mat"},"content":{"rendered":"<p>MODE D\u2019EMPLOI<\/p>\n<p>Finition mat transparent \u00e0 base de polyur\u00e9thane, de deux composants. Excellente texture et s\u00e9chage rapide. Sa bonne r\u00e9sistance aux rayures, son excellente extensibilit\u00e9 et l\u2019uniformit\u00e9 de la coloration en font un produit parfait pour la peinture d\u2019instruments musicaux, comme les guitares, les basses, les violons, etc.<br \/>\nSes deux composants offrent \u00e0 ce vernis une tr\u00e8s bonne r\u00e9sistance chimique face aux produits domestiques, et physique face aux impacts et aux frottements, garantissant une protection et une dur\u00e9e de vie maximales \u00e0 la guitare.<br \/>\nObtenez de tr\u00e8s bons rev\u00eatements uniformes avec peu de quantit\u00e9 \u00e0 l\u2019application.<br \/>\nAppliquer sur des supports pr\u00e9alablement tamponn\u00e9s et enduits.<br \/>\nRecommand\u00e9 pour peindre tout type d\u2019instruments de musiques, aussi bien en bois massif qu\u2019en planches.<br \/>\nAvec le temps, ce produit prend un ton l\u00e9g\u00e8rement jaune\/miel donnant un aspect vintage tr\u00e8s appr\u00e9ci\u00e9.<\/p>\n<p>NORMES D\u2019APPLICATION ET CONSEILS PRATIQUES<\/p>\n<p>M\u00e9langer 2 portions de la peinture laqu\u00e9e 120138 Mat Guitares \u00e0 base de polyur\u00e9thane avec une portion de l\u2019agent durcissant 100144 Valpon E 144, toujours en volume.<br \/>\nPeut s\u2019appliquer en pistolet, Calderin, Airless, Aimix et Electrostatique.<br \/>\nPour des syst\u00e8mes d\u2019a\u00e9rographies traditionnelles, utiliser des t\u00eates de 1,5 \u00e0 1,8 mm et de pression 2,5 \u2013 3 Atm. Pour Airmix une t\u00eate de 0,4 mm, une pression mat\u00e9rielle de 3 Atm et une pression d\u2019air de 3 Atm \u00e9galement.<br \/>\nPour obtenir une bonne finition toujours travailler entre 10 et 25 \u00b0C et entre 50 et 75% d\u2019humidit\u00e9.<br \/>\nEn fonction de l\u2019\u00e9quipement d\u2019application utilis\u00e9 et des conditions environnementales, vous devrez ajuster le type et la quantit\u00e9 de dissolvant \u00e0 employer. Cependant, en guise de r\u00e8gle g\u00e9n\u00e9rale, utiliser le 540421 Dissolvant \u00e0 Evaporation Moyenne, environ 5 \u2013 10%. En cas de temp\u00e9ratures \u00e9lev\u00e9es, r\u00e9\u00e9valuer avec 5 \u2013 7% de 540424 Dissolvant Evaporation Lente, qui permet une meilleure extensibilit\u00e9 et une meilleure a\u00e9ration.<br \/>\nInformation sur le produit:<br \/>\nSec au toucher, 120 micros sur un support inerte 45 minutes \u00e0 20\u00b0C.<br \/>\nLa dur\u00e9e de vie du m\u00e9lange avec le 100144 est de 8 heures.<br \/>\nPour repeindre, poncer tr\u00e8s attentivement le produit.<br \/>\nAttendre 24 h avant de pouvoir poser la guitare contre quelque chose.<br \/>\nGrammage conseill\u00e9 pour chaque couche : Entre 130 \u2013 150gr\/cm2.<br \/>\nStabilit\u00e9 dans le r\u00e9cipient : 6 mois minimum.<br \/>\nViscosit\u00e9 du m\u00e9lange : 19 -22 \u201c en DIN 4 a 20\u00baC<br \/>\nBrillance du 120138 \u00e0 angle de 60 \u00b0 : 23 &#8211; 27<\/p>\n<p>CARACTERISTIQUES TECHNIQUES<\/p>\n<p>COV\u2019s (% poids): 68<\/p>\n<p>PRECAUTIONS<\/p>\n<p>Eviter les courants d\u2019air pendant le s\u00e9chage du produit car ils acc\u00e9l\u00e8rent le s\u00e9chage de la surface du film et cr\u00e9ent des probl\u00e8mes de d\u00e9gazage, d\u2019ondulations et de manque d\u2019extensibilit\u00e9. Faire particuli\u00e8rement attention aux cabines pressuris\u00e9es dont l\u2019arriv\u00e9e d\u2019air peut \u00eatre parfois dirig\u00e9e vers des pi\u00e8ces en train de s\u00e9cher.<br \/>\nProduit p\u00e9rim\u00e9 en 18 mois.<br \/>\nConcernant la dangerosit\u00e9 et la toxicit\u00e9 du produit, nous recommandons de lire sa Fiche de Donn\u00e9es de S\u00e9curit\u00e9 avant de l\u2019utiliser.<br \/>\nEn raison de la vari\u00e9t\u00e9 des situations de travail, toutes les donn\u00e9es v\u00e9hicul\u00e9es dans ce document doivent \u00eatre conforme aux conditions de fabrication et de manipulation respectives au travail de l\u2019usager.<br \/>\nValresa garantie la qualit\u00e9 de ses produits conform\u00e9ment aux Conditions G\u00e9n\u00e9rales de Vente et d\u2019Approvisionnement.<br \/>\nProtections. En cas de ventilation insuffisante, pendant le travail au pistolet, travailler avec un masque protecteur des voies respiratoires.<br \/>\nLe produit ne doit pas produire de coul\u00e9es ou de grumeaux<\/p>\n","protected":false},"excerpt":{"rendered":"<p>MODE D\u2019EMPLOI Finition mat transparent \u00e0 base de polyur\u00e9thane, de deux composants. Excellente [&hellip;]<\/p>\n","protected":false},"author":1,"featured_media":0,"parent":4129,"menu_order":0,"comment_status":"closed","ping_status":"closed","template":"","meta":{"om_disable_all_campaigns":false,"site-sidebar-layout":"default","site-content-layout":"","ast-site-content-layout":"default","site-content-style":"default","site-sidebar-style":"default","ast-global-header-display":"","ast-banner-title-visibility":"","ast-main-header-display":"","ast-hfb-above-header-display":"","ast-hfb-below-header-display":"","ast-hfb-mobile-header-display":"","site-post-title":"","ast-breadcrumbs-content":"","ast-featured-img":"","footer-sml-layout":"","ast-disable-related-posts":"","theme-transparent-header-meta":"","adv-header-id-meta":"","stick-header-meta":"","header-above-stick-meta":"","header-main-stick-meta":"","header-below-stick-meta":"","astra-migrate-meta-layouts":"default","ast-page-background-enabled":"default","ast-page-background-meta":{"desktop":{"background-color":"var(--ast-global-color-4)","background-image":"","background-repeat":"repeat","background-position":"center center","background-size":"auto","background-attachment":"scroll","background-type":"","background-media":"","overlay-type":"","overlay-color":"","overlay-opacity":"","overlay-gradient":""},"tablet":{"background-color":"","background-image":"","background-repeat":"repeat","background-position":"center center","background-size":"auto","background-attachment":"scroll","background-type":"","background-media":"","overlay-type":"","overlay-color":"","overlay-opacity":"","overlay-gradient":""},"mobile":{"background-color":"","background-image":"","background-repeat":"repeat","background-position":"center center","background-size":"auto","background-attachment":"scroll","background-type":"","background-media":"","overlay-type":"","overlay-color":"","overlay-opacity":"","overlay-gradient":""}},"ast-content-background-meta":{"desktop":{"background-color":"var(--ast-global-color-5)","background-image":"","background-repeat":"repeat","background-position":"center center","background-size":"auto","background-attachment":"scroll","background-type":"","background-media":"","overlay-type":"","overlay-color":"","overlay-opacity":"","overlay-gradient":""},"tablet":{"background-color":"var(--ast-global-color-5)","background-image":"","background-repeat":"repeat","background-position":"center center","background-size":"auto","background-attachment":"scroll","background-type":"","background-media":"","overlay-type":"","overlay-color":"","overlay-opacity":"","overlay-gradient":""},"mobile":{"background-color":"var(--ast-global-color-5)","background-image":"","background-repeat":"repeat","background-position":"center center","background-size":"auto","background-attachment":"scroll","background-type":"","background-media":"","overlay-type":"","overlay-color":"","overlay-opacity":"","overlay-gradient":""}},"footnotes":""},"class_list":["post-4135","page","type-page","status-publish","hentry"],"yoast_head":"<!-- This site is optimized with the Yoast SEO plugin v27.3 - https:\/\/yoast.com\/product\/yoast-seo-wordpress\/ -->\n<title>120138 - NitorPOL Mat | NitorLACK<\/title>\n<meta name=\"description\" content=\"a\u00e9rosol de nitrocellulose et peinture guitare NitorLACK\" \/>\n<meta name=\"robots\" content=\"index, follow, max-snippet:-1, max-image-preview:large, max-video-preview:-1\" \/>\n<link rel=\"canonical\" href=\"https:\/\/nitorlack.com\/fr\/fiches-techniques\/finitions-fiches-techniques\/120138-nitorpol-mat\/\" \/>\n<meta property=\"og:locale\" content=\"fr_FR\" \/>\n<meta property=\"og:type\" content=\"article\" \/>\n<meta property=\"og:title\" content=\"120138 - NitorPOL Mat | NitorLACK\" \/>\n<meta property=\"og:description\" content=\"a\u00e9rosol de nitrocellulose et peinture guitare NitorLACK\" \/>\n<meta property=\"og:url\" content=\"https:\/\/nitorlack.com\/fr\/fiches-techniques\/finitions-fiches-techniques\/120138-nitorpol-mat\/\" \/>\n<meta property=\"og:site_name\" content=\"Nitorlack\" \/>\n<meta property=\"article:modified_time\" content=\"2016-04-06T23:23:35+00:00\" \/>\n<meta name=\"twitter:card\" content=\"summary_large_image\" \/>\n<meta name=\"twitter:label1\" content=\"Dur\u00e9e de lecture estim\u00e9e\" \/>\n\t<meta name=\"twitter:data1\" content=\"3 minutes\" \/>\n<script type=\"application\/ld+json\" class=\"yoast-schema-graph\">{\"@context\":\"https:\\\/\\\/schema.org\",\"@graph\":[{\"@type\":\"WebPage\",\"@id\":\"https:\\\/\\\/nitorlack.com\\\/fr\\\/fiches-techniques\\\/finitions-fiches-techniques\\\/120138-nitorpol-mat\\\/\",\"url\":\"https:\\\/\\\/nitorlack.com\\\/fr\\\/fiches-techniques\\\/finitions-fiches-techniques\\\/120138-nitorpol-mat\\\/\",\"name\":\"120138 - NitorPOL Mat | NitorLACK\",\"isPartOf\":{\"@id\":\"https:\\\/\\\/nitorlack.com\\\/fr\\\/#website\"},\"datePublished\":\"2016-04-06T22:38:54+00:00\",\"dateModified\":\"2016-04-06T23:23:35+00:00\",\"description\":\"a\u00e9rosol de nitrocellulose et peinture guitare NitorLACK\",\"breadcrumb\":{\"@id\":\"https:\\\/\\\/nitorlack.com\\\/fr\\\/fiches-techniques\\\/finitions-fiches-techniques\\\/120138-nitorpol-mat\\\/#breadcrumb\"},\"inLanguage\":\"fr-FR\",\"potentialAction\":[{\"@type\":\"ReadAction\",\"target\":[\"https:\\\/\\\/nitorlack.com\\\/fr\\\/fiches-techniques\\\/finitions-fiches-techniques\\\/120138-nitorpol-mat\\\/\"]}]},{\"@type\":\"BreadcrumbList\",\"@id\":\"https:\\\/\\\/nitorlack.com\\\/fr\\\/fiches-techniques\\\/finitions-fiches-techniques\\\/120138-nitorpol-mat\\\/#breadcrumb\",\"itemListElement\":[{\"@type\":\"ListItem\",\"position\":1,\"name\":\"Page de Couverture\",\"item\":\"https:\\\/\\\/nitorlack.com\\\/fr\\\/\"},{\"@type\":\"ListItem\",\"position\":2,\"name\":\"Fiches Techniques\",\"item\":\"https:\\\/\\\/nitorlack.com\\\/fr\\\/fiches-techniques\\\/\"},{\"@type\":\"ListItem\",\"position\":3,\"name\":\"Finitions Fiches Techniques\",\"item\":\"https:\\\/\\\/nitorlack.com\\\/fr\\\/fiches-techniques\\\/finitions-fiches-techniques\\\/\"},{\"@type\":\"ListItem\",\"position\":4,\"name\":\"120138 &#8211; NitorPOL Mat\"}]},{\"@type\":\"WebSite\",\"@id\":\"https:\\\/\\\/nitorlack.com\\\/fr\\\/#website\",\"url\":\"https:\\\/\\\/nitorlack.com\\\/fr\\\/\",\"name\":\"Nitorlack\",\"description\":\"Guitar Lacquers\",\"publisher\":{\"@id\":\"https:\\\/\\\/nitorlack.com\\\/fr\\\/#organization\"},\"potentialAction\":[{\"@type\":\"SearchAction\",\"target\":{\"@type\":\"EntryPoint\",\"urlTemplate\":\"https:\\\/\\\/nitorlack.com\\\/fr\\\/?s={search_term_string}\"},\"query-input\":{\"@type\":\"PropertyValueSpecification\",\"valueRequired\":true,\"valueName\":\"search_term_string\"}}],\"inLanguage\":\"fr-FR\"},{\"@type\":\"Organization\",\"@id\":\"https:\\\/\\\/nitorlack.com\\\/fr\\\/#organization\",\"name\":\"Nitorlack\",\"url\":\"https:\\\/\\\/nitorlack.com\\\/fr\\\/\",\"logo\":{\"@type\":\"ImageObject\",\"inLanguage\":\"fr-FR\",\"@id\":\"https:\\\/\\\/nitorlack.com\\\/fr\\\/#\\\/schema\\\/logo\\\/image\\\/\",\"url\":\"http:\\\/\\\/nitorlack.com\\\/wp-content\\\/uploads\\\/2016\\\/02\\\/cropped-galleta-negra-1.jpg\",\"contentUrl\":\"http:\\\/\\\/nitorlack.com\\\/wp-content\\\/uploads\\\/2016\\\/02\\\/cropped-galleta-negra-1.jpg\",\"width\":512,\"height\":512,\"caption\":\"Nitorlack\"},\"image\":{\"@id\":\"https:\\\/\\\/nitorlack.com\\\/fr\\\/#\\\/schema\\\/logo\\\/image\\\/\"}}]}<\/script>\n<!-- \/ Yoast SEO plugin. -->","yoast_head_json":{"title":"120138 - NitorPOL Mat | NitorLACK","description":"a\u00e9rosol de nitrocellulose et peinture guitare NitorLACK","robots":{"index":"index","follow":"follow","max-snippet":"max-snippet:-1","max-image-preview":"max-image-preview:large","max-video-preview":"max-video-preview:-1"},"canonical":"https:\/\/nitorlack.com\/fr\/fiches-techniques\/finitions-fiches-techniques\/120138-nitorpol-mat\/","og_locale":"fr_FR","og_type":"article","og_title":"120138 - NitorPOL Mat | NitorLACK","og_description":"a\u00e9rosol de nitrocellulose et peinture guitare NitorLACK","og_url":"https:\/\/nitorlack.com\/fr\/fiches-techniques\/finitions-fiches-techniques\/120138-nitorpol-mat\/","og_site_name":"Nitorlack","article_modified_time":"2016-04-06T23:23:35+00:00","twitter_card":"summary_large_image","twitter_misc":{"Dur\u00e9e de lecture estim\u00e9e":"3 minutes"},"schema":{"@context":"https:\/\/schema.org","@graph":[{"@type":"WebPage","@id":"https:\/\/nitorlack.com\/fr\/fiches-techniques\/finitions-fiches-techniques\/120138-nitorpol-mat\/","url":"https:\/\/nitorlack.com\/fr\/fiches-techniques\/finitions-fiches-techniques\/120138-nitorpol-mat\/","name":"120138 - NitorPOL Mat | NitorLACK","isPartOf":{"@id":"https:\/\/nitorlack.com\/fr\/#website"},"datePublished":"2016-04-06T22:38:54+00:00","dateModified":"2016-04-06T23:23:35+00:00","description":"a\u00e9rosol de nitrocellulose et peinture guitare NitorLACK","breadcrumb":{"@id":"https:\/\/nitorlack.com\/fr\/fiches-techniques\/finitions-fiches-techniques\/120138-nitorpol-mat\/#breadcrumb"},"inLanguage":"fr-FR","potentialAction":[{"@type":"ReadAction","target":["https:\/\/nitorlack.com\/fr\/fiches-techniques\/finitions-fiches-techniques\/120138-nitorpol-mat\/"]}]},{"@type":"BreadcrumbList","@id":"https:\/\/nitorlack.com\/fr\/fiches-techniques\/finitions-fiches-techniques\/120138-nitorpol-mat\/#breadcrumb","itemListElement":[{"@type":"ListItem","position":1,"name":"Page de Couverture","item":"https:\/\/nitorlack.com\/fr\/"},{"@type":"ListItem","position":2,"name":"Fiches Techniques","item":"https:\/\/nitorlack.com\/fr\/fiches-techniques\/"},{"@type":"ListItem","position":3,"name":"Finitions Fiches Techniques","item":"https:\/\/nitorlack.com\/fr\/fiches-techniques\/finitions-fiches-techniques\/"},{"@type":"ListItem","position":4,"name":"120138 &#8211; NitorPOL Mat"}]},{"@type":"WebSite","@id":"https:\/\/nitorlack.com\/fr\/#website","url":"https:\/\/nitorlack.com\/fr\/","name":"Nitorlack","description":"Guitar Lacquers","publisher":{"@id":"https:\/\/nitorlack.com\/fr\/#organization"},"potentialAction":[{"@type":"SearchAction","target":{"@type":"EntryPoint","urlTemplate":"https:\/\/nitorlack.com\/fr\/?s={search_term_string}"},"query-input":{"@type":"PropertyValueSpecification","valueRequired":true,"valueName":"search_term_string"}}],"inLanguage":"fr-FR"},{"@type":"Organization","@id":"https:\/\/nitorlack.com\/fr\/#organization","name":"Nitorlack","url":"https:\/\/nitorlack.com\/fr\/","logo":{"@type":"ImageObject","inLanguage":"fr-FR","@id":"https:\/\/nitorlack.com\/fr\/#\/schema\/logo\/image\/","url":"http:\/\/nitorlack.com\/wp-content\/uploads\/2016\/02\/cropped-galleta-negra-1.jpg","contentUrl":"http:\/\/nitorlack.com\/wp-content\/uploads\/2016\/02\/cropped-galleta-negra-1.jpg","width":512,"height":512,"caption":"Nitorlack"},"image":{"@id":"https:\/\/nitorlack.com\/fr\/#\/schema\/logo\/image\/"}}]}},"_links":{"self":[{"href":"https:\/\/nitorlack.com\/fr\/wp-json\/wp\/v2\/pages\/4135","targetHints":{"allow":["GET"]}}],"collection":[{"href":"https:\/\/nitorlack.com\/fr\/wp-json\/wp\/v2\/pages"}],"about":[{"href":"https:\/\/nitorlack.com\/fr\/wp-json\/wp\/v2\/types\/page"}],"author":[{"embeddable":true,"href":"https:\/\/nitorlack.com\/fr\/wp-json\/wp\/v2\/users\/1"}],"replies":[{"embeddable":true,"href":"https:\/\/nitorlack.com\/fr\/wp-json\/wp\/v2\/comments?post=4135"}],"version-history":[{"count":0,"href":"https:\/\/nitorlack.com\/fr\/wp-json\/wp\/v2\/pages\/4135\/revisions"}],"up":[{"embeddable":true,"href":"https:\/\/nitorlack.com\/fr\/wp-json\/wp\/v2\/pages\/4129"}],"wp:attachment":[{"href":"https:\/\/nitorlack.com\/fr\/wp-json\/wp\/v2\/media?parent=4135"}],"curies":[{"name":"wp","href":"https:\/\/api.w.org\/{rel}","templated":true}]}}