{"id":4129,"date":"2016-04-06T13:57:23","date_gmt":"2016-04-06T13:57:23","guid":{"rendered":"http:\/\/nitorlack.com\/fr\/fiches-techniques\/finiture-scheda-tecnica\/"},"modified":"2016-04-06T23:18:20","modified_gmt":"2016-04-06T23:18:20","slug":"finitions-fiches-techniques","status":"publish","type":"page","link":"https:\/\/nitorlack.com\/fr\/fiches-techniques\/finitions-fiches-techniques\/","title":{"rendered":"Finitions Fiches Techniques"},"content":{"rendered":"<div class=\"CategoryText\">\n<p>La couche de finition permet d\u2019obtenir la couleur, la duret\u00e9, la brillance et la mati\u00e8re d\u00e9sir\u00e9es lorsque vous peignez votre guitare.<\/p>\n<p>Il est recommand\u00e9 de toujours peindre la guitare en fines couches de mani\u00e8re \u00e0 obtenir une bonne extensibilit\u00e9 du film et une bonne sonorit\u00e9 de l\u2019instrument.<\/p>\n<p>Il est \u00e9galement conseill\u00e9 de toujours poncer d\u00e9licatement entre chaque couche pour affiner la surface.<\/p>\n<p>Nous recommandons aussi de l\u2019utiliser comme seul produit dans un soucis de simplicit\u00e9 et de facilit\u00e9 pour peindre votre guitare.<\/p>\n<\/div>\n","protected":false},"excerpt":{"rendered":"<p>La couche de finition permet d\u2019obtenir la couleur, la duret\u00e9, la brillance et [&hellip;]<\/p>\n","protected":false},"author":1,"featured_media":0,"parent":4016,"menu_order":0,"comment_status":"closed","ping_status":"closed","template":"","meta":{"om_disable_all_campaigns":false,"site-sidebar-layout":"default","site-content-layout":"","ast-site-content-layout":"default","site-content-style":"default","site-sidebar-style":"default","ast-global-header-display":"","ast-banner-title-visibility":"","ast-main-header-display":"","ast-hfb-above-header-display":"","ast-hfb-below-header-display":"","ast-hfb-mobile-header-display":"","site-post-title":"","ast-breadcrumbs-content":"","ast-featured-img":"","footer-sml-layout":"","ast-disable-related-posts":"","theme-transparent-header-meta":"","adv-header-id-meta":"","stick-header-meta":"","header-above-stick-meta":"","header-main-stick-meta":"","header-below-stick-meta":"","astra-migrate-meta-layouts":"default","ast-page-background-enabled":"default","ast-page-background-meta":{"desktop":{"background-color":"var(--ast-global-color-4)","background-image":"","background-repeat":"repeat","background-position":"center center","background-size":"auto","background-attachment":"scroll","background-type":"","background-media":"","overlay-type":"","overlay-color":"","overlay-opacity":"","overlay-gradient":""},"tablet":{"background-color":"","background-image":"","background-repeat":"repeat","background-position":"center center","background-size":"auto","background-attachment":"scroll","background-type":"","background-media":"","overlay-type":"","overlay-color":"","overlay-opacity":"","overlay-gradient":""},"mobile":{"background-color":"","background-image":"","background-repeat":"repeat","background-position":"center center","background-size":"auto","background-attachment":"scroll","background-type":"","background-media":"","overlay-type":"","overlay-color":"","overlay-opacity":"","overlay-gradient":""}},"ast-content-background-meta":{"desktop":{"background-color":"var(--ast-global-color-5)","background-image":"","background-repeat":"repeat","background-position":"center center","background-size":"auto","background-attachment":"scroll","background-type":"","background-media":"","overlay-type":"","overlay-color":"","overlay-opacity":"","overlay-gradient":""},"tablet":{"background-color":"var(--ast-global-color-5)","background-image":"","background-repeat":"repeat","background-position":"center center","background-size":"auto","background-attachment":"scroll","background-type":"","background-media":"","overlay-type":"","overlay-color":"","overlay-opacity":"","overlay-gradient":""},"mobile":{"background-color":"var(--ast-global-color-5)","background-image":"","background-repeat":"repeat","background-position":"center center","background-size":"auto","background-attachment":"scroll","background-type":"","background-media":"","overlay-type":"","overlay-color":"","overlay-opacity":"","overlay-gradient":""}},"footnotes":""},"class_list":["post-4129","page","type-page","status-publish","hentry"],"yoast_head":"<!-- This site is optimized with the Yoast SEO plugin v27.3 - https:\/\/yoast.com\/product\/yoast-seo-wordpress\/ -->\n<title>Finitions Fiches Techniques | NitorLACK<\/title>\n<meta name=\"description\" content=\"Nitorlack - Peinture nitrocellulosique pour guitares, couleurs vintage et tutoriels pour peindre votre guitare. D\u00e9couvrir Finitions Fiches Techniques\" \/>\n<meta name=\"robots\" content=\"index, follow, max-snippet:-1, max-image-preview:large, max-video-preview:-1\" \/>\n<link rel=\"canonical\" href=\"https:\/\/nitorlack.com\/fr\/fiches-techniques\/finitions-fiches-techniques\/\" \/>\n<meta property=\"og:locale\" content=\"fr_FR\" \/>\n<meta property=\"og:type\" content=\"article\" \/>\n<meta property=\"og:title\" content=\"Finitions Fiches Techniques | NitorLACK\" \/>\n<meta property=\"og:description\" content=\"Nitorlack - Peinture nitrocellulosique pour guitares, couleurs vintage et tutoriels pour peindre votre guitare. D\u00e9couvrir Finitions Fiches Techniques\" \/>\n<meta property=\"og:url\" content=\"https:\/\/nitorlack.com\/fr\/fiches-techniques\/finitions-fiches-techniques\/\" \/>\n<meta property=\"og:site_name\" content=\"Nitorlack\" \/>\n<meta property=\"article:modified_time\" content=\"2016-04-06T23:18:20+00:00\" \/>\n<meta name=\"twitter:card\" content=\"summary_large_image\" \/>\n<script type=\"application\/ld+json\" class=\"yoast-schema-graph\">{\"@context\":\"https:\\\/\\\/schema.org\",\"@graph\":[{\"@type\":\"WebPage\",\"@id\":\"https:\\\/\\\/nitorlack.com\\\/fr\\\/fiches-techniques\\\/finitions-fiches-techniques\\\/\",\"url\":\"https:\\\/\\\/nitorlack.com\\\/fr\\\/fiches-techniques\\\/finitions-fiches-techniques\\\/\",\"name\":\"Finitions Fiches Techniques | NitorLACK\",\"isPartOf\":{\"@id\":\"https:\\\/\\\/nitorlack.com\\\/fr\\\/#website\"},\"datePublished\":\"2016-04-06T13:57:23+00:00\",\"dateModified\":\"2016-04-06T23:18:20+00:00\",\"description\":\"Nitorlack - Peinture nitrocellulosique pour guitares, couleurs vintage et tutoriels pour peindre votre guitare. D\u00e9couvrir Finitions Fiches Techniques\",\"breadcrumb\":{\"@id\":\"https:\\\/\\\/nitorlack.com\\\/fr\\\/fiches-techniques\\\/finitions-fiches-techniques\\\/#breadcrumb\"},\"inLanguage\":\"fr-FR\",\"potentialAction\":[{\"@type\":\"ReadAction\",\"target\":[\"https:\\\/\\\/nitorlack.com\\\/fr\\\/fiches-techniques\\\/finitions-fiches-techniques\\\/\"]}]},{\"@type\":\"BreadcrumbList\",\"@id\":\"https:\\\/\\\/nitorlack.com\\\/fr\\\/fiches-techniques\\\/finitions-fiches-techniques\\\/#breadcrumb\",\"itemListElement\":[{\"@type\":\"ListItem\",\"position\":1,\"name\":\"Page de Couverture\",\"item\":\"https:\\\/\\\/nitorlack.com\\\/fr\\\/\"},{\"@type\":\"ListItem\",\"position\":2,\"name\":\"Fiches Techniques\",\"item\":\"https:\\\/\\\/nitorlack.com\\\/fr\\\/fiches-techniques\\\/\"},{\"@type\":\"ListItem\",\"position\":3,\"name\":\"Finitions Fiches Techniques\"}]},{\"@type\":\"WebSite\",\"@id\":\"https:\\\/\\\/nitorlack.com\\\/fr\\\/#website\",\"url\":\"https:\\\/\\\/nitorlack.com\\\/fr\\\/\",\"name\":\"Nitorlack\",\"description\":\"Guitar Lacquers\",\"publisher\":{\"@id\":\"https:\\\/\\\/nitorlack.com\\\/fr\\\/#organization\"},\"potentialAction\":[{\"@type\":\"SearchAction\",\"target\":{\"@type\":\"EntryPoint\",\"urlTemplate\":\"https:\\\/\\\/nitorlack.com\\\/fr\\\/?s={search_term_string}\"},\"query-input\":{\"@type\":\"PropertyValueSpecification\",\"valueRequired\":true,\"valueName\":\"search_term_string\"}}],\"inLanguage\":\"fr-FR\"},{\"@type\":\"Organization\",\"@id\":\"https:\\\/\\\/nitorlack.com\\\/fr\\\/#organization\",\"name\":\"Nitorlack\",\"url\":\"https:\\\/\\\/nitorlack.com\\\/fr\\\/\",\"logo\":{\"@type\":\"ImageObject\",\"inLanguage\":\"fr-FR\",\"@id\":\"https:\\\/\\\/nitorlack.com\\\/fr\\\/#\\\/schema\\\/logo\\\/image\\\/\",\"url\":\"http:\\\/\\\/nitorlack.com\\\/wp-content\\\/uploads\\\/2016\\\/02\\\/cropped-galleta-negra-1.jpg\",\"contentUrl\":\"http:\\\/\\\/nitorlack.com\\\/wp-content\\\/uploads\\\/2016\\\/02\\\/cropped-galleta-negra-1.jpg\",\"width\":512,\"height\":512,\"caption\":\"Nitorlack\"},\"image\":{\"@id\":\"https:\\\/\\\/nitorlack.com\\\/fr\\\/#\\\/schema\\\/logo\\\/image\\\/\"}}]}<\/script>\n<!-- \/ Yoast SEO plugin. -->","yoast_head_json":{"title":"Finitions Fiches Techniques | NitorLACK","description":"Nitorlack - Peinture nitrocellulosique pour guitares, couleurs vintage et tutoriels pour peindre votre guitare. D\u00e9couvrir Finitions Fiches Techniques","robots":{"index":"index","follow":"follow","max-snippet":"max-snippet:-1","max-image-preview":"max-image-preview:large","max-video-preview":"max-video-preview:-1"},"canonical":"https:\/\/nitorlack.com\/fr\/fiches-techniques\/finitions-fiches-techniques\/","og_locale":"fr_FR","og_type":"article","og_title":"Finitions Fiches Techniques | NitorLACK","og_description":"Nitorlack - Peinture nitrocellulosique pour guitares, couleurs vintage et tutoriels pour peindre votre guitare. D\u00e9couvrir Finitions Fiches Techniques","og_url":"https:\/\/nitorlack.com\/fr\/fiches-techniques\/finitions-fiches-techniques\/","og_site_name":"Nitorlack","article_modified_time":"2016-04-06T23:18:20+00:00","twitter_card":"summary_large_image","schema":{"@context":"https:\/\/schema.org","@graph":[{"@type":"WebPage","@id":"https:\/\/nitorlack.com\/fr\/fiches-techniques\/finitions-fiches-techniques\/","url":"https:\/\/nitorlack.com\/fr\/fiches-techniques\/finitions-fiches-techniques\/","name":"Finitions Fiches Techniques | NitorLACK","isPartOf":{"@id":"https:\/\/nitorlack.com\/fr\/#website"},"datePublished":"2016-04-06T13:57:23+00:00","dateModified":"2016-04-06T23:18:20+00:00","description":"Nitorlack - Peinture nitrocellulosique pour guitares, couleurs vintage et tutoriels pour peindre votre guitare. D\u00e9couvrir Finitions Fiches Techniques","breadcrumb":{"@id":"https:\/\/nitorlack.com\/fr\/fiches-techniques\/finitions-fiches-techniques\/#breadcrumb"},"inLanguage":"fr-FR","potentialAction":[{"@type":"ReadAction","target":["https:\/\/nitorlack.com\/fr\/fiches-techniques\/finitions-fiches-techniques\/"]}]},{"@type":"BreadcrumbList","@id":"https:\/\/nitorlack.com\/fr\/fiches-techniques\/finitions-fiches-techniques\/#breadcrumb","itemListElement":[{"@type":"ListItem","position":1,"name":"Page de Couverture","item":"https:\/\/nitorlack.com\/fr\/"},{"@type":"ListItem","position":2,"name":"Fiches Techniques","item":"https:\/\/nitorlack.com\/fr\/fiches-techniques\/"},{"@type":"ListItem","position":3,"name":"Finitions Fiches Techniques"}]},{"@type":"WebSite","@id":"https:\/\/nitorlack.com\/fr\/#website","url":"https:\/\/nitorlack.com\/fr\/","name":"Nitorlack","description":"Guitar Lacquers","publisher":{"@id":"https:\/\/nitorlack.com\/fr\/#organization"},"potentialAction":[{"@type":"SearchAction","target":{"@type":"EntryPoint","urlTemplate":"https:\/\/nitorlack.com\/fr\/?s={search_term_string}"},"query-input":{"@type":"PropertyValueSpecification","valueRequired":true,"valueName":"search_term_string"}}],"inLanguage":"fr-FR"},{"@type":"Organization","@id":"https:\/\/nitorlack.com\/fr\/#organization","name":"Nitorlack","url":"https:\/\/nitorlack.com\/fr\/","logo":{"@type":"ImageObject","inLanguage":"fr-FR","@id":"https:\/\/nitorlack.com\/fr\/#\/schema\/logo\/image\/","url":"http:\/\/nitorlack.com\/wp-content\/uploads\/2016\/02\/cropped-galleta-negra-1.jpg","contentUrl":"http:\/\/nitorlack.com\/wp-content\/uploads\/2016\/02\/cropped-galleta-negra-1.jpg","width":512,"height":512,"caption":"Nitorlack"},"image":{"@id":"https:\/\/nitorlack.com\/fr\/#\/schema\/logo\/image\/"}}]}},"_links":{"self":[{"href":"https:\/\/nitorlack.com\/fr\/wp-json\/wp\/v2\/pages\/4129","targetHints":{"allow":["GET"]}}],"collection":[{"href":"https:\/\/nitorlack.com\/fr\/wp-json\/wp\/v2\/pages"}],"about":[{"href":"https:\/\/nitorlack.com\/fr\/wp-json\/wp\/v2\/types\/page"}],"author":[{"embeddable":true,"href":"https:\/\/nitorlack.com\/fr\/wp-json\/wp\/v2\/users\/1"}],"replies":[{"embeddable":true,"href":"https:\/\/nitorlack.com\/fr\/wp-json\/wp\/v2\/comments?post=4129"}],"version-history":[{"count":0,"href":"https:\/\/nitorlack.com\/fr\/wp-json\/wp\/v2\/pages\/4129\/revisions"}],"up":[{"embeddable":true,"href":"https:\/\/nitorlack.com\/fr\/wp-json\/wp\/v2\/pages\/4016"}],"wp:attachment":[{"href":"https:\/\/nitorlack.com\/fr\/wp-json\/wp\/v2\/media?parent=4129"}],"curies":[{"name":"wp","href":"https:\/\/api.w.org\/{rel}","templated":true}]}}