{"id":2983,"date":"2016-03-09T14:06:59","date_gmt":"2016-03-09T14:06:59","guid":{"rendered":"http:\/\/nitorlack.com\/fr\/responsabilidades\/"},"modified":"2016-11-23T12:04:14","modified_gmt":"2016-11-23T12:04:14","slug":"responsabilites","status":"publish","type":"page","link":"https:\/\/nitorlack.com\/fr\/responsabilites\/","title":{"rendered":"Responsabilit\u00e9s"},"content":{"rendered":"<p>Pour toute information, contacter s&rsquo;il vous pla\u00eet nitorlack@nitorlack.com<\/p>\n<p>Tous ses contenus, y compris les textes, images, sons et tout autre mat\u00e9riel, sont la propri\u00e9t\u00e9 de nitorlack ou de tiers ayant autoris\u00e9 l&rsquo;utilisation de celui-ci \u00e0 Nitorlack, qui se r\u00e9serve tous les droits.<\/p>\n<p>Toutes les donn\u00e9es fournies par les utilisateurs de ce site est destin\u00e9 uniquement aux fins indiqu\u00e9es dans chaque cas, et seront trait\u00e9s conform\u00e9ment aux principes de dispositions relatives \u00e0 la protection des donn\u00e9es de la loi organique 15\/1999 du 13 D\u00e9cembre, la protection des donn\u00e9es personnelles.<\/p>\n<p><strong>Responsabilit\u00e9s Nitorlack:<\/strong><\/p>\n<p>Nitorlack ne garantit pas l&rsquo;acc\u00e8s aux \u00e9l\u00e9ments et informations contenues dans son site Web, ni son affichage appropri\u00e9 ou le t\u00e9l\u00e9chargement ou l&rsquo;utilit\u00e9, qui peut \u00eatre emp\u00each\u00e9e, entrav\u00e9e ou interrompus par des facteurs ou des circonstances ind\u00e9pendantes de la volont\u00e9 de nitorlack.<br \/>\nNitorlack d\u00e9cline toute responsabilit\u00e9 pour tout dommage caus\u00e9 par des interf\u00e9rences, des pannes t\u00e9l\u00e9phoniques ou d\u00e9connexions dans le syst\u00e8me \u00e9lectronique ou tout autre facteur ou circonstance hors de son contr\u00f4le.<br \/>\nNitorlack ne garantit pas que votre site Web et ses serveurs sont exempts de virus et de logiciels malveillants de tout genre, et d\u00e9cline toute responsabilit\u00e9 pour tout dommage caus\u00e9 par l&rsquo;acc\u00e8s au site ou de l&rsquo;impossibilit\u00e9 d&rsquo;y acc\u00e9der.<br \/>\nNitorlack est pas responsable de l&rsquo;information ou tout autre contenu tiers li\u00e9 au site Web. De m\u00eame, il est responsable de toute information non contenue dans ce site Web, et donc pas directement produit par nitorlack ou de ses membres autoris\u00e9s.<\/p>\n<p><strong>Responsabilit\u00e9s de l&rsquo;utilisateur:<\/strong><\/p>\n<p>Vous n&rsquo;\u00eates pas autoris\u00e9 \u00e0 utiliser le contenu de ce site \u00e0 des fins commerciales ou publicitaires.<br \/>\nIl est interdit de reproduire, distribuer, transmettre, adapter ou modifier, avec un outil ou par tout moyen, ni le contenu de ce site ou de son design.<br \/>\nLes utilisateurs de ce site acceptent de fournir des informations vraies et exactes sur eux-m\u00eames quand ils sont invit\u00e9s information.<br \/>\nIl est interdit, sauf autorisation expresse Nitorlack, soumettre les pages Web sous cadres, signes distinctifs, marques ou autres noms sociaux ou commerciaux d&rsquo;une autre personne, soci\u00e9t\u00e9 ou entit\u00e9.<br \/>\nNitorlack se r\u00e9serve le droit de modifier les termes et conditions \u00e9nonc\u00e9es dans les pr\u00e9sentes.<br \/>\nLe titre pr\u00e9vient que ne pas \u00eatre le propri\u00e9taire des droits de propri\u00e9t\u00e9 intellectuelle de toutes les informations qui y sont contenues, est pas responsable pour qu&rsquo;il soit vrai ou qu&rsquo;il est correctement mis \u00e0 jour.<\/p>\n<p>Pour cette raison, le propri\u00e9taire est pas responsable de la paternit\u00e9.<br \/>\nEn outre, le propri\u00e9taire du site ne sont pas identifi\u00e9s, ni responsable des opinions exprim\u00e9es dans par ses employ\u00e9s, les utilisateurs du site ou des utilisateurs anonymes.<\/p>\n","protected":false},"excerpt":{"rendered":"<p>Pour toute information, contacter s&rsquo;il vous pla\u00eet nitorlack@nitorlack.com Tous ses contenus, y compris [&hellip;]<\/p>\n","protected":false},"author":1,"featured_media":0,"parent":0,"menu_order":0,"comment_status":"closed","ping_status":"closed","template":"","meta":{"om_disable_all_campaigns":false,"site-sidebar-layout":"default","site-content-layout":"","ast-site-content-layout":"default","site-content-style":"default","site-sidebar-style":"default","ast-global-header-display":"","ast-banner-title-visibility":"","ast-main-header-display":"","ast-hfb-above-header-display":"","ast-hfb-below-header-display":"","ast-hfb-mobile-header-display":"","site-post-title":"","ast-breadcrumbs-content":"","ast-featured-img":"","footer-sml-layout":"","ast-disable-related-posts":"","theme-transparent-header-meta":"","adv-header-id-meta":"","stick-header-meta":"","header-above-stick-meta":"","header-main-stick-meta":"","header-below-stick-meta":"","astra-migrate-meta-layouts":"default","ast-page-background-enabled":"default","ast-page-background-meta":{"desktop":{"background-color":"var(--ast-global-color-4)","background-image":"","background-repeat":"repeat","background-position":"center center","background-size":"auto","background-attachment":"scroll","background-type":"","background-media":"","overlay-type":"","overlay-color":"","overlay-opacity":"","overlay-gradient":""},"tablet":{"background-color":"","background-image":"","background-repeat":"repeat","background-position":"center center","background-size":"auto","background-attachment":"scroll","background-type":"","background-media":"","overlay-type":"","overlay-color":"","overlay-opacity":"","overlay-gradient":""},"mobile":{"background-color":"","background-image":"","background-repeat":"repeat","background-position":"center center","background-size":"auto","background-attachment":"scroll","background-type":"","background-media":"","overlay-type":"","overlay-color":"","overlay-opacity":"","overlay-gradient":""}},"ast-content-background-meta":{"desktop":{"background-color":"var(--ast-global-color-5)","background-image":"","background-repeat":"repeat","background-position":"center center","background-size":"auto","background-attachment":"scroll","background-type":"","background-media":"","overlay-type":"","overlay-color":"","overlay-opacity":"","overlay-gradient":""},"tablet":{"background-color":"var(--ast-global-color-5)","background-image":"","background-repeat":"repeat","background-position":"center center","background-size":"auto","background-attachment":"scroll","background-type":"","background-media":"","overlay-type":"","overlay-color":"","overlay-opacity":"","overlay-gradient":""},"mobile":{"background-color":"var(--ast-global-color-5)","background-image":"","background-repeat":"repeat","background-position":"center center","background-size":"auto","background-attachment":"scroll","background-type":"","background-media":"","overlay-type":"","overlay-color":"","overlay-opacity":"","overlay-gradient":""}},"footnotes":""},"class_list":["post-2983","page","type-page","status-publish","hentry"],"yoast_head":"<!-- This site is optimized with the Yoast SEO plugin v27.3 - https:\/\/yoast.com\/product\/yoast-seo-wordpress\/ -->\n<title>Responsabilit\u00e9s | NitorLACK<\/title>\n<meta name=\"description\" content=\"Nitorlack - Peinture nitrocellulosique pour guitares, couleurs vintage et tutoriels pour peindre votre guitare. D\u00e9couvrir Responsabilit\u00e9s\" \/>\n<meta name=\"robots\" content=\"index, follow, max-snippet:-1, max-image-preview:large, max-video-preview:-1\" \/>\n<link rel=\"canonical\" href=\"https:\/\/nitorlack.com\/fr\/responsabilites\/\" \/>\n<meta property=\"og:locale\" content=\"fr_FR\" \/>\n<meta property=\"og:type\" content=\"article\" \/>\n<meta property=\"og:title\" content=\"Responsabilit\u00e9s | NitorLACK\" \/>\n<meta property=\"og:description\" content=\"Nitorlack - Peinture nitrocellulosique pour guitares, couleurs vintage et tutoriels pour peindre votre guitare. D\u00e9couvrir Responsabilit\u00e9s\" \/>\n<meta property=\"og:url\" content=\"https:\/\/nitorlack.com\/fr\/responsabilites\/\" \/>\n<meta property=\"og:site_name\" content=\"Nitorlack\" \/>\n<meta property=\"article:modified_time\" content=\"2016-11-23T12:04:14+00:00\" \/>\n<meta name=\"twitter:card\" content=\"summary_large_image\" \/>\n<meta name=\"twitter:label1\" content=\"Dur\u00e9e de lecture estim\u00e9e\" \/>\n\t<meta name=\"twitter:data1\" content=\"2 minutes\" \/>\n<script type=\"application\/ld+json\" class=\"yoast-schema-graph\">{\"@context\":\"https:\\\/\\\/schema.org\",\"@graph\":[{\"@type\":\"WebPage\",\"@id\":\"https:\\\/\\\/nitorlack.com\\\/fr\\\/responsabilites\\\/\",\"url\":\"https:\\\/\\\/nitorlack.com\\\/fr\\\/responsabilites\\\/\",\"name\":\"Responsabilit\u00e9s | NitorLACK\",\"isPartOf\":{\"@id\":\"https:\\\/\\\/nitorlack.com\\\/fr\\\/#website\"},\"datePublished\":\"2016-03-09T14:06:59+00:00\",\"dateModified\":\"2016-11-23T12:04:14+00:00\",\"description\":\"Nitorlack - Peinture nitrocellulosique pour guitares, couleurs vintage et tutoriels pour peindre votre guitare. D\u00e9couvrir Responsabilit\u00e9s\",\"breadcrumb\":{\"@id\":\"https:\\\/\\\/nitorlack.com\\\/fr\\\/responsabilites\\\/#breadcrumb\"},\"inLanguage\":\"fr-FR\",\"potentialAction\":[{\"@type\":\"ReadAction\",\"target\":[\"https:\\\/\\\/nitorlack.com\\\/fr\\\/responsabilites\\\/\"]}]},{\"@type\":\"BreadcrumbList\",\"@id\":\"https:\\\/\\\/nitorlack.com\\\/fr\\\/responsabilites\\\/#breadcrumb\",\"itemListElement\":[{\"@type\":\"ListItem\",\"position\":1,\"name\":\"Page de Couverture\",\"item\":\"https:\\\/\\\/nitorlack.com\\\/fr\\\/\"},{\"@type\":\"ListItem\",\"position\":2,\"name\":\"Responsabilit\u00e9s\"}]},{\"@type\":\"WebSite\",\"@id\":\"https:\\\/\\\/nitorlack.com\\\/fr\\\/#website\",\"url\":\"https:\\\/\\\/nitorlack.com\\\/fr\\\/\",\"name\":\"Nitorlack\",\"description\":\"Guitar Lacquers\",\"publisher\":{\"@id\":\"https:\\\/\\\/nitorlack.com\\\/fr\\\/#organization\"},\"potentialAction\":[{\"@type\":\"SearchAction\",\"target\":{\"@type\":\"EntryPoint\",\"urlTemplate\":\"https:\\\/\\\/nitorlack.com\\\/fr\\\/?s={search_term_string}\"},\"query-input\":{\"@type\":\"PropertyValueSpecification\",\"valueRequired\":true,\"valueName\":\"search_term_string\"}}],\"inLanguage\":\"fr-FR\"},{\"@type\":\"Organization\",\"@id\":\"https:\\\/\\\/nitorlack.com\\\/fr\\\/#organization\",\"name\":\"Nitorlack\",\"url\":\"https:\\\/\\\/nitorlack.com\\\/fr\\\/\",\"logo\":{\"@type\":\"ImageObject\",\"inLanguage\":\"fr-FR\",\"@id\":\"https:\\\/\\\/nitorlack.com\\\/fr\\\/#\\\/schema\\\/logo\\\/image\\\/\",\"url\":\"http:\\\/\\\/nitorlack.com\\\/wp-content\\\/uploads\\\/2016\\\/02\\\/cropped-galleta-negra-1.jpg\",\"contentUrl\":\"http:\\\/\\\/nitorlack.com\\\/wp-content\\\/uploads\\\/2016\\\/02\\\/cropped-galleta-negra-1.jpg\",\"width\":512,\"height\":512,\"caption\":\"Nitorlack\"},\"image\":{\"@id\":\"https:\\\/\\\/nitorlack.com\\\/fr\\\/#\\\/schema\\\/logo\\\/image\\\/\"}}]}<\/script>\n<!-- \/ Yoast SEO plugin. -->","yoast_head_json":{"title":"Responsabilit\u00e9s | NitorLACK","description":"Nitorlack - Peinture nitrocellulosique pour guitares, couleurs vintage et tutoriels pour peindre votre guitare. D\u00e9couvrir Responsabilit\u00e9s","robots":{"index":"index","follow":"follow","max-snippet":"max-snippet:-1","max-image-preview":"max-image-preview:large","max-video-preview":"max-video-preview:-1"},"canonical":"https:\/\/nitorlack.com\/fr\/responsabilites\/","og_locale":"fr_FR","og_type":"article","og_title":"Responsabilit\u00e9s | NitorLACK","og_description":"Nitorlack - Peinture nitrocellulosique pour guitares, couleurs vintage et tutoriels pour peindre votre guitare. D\u00e9couvrir Responsabilit\u00e9s","og_url":"https:\/\/nitorlack.com\/fr\/responsabilites\/","og_site_name":"Nitorlack","article_modified_time":"2016-11-23T12:04:14+00:00","twitter_card":"summary_large_image","twitter_misc":{"Dur\u00e9e de lecture estim\u00e9e":"2 minutes"},"schema":{"@context":"https:\/\/schema.org","@graph":[{"@type":"WebPage","@id":"https:\/\/nitorlack.com\/fr\/responsabilites\/","url":"https:\/\/nitorlack.com\/fr\/responsabilites\/","name":"Responsabilit\u00e9s | NitorLACK","isPartOf":{"@id":"https:\/\/nitorlack.com\/fr\/#website"},"datePublished":"2016-03-09T14:06:59+00:00","dateModified":"2016-11-23T12:04:14+00:00","description":"Nitorlack - Peinture nitrocellulosique pour guitares, couleurs vintage et tutoriels pour peindre votre guitare. D\u00e9couvrir Responsabilit\u00e9s","breadcrumb":{"@id":"https:\/\/nitorlack.com\/fr\/responsabilites\/#breadcrumb"},"inLanguage":"fr-FR","potentialAction":[{"@type":"ReadAction","target":["https:\/\/nitorlack.com\/fr\/responsabilites\/"]}]},{"@type":"BreadcrumbList","@id":"https:\/\/nitorlack.com\/fr\/responsabilites\/#breadcrumb","itemListElement":[{"@type":"ListItem","position":1,"name":"Page de Couverture","item":"https:\/\/nitorlack.com\/fr\/"},{"@type":"ListItem","position":2,"name":"Responsabilit\u00e9s"}]},{"@type":"WebSite","@id":"https:\/\/nitorlack.com\/fr\/#website","url":"https:\/\/nitorlack.com\/fr\/","name":"Nitorlack","description":"Guitar Lacquers","publisher":{"@id":"https:\/\/nitorlack.com\/fr\/#organization"},"potentialAction":[{"@type":"SearchAction","target":{"@type":"EntryPoint","urlTemplate":"https:\/\/nitorlack.com\/fr\/?s={search_term_string}"},"query-input":{"@type":"PropertyValueSpecification","valueRequired":true,"valueName":"search_term_string"}}],"inLanguage":"fr-FR"},{"@type":"Organization","@id":"https:\/\/nitorlack.com\/fr\/#organization","name":"Nitorlack","url":"https:\/\/nitorlack.com\/fr\/","logo":{"@type":"ImageObject","inLanguage":"fr-FR","@id":"https:\/\/nitorlack.com\/fr\/#\/schema\/logo\/image\/","url":"http:\/\/nitorlack.com\/wp-content\/uploads\/2016\/02\/cropped-galleta-negra-1.jpg","contentUrl":"http:\/\/nitorlack.com\/wp-content\/uploads\/2016\/02\/cropped-galleta-negra-1.jpg","width":512,"height":512,"caption":"Nitorlack"},"image":{"@id":"https:\/\/nitorlack.com\/fr\/#\/schema\/logo\/image\/"}}]}},"_links":{"self":[{"href":"https:\/\/nitorlack.com\/fr\/wp-json\/wp\/v2\/pages\/2983","targetHints":{"allow":["GET"]}}],"collection":[{"href":"https:\/\/nitorlack.com\/fr\/wp-json\/wp\/v2\/pages"}],"about":[{"href":"https:\/\/nitorlack.com\/fr\/wp-json\/wp\/v2\/types\/page"}],"author":[{"embeddable":true,"href":"https:\/\/nitorlack.com\/fr\/wp-json\/wp\/v2\/users\/1"}],"replies":[{"embeddable":true,"href":"https:\/\/nitorlack.com\/fr\/wp-json\/wp\/v2\/comments?post=2983"}],"version-history":[{"count":0,"href":"https:\/\/nitorlack.com\/fr\/wp-json\/wp\/v2\/pages\/2983\/revisions"}],"wp:attachment":[{"href":"https:\/\/nitorlack.com\/fr\/wp-json\/wp\/v2\/media?parent=2983"}],"curies":[{"name":"wp","href":"https:\/\/api.w.org\/{rel}","templated":true}]}}