{"id":1793,"date":"2016-03-07T11:23:20","date_gmt":"2016-03-07T11:23:20","guid":{"rendered":"http:\/\/nitorlack.com\/fr\/proceso-aplicacion-crakele-nitrocelulosa\/"},"modified":"2016-04-04T07:34:45","modified_gmt":"2016-04-04T07:34:45","slug":"processus-crakele-nitrocellulose","status":"publish","type":"page","link":"https:\/\/nitorlack.com\/fr\/tutorials\/processus-crakele-nitrocellulose\/","title":{"rendered":"Processus craquel\u00e9 peint de nitrocellulose"},"content":{"rendered":"<p><strong>Processus:<\/strong><\/p>\n<p>Vous devez appliquer un \u00e9clat nitro de base \u00e0 la guitare (la couleur que vous choisissez au choix), le pon\u00e7age entre les couches.<br \/>\nUne fois \u00e9tanche et une surface lisse, vous devez appliquer une derni\u00e8re couche de couleur et nitro choisi de ne pas le sable de la derni\u00e8re couche (dans notre cas, blanc brillant finition nitro).<img loading=\"lazy\" decoding=\"async\" class=\"alignright\" src=\"http:\/\/ecx.images-amazon.com\/images\/I\/61UZItzacJL._SX450_.jpg\" alt=\"\" width=\"371\" height=\"261\" \/><br \/>\nLaisser s\u00e9cher pendant une heure<br \/>\nAppliquer l&rsquo;effet crackele.<br \/>\nSans sable pas \u00e9liminer l&rsquo;effet de casernement nitro incolore appliquer l&rsquo;effet \u00e0 r\u00e9gler la luminosit\u00e9 et la brillance, la force et la protection.<br \/>\nPoursuivre l&rsquo;application de couches de incolore nitro brillant brillant finition d\u00e9sir\u00e9e (pon\u00e7age entre les couches)<br \/>\nRemarque: Il est recommand\u00e9 de tester l&rsquo;effet avant qu&rsquo;un \u00e9chantillon de bois pour apprendre \u00e0 appliquer le mat\u00e9riau.<\/p>\n","protected":false},"excerpt":{"rendered":"<p>Processus: Vous devez appliquer un \u00e9clat nitro de base \u00e0 la guitare (la [&hellip;]<\/p>\n","protected":false},"author":1,"featured_media":0,"parent":1413,"menu_order":0,"comment_status":"closed","ping_status":"closed","template":"","meta":{"om_disable_all_campaigns":false,"site-sidebar-layout":"default","site-content-layout":"","ast-site-content-layout":"default","site-content-style":"default","site-sidebar-style":"default","ast-global-header-display":"","ast-banner-title-visibility":"","ast-main-header-display":"","ast-hfb-above-header-display":"","ast-hfb-below-header-display":"","ast-hfb-mobile-header-display":"","site-post-title":"","ast-breadcrumbs-content":"","ast-featured-img":"","footer-sml-layout":"","ast-disable-related-posts":"","theme-transparent-header-meta":"","adv-header-id-meta":"","stick-header-meta":"","header-above-stick-meta":"","header-main-stick-meta":"","header-below-stick-meta":"","astra-migrate-meta-layouts":"default","ast-page-background-enabled":"default","ast-page-background-meta":{"desktop":{"background-color":"var(--ast-global-color-4)","background-image":"","background-repeat":"repeat","background-position":"center center","background-size":"auto","background-attachment":"scroll","background-type":"","background-media":"","overlay-type":"","overlay-color":"","overlay-opacity":"","overlay-gradient":""},"tablet":{"background-color":"","background-image":"","background-repeat":"repeat","background-position":"center center","background-size":"auto","background-attachment":"scroll","background-type":"","background-media":"","overlay-type":"","overlay-color":"","overlay-opacity":"","overlay-gradient":""},"mobile":{"background-color":"","background-image":"","background-repeat":"repeat","background-position":"center center","background-size":"auto","background-attachment":"scroll","background-type":"","background-media":"","overlay-type":"","overlay-color":"","overlay-opacity":"","overlay-gradient":""}},"ast-content-background-meta":{"desktop":{"background-color":"var(--ast-global-color-5)","background-image":"","background-repeat":"repeat","background-position":"center center","background-size":"auto","background-attachment":"scroll","background-type":"","background-media":"","overlay-type":"","overlay-color":"","overlay-opacity":"","overlay-gradient":""},"tablet":{"background-color":"var(--ast-global-color-5)","background-image":"","background-repeat":"repeat","background-position":"center center","background-size":"auto","background-attachment":"scroll","background-type":"","background-media":"","overlay-type":"","overlay-color":"","overlay-opacity":"","overlay-gradient":""},"mobile":{"background-color":"var(--ast-global-color-5)","background-image":"","background-repeat":"repeat","background-position":"center center","background-size":"auto","background-attachment":"scroll","background-type":"","background-media":"","overlay-type":"","overlay-color":"","overlay-opacity":"","overlay-gradient":""}},"footnotes":""},"class_list":["post-1793","page","type-page","status-publish","hentry"],"yoast_head":"<!-- This site is optimized with the Yoast SEO plugin v27.6 - https:\/\/yoast.com\/product\/yoast-seo-wordpress\/ -->\n<title>Processus craquel\u00e9 peint de nitrocellulose | NitorLACK<\/title>\n<meta name=\"description\" content=\"Nitorlack - Peinture nitrocellulosique pour guitares, couleurs vintage et tutoriels pour peindre votre guitare. D\u00e9couvrir Processus craquel\u00e9 peint de nitrocellulose\" \/>\n<meta name=\"robots\" content=\"index, follow, max-snippet:-1, max-image-preview:large, max-video-preview:-1\" \/>\n<link rel=\"canonical\" href=\"https:\/\/nitorlack.com\/fr\/tutorials\/processus-crakele-nitrocellulose\/\" \/>\n<meta property=\"og:locale\" content=\"fr_FR\" \/>\n<meta property=\"og:type\" content=\"article\" \/>\n<meta property=\"og:title\" content=\"Processus craquel\u00e9 peint de nitrocellulose | NitorLACK\" \/>\n<meta property=\"og:description\" content=\"Nitorlack - Peinture nitrocellulosique pour guitares, couleurs vintage et tutoriels pour peindre votre guitare. D\u00e9couvrir Processus craquel\u00e9 peint de nitrocellulose\" \/>\n<meta property=\"og:url\" content=\"https:\/\/nitorlack.com\/fr\/tutorials\/processus-crakele-nitrocellulose\/\" \/>\n<meta property=\"og:site_name\" content=\"Nitorlack\" \/>\n<meta property=\"article:modified_time\" content=\"2016-04-04T07:34:45+00:00\" \/>\n<meta property=\"og:image\" content=\"http:\/\/ecx.images-amazon.com\/images\/I\/61UZItzacJL._SX450_.jpg\" \/>\n<meta name=\"twitter:card\" content=\"summary_large_image\" \/>\n<meta name=\"twitter:label1\" content=\"Dur\u00e9e de lecture estim\u00e9e\" \/>\n\t<meta name=\"twitter:data1\" content=\"1 minute\" \/>\n<script type=\"application\/ld+json\" class=\"yoast-schema-graph\">{\"@context\":\"https:\\\/\\\/schema.org\",\"@graph\":[{\"@type\":\"WebPage\",\"@id\":\"https:\\\/\\\/nitorlack.com\\\/fr\\\/tutorials\\\/processus-crakele-nitrocellulose\\\/\",\"url\":\"https:\\\/\\\/nitorlack.com\\\/fr\\\/tutorials\\\/processus-crakele-nitrocellulose\\\/\",\"name\":\"Processus craquel\u00e9 peint de nitrocellulose | NitorLACK\",\"isPartOf\":{\"@id\":\"https:\\\/\\\/nitorlack.com\\\/fr\\\/#website\"},\"primaryImageOfPage\":{\"@id\":\"https:\\\/\\\/nitorlack.com\\\/fr\\\/tutorials\\\/processus-crakele-nitrocellulose\\\/#primaryimage\"},\"image\":{\"@id\":\"https:\\\/\\\/nitorlack.com\\\/fr\\\/tutorials\\\/processus-crakele-nitrocellulose\\\/#primaryimage\"},\"thumbnailUrl\":\"http:\\\/\\\/ecx.images-amazon.com\\\/images\\\/I\\\/61UZItzacJL._SX450_.jpg\",\"datePublished\":\"2016-03-07T11:23:20+00:00\",\"dateModified\":\"2016-04-04T07:34:45+00:00\",\"description\":\"Nitorlack - Peinture nitrocellulosique pour guitares, couleurs vintage et tutoriels pour peindre votre guitare. D\u00e9couvrir Processus craquel\u00e9 peint de nitrocellulose\",\"breadcrumb\":{\"@id\":\"https:\\\/\\\/nitorlack.com\\\/fr\\\/tutorials\\\/processus-crakele-nitrocellulose\\\/#breadcrumb\"},\"inLanguage\":\"fr-FR\",\"potentialAction\":[{\"@type\":\"ReadAction\",\"target\":[\"https:\\\/\\\/nitorlack.com\\\/fr\\\/tutorials\\\/processus-crakele-nitrocellulose\\\/\"]}]},{\"@type\":\"ImageObject\",\"inLanguage\":\"fr-FR\",\"@id\":\"https:\\\/\\\/nitorlack.com\\\/fr\\\/tutorials\\\/processus-crakele-nitrocellulose\\\/#primaryimage\",\"url\":\"http:\\\/\\\/ecx.images-amazon.com\\\/images\\\/I\\\/61UZItzacJL._SX450_.jpg\",\"contentUrl\":\"http:\\\/\\\/ecx.images-amazon.com\\\/images\\\/I\\\/61UZItzacJL._SX450_.jpg\"},{\"@type\":\"BreadcrumbList\",\"@id\":\"https:\\\/\\\/nitorlack.com\\\/fr\\\/tutorials\\\/processus-crakele-nitrocellulose\\\/#breadcrumb\",\"itemListElement\":[{\"@type\":\"ListItem\",\"position\":1,\"name\":\"Page de Couverture\",\"item\":\"https:\\\/\\\/nitorlack.com\\\/fr\\\/\"},{\"@type\":\"ListItem\",\"position\":2,\"name\":\"VID\u00c9O\",\"item\":\"https:\\\/\\\/nitorlack.com\\\/fr\\\/tutorials\\\/\"},{\"@type\":\"ListItem\",\"position\":3,\"name\":\"Processus craquel\u00e9 peint de nitrocellulose\"}]},{\"@type\":\"WebSite\",\"@id\":\"https:\\\/\\\/nitorlack.com\\\/fr\\\/#website\",\"url\":\"https:\\\/\\\/nitorlack.com\\\/fr\\\/\",\"name\":\"Nitorlack\",\"description\":\"Guitar Lacquers\",\"publisher\":{\"@id\":\"https:\\\/\\\/nitorlack.com\\\/fr\\\/#organization\"},\"potentialAction\":[{\"@type\":\"SearchAction\",\"target\":{\"@type\":\"EntryPoint\",\"urlTemplate\":\"https:\\\/\\\/nitorlack.com\\\/fr\\\/?s={search_term_string}\"},\"query-input\":{\"@type\":\"PropertyValueSpecification\",\"valueRequired\":true,\"valueName\":\"search_term_string\"}}],\"inLanguage\":\"fr-FR\"},{\"@type\":\"Organization\",\"@id\":\"https:\\\/\\\/nitorlack.com\\\/fr\\\/#organization\",\"name\":\"Nitorlack\",\"url\":\"https:\\\/\\\/nitorlack.com\\\/fr\\\/\",\"logo\":{\"@type\":\"ImageObject\",\"inLanguage\":\"fr-FR\",\"@id\":\"https:\\\/\\\/nitorlack.com\\\/fr\\\/#\\\/schema\\\/logo\\\/image\\\/\",\"url\":\"http:\\\/\\\/nitorlack.com\\\/wp-content\\\/uploads\\\/2016\\\/02\\\/cropped-galleta-negra-1.jpg\",\"contentUrl\":\"http:\\\/\\\/nitorlack.com\\\/wp-content\\\/uploads\\\/2016\\\/02\\\/cropped-galleta-negra-1.jpg\",\"width\":512,\"height\":512,\"caption\":\"Nitorlack\"},\"image\":{\"@id\":\"https:\\\/\\\/nitorlack.com\\\/fr\\\/#\\\/schema\\\/logo\\\/image\\\/\"}}]}<\/script>\n<!-- \/ Yoast SEO plugin. -->","yoast_head_json":{"title":"Processus craquel\u00e9 peint de nitrocellulose | NitorLACK","description":"Nitorlack - Peinture nitrocellulosique pour guitares, couleurs vintage et tutoriels pour peindre votre guitare. D\u00e9couvrir Processus craquel\u00e9 peint de nitrocellulose","robots":{"index":"index","follow":"follow","max-snippet":"max-snippet:-1","max-image-preview":"max-image-preview:large","max-video-preview":"max-video-preview:-1"},"canonical":"https:\/\/nitorlack.com\/fr\/tutorials\/processus-crakele-nitrocellulose\/","og_locale":"fr_FR","og_type":"article","og_title":"Processus craquel\u00e9 peint de nitrocellulose | NitorLACK","og_description":"Nitorlack - Peinture nitrocellulosique pour guitares, couleurs vintage et tutoriels pour peindre votre guitare. D\u00e9couvrir Processus craquel\u00e9 peint de nitrocellulose","og_url":"https:\/\/nitorlack.com\/fr\/tutorials\/processus-crakele-nitrocellulose\/","og_site_name":"Nitorlack","article_modified_time":"2016-04-04T07:34:45+00:00","og_image":[{"url":"http:\/\/ecx.images-amazon.com\/images\/I\/61UZItzacJL._SX450_.jpg","type":"","width":"","height":""}],"twitter_card":"summary_large_image","twitter_misc":{"Dur\u00e9e de lecture estim\u00e9e":"1 minute"},"schema":{"@context":"https:\/\/schema.org","@graph":[{"@type":"WebPage","@id":"https:\/\/nitorlack.com\/fr\/tutorials\/processus-crakele-nitrocellulose\/","url":"https:\/\/nitorlack.com\/fr\/tutorials\/processus-crakele-nitrocellulose\/","name":"Processus craquel\u00e9 peint de nitrocellulose | NitorLACK","isPartOf":{"@id":"https:\/\/nitorlack.com\/fr\/#website"},"primaryImageOfPage":{"@id":"https:\/\/nitorlack.com\/fr\/tutorials\/processus-crakele-nitrocellulose\/#primaryimage"},"image":{"@id":"https:\/\/nitorlack.com\/fr\/tutorials\/processus-crakele-nitrocellulose\/#primaryimage"},"thumbnailUrl":"http:\/\/ecx.images-amazon.com\/images\/I\/61UZItzacJL._SX450_.jpg","datePublished":"2016-03-07T11:23:20+00:00","dateModified":"2016-04-04T07:34:45+00:00","description":"Nitorlack - Peinture nitrocellulosique pour guitares, couleurs vintage et tutoriels pour peindre votre guitare. D\u00e9couvrir Processus craquel\u00e9 peint de nitrocellulose","breadcrumb":{"@id":"https:\/\/nitorlack.com\/fr\/tutorials\/processus-crakele-nitrocellulose\/#breadcrumb"},"inLanguage":"fr-FR","potentialAction":[{"@type":"ReadAction","target":["https:\/\/nitorlack.com\/fr\/tutorials\/processus-crakele-nitrocellulose\/"]}]},{"@type":"ImageObject","inLanguage":"fr-FR","@id":"https:\/\/nitorlack.com\/fr\/tutorials\/processus-crakele-nitrocellulose\/#primaryimage","url":"http:\/\/ecx.images-amazon.com\/images\/I\/61UZItzacJL._SX450_.jpg","contentUrl":"http:\/\/ecx.images-amazon.com\/images\/I\/61UZItzacJL._SX450_.jpg"},{"@type":"BreadcrumbList","@id":"https:\/\/nitorlack.com\/fr\/tutorials\/processus-crakele-nitrocellulose\/#breadcrumb","itemListElement":[{"@type":"ListItem","position":1,"name":"Page de Couverture","item":"https:\/\/nitorlack.com\/fr\/"},{"@type":"ListItem","position":2,"name":"VID\u00c9O","item":"https:\/\/nitorlack.com\/fr\/tutorials\/"},{"@type":"ListItem","position":3,"name":"Processus craquel\u00e9 peint de nitrocellulose"}]},{"@type":"WebSite","@id":"https:\/\/nitorlack.com\/fr\/#website","url":"https:\/\/nitorlack.com\/fr\/","name":"Nitorlack","description":"Guitar Lacquers","publisher":{"@id":"https:\/\/nitorlack.com\/fr\/#organization"},"potentialAction":[{"@type":"SearchAction","target":{"@type":"EntryPoint","urlTemplate":"https:\/\/nitorlack.com\/fr\/?s={search_term_string}"},"query-input":{"@type":"PropertyValueSpecification","valueRequired":true,"valueName":"search_term_string"}}],"inLanguage":"fr-FR"},{"@type":"Organization","@id":"https:\/\/nitorlack.com\/fr\/#organization","name":"Nitorlack","url":"https:\/\/nitorlack.com\/fr\/","logo":{"@type":"ImageObject","inLanguage":"fr-FR","@id":"https:\/\/nitorlack.com\/fr\/#\/schema\/logo\/image\/","url":"http:\/\/nitorlack.com\/wp-content\/uploads\/2016\/02\/cropped-galleta-negra-1.jpg","contentUrl":"http:\/\/nitorlack.com\/wp-content\/uploads\/2016\/02\/cropped-galleta-negra-1.jpg","width":512,"height":512,"caption":"Nitorlack"},"image":{"@id":"https:\/\/nitorlack.com\/fr\/#\/schema\/logo\/image\/"}}]}},"_links":{"self":[{"href":"https:\/\/nitorlack.com\/fr\/wp-json\/wp\/v2\/pages\/1793","targetHints":{"allow":["GET"]}}],"collection":[{"href":"https:\/\/nitorlack.com\/fr\/wp-json\/wp\/v2\/pages"}],"about":[{"href":"https:\/\/nitorlack.com\/fr\/wp-json\/wp\/v2\/types\/page"}],"author":[{"embeddable":true,"href":"https:\/\/nitorlack.com\/fr\/wp-json\/wp\/v2\/users\/1"}],"replies":[{"embeddable":true,"href":"https:\/\/nitorlack.com\/fr\/wp-json\/wp\/v2\/comments?post=1793"}],"version-history":[{"count":0,"href":"https:\/\/nitorlack.com\/fr\/wp-json\/wp\/v2\/pages\/1793\/revisions"}],"up":[{"embeddable":true,"href":"https:\/\/nitorlack.com\/fr\/wp-json\/wp\/v2\/pages\/1413"}],"wp:attachment":[{"href":"https:\/\/nitorlack.com\/fr\/wp-json\/wp\/v2\/media?parent=1793"}],"curies":[{"name":"wp","href":"https:\/\/api.w.org\/{rel}","templated":true}]}}