{"id":1728,"date":"2016-03-09T13:48:18","date_gmt":"2016-03-09T13:48:18","guid":{"rendered":"http:\/\/nitorlack.com\/fr\/envios\/"},"modified":"2025-05-12T16:28:25","modified_gmt":"2025-05-12T14:28:25","slug":"expeditions","status":"publish","type":"page","link":"https:\/\/nitorlack.com\/fr\/expeditions\/","title":{"rendered":"Exp\u00e9ditions"},"content":{"rendered":"<div class=\"wpb-content-wrapper\"><p>[vc_row][vc_column][vc_column_text css=\u00a0\u00bb\u00a0\u00bb]<\/p>\n<ul>\n<li>Pour toute commande sup\u00e9rieure \u00e0 <strong>75 euros en Espagne <\/strong>, les frais de port sont GRATUITS. Nous ne livrons pas \u00e0 Ceuta et Melilla.<\/li>\n<li>Pour les commandes de plus de <strong>120 euros en France et en Italie,<\/strong> la livraison est GRATUITE.<\/li>\n<li>Pour les commandes de plus de <strong>150 euros dans le reste de l&rsquo;Europe,<\/strong> les frais d&rsquo;exp\u00e9dition sont GRATUITS.<\/li>\n<\/ul>\n<p>Nos produits sont soumis \u00e0 certains frais et mesures de s\u00e9curit\u00e9, qui doivent \u00eatre appliqu\u00e9s par les soci\u00e9t\u00e9s de transport.<br \/>\nComme nous sommes des soci\u00e9t\u00e9s sp\u00e9cialis\u00e9es dans les produits ADR, les frais d&rsquo;exp\u00e9dition peuvent \u00eatre sensiblement plus \u00e9lev\u00e9s que dans d&rsquo;autres secteurs.<\/p>\n<h4><strong>Prix hors TVA:<\/strong><\/h4>\n<ul>\n<li>Les frais de port pour l&rsquo;Espagne continentale et les \u00eeles Bal\u00e9ares pour les commandes inf\u00e9rieures \u00e0 75\u20ac seront de 6,90 \u20ac.<\/li>\n<li>Les frais de port pour la France seront de 15,00\u20ac. *<span style=\"font-size: 16px;\">Nous n&rsquo;exp\u00e9dions pas vers les \u00eeles fran\u00e7aises*<\/span><\/li>\n<li>Les frais d&rsquo;exp\u00e9dition pour l&rsquo;Italie s&rsquo;\u00e9l\u00e8vent \u00e0 15,00\u20ac.<\/li>\n<li>Les frais de port pour le reste de l&rsquo;Europe s&rsquo;\u00e9l\u00e8vent \u00e0 18,00\u20ac.<\/li>\n<li>Les frais d&rsquo;exp\u00e9dition pour les commandes britanniques s&rsquo;\u00e9l\u00e8vent \u00e0 19 \u20ac. La commande minimale pour traiter une commande britannique est de 100\u20ac.<\/li>\n<li>La commande sera exp\u00e9di\u00e9e \u00e0 l&rsquo;adresse que vous avez indiqu\u00e9e au moment de l&rsquo;achat.<\/li>\n<\/ul>\n<p>&nbsp;<\/p>\n<p><strong>\u00ceLES CANARIES<\/strong><\/p>\n<p>Les livraisons aux \u00eeles Canaries ont un d\u00e9lai de livraison approximatif de 45 jours et doivent \u00eatre retir\u00e9es aupr\u00e8s de nos succursales de Valresa Coatings S.A. aux adresses suivantes :<\/p>\n<p>VALRESA COATINGS, S.A.<br \/>\nAdresse : Calle Califas, 3 Polig. El Goro<br \/>\n35200-Telde (Las Palmas de Gran Canarias)<br \/>\nT\u00e9l\u00e9phone : 928. 904. 693<\/p>\n<p>VALRESA COATINGS, S.A.<br \/>\nAdresse : Cra. El Rosario, 33 Nave 48, La Azufrera<br \/>\n38108-Taco-La Laguna (Tenerife)<br \/>\nT\u00e9l\u00e9phone : 922. 073. 380<\/p>\n<p>Nous vous informerons par t\u00e9l\u00e9phone lorsque nous aurons la commande physiquement dans nos locaux afin que vous puissiez la r\u00e9cup\u00e9rer \u00e0 destination. Les commandes pass\u00e9es sur les \u00eeles de Lanzarote, Fuerteventura, La Palma, La Gomera et El Hierro seront envoy\u00e9es en port d\u00fb depuis nos bureaux.<\/p>\n<p>Le d\u00e9lai entre la commande et la date de la premi\u00e8re tentative de livraison par le transporteur \u00e0 l&rsquo;adresse indiqu\u00e9e dans la commande correspond \u00e0 la somme de ces 2 facteurs :<\/p>\n<p>1. D\u00e9lai de pr\u00e9paration de la livraison (3 \u00e0 5 jours) = validation et v\u00e9rification de vos coordonn\u00e9es et de votre paiement + pr\u00e9paration de votre commande + enl\u00e8vement par le transporteur.<br \/>\n2. Le d\u00e9lai de transport et de livraison de votre commande :<br \/>\n&#8211; Espagne continentale, Bal\u00e9ares et Portugal (1 \u00e0 2 jours)<br \/>\n&#8211; \u00celes Canaries (45 jours maximum)<br \/>\n&#8211; Reste de l&rsquo;Europe (3 \u00e0 5 jours)<br \/>\nCes d\u00e9lais sont indiqu\u00e9s en jours ouvrables.<\/p>\n<p>Valresa s&rsquo;efforce de respecter les d\u00e9lais de livraison mentionn\u00e9s sur le portail. Cependant, Valresa ne pourra \u00eatre tenu responsable des cons\u00e9quences d&rsquo;un retard de livraison ou d&rsquo;une perte du colis caus\u00e9s par des personnes ext\u00e9rieures au contrat de transport, par vous-m\u00eame ou pour des raisons impr\u00e9visibles ou insurmontables ou des causes de force majeure. En outre, le mode de paiement choisi par vous peut avoir une incidence sur les d\u00e9lais de livraison.<br \/>\nEn cas de non r\u00e9ception d&rsquo;un colis dans les d\u00e9lais impartis, une enqu\u00eate sera men\u00e9e en collaboration avec le transporteur, ce qui peut prendre plusieurs jours (le d\u00e9lai approximatif est de quatorze (14) jours ouvr\u00e9s). Durant cette p\u00e9riode, aucune r\u00e9exp\u00e9dition ou remboursement de la commande ne sera possible.<\/p>\n<p>Nous vous conseillons de v\u00e9rifier que tout est conforme \u00e0 votre commande et en parfait \u00e9tat lors de la r\u00e9ception de votre colis. Si vous n&rsquo;\u00eates pas d&rsquo;accord avec les articles livr\u00e9s ou leur \u00e9tat, veuillez signer et indiquer \u00e0 la main sur le bon de livraison du transporteur les anomalies que vous avez constat\u00e9es \u00e0 la r\u00e9ception.<\/p>\n<h4>Informations douani\u00e8res:<\/h4>\n<p>Si votre adresse de livraison est situ\u00e9e en dehors de l&rsquo;Union europ\u00e9enne, vous pourrez \u00eatre soumis \u00e0 des droits de douane et autres taxes qui sont exigibles lorsque les produits arrivent dans le pays de destination \u00e0 partir duquel ils ont \u00e9t\u00e9 command\u00e9s sur nitorlack.com.<\/p>\n<p>Tous les frais suppl\u00e9mentaires dus aux douanes et\/ou aux droits de douane sont \u00e0 votre charge. Nous n&rsquo;avons aucun contr\u00f4le sur ces frais et ne pouvons pas en pr\u00e9voir la nature ou le montant.<\/p>\n<p>Les politiques douani\u00e8res varient consid\u00e9rablement d&rsquo;un pays \u00e0 l&rsquo;autre, vous devez donc contacter votre bureau de douane local pour plus d&rsquo;informations. N&rsquo;oubliez pas non plus que lorsque vous passez une commande par l&rsquo;interm\u00e9diaire de nitorlack.com, vous \u00eates consid\u00e9r\u00e9 comme l&rsquo;importateur des produits et vous devez vous conformer \u00e0 toutes les lois et \u00e0 tous les r\u00e8glements applicables dans le pays o\u00f9 vous recevez les produits. En g\u00e9n\u00e9ral, les formulaires de douane pour les commandes internationales indiquent la valeur du contenu de votre commande par type de produit.<\/p>\n<p>Votre vie priv\u00e9e est importante pour nous et nous savons que vous \u00eates pr\u00e9occup\u00e9 par la mani\u00e8re dont nous utilisons les informations relatives \u00e0 vos commandes. Toutefois, nous tenons \u00e0 vous informer que le commerce international est soumis \u00e0 l&rsquo;inspection et \u00e0 l&rsquo;examen des autorit\u00e9s douani\u00e8res comp\u00e9tentes. Nous pouvons \u00eatre amen\u00e9s \u00e0 fournir \u00e0 nos agents d&rsquo;exp\u00e9dition certaines informations concernant les produits. Ces informations peuvent \u00e9galement devoir \u00eatre transmises aux autorit\u00e9s comp\u00e9tentes afin de faciliter le respect de la l\u00e9gislation en vigueur.<\/p>\n<p>Afin d&rsquo;assurer le bon d\u00e9roulement de l&rsquo;importation de vos produits, nous vous recommandons de contacter le bureau de douane de votre pays ou r\u00e9gion pour conna\u00eetre les restrictions \u00e0 l&rsquo;importation qui s&rsquo;appliquent \u00e0 certains produits avant de passer vos commandes.[\/vc_column_text][\/vc_column][\/vc_row]<\/p>\n<\/div>","protected":false},"excerpt":{"rendered":"<p>[vc_row][vc_column][vc_column_text css=\u00a0\u00bb\u00a0\u00bb] Pour toute commande sup\u00e9rieure \u00e0 75 euros en Espagne , les [&hellip;]<\/p>\n","protected":false},"author":1,"featured_media":0,"parent":0,"menu_order":0,"comment_status":"closed","ping_status":"closed","template":"","meta":{"om_disable_all_campaigns":false,"site-sidebar-layout":"no-sidebar","site-content-layout":"plain-container","ast-site-content-layout":"default","site-content-style":"default","site-sidebar-style":"default","ast-global-header-display":"","ast-banner-title-visibility":"","ast-main-header-display":"","ast-hfb-above-header-display":"","ast-hfb-below-header-display":"","ast-hfb-mobile-header-display":"","site-post-title":"disabled","ast-breadcrumbs-content":"","ast-featured-img":"disabled","footer-sml-layout":"","ast-disable-related-posts":"","theme-transparent-header-meta":"default","adv-header-id-meta":"","stick-header-meta":"default","header-above-stick-meta":"","header-main-stick-meta":"","header-below-stick-meta":"","astra-migrate-meta-layouts":"set","ast-page-background-enabled":"default","ast-page-background-meta":{"desktop":{"background-color":"var(--ast-global-color-4)","background-image":"","background-repeat":"repeat","background-position":"center center","background-size":"auto","background-attachment":"scroll","background-type":"","background-media":"","overlay-type":"","overlay-color":"","overlay-opacity":"","overlay-gradient":""},"tablet":{"background-color":"","background-image":"","background-repeat":"repeat","background-position":"center center","background-size":"auto","background-attachment":"scroll","background-type":"","background-media":"","overlay-type":"","overlay-color":"","overlay-opacity":"","overlay-gradient":""},"mobile":{"background-color":"","background-image":"","background-repeat":"repeat","background-position":"center center","background-size":"auto","background-attachment":"scroll","background-type":"","background-media":"","overlay-type":"","overlay-color":"","overlay-opacity":"","overlay-gradient":""}},"ast-content-background-meta":{"desktop":{"background-color":"var(--ast-global-color-5)","background-image":"","background-repeat":"repeat","background-position":"center center","background-size":"auto","background-attachment":"scroll","background-type":"","background-media":"","overlay-type":"","overlay-color":"","overlay-opacity":"","overlay-gradient":""},"tablet":{"background-color":"var(--ast-global-color-5)","background-image":"","background-repeat":"repeat","background-position":"center center","background-size":"auto","background-attachment":"scroll","background-type":"","background-media":"","overlay-type":"","overlay-color":"","overlay-opacity":"","overlay-gradient":""},"mobile":{"background-color":"var(--ast-global-color-5)","background-image":"","background-repeat":"repeat","background-position":"center center","background-size":"auto","background-attachment":"scroll","background-type":"","background-media":"","overlay-type":"","overlay-color":"","overlay-opacity":"","overlay-gradient":""}},"footnotes":""},"class_list":["post-1728","page","type-page","status-publish","hentry"],"yoast_head":"<!-- This site is optimized with the Yoast SEO plugin v27.4 - https:\/\/yoast.com\/product\/yoast-seo-wordpress\/ -->\n<title>Exp\u00e9ditions | NitorLACK<\/title>\n<meta name=\"description\" content=\"Nitorlack - Peinture nitrocellulosique pour guitares, couleurs vintage et tutoriels pour peindre votre guitare. D\u00e9couvrir Exp\u00e9ditions\" \/>\n<meta name=\"robots\" content=\"index, follow, max-snippet:-1, max-image-preview:large, max-video-preview:-1\" \/>\n<link rel=\"canonical\" href=\"https:\/\/nitorlack.com\/fr\/expeditions\/\" \/>\n<meta property=\"og:locale\" content=\"fr_FR\" \/>\n<meta property=\"og:type\" content=\"article\" \/>\n<meta property=\"og:title\" content=\"Exp\u00e9ditions | NitorLACK\" \/>\n<meta property=\"og:description\" content=\"Nitorlack - Peinture nitrocellulosique pour guitares, couleurs vintage et tutoriels pour peindre votre guitare. D\u00e9couvrir Exp\u00e9ditions\" \/>\n<meta property=\"og:url\" content=\"https:\/\/nitorlack.com\/fr\/expeditions\/\" \/>\n<meta property=\"og:site_name\" content=\"Nitorlack\" \/>\n<meta property=\"article:modified_time\" content=\"2025-05-12T14:28:25+00:00\" \/>\n<meta name=\"twitter:card\" content=\"summary_large_image\" \/>\n<meta name=\"twitter:label1\" content=\"Dur\u00e9e de lecture estim\u00e9e\" \/>\n\t<meta name=\"twitter:data1\" content=\"4 minutes\" \/>\n<script type=\"application\/ld+json\" class=\"yoast-schema-graph\">{\"@context\":\"https:\\\/\\\/schema.org\",\"@graph\":[{\"@type\":\"WebPage\",\"@id\":\"https:\\\/\\\/nitorlack.com\\\/fr\\\/expeditions\\\/\",\"url\":\"https:\\\/\\\/nitorlack.com\\\/fr\\\/expeditions\\\/\",\"name\":\"Exp\u00e9ditions | NitorLACK\",\"isPartOf\":{\"@id\":\"https:\\\/\\\/nitorlack.com\\\/fr\\\/#website\"},\"datePublished\":\"2016-03-09T13:48:18+00:00\",\"dateModified\":\"2025-05-12T14:28:25+00:00\",\"description\":\"Nitorlack - Peinture nitrocellulosique pour guitares, couleurs vintage et tutoriels pour peindre votre guitare. D\u00e9couvrir Exp\u00e9ditions\",\"breadcrumb\":{\"@id\":\"https:\\\/\\\/nitorlack.com\\\/fr\\\/expeditions\\\/#breadcrumb\"},\"inLanguage\":\"fr-FR\",\"potentialAction\":[{\"@type\":\"ReadAction\",\"target\":[\"https:\\\/\\\/nitorlack.com\\\/fr\\\/expeditions\\\/\"]}]},{\"@type\":\"BreadcrumbList\",\"@id\":\"https:\\\/\\\/nitorlack.com\\\/fr\\\/expeditions\\\/#breadcrumb\",\"itemListElement\":[{\"@type\":\"ListItem\",\"position\":1,\"name\":\"Page de Couverture\",\"item\":\"https:\\\/\\\/nitorlack.com\\\/fr\\\/\"},{\"@type\":\"ListItem\",\"position\":2,\"name\":\"Exp\u00e9ditions\"}]},{\"@type\":\"WebSite\",\"@id\":\"https:\\\/\\\/nitorlack.com\\\/fr\\\/#website\",\"url\":\"https:\\\/\\\/nitorlack.com\\\/fr\\\/\",\"name\":\"Nitorlack\",\"description\":\"Guitar Lacquers\",\"publisher\":{\"@id\":\"https:\\\/\\\/nitorlack.com\\\/fr\\\/#organization\"},\"potentialAction\":[{\"@type\":\"SearchAction\",\"target\":{\"@type\":\"EntryPoint\",\"urlTemplate\":\"https:\\\/\\\/nitorlack.com\\\/fr\\\/?s={search_term_string}\"},\"query-input\":{\"@type\":\"PropertyValueSpecification\",\"valueRequired\":true,\"valueName\":\"search_term_string\"}}],\"inLanguage\":\"fr-FR\"},{\"@type\":\"Organization\",\"@id\":\"https:\\\/\\\/nitorlack.com\\\/fr\\\/#organization\",\"name\":\"Nitorlack\",\"url\":\"https:\\\/\\\/nitorlack.com\\\/fr\\\/\",\"logo\":{\"@type\":\"ImageObject\",\"inLanguage\":\"fr-FR\",\"@id\":\"https:\\\/\\\/nitorlack.com\\\/fr\\\/#\\\/schema\\\/logo\\\/image\\\/\",\"url\":\"http:\\\/\\\/nitorlack.com\\\/wp-content\\\/uploads\\\/2016\\\/02\\\/cropped-galleta-negra-1.jpg\",\"contentUrl\":\"http:\\\/\\\/nitorlack.com\\\/wp-content\\\/uploads\\\/2016\\\/02\\\/cropped-galleta-negra-1.jpg\",\"width\":512,\"height\":512,\"caption\":\"Nitorlack\"},\"image\":{\"@id\":\"https:\\\/\\\/nitorlack.com\\\/fr\\\/#\\\/schema\\\/logo\\\/image\\\/\"}}]}<\/script>\n<!-- \/ Yoast SEO plugin. -->","yoast_head_json":{"title":"Exp\u00e9ditions | NitorLACK","description":"Nitorlack - Peinture nitrocellulosique pour guitares, couleurs vintage et tutoriels pour peindre votre guitare. D\u00e9couvrir Exp\u00e9ditions","robots":{"index":"index","follow":"follow","max-snippet":"max-snippet:-1","max-image-preview":"max-image-preview:large","max-video-preview":"max-video-preview:-1"},"canonical":"https:\/\/nitorlack.com\/fr\/expeditions\/","og_locale":"fr_FR","og_type":"article","og_title":"Exp\u00e9ditions | NitorLACK","og_description":"Nitorlack - Peinture nitrocellulosique pour guitares, couleurs vintage et tutoriels pour peindre votre guitare. D\u00e9couvrir Exp\u00e9ditions","og_url":"https:\/\/nitorlack.com\/fr\/expeditions\/","og_site_name":"Nitorlack","article_modified_time":"2025-05-12T14:28:25+00:00","twitter_card":"summary_large_image","twitter_misc":{"Dur\u00e9e de lecture estim\u00e9e":"4 minutes"},"schema":{"@context":"https:\/\/schema.org","@graph":[{"@type":"WebPage","@id":"https:\/\/nitorlack.com\/fr\/expeditions\/","url":"https:\/\/nitorlack.com\/fr\/expeditions\/","name":"Exp\u00e9ditions | NitorLACK","isPartOf":{"@id":"https:\/\/nitorlack.com\/fr\/#website"},"datePublished":"2016-03-09T13:48:18+00:00","dateModified":"2025-05-12T14:28:25+00:00","description":"Nitorlack - Peinture nitrocellulosique pour guitares, couleurs vintage et tutoriels pour peindre votre guitare. D\u00e9couvrir Exp\u00e9ditions","breadcrumb":{"@id":"https:\/\/nitorlack.com\/fr\/expeditions\/#breadcrumb"},"inLanguage":"fr-FR","potentialAction":[{"@type":"ReadAction","target":["https:\/\/nitorlack.com\/fr\/expeditions\/"]}]},{"@type":"BreadcrumbList","@id":"https:\/\/nitorlack.com\/fr\/expeditions\/#breadcrumb","itemListElement":[{"@type":"ListItem","position":1,"name":"Page de Couverture","item":"https:\/\/nitorlack.com\/fr\/"},{"@type":"ListItem","position":2,"name":"Exp\u00e9ditions"}]},{"@type":"WebSite","@id":"https:\/\/nitorlack.com\/fr\/#website","url":"https:\/\/nitorlack.com\/fr\/","name":"Nitorlack","description":"Guitar Lacquers","publisher":{"@id":"https:\/\/nitorlack.com\/fr\/#organization"},"potentialAction":[{"@type":"SearchAction","target":{"@type":"EntryPoint","urlTemplate":"https:\/\/nitorlack.com\/fr\/?s={search_term_string}"},"query-input":{"@type":"PropertyValueSpecification","valueRequired":true,"valueName":"search_term_string"}}],"inLanguage":"fr-FR"},{"@type":"Organization","@id":"https:\/\/nitorlack.com\/fr\/#organization","name":"Nitorlack","url":"https:\/\/nitorlack.com\/fr\/","logo":{"@type":"ImageObject","inLanguage":"fr-FR","@id":"https:\/\/nitorlack.com\/fr\/#\/schema\/logo\/image\/","url":"http:\/\/nitorlack.com\/wp-content\/uploads\/2016\/02\/cropped-galleta-negra-1.jpg","contentUrl":"http:\/\/nitorlack.com\/wp-content\/uploads\/2016\/02\/cropped-galleta-negra-1.jpg","width":512,"height":512,"caption":"Nitorlack"},"image":{"@id":"https:\/\/nitorlack.com\/fr\/#\/schema\/logo\/image\/"}}]}},"_links":{"self":[{"href":"https:\/\/nitorlack.com\/fr\/wp-json\/wp\/v2\/pages\/1728","targetHints":{"allow":["GET"]}}],"collection":[{"href":"https:\/\/nitorlack.com\/fr\/wp-json\/wp\/v2\/pages"}],"about":[{"href":"https:\/\/nitorlack.com\/fr\/wp-json\/wp\/v2\/types\/page"}],"author":[{"embeddable":true,"href":"https:\/\/nitorlack.com\/fr\/wp-json\/wp\/v2\/users\/1"}],"replies":[{"embeddable":true,"href":"https:\/\/nitorlack.com\/fr\/wp-json\/wp\/v2\/comments?post=1728"}],"version-history":[{"count":6,"href":"https:\/\/nitorlack.com\/fr\/wp-json\/wp\/v2\/pages\/1728\/revisions"}],"predecessor-version":[{"id":80502,"href":"https:\/\/nitorlack.com\/fr\/wp-json\/wp\/v2\/pages\/1728\/revisions\/80502"}],"wp:attachment":[{"href":"https:\/\/nitorlack.com\/fr\/wp-json\/wp\/v2\/media?parent=1728"}],"curies":[{"name":"wp","href":"https:\/\/api.w.org\/{rel}","templated":true}]}}