{"id":1662,"date":"2016-03-07T10:37:47","date_gmt":"2016-03-07T10:37:47","guid":{"rendered":"http:\/\/nitorlack.com\/fr\/barnizado-vintage-white-nitrocelulosa-brillo\/"},"modified":"2016-04-04T06:52:42","modified_gmt":"2016-04-04T06:52:42","slug":"vintage-white-nitrocellulose","status":"publish","type":"page","link":"https:\/\/nitorlack.com\/fr\/vintage-white-nitrocellulose\/","title":{"rendered":"Vintage White nitrocellulose brillant"},"content":{"rendered":"<p><em>Nous allons expliquer en d\u00e9tail comment vernis\u00a0notre guitare de couleur que nous aimons.<\/em><\/p>\n<p><em>Nous commen\u00e7ons d\u00e8s le d\u00e9but du processus avec la pr\u00e9paration du support, jusqu&rsquo;\u00e0 ce que la derni\u00e8re \u00e9tape de polissage. Dans ce cas, nous avons choisi la couleur pour notre guitare, \u00ab\u00a0White Vintage\u00a0\u00bb mais nous pouvons le faire avec toute autre couleur du RAL ou la s\u00e9lection des couleurs personnalis\u00e9es.<\/em><\/p>\n<p><em>Nous pouvons le faire \u00e0 la fois de la guitare acoustique et \u00e9lectrique, ainsi que d&rsquo;autres instruments qui peuvent \u00eatre violons, basse, &#8230;<img loading=\"lazy\" decoding=\"async\" class=\"alignright\" src=\"http:\/\/www.gak.co.uk\/rs\/pictures\/tn2_96063.jpg\" alt=\"\" width=\"282\" height=\"252\" \/><\/em><\/p>\n<p><em>Le processus comprend les \u00e9l\u00e9ments suivants: Pigmentaremos notre corps de guitare brute pour donner la couleur souhait\u00e9e finition \u00e0 haute brillance pigment\u00e9e. Utiliser un nitro laque pour l&rsquo;ensemble du processus pour les raisons suivantes:<\/em><\/p>\n<p><em>\u2022 Facile \u00e0 utiliser et \u00e0 l&rsquo;application, car il est un vernis mono-composant.<\/em><br \/>\n<em>\u2022 La fusion entre chaque couche de produit est parfait, ce qui favorise l&rsquo;unification de plusieurs couches minces de produit.<\/em><br \/>\n<em>\u2022 Il est un produit qui ne modifie pas le son de l&rsquo;instrument, en respectant toujours le son naturel.<\/em><br \/>\n<em>\u2022 Nous pouvons choisir d&rsquo;appliquer la couleur \u00e0 la fois arme et compresseur, comme par pulv\u00e9risation.<\/em><\/p>\n<p><em>Remarque: Pour obtenir une finition comme la gomme laque, l&rsquo;utiliser comme une derni\u00e8re main du processus final \u00e0 la laque de l&rsquo;eau incolore brillant. L&rsquo;eau est laque transparente laisse un aspect final de feuilles semblables \u00e0 shellac guitare.<\/em><\/p>\n<p><strong><em>consid\u00e9rations:<\/em><\/strong><\/p>\n<p><em>Faciliter le processus: Il est pas un processus difficile \u00e0 faire, mais vous avez besoin de patience pour mettre en \u0153uvre l&rsquo;ensemble du processus avec le nombre de mains requises application et dans la bonne quantit\u00e9 de vernis. Ne pas appliquer une grande quantit\u00e9 de fixatif prendra fin avant ou obtenir une meilleure finition, mais bien au contraire.<\/em><\/p>\n<p><em>Un seul produit: Dans ce cas, nous pourrions terminer l&rsquo;ensemble du processus avec un seul produit. La finition \u00abVintage White Gloss\u00a0\u00bb en utilisant la main sur la main, jusqu&rsquo;\u00e0 ce que sceller le bois et obtenir la brillance, la sensation et la duret\u00e9 n\u00e9cessaire. Mais cette explication du processus, nous allons utiliser fini blanc brillant nitro comme scellant puis appliquer la couleur \u00ab\u00a0Vintage White Luminosit\u00e9\u00a0\u00bb pour mettre fin \u00e0 la nitro incolore + finition brillante poli.<\/em><\/p>\n<p><em>Choix du support ou de bois de notre guitare est tr\u00e8s importante dans tout processus de laquage pores ferm\u00e9s, s\u00e9lectionnez un bois brut avec de petits pores, car cela va grandement faciliter notre processus de peinture de notre guitare, un gain de temps, d&rsquo;argent et de vernis. En plus d&rsquo;obtenir un meilleur r\u00e9sultat final.<\/em><\/p>\n<p><em>Pr\u00e9paration du support: La phase la plus importante du processus sont les premi\u00e8res mains \u00e9tanch\u00e9it\u00e9 \/ ancrage de la plaque. Si nous faisons cette \u00e9tape correctement, nous ne pourrons pas obtenir un bon r\u00e9sultat final.<\/em><\/p>\n<p><em>Quantit\u00e9 de produit \u00e0 appliquer dans chaque main: Toujours, toujours appliquer des couches minces de mat\u00e9riau, pour les raisons suivantes.<\/em><\/p>\n<p><em>a) Nous allons \u00e9viter les affaissements<\/em><br \/>\n<em>b) Nous \u00e9viterons mati\u00e8re Bordones sur les c\u00f4t\u00e9s.<\/em><br \/>\n<em>c) fusionnera meilleure couche de produit par couche.<\/em><br \/>\n<em>d) Nous allons \u00e9viter les rides et le zeste d&rsquo;orange.<\/em><br \/>\n<em>e) Am\u00e9liorer l&rsquo;\u00e9vaporation des solvants.<\/em><\/p>\n<p><em>Pulv\u00e9riser la peinture \/ ou Spray: Nous pouvons choisir l&rsquo;un ou l&rsquo;autre, mais nous recommandons l&rsquo;application par pulv\u00e9risation, chaque fois que nous pouvons choisir le formulaire de demande.<\/em><\/p>\n<p><em>M\u00e9fiez-vous de pon\u00e7age: Lors du pon\u00e7age toujours effectuer la Roussette utiliser progressivement moins de grain 240-1500 ou 2000 (devenant plus mince). Il ne faut jamais mettre trop de pression sur la laque, comme nous courons le risque de faire pel\u00e9s ou marquer du papier de verre de bande en exc\u00e8s.<\/em><\/p>\n<p><em>Toujours du sable dans le m\u00eame sens (le grain du bois). Dans ce cas, nous allons appliquer une couleur claire, mais quand nous peindre les couleurs sombres, si l&rsquo;on utilise du papier de verre insuffisante ou mal men\u00e9 ce processus, nous d\u00e9fauts apparaissent dans les derni\u00e8res mains de brillance.<\/em><\/p>\n<p><strong><em>Mat\u00e9riel n\u00e9cessaire:<\/em><\/strong><\/p>\n<p><em>\u2022 Nitorlak Guitars \u00ab\u00a0Vintage\u00a0\u00bb White Gloss produit: 220122 (Bote 0,750cc)<\/em><br \/>\n<em>\u2022 Nitorlak Guitars \u00ab\u00a0Vintage White\u00a0\u00bb Gloss N \u00b0 de commande: 260712 (Bote 0,750cc)<\/em><br \/>\n<em>\u2022 Nitorlak Guitars \u00ab\u00a0Vintage\u00a0\u00bb Gloss N \u00b0 de commande: 220075 (Bote 0,750cc)<\/em><br \/>\n<em>\u2022 Evap Valdis Universal Thinner. M\u00e9dias pas produit: 540421<\/em><\/p>\n<p><em>Processus de demande:<\/em><br \/>\n<em>Ici, dans ce cas humedeceremos bois pas gonfler la version b\u00eata de la plaque, mais la volont\u00e9 du bois de papier de verre de grain 240-400, pour affiner la surface. Une fois lisse et exempt de sciure fine, appliquer directement Gloss White Guitars Nitorlak mode de fond ou d&rsquo;\u00e9tanch\u00e9it\u00e9, pour sa bonne capacit\u00e9 de remplissage. Appliquer la main apr\u00e8s main pour arr\u00eater le soutien compl\u00e8tement scell\u00e9. Nous pouvons r\u00e9p\u00e9ter le processus d&rsquo;application avec un temps de s\u00e9chage interm\u00e9diaire de 8hrs et pon\u00e7age doux entre les couches. Nous monterons le grain de sable 240-800.<\/em><\/p>\n<p><em>Peut abaisser le nitro blanc entre 5 \u00e0 10% \u00e0 la moyenne \u00e9vaporation du solvant universel, cela vous aidera \u00e0 mieux vernis stretch et ne croit pas le zeste d&rsquo;orange. Ne pas appliquer la couleur, jusqu&rsquo;\u00e0 ce que nous avons le soutien tout \u00e0 fait bien \u00e0 ce \u00e9tanch\u00e9it\u00e9 \u00e0 un stade pr\u00e9coce.<\/em><\/p>\n<p><em>La phase suivante consiste \u00e0 appliquer la premi\u00e8re couche de finition Couleur \u00ab\u00a0White Vintage\u00a0\u00bb, appliquer un minimum de 2 \u00e0 3 couches de couleur. Pour couper des bandes de couleur sur la guitare et est uniforme, il est recommand\u00e9 que plusieurs croix avec le pistolet d&rsquo;unifier et de r\u00e9partir uniform\u00e9ment l&rsquo;application passe. Ici, nous devons poncer avec 800 grains et respecter 8-10 heures entre les couches de s\u00e9chage.<\/em><\/p>\n<p><em>Enfin, nous allons mettre la phase de couleur dans notre guitare et mettre en valeur la brillance finale. Ici, nous appliquons la finition transparente brillant nitro.<\/em><\/p>\n<p><em>Nous utilisons grit 1500-2000 et est toujours conseill\u00e9 de r\u00e9duire le solvant de 10% pour \u00e9viter le zeste d&rsquo;orange et d&rsquo;obtenir une surface aussi droite que possible. Pour le polissage, vous devez attendre un minimum de 3 \u00e0 4 semaines<\/em><\/p>\n","protected":false},"excerpt":{"rendered":"<p>Nous allons expliquer en d\u00e9tail comment vernis\u00a0notre guitare de couleur que nous aimons. [&hellip;]<\/p>\n","protected":false},"author":1,"featured_media":0,"parent":0,"menu_order":0,"comment_status":"closed","ping_status":"closed","template":"","meta":{"om_disable_all_campaigns":false,"site-sidebar-layout":"default","site-content-layout":"","ast-site-content-layout":"default","site-content-style":"default","site-sidebar-style":"default","ast-global-header-display":"","ast-banner-title-visibility":"","ast-main-header-display":"","ast-hfb-above-header-display":"","ast-hfb-below-header-display":"","ast-hfb-mobile-header-display":"","site-post-title":"","ast-breadcrumbs-content":"","ast-featured-img":"","footer-sml-layout":"","ast-disable-related-posts":"","theme-transparent-header-meta":"","adv-header-id-meta":"","stick-header-meta":"","header-above-stick-meta":"","header-main-stick-meta":"","header-below-stick-meta":"","astra-migrate-meta-layouts":"default","ast-page-background-enabled":"default","ast-page-background-meta":{"desktop":{"background-color":"var(--ast-global-color-4)","background-image":"","background-repeat":"repeat","background-position":"center center","background-size":"auto","background-attachment":"scroll","background-type":"","background-media":"","overlay-type":"","overlay-color":"","overlay-opacity":"","overlay-gradient":""},"tablet":{"background-color":"","background-image":"","background-repeat":"repeat","background-position":"center center","background-size":"auto","background-attachment":"scroll","background-type":"","background-media":"","overlay-type":"","overlay-color":"","overlay-opacity":"","overlay-gradient":""},"mobile":{"background-color":"","background-image":"","background-repeat":"repeat","background-position":"center center","background-size":"auto","background-attachment":"scroll","background-type":"","background-media":"","overlay-type":"","overlay-color":"","overlay-opacity":"","overlay-gradient":""}},"ast-content-background-meta":{"desktop":{"background-color":"var(--ast-global-color-5)","background-image":"","background-repeat":"repeat","background-position":"center center","background-size":"auto","background-attachment":"scroll","background-type":"","background-media":"","overlay-type":"","overlay-color":"","overlay-opacity":"","overlay-gradient":""},"tablet":{"background-color":"var(--ast-global-color-5)","background-image":"","background-repeat":"repeat","background-position":"center center","background-size":"auto","background-attachment":"scroll","background-type":"","background-media":"","overlay-type":"","overlay-color":"","overlay-opacity":"","overlay-gradient":""},"mobile":{"background-color":"var(--ast-global-color-5)","background-image":"","background-repeat":"repeat","background-position":"center center","background-size":"auto","background-attachment":"scroll","background-type":"","background-media":"","overlay-type":"","overlay-color":"","overlay-opacity":"","overlay-gradient":""}},"footnotes":""},"class_list":["post-1662","page","type-page","status-publish","hentry"],"yoast_head":"<!-- This site is optimized with the Yoast SEO plugin v27.3 - https:\/\/yoast.com\/product\/yoast-seo-wordpress\/ -->\n<title>Vintage White nitrocellulose brillant | NitorLACK<\/title>\n<meta name=\"description\" content=\"Laque nitrocellulosique et polyur\u00e9thane VINTAGE WHITE pour la peinture de guitare. Peinture de guitare vintage de haute qualit\u00e9. peinture en a\u00e9rosol pour guitare ou canette\" \/>\n<meta name=\"robots\" content=\"index, follow, max-snippet:-1, max-image-preview:large, max-video-preview:-1\" \/>\n<link rel=\"canonical\" href=\"https:\/\/nitorlack.com\/fr\/vintage-white-nitrocellulose\/\" \/>\n<meta property=\"og:locale\" content=\"fr_FR\" \/>\n<meta property=\"og:type\" content=\"article\" \/>\n<meta property=\"og:title\" content=\"Vintage White nitrocellulose brillant | NitorLACK\" \/>\n<meta property=\"og:description\" content=\"Laque nitrocellulosique et polyur\u00e9thane VINTAGE WHITE pour la peinture de guitare. Peinture de guitare vintage de haute qualit\u00e9. peinture en a\u00e9rosol pour guitare ou canette\" \/>\n<meta property=\"og:url\" content=\"https:\/\/nitorlack.com\/fr\/vintage-white-nitrocellulose\/\" \/>\n<meta property=\"og:site_name\" content=\"Nitorlack\" \/>\n<meta property=\"article:modified_time\" content=\"2016-04-04T06:52:42+00:00\" \/>\n<meta property=\"og:image\" content=\"http:\/\/www.gak.co.uk\/rs\/pictures\/tn2_96063.jpg\" \/>\n<meta name=\"twitter:card\" content=\"summary_large_image\" \/>\n<meta name=\"twitter:label1\" content=\"Dur\u00e9e de lecture estim\u00e9e\" \/>\n\t<meta name=\"twitter:data1\" content=\"5 minutes\" \/>\n<script type=\"application\/ld+json\" class=\"yoast-schema-graph\">{\"@context\":\"https:\\\/\\\/schema.org\",\"@graph\":[{\"@type\":\"WebPage\",\"@id\":\"https:\\\/\\\/nitorlack.com\\\/fr\\\/vintage-white-nitrocellulose\\\/\",\"url\":\"https:\\\/\\\/nitorlack.com\\\/fr\\\/vintage-white-nitrocellulose\\\/\",\"name\":\"Vintage White nitrocellulose brillant | NitorLACK\",\"isPartOf\":{\"@id\":\"https:\\\/\\\/nitorlack.com\\\/fr\\\/#website\"},\"primaryImageOfPage\":{\"@id\":\"https:\\\/\\\/nitorlack.com\\\/fr\\\/vintage-white-nitrocellulose\\\/#primaryimage\"},\"image\":{\"@id\":\"https:\\\/\\\/nitorlack.com\\\/fr\\\/vintage-white-nitrocellulose\\\/#primaryimage\"},\"thumbnailUrl\":\"http:\\\/\\\/www.gak.co.uk\\\/rs\\\/pictures\\\/tn2_96063.jpg\",\"datePublished\":\"2016-03-07T10:37:47+00:00\",\"dateModified\":\"2016-04-04T06:52:42+00:00\",\"description\":\"Laque nitrocellulosique et polyur\u00e9thane VINTAGE WHITE pour la peinture de guitare. Peinture de guitare vintage de haute qualit\u00e9. peinture en a\u00e9rosol pour guitare ou canette\",\"breadcrumb\":{\"@id\":\"https:\\\/\\\/nitorlack.com\\\/fr\\\/vintage-white-nitrocellulose\\\/#breadcrumb\"},\"inLanguage\":\"fr-FR\",\"potentialAction\":[{\"@type\":\"ReadAction\",\"target\":[\"https:\\\/\\\/nitorlack.com\\\/fr\\\/vintage-white-nitrocellulose\\\/\"]}]},{\"@type\":\"ImageObject\",\"inLanguage\":\"fr-FR\",\"@id\":\"https:\\\/\\\/nitorlack.com\\\/fr\\\/vintage-white-nitrocellulose\\\/#primaryimage\",\"url\":\"http:\\\/\\\/www.gak.co.uk\\\/rs\\\/pictures\\\/tn2_96063.jpg\",\"contentUrl\":\"http:\\\/\\\/www.gak.co.uk\\\/rs\\\/pictures\\\/tn2_96063.jpg\"},{\"@type\":\"BreadcrumbList\",\"@id\":\"https:\\\/\\\/nitorlack.com\\\/fr\\\/vintage-white-nitrocellulose\\\/#breadcrumb\",\"itemListElement\":[{\"@type\":\"ListItem\",\"position\":1,\"name\":\"Page de Couverture\",\"item\":\"https:\\\/\\\/nitorlack.com\\\/fr\\\/\"},{\"@type\":\"ListItem\",\"position\":2,\"name\":\"Vintage White nitrocellulose brillant\"}]},{\"@type\":\"WebSite\",\"@id\":\"https:\\\/\\\/nitorlack.com\\\/fr\\\/#website\",\"url\":\"https:\\\/\\\/nitorlack.com\\\/fr\\\/\",\"name\":\"Nitorlack\",\"description\":\"Guitar Lacquers\",\"publisher\":{\"@id\":\"https:\\\/\\\/nitorlack.com\\\/fr\\\/#organization\"},\"potentialAction\":[{\"@type\":\"SearchAction\",\"target\":{\"@type\":\"EntryPoint\",\"urlTemplate\":\"https:\\\/\\\/nitorlack.com\\\/fr\\\/?s={search_term_string}\"},\"query-input\":{\"@type\":\"PropertyValueSpecification\",\"valueRequired\":true,\"valueName\":\"search_term_string\"}}],\"inLanguage\":\"fr-FR\"},{\"@type\":\"Organization\",\"@id\":\"https:\\\/\\\/nitorlack.com\\\/fr\\\/#organization\",\"name\":\"Nitorlack\",\"url\":\"https:\\\/\\\/nitorlack.com\\\/fr\\\/\",\"logo\":{\"@type\":\"ImageObject\",\"inLanguage\":\"fr-FR\",\"@id\":\"https:\\\/\\\/nitorlack.com\\\/fr\\\/#\\\/schema\\\/logo\\\/image\\\/\",\"url\":\"http:\\\/\\\/nitorlack.com\\\/wp-content\\\/uploads\\\/2016\\\/02\\\/cropped-galleta-negra-1.jpg\",\"contentUrl\":\"http:\\\/\\\/nitorlack.com\\\/wp-content\\\/uploads\\\/2016\\\/02\\\/cropped-galleta-negra-1.jpg\",\"width\":512,\"height\":512,\"caption\":\"Nitorlack\"},\"image\":{\"@id\":\"https:\\\/\\\/nitorlack.com\\\/fr\\\/#\\\/schema\\\/logo\\\/image\\\/\"}}]}<\/script>\n<!-- \/ Yoast SEO plugin. -->","yoast_head_json":{"title":"Vintage White nitrocellulose brillant | NitorLACK","description":"Laque nitrocellulosique et polyur\u00e9thane VINTAGE WHITE pour la peinture de guitare. Peinture de guitare vintage de haute qualit\u00e9. peinture en a\u00e9rosol pour guitare ou canette","robots":{"index":"index","follow":"follow","max-snippet":"max-snippet:-1","max-image-preview":"max-image-preview:large","max-video-preview":"max-video-preview:-1"},"canonical":"https:\/\/nitorlack.com\/fr\/vintage-white-nitrocellulose\/","og_locale":"fr_FR","og_type":"article","og_title":"Vintage White nitrocellulose brillant | NitorLACK","og_description":"Laque nitrocellulosique et polyur\u00e9thane VINTAGE WHITE pour la peinture de guitare. Peinture de guitare vintage de haute qualit\u00e9. peinture en a\u00e9rosol pour guitare ou canette","og_url":"https:\/\/nitorlack.com\/fr\/vintage-white-nitrocellulose\/","og_site_name":"Nitorlack","article_modified_time":"2016-04-04T06:52:42+00:00","og_image":[{"url":"http:\/\/www.gak.co.uk\/rs\/pictures\/tn2_96063.jpg","type":"","width":"","height":""}],"twitter_card":"summary_large_image","twitter_misc":{"Dur\u00e9e de lecture estim\u00e9e":"5 minutes"},"schema":{"@context":"https:\/\/schema.org","@graph":[{"@type":"WebPage","@id":"https:\/\/nitorlack.com\/fr\/vintage-white-nitrocellulose\/","url":"https:\/\/nitorlack.com\/fr\/vintage-white-nitrocellulose\/","name":"Vintage White nitrocellulose brillant | NitorLACK","isPartOf":{"@id":"https:\/\/nitorlack.com\/fr\/#website"},"primaryImageOfPage":{"@id":"https:\/\/nitorlack.com\/fr\/vintage-white-nitrocellulose\/#primaryimage"},"image":{"@id":"https:\/\/nitorlack.com\/fr\/vintage-white-nitrocellulose\/#primaryimage"},"thumbnailUrl":"http:\/\/www.gak.co.uk\/rs\/pictures\/tn2_96063.jpg","datePublished":"2016-03-07T10:37:47+00:00","dateModified":"2016-04-04T06:52:42+00:00","description":"Laque nitrocellulosique et polyur\u00e9thane VINTAGE WHITE pour la peinture de guitare. Peinture de guitare vintage de haute qualit\u00e9. peinture en a\u00e9rosol pour guitare ou canette","breadcrumb":{"@id":"https:\/\/nitorlack.com\/fr\/vintage-white-nitrocellulose\/#breadcrumb"},"inLanguage":"fr-FR","potentialAction":[{"@type":"ReadAction","target":["https:\/\/nitorlack.com\/fr\/vintage-white-nitrocellulose\/"]}]},{"@type":"ImageObject","inLanguage":"fr-FR","@id":"https:\/\/nitorlack.com\/fr\/vintage-white-nitrocellulose\/#primaryimage","url":"http:\/\/www.gak.co.uk\/rs\/pictures\/tn2_96063.jpg","contentUrl":"http:\/\/www.gak.co.uk\/rs\/pictures\/tn2_96063.jpg"},{"@type":"BreadcrumbList","@id":"https:\/\/nitorlack.com\/fr\/vintage-white-nitrocellulose\/#breadcrumb","itemListElement":[{"@type":"ListItem","position":1,"name":"Page de Couverture","item":"https:\/\/nitorlack.com\/fr\/"},{"@type":"ListItem","position":2,"name":"Vintage White nitrocellulose brillant"}]},{"@type":"WebSite","@id":"https:\/\/nitorlack.com\/fr\/#website","url":"https:\/\/nitorlack.com\/fr\/","name":"Nitorlack","description":"Guitar Lacquers","publisher":{"@id":"https:\/\/nitorlack.com\/fr\/#organization"},"potentialAction":[{"@type":"SearchAction","target":{"@type":"EntryPoint","urlTemplate":"https:\/\/nitorlack.com\/fr\/?s={search_term_string}"},"query-input":{"@type":"PropertyValueSpecification","valueRequired":true,"valueName":"search_term_string"}}],"inLanguage":"fr-FR"},{"@type":"Organization","@id":"https:\/\/nitorlack.com\/fr\/#organization","name":"Nitorlack","url":"https:\/\/nitorlack.com\/fr\/","logo":{"@type":"ImageObject","inLanguage":"fr-FR","@id":"https:\/\/nitorlack.com\/fr\/#\/schema\/logo\/image\/","url":"http:\/\/nitorlack.com\/wp-content\/uploads\/2016\/02\/cropped-galleta-negra-1.jpg","contentUrl":"http:\/\/nitorlack.com\/wp-content\/uploads\/2016\/02\/cropped-galleta-negra-1.jpg","width":512,"height":512,"caption":"Nitorlack"},"image":{"@id":"https:\/\/nitorlack.com\/fr\/#\/schema\/logo\/image\/"}}]}},"_links":{"self":[{"href":"https:\/\/nitorlack.com\/fr\/wp-json\/wp\/v2\/pages\/1662","targetHints":{"allow":["GET"]}}],"collection":[{"href":"https:\/\/nitorlack.com\/fr\/wp-json\/wp\/v2\/pages"}],"about":[{"href":"https:\/\/nitorlack.com\/fr\/wp-json\/wp\/v2\/types\/page"}],"author":[{"embeddable":true,"href":"https:\/\/nitorlack.com\/fr\/wp-json\/wp\/v2\/users\/1"}],"replies":[{"embeddable":true,"href":"https:\/\/nitorlack.com\/fr\/wp-json\/wp\/v2\/comments?post=1662"}],"version-history":[{"count":0,"href":"https:\/\/nitorlack.com\/fr\/wp-json\/wp\/v2\/pages\/1662\/revisions"}],"wp:attachment":[{"href":"https:\/\/nitorlack.com\/fr\/wp-json\/wp\/v2\/media?parent=1662"}],"curies":[{"name":"wp","href":"https:\/\/api.w.org\/{rel}","templated":true}]}}