{"id":1606,"date":"2016-03-09T14:07:22","date_gmt":"2016-03-09T14:07:22","guid":{"rendered":"http:\/\/nitorlack.com\/fr\/aviso-legal\/"},"modified":"2023-04-17T13:53:48","modified_gmt":"2023-04-17T11:53:48","slug":"aviso-legal","status":"publish","type":"page","link":"https:\/\/nitorlack.com\/fr\/aviso-legal\/","title":{"rendered":"Av\u00eds Legal"},"content":{"rendered":"<p><strong>Notice l\u00e9gale<\/strong><\/p>\n<p><strong>\u00a0<\/strong><\/p>\n<ol>\n<li><strong>Informations juridiques<\/strong><\/li>\n<\/ol>\n<p>Conform\u00e9ment aux dispositions de l&rsquo;article 10 de la loi 34\/2002, du 11 juillet, sur les services de la soci\u00e9t\u00e9 de l&rsquo;information et le commerce \u00e9lectronique (ci-apr\u00e8s, LSSI-CE), nous informons de mani\u00e8re expresse, pr\u00e9cise et sans \u00e9quivoque tant les utilisateurs, les destinataires du service que les organismes comp\u00e9tents, des aspects suivants relatifs au fournisseur de services de la soci\u00e9t\u00e9 de l&rsquo;information :<\/p>\n<table style=\"height: 303px;\" width=\"1039\">\n<tbody>\n<tr>\n<td width=\"140\">\n<h6>Identit\u00e9 &#8211; Entit\u00e9<\/h6>\n<\/td>\n<td width=\"419\">\n<h6>VALRESA COATINGS, S.A<\/h6>\n<\/td>\n<\/tr>\n<tr>\n<td width=\"140\">\n<h6>CIF\/NIF<\/h6>\n<\/td>\n<td width=\"419\">\n<h6>A46030169<\/h6>\n<\/td>\n<\/tr>\n<tr>\n<td width=\"140\">\n<h6>Adresse postale<\/h6>\n<\/td>\n<td width=\"419\">\n<h6>Avda. dels Gremis, s\/n. 46190, Riba-roja del T\u00faria (Valencia) Espa\u00f1a.<\/h6>\n<\/td>\n<\/tr>\n<tr>\n<td width=\"140\">\n<h6>T\u00e9l\u00e9phone<\/h6>\n<\/td>\n<td width=\"419\">\n<h6>(+34) 961669560<\/h6>\n<\/td>\n<\/tr>\n<tr>\n<td width=\"140\">\n<h6>Adresse \u00e9lectronique<\/h6>\n<\/td>\n<td width=\"419\">\n<h6>valresa@valresa.com<\/h6>\n<\/td>\n<\/tr>\n<tr>\n<td width=\"140\">\n<h6>Objet de la soci\u00e9t\u00e9<\/h6>\n<\/td>\n<td width=\"419\">\n<h6>Fabrication et commercialisation de peintures et de vernis<\/h6>\n<\/td>\n<\/tr>\n<tr>\n<td width=\"140\">\n<h6>Site web<\/h6>\n<\/td>\n<td width=\"419\">\n<h6>https:\/\/nitorlack.com\/<\/h6>\n<\/td>\n<\/tr>\n<tr>\n<td width=\"140\">\n<h6>Donn\u00e9es d&rsquo;enregistrement<\/h6>\n<\/td>\n<td width=\"419\">\n<h6>Registro Mercantil de VALENCIA Tomo 3226, Libro 540, Folio 88, Secci\u00f3n 8, Hoja V 7601<\/h6>\n<\/td>\n<\/tr>\n<\/tbody>\n<\/table>\n<ol start=\"2\">\n<li><strong>Conditions g\u00e9n\u00e9rales d&rsquo;utilisation<\/strong><\/li>\n<\/ol>\n<p>L&rsquo;acc\u00e8s \u00e0 notre Site Web \/ Blog (ci-apr\u00e8s Site Web) est libre et gratuit pour toutes les personnes, sans qu&rsquo;il soit n\u00e9cessaire de r\u00e9aliser un abonnement ou de contracter pr\u00e9alablement un quelconque service fourni par notre entit\u00e9.<\/p>\n<p>L&rsquo;utilisateur qui utilise ou navigue sur notre site Web accepte implicitement les conditions d&rsquo;utilisation et les autres sp\u00e9cifications du pr\u00e9sent avis juridique.<\/p>\n<p>Nous avertissons les utilisateurs que notre entit\u00e9 se r\u00e9serve le droit de modifier notre Avis L\u00e9gal sans pr\u00e9avis. Nous vous recommandons donc de consulter ce texte chaque fois que vous visitez notre site web.<\/p>\n<p>&nbsp;<\/p>\n<ol start=\"3\">\n<li><strong>Propri\u00e9t\u00e9 intellectuelle<\/strong><\/li>\n<\/ol>\n<p>Le code source, les conceptions graphiques, les images, les photographies, les sons, les animations, les logiciels, les textes, ainsi que l&rsquo;information et les contenus inclus dans ce site web sont prot\u00e9g\u00e9s par la l\u00e9gislation espagnole sur les droits de propri\u00e9t\u00e9 intellectuelle et industrielle en faveur de notre entit\u00e9.<\/p>\n<p>La reproduction et\/ou la publication, totale ou partielle, du site web de notre entit\u00e9, ou son traitement informatique, sa distribution, sa diffusion, sa modification, sa transformation ou sa d\u00e9compilation, ou tout autre droit reconnu l\u00e9galement au propri\u00e9taire, ne sont pas autoris\u00e9s sans l&rsquo;autorisation \u00e9crite pr\u00e9alable de notre entit\u00e9.<\/p>\n<p>La reproduction et\/ou la publication, en tout ou en partie, du logo de notre entit\u00e9 n&rsquo;est pas autoris\u00e9e, ni son traitement informatique, sa distribution, sa diffusion, sa modification, sa transformation ou sa d\u00e9compilation, ni aucun autre droit l\u00e9galement reconnu de son propri\u00e9taire, sans l&rsquo;autorisation \u00e9crite pr\u00e9alable de notre entit\u00e9.<\/p>\n<p>Les utilisateurs peuvent uniquement et exclusivement utiliser le mat\u00e9riel qui appara\u00eet sur ce site web pour leur usage personnel et priv\u00e9, son utilisation \u00e0 des fins professionnelles ou commerciales ou pour des activit\u00e9s ill\u00e9gales \u00e9tant interdite. Tous les droits d\u00e9riv\u00e9s de la propri\u00e9t\u00e9 intellectuelle sont express\u00e9ment r\u00e9serv\u00e9s par notre entit\u00e9.<\/p>\n<p>Notre soci\u00e9t\u00e9 veillera au respect des conditions susmentionn\u00e9es et \u00e0 la bonne utilisation des contenus pr\u00e9sent\u00e9s sur son site web et son logo respectivement, en exer\u00e7ant toutes les actions civiles et p\u00e9nales applicables en cas d&rsquo;infraction ou de violation de ces droits par l&rsquo;utilisateur.<\/p>\n<ol start=\"4\">\n<li><strong>Utilisation des cookies et modifications du site web<\/strong><\/li>\n<\/ol>\n<p>Notre site web utilise des cookies et\/ou des technologies similaires qui stockent et r\u00e9cup\u00e8rent des informations lorsque vous naviguez. En g\u00e9n\u00e9ral, ces technologies peuvent \u00eatre utilis\u00e9es \u00e0 des fins tr\u00e8s diverses, comme, par exemple, vous reconna\u00eetre en tant qu&rsquo;utilisateur, obtenir des informations sur vos habitudes de navigation, vous envoyer de la publicit\u00e9 ou personnaliser la mani\u00e8re dont le contenu est affich\u00e9.<\/p>\n<p>Pour conna\u00eetre les types de cookies utilis\u00e9s par notre site web, nous vous invitons \u00e0 consulter notre Politique en mati\u00e8re de cookies.<\/p>\n<p>Notre entit\u00e9 peut modifier, sans pr\u00e9avis, les informations contenues sur son site web, ainsi que sa configuration et sa pr\u00e9sentation.<\/p>\n<ol start=\"5\">\n<li><strong>Engagements envers l&rsquo;utilisateur<\/strong><\/li>\n<\/ol>\n<p>Notre soci\u00e9t\u00e9 s&rsquo;engage \u00e0 ne pas utiliser ce moyen pour faire de la publicit\u00e9 mensong\u00e8re. Par cons\u00e9quent, \u00e0 ces fins, les erreurs formelles ou num\u00e9riques qui peuvent se trouver dans le contenu des diff\u00e9rentes sections de ce site web, produites \u00e0 la suite d&rsquo;une maintenance et\/ou d&rsquo;une mise \u00e0 jour incompl\u00e8te ou d\u00e9fectueuse des informations contenues dans ces sections, ne seront pas consid\u00e9r\u00e9es comme de la publicit\u00e9 trompeuse. Notre soci\u00e9t\u00e9, en cons\u00e9quence des dispositions de la pr\u00e9sente section, s&rsquo;engage \u00e0 la corriger d\u00e8s qu&rsquo;elle aura connaissance de telles erreurs.<\/p>\n<p>Notre soci\u00e9t\u00e9 s&rsquo;engage \u00e0 ne pas envoyer de communications commerciales sans les identifier comme telles et sans votre consentement pr\u00e9alable, conform\u00e9ment aux dispositions de la loi 34\/2002 sur les services de la soci\u00e9t\u00e9 de l&rsquo;information et le commerce \u00e9lectronique. \u00c0 ces fins, toute information envoy\u00e9e \u00e0 nos clients ne sera pas consid\u00e9r\u00e9e comme une communication commerciale, \u00e0 condition qu&rsquo;elle ait pour but de maintenir la relation contractuelle existante entre le client et notre soci\u00e9t\u00e9, ainsi que l&rsquo;ex\u00e9cution des t\u00e2ches d&rsquo;information et autres activit\u00e9s du service que le client a contract\u00e9 avec la soci\u00e9t\u00e9.<\/p>\n<p>&nbsp;<\/p>\n<ol start=\"6\">\n<li><strong>Engagement en faveur de la protection des donn\u00e9es \u00e0 caract\u00e8re personnel<\/strong><\/li>\n<\/ol>\n<p>Notre entit\u00e9 s&rsquo;engage \u00e0 traiter toute donn\u00e9e personnelle dans le strict respect des dispositions du R\u00e8glement g\u00e9n\u00e9ral sur la protection des donn\u00e9es personnelles (RGPD 2016\/679) et de la loi organique 3\/2018, du 5 d\u00e9cembre, relative \u00e0 la protection des donn\u00e9es personnelles et aux garanties des droits num\u00e9riques (LOPDPGDD). Pour plus d&rsquo;informations, nous invitons tous les utilisateurs \u00e0 consulter notre politique de confidentialit\u00e9.<\/p>\n<ol start=\"7\">\n<li><strong>Non-conformit\u00e9s et responsabilit\u00e9s<\/strong><\/li>\n<\/ol>\n<p>Notre soci\u00e9t\u00e9 n&rsquo;est pas responsable du non-respect de toute r\u00e8gle applicable que l&rsquo;utilisateur pourrait encourir dans son acc\u00e8s \u00e0 ce site web et\/ou dans l&rsquo;utilisation des informations qu&rsquo;il contient.<\/p>\n<p>Notre soci\u00e9t\u00e9 n&rsquo;est pas responsable des dommages caus\u00e9s ou susceptibles d&rsquo;\u00eatre caus\u00e9s, quelle qu&rsquo;en soit la nature, r\u00e9sultant de l&rsquo;utilisation des informations, des mat\u00e9riels contenus dans ce site web et des programmes qu&rsquo;il incorpore. Les liens et les hypertextes qui permettent \u00e0 l&rsquo;utilisateur, \u00e0 travers le site web, d&rsquo;acc\u00e9der \u00e0 des fonctionnalit\u00e9s et \u00e0 des services offerts par des tiers, n&rsquo;appartiennent pas \u00e0 notre entreprise et ne sont pas sous son contr\u00f4le, de sorte que nous ne sommes pas responsables de l&rsquo;information qu&rsquo;ils contiennent ni des effets qui peuvent en d\u00e9couler.<\/p>\n<p>&nbsp;<\/p>\n<p>Notre soci\u00e9t\u00e9 n&rsquo;est pas responsable de l&rsquo;utilisation ill\u00e9gitime que des tiers pourraient faire des noms de marques, noms de produits, marques commerciales qui, n&rsquo;\u00e9tant pas la propri\u00e9t\u00e9 de notre soci\u00e9t\u00e9, apparaissent sur ce site web. Elle n&rsquo;est pas non plus responsable de l&rsquo;int\u00e9grit\u00e9, de la v\u00e9racit\u00e9 et de la l\u00e9galit\u00e9 du contenu des liens vers les sites web auxquels on peut acc\u00e9der \u00e0 partir de ce site web. En d\u00e9finitive, l&rsquo;Utilisateur est seul responsable de l&rsquo;utilisation qu&rsquo;il fait des services, contenus, liens et hypertextes inclus dans ce site web.<\/p>\n<ol start=\"8\">\n<li><strong>Droit applicable et juridiction<\/strong><\/li>\n<\/ol>\n<p>Pour toutes les questions juridiques ou celles concernant les sites web qui d\u00e9pendent de notre entit\u00e9, la l\u00e9gislation espagnole sera applicable, et les Cours et Tribunaux seront comp\u00e9tents pour la r\u00e9solution de tous les conflits d\u00e9riv\u00e9s ou li\u00e9s \u00e0 l&rsquo;utilisation de ce site web, sur la base de la comp\u00e9tence territoriale qui correspond au fournisseur de services de la soci\u00e9t\u00e9 de l&rsquo;information.<\/p>\n<p>Mise \u00e0 jour le 8 f\u00e9vrier 2023<\/p>\n","protected":false},"excerpt":{"rendered":"<p>Notice l\u00e9gale \u00a0 Informations juridiques Conform\u00e9ment aux dispositions de l&rsquo;article 10 de la [&hellip;]<\/p>\n","protected":false},"author":1,"featured_media":0,"parent":0,"menu_order":0,"comment_status":"closed","ping_status":"closed","template":"","meta":{"om_disable_all_campaigns":false,"site-sidebar-layout":"default","site-content-layout":"default","ast-site-content-layout":"default","site-content-style":"default","site-sidebar-style":"default","ast-global-header-display":"","ast-banner-title-visibility":"","ast-main-header-display":"","ast-hfb-above-header-display":"","ast-hfb-below-header-display":"","ast-hfb-mobile-header-display":"","site-post-title":"","ast-breadcrumbs-content":"","ast-featured-img":"","footer-sml-layout":"","ast-disable-related-posts":"","theme-transparent-header-meta":"default","adv-header-id-meta":"","stick-header-meta":"default","header-above-stick-meta":"","header-main-stick-meta":"","header-below-stick-meta":"","astra-migrate-meta-layouts":"default","ast-page-background-enabled":"default","ast-page-background-meta":{"desktop":{"background-color":"var(--ast-global-color-4)","background-image":"","background-repeat":"repeat","background-position":"center center","background-size":"auto","background-attachment":"scroll","background-type":"","background-media":"","overlay-type":"","overlay-color":"","overlay-opacity":"","overlay-gradient":""},"tablet":{"background-color":"","background-image":"","background-repeat":"repeat","background-position":"center center","background-size":"auto","background-attachment":"scroll","background-type":"","background-media":"","overlay-type":"","overlay-color":"","overlay-opacity":"","overlay-gradient":""},"mobile":{"background-color":"","background-image":"","background-repeat":"repeat","background-position":"center center","background-size":"auto","background-attachment":"scroll","background-type":"","background-media":"","overlay-type":"","overlay-color":"","overlay-opacity":"","overlay-gradient":""}},"ast-content-background-meta":{"desktop":{"background-color":"var(--ast-global-color-5)","background-image":"","background-repeat":"repeat","background-position":"center center","background-size":"auto","background-attachment":"scroll","background-type":"","background-media":"","overlay-type":"","overlay-color":"","overlay-opacity":"","overlay-gradient":""},"tablet":{"background-color":"var(--ast-global-color-5)","background-image":"","background-repeat":"repeat","background-position":"center center","background-size":"auto","background-attachment":"scroll","background-type":"","background-media":"","overlay-type":"","overlay-color":"","overlay-opacity":"","overlay-gradient":""},"mobile":{"background-color":"var(--ast-global-color-5)","background-image":"","background-repeat":"repeat","background-position":"center center","background-size":"auto","background-attachment":"scroll","background-type":"","background-media":"","overlay-type":"","overlay-color":"","overlay-opacity":"","overlay-gradient":""}},"footnotes":""},"class_list":["post-1606","page","type-page","status-publish","hentry"],"yoast_head":"<!-- This site is optimized with the Yoast SEO plugin v27.3 - https:\/\/yoast.com\/product\/yoast-seo-wordpress\/ -->\n<title>Av\u00eds Legal | NitorLACK<\/title>\n<meta name=\"description\" content=\"NitorLACK\" \/>\n<meta name=\"robots\" content=\"noindex, nofollow\" \/>\n<meta property=\"og:locale\" content=\"fr_FR\" \/>\n<meta property=\"og:type\" content=\"article\" \/>\n<meta property=\"og:title\" content=\"Av\u00eds Legal | NitorLACK\" \/>\n<meta property=\"og:description\" content=\"NitorLACK\" \/>\n<meta property=\"og:url\" content=\"https:\/\/nitorlack.com\/fr\/aviso-legal\/\" \/>\n<meta property=\"og:site_name\" content=\"Nitorlack\" \/>\n<meta property=\"article:modified_time\" content=\"2023-04-17T11:53:48+00:00\" \/>\n<meta name=\"twitter:card\" content=\"summary_large_image\" \/>\n<meta name=\"twitter:label1\" content=\"Dur\u00e9e de lecture estim\u00e9e\" \/>\n\t<meta name=\"twitter:data1\" content=\"6 minutes\" \/>\n<script type=\"application\/ld+json\" class=\"yoast-schema-graph\">{\"@context\":\"https:\\\/\\\/schema.org\",\"@graph\":[{\"@type\":\"WebPage\",\"@id\":\"https:\\\/\\\/nitorlack.com\\\/fr\\\/aviso-legal\\\/\",\"url\":\"https:\\\/\\\/nitorlack.com\\\/fr\\\/aviso-legal\\\/\",\"name\":\"Av\u00eds Legal | NitorLACK\",\"isPartOf\":{\"@id\":\"https:\\\/\\\/nitorlack.com\\\/fr\\\/#website\"},\"datePublished\":\"2016-03-09T14:07:22+00:00\",\"dateModified\":\"2023-04-17T11:53:48+00:00\",\"description\":\"NitorLACK\",\"breadcrumb\":{\"@id\":\"https:\\\/\\\/nitorlack.com\\\/fr\\\/aviso-legal\\\/#breadcrumb\"},\"inLanguage\":\"fr-FR\",\"potentialAction\":[{\"@type\":\"ReadAction\",\"target\":[\"https:\\\/\\\/nitorlack.com\\\/fr\\\/aviso-legal\\\/\"]}]},{\"@type\":\"BreadcrumbList\",\"@id\":\"https:\\\/\\\/nitorlack.com\\\/fr\\\/aviso-legal\\\/#breadcrumb\",\"itemListElement\":[{\"@type\":\"ListItem\",\"position\":1,\"name\":\"Page de Couverture\",\"item\":\"https:\\\/\\\/nitorlack.com\\\/fr\\\/\"},{\"@type\":\"ListItem\",\"position\":2,\"name\":\"Av\u00eds Legal\"}]},{\"@type\":\"WebSite\",\"@id\":\"https:\\\/\\\/nitorlack.com\\\/fr\\\/#website\",\"url\":\"https:\\\/\\\/nitorlack.com\\\/fr\\\/\",\"name\":\"Nitorlack\",\"description\":\"Guitar Lacquers\",\"publisher\":{\"@id\":\"https:\\\/\\\/nitorlack.com\\\/fr\\\/#organization\"},\"potentialAction\":[{\"@type\":\"SearchAction\",\"target\":{\"@type\":\"EntryPoint\",\"urlTemplate\":\"https:\\\/\\\/nitorlack.com\\\/fr\\\/?s={search_term_string}\"},\"query-input\":{\"@type\":\"PropertyValueSpecification\",\"valueRequired\":true,\"valueName\":\"search_term_string\"}}],\"inLanguage\":\"fr-FR\"},{\"@type\":\"Organization\",\"@id\":\"https:\\\/\\\/nitorlack.com\\\/fr\\\/#organization\",\"name\":\"Nitorlack\",\"url\":\"https:\\\/\\\/nitorlack.com\\\/fr\\\/\",\"logo\":{\"@type\":\"ImageObject\",\"inLanguage\":\"fr-FR\",\"@id\":\"https:\\\/\\\/nitorlack.com\\\/fr\\\/#\\\/schema\\\/logo\\\/image\\\/\",\"url\":\"http:\\\/\\\/nitorlack.com\\\/wp-content\\\/uploads\\\/2016\\\/02\\\/cropped-galleta-negra-1.jpg\",\"contentUrl\":\"http:\\\/\\\/nitorlack.com\\\/wp-content\\\/uploads\\\/2016\\\/02\\\/cropped-galleta-negra-1.jpg\",\"width\":512,\"height\":512,\"caption\":\"Nitorlack\"},\"image\":{\"@id\":\"https:\\\/\\\/nitorlack.com\\\/fr\\\/#\\\/schema\\\/logo\\\/image\\\/\"}}]}<\/script>\n<!-- \/ Yoast SEO plugin. -->","yoast_head_json":{"title":"Av\u00eds Legal | NitorLACK","description":"NitorLACK","robots":{"index":"noindex","follow":"nofollow"},"og_locale":"fr_FR","og_type":"article","og_title":"Av\u00eds Legal | NitorLACK","og_description":"NitorLACK","og_url":"https:\/\/nitorlack.com\/fr\/aviso-legal\/","og_site_name":"Nitorlack","article_modified_time":"2023-04-17T11:53:48+00:00","twitter_card":"summary_large_image","twitter_misc":{"Dur\u00e9e de lecture estim\u00e9e":"6 minutes"},"schema":{"@context":"https:\/\/schema.org","@graph":[{"@type":"WebPage","@id":"https:\/\/nitorlack.com\/fr\/aviso-legal\/","url":"https:\/\/nitorlack.com\/fr\/aviso-legal\/","name":"Av\u00eds Legal | NitorLACK","isPartOf":{"@id":"https:\/\/nitorlack.com\/fr\/#website"},"datePublished":"2016-03-09T14:07:22+00:00","dateModified":"2023-04-17T11:53:48+00:00","description":"NitorLACK","breadcrumb":{"@id":"https:\/\/nitorlack.com\/fr\/aviso-legal\/#breadcrumb"},"inLanguage":"fr-FR","potentialAction":[{"@type":"ReadAction","target":["https:\/\/nitorlack.com\/fr\/aviso-legal\/"]}]},{"@type":"BreadcrumbList","@id":"https:\/\/nitorlack.com\/fr\/aviso-legal\/#breadcrumb","itemListElement":[{"@type":"ListItem","position":1,"name":"Page de Couverture","item":"https:\/\/nitorlack.com\/fr\/"},{"@type":"ListItem","position":2,"name":"Av\u00eds Legal"}]},{"@type":"WebSite","@id":"https:\/\/nitorlack.com\/fr\/#website","url":"https:\/\/nitorlack.com\/fr\/","name":"Nitorlack","description":"Guitar Lacquers","publisher":{"@id":"https:\/\/nitorlack.com\/fr\/#organization"},"potentialAction":[{"@type":"SearchAction","target":{"@type":"EntryPoint","urlTemplate":"https:\/\/nitorlack.com\/fr\/?s={search_term_string}"},"query-input":{"@type":"PropertyValueSpecification","valueRequired":true,"valueName":"search_term_string"}}],"inLanguage":"fr-FR"},{"@type":"Organization","@id":"https:\/\/nitorlack.com\/fr\/#organization","name":"Nitorlack","url":"https:\/\/nitorlack.com\/fr\/","logo":{"@type":"ImageObject","inLanguage":"fr-FR","@id":"https:\/\/nitorlack.com\/fr\/#\/schema\/logo\/image\/","url":"http:\/\/nitorlack.com\/wp-content\/uploads\/2016\/02\/cropped-galleta-negra-1.jpg","contentUrl":"http:\/\/nitorlack.com\/wp-content\/uploads\/2016\/02\/cropped-galleta-negra-1.jpg","width":512,"height":512,"caption":"Nitorlack"},"image":{"@id":"https:\/\/nitorlack.com\/fr\/#\/schema\/logo\/image\/"}}]}},"_links":{"self":[{"href":"https:\/\/nitorlack.com\/fr\/wp-json\/wp\/v2\/pages\/1606","targetHints":{"allow":["GET"]}}],"collection":[{"href":"https:\/\/nitorlack.com\/fr\/wp-json\/wp\/v2\/pages"}],"about":[{"href":"https:\/\/nitorlack.com\/fr\/wp-json\/wp\/v2\/types\/page"}],"author":[{"embeddable":true,"href":"https:\/\/nitorlack.com\/fr\/wp-json\/wp\/v2\/users\/1"}],"replies":[{"embeddable":true,"href":"https:\/\/nitorlack.com\/fr\/wp-json\/wp\/v2\/comments?post=1606"}],"version-history":[{"count":0,"href":"https:\/\/nitorlack.com\/fr\/wp-json\/wp\/v2\/pages\/1606\/revisions"}],"wp:attachment":[{"href":"https:\/\/nitorlack.com\/fr\/wp-json\/wp\/v2\/media?parent=1606"}],"curies":[{"name":"wp","href":"https:\/\/api.w.org\/{rel}","templated":true}]}}