{"id":1467,"date":"2016-03-15T09:37:02","date_gmt":"2016-03-15T09:37:02","guid":{"rendered":"http:\/\/nitorlack.com\/fr\/?page_id=1467"},"modified":"2024-05-14T13:04:18","modified_gmt":"2024-05-14T11:04:18","slug":"butterscotch-nitrocellulose","status":"publish","type":"page","link":"https:\/\/nitorlack.com\/fr\/tutorials\/butterscotch-nitrocellulose\/","title":{"rendered":"Finition Butterscotch Nitrocellulose sur bois de Ash"},"content":{"rendered":"<div class=\"CategoryText\">\n<div class=\"CategoryText\">\n<p><strong>0.- Mat\u00e9riel n\u00e9cessaire <\/strong>pour peindre votre guitare avec la <b>Finition Butterscotch (en bois de Fr\u00eane):<\/b><\/p>\n<p>Teinture concentr\u00e9e \u00e0 base de dissolvant jaune. (cod.480050 0,250ml)<\/p>\n<p>Dissolvant anti-voilures Lent (cod.540424 5L)<\/p>\n<p>Papier de verre Grain 400 \u2013 800 \u2013 2000<\/p>\n<p>Finition Brillant Spray \u00e0 base de Nitrocellulose (cod.220074 0,400ml)<\/p>\n<p><b>MODE D\u2019EMPLOI POUR TEINTURE DIRECTEMENT SUR BOIS\u00a0: (A la guenille\/en Spray)<\/b><\/p>\n<p><b>1.- Fabriquer la teinture\u00a0:<\/b><\/p>\n<p>Dans un r\u00e9cipient propre et sec, nous ajouterons le dissolvant lent 540424 et ensuite nous verserons la teinture concentr\u00e9e jaune 480050. M\u00e9langer jusqu\u2019\u00e0 ce que la teinture soit bien incorpor\u00e9e. Formule (98% du dissolvant lent + 2% de la teinture jaune concentr\u00e9e)<\/p>\n<p><b>2.- Appliquer la teinture au chiffon\u00a0:<\/b><\/p>\n<p>Appliquer la teinture directement sur le bois\u00a0: humidifier un chiffon sec et sans pelures dans le m\u00e9lange pr\u00e9par\u00e9. Toujours appliquer la teinture dans le sens de la veine du bois. Ne pas utiliser trop de quantit\u00e9 de produit, vous devez penser que la couleur d\u00e9finitive sera obtenue apr\u00e8s plusieurs couches. Laisser s\u00e9cher au minimum 4 heures.<\/p>\n<p><b>3.-Application de la Finition Brillant \u00e0 base de Nitrocellulose\u00a0:<\/b><\/p>\n<p>Appliquer la finition brillant nitro en spray\u00a0: Apr\u00e8s avoir r\u00e9aliser plusieurs couches nous poncerons avec le papier de verre 400\/800. Toujours poncer avec d\u00e9licatesse et pr\u00e9caution, des gestes trop prononc\u00e9s peuvent faire peler la teinture et l\u2019arracher compl\u00e8tement. Continuer d\u2019appliquer des couches (maximum deux par jour, laissant s\u00e9cher 6 heures entre chaque). Au total il est recommand\u00e9 de passer approximativement 12 couches fines de spray (cela d\u00e9pendra aussi des pores du bois, de sa capacit\u00e9 d\u2019absorption et de la finition d\u00e9sir\u00e9e).<\/p>\n<p><b>4.- Polissage\u00a0:<\/b><\/p>\n<p>Pour finir, nous proc\u00e9derons au polissage de notre guitare, qui n\u2019est pas obligatoire mais fortement recommand\u00e9. Nous aurons besoin d\u2019attendre de 3 \u00e0 4 semaines pour que la finition nitro obtienne la duret\u00e9 suffisante pour \u00eatre poli. Note\u00a0: pour polir des finitions \u00e0 base de polyur\u00e9thane (Cod.120139), 48 heures sont suffisantes.<\/p>\n<p>Polir d\u2019abord avec la p\u00e2te \u00e0 polir moyenne, afin d\u2019enlever les impuret\u00e9s et les imperfections les plus grasses. Travailler ensuite avec la p\u00e2te \u00e0 polir la plus fine. Attention \u00e0 ne pas chauffer excessivement la guitare lors du polissage.<\/p>\n<p><b>MODE D\u2019EMPLOI POUR TEINTURE DIRECTE SUR LA FINITION\u00a0: (Pistolet)<\/b><\/p>\n<p><span id=\"result_box\" lang=\"fr\"><strong><span class=\"hps\">.<\/span> <span class=\"hps\">1<\/span> <span class=\"hps\">&#8211;<\/span> <span class=\"hps\">Appliquer<\/span> <span class=\"hps\">une finition de couleur<\/span> <span class=\"hps\">directe<\/span>:<\/strong><\/span><\/p>\n<p><span class=\"hps\">270<\/span><span class=\"hps\">763<\/span> <span class=\"hps\">seront<\/span> <span class=\"hps\">la r\u00e9f\u00e9rence<\/span> <span class=\"hps\">et appliquer<\/span> <span class=\"hps\">plusieurs passages<\/span> <span class=\"hps\">de couleur<\/span>. <span class=\"hps\">Une fois sec<\/span>, nous pouvons appliquer <span class=\"hps\">le<\/span> <span class=\"hps\">gloss<\/span> <span class=\"hps\">incolore<\/span><span class=\"hps\">sur la couleur.<\/span><\/p>\n<p>&nbsp;<\/p>\n<\/div>\n<\/div>\n","protected":false},"excerpt":{"rendered":"<p>0.- Mat\u00e9riel n\u00e9cessaire pour peindre votre guitare avec la Finition Butterscotch (en bois [&hellip;]<\/p>\n","protected":false},"author":1,"featured_media":0,"parent":1413,"menu_order":0,"comment_status":"closed","ping_status":"closed","template":"","meta":{"om_disable_all_campaigns":false,"site-sidebar-layout":"default","site-content-layout":"","ast-site-content-layout":"default","site-content-style":"default","site-sidebar-style":"default","ast-global-header-display":"","ast-banner-title-visibility":"","ast-main-header-display":"","ast-hfb-above-header-display":"","ast-hfb-below-header-display":"","ast-hfb-mobile-header-display":"","site-post-title":"","ast-breadcrumbs-content":"","ast-featured-img":"","footer-sml-layout":"","ast-disable-related-posts":"","theme-transparent-header-meta":"","adv-header-id-meta":"","stick-header-meta":"","header-above-stick-meta":"","header-main-stick-meta":"","header-below-stick-meta":"","astra-migrate-meta-layouts":"default","ast-page-background-enabled":"default","ast-page-background-meta":{"desktop":{"background-color":"var(--ast-global-color-4)","background-image":"","background-repeat":"repeat","background-position":"center center","background-size":"auto","background-attachment":"scroll","background-type":"","background-media":"","overlay-type":"","overlay-color":"","overlay-opacity":"","overlay-gradient":""},"tablet":{"background-color":"","background-image":"","background-repeat":"repeat","background-position":"center center","background-size":"auto","background-attachment":"scroll","background-type":"","background-media":"","overlay-type":"","overlay-color":"","overlay-opacity":"","overlay-gradient":""},"mobile":{"background-color":"","background-image":"","background-repeat":"repeat","background-position":"center center","background-size":"auto","background-attachment":"scroll","background-type":"","background-media":"","overlay-type":"","overlay-color":"","overlay-opacity":"","overlay-gradient":""}},"ast-content-background-meta":{"desktop":{"background-color":"var(--ast-global-color-5)","background-image":"","background-repeat":"repeat","background-position":"center center","background-size":"auto","background-attachment":"scroll","background-type":"","background-media":"","overlay-type":"","overlay-color":"","overlay-opacity":"","overlay-gradient":""},"tablet":{"background-color":"var(--ast-global-color-5)","background-image":"","background-repeat":"repeat","background-position":"center center","background-size":"auto","background-attachment":"scroll","background-type":"","background-media":"","overlay-type":"","overlay-color":"","overlay-opacity":"","overlay-gradient":""},"mobile":{"background-color":"var(--ast-global-color-5)","background-image":"","background-repeat":"repeat","background-position":"center center","background-size":"auto","background-attachment":"scroll","background-type":"","background-media":"","overlay-type":"","overlay-color":"","overlay-opacity":"","overlay-gradient":""}},"footnotes":""},"class_list":["post-1467","page","type-page","status-publish","hentry"],"yoast_head":"<!-- This site is optimized with the Yoast SEO plugin v27.4 - https:\/\/yoast.com\/product\/yoast-seo-wordpress\/ -->\n<title>Finition Butterscotch Nitrocellulose sur bois de Ash | NitorLACK<\/title>\n<meta name=\"description\" content=\"Nitorlack - Peinture nitrocellulosique pour guitares, couleurs vintage et tutoriels pour peindre votre guitare. D\u00e9couvrir Finition Butterscotch Nitrocellulose sur bois de Ash\" \/>\n<meta name=\"robots\" content=\"index, follow, max-snippet:-1, max-image-preview:large, max-video-preview:-1\" \/>\n<link rel=\"canonical\" href=\"https:\/\/nitorlack.com\/fr\/tutorials\/butterscotch-nitrocellulose\/\" \/>\n<meta property=\"og:locale\" content=\"fr_FR\" \/>\n<meta property=\"og:type\" content=\"article\" \/>\n<meta property=\"og:title\" content=\"Finition Butterscotch Nitrocellulose sur bois de Ash | NitorLACK\" \/>\n<meta property=\"og:description\" content=\"Nitorlack - Peinture nitrocellulosique pour guitares, couleurs vintage et tutoriels pour peindre votre guitare. D\u00e9couvrir Finition Butterscotch Nitrocellulose sur bois de Ash\" \/>\n<meta property=\"og:url\" content=\"https:\/\/nitorlack.com\/fr\/tutorials\/butterscotch-nitrocellulose\/\" \/>\n<meta property=\"og:site_name\" content=\"Nitorlack\" \/>\n<meta property=\"article:modified_time\" content=\"2024-05-14T11:04:18+00:00\" \/>\n<meta name=\"twitter:card\" content=\"summary_large_image\" \/>\n<meta name=\"twitter:label1\" content=\"Dur\u00e9e de lecture estim\u00e9e\" \/>\n\t<meta name=\"twitter:data1\" content=\"2 minutes\" \/>\n<script type=\"application\/ld+json\" class=\"yoast-schema-graph\">{\"@context\":\"https:\\\/\\\/schema.org\",\"@graph\":[{\"@type\":\"WebPage\",\"@id\":\"https:\\\/\\\/nitorlack.com\\\/fr\\\/tutorials\\\/butterscotch-nitrocellulose\\\/\",\"url\":\"https:\\\/\\\/nitorlack.com\\\/fr\\\/tutorials\\\/butterscotch-nitrocellulose\\\/\",\"name\":\"Finition Butterscotch Nitrocellulose sur bois de Ash | NitorLACK\",\"isPartOf\":{\"@id\":\"https:\\\/\\\/nitorlack.com\\\/fr\\\/#website\"},\"datePublished\":\"2016-03-15T09:37:02+00:00\",\"dateModified\":\"2024-05-14T11:04:18+00:00\",\"description\":\"Nitorlack - Peinture nitrocellulosique pour guitares, couleurs vintage et tutoriels pour peindre votre guitare. D\u00e9couvrir Finition Butterscotch Nitrocellulose sur bois de Ash\",\"breadcrumb\":{\"@id\":\"https:\\\/\\\/nitorlack.com\\\/fr\\\/tutorials\\\/butterscotch-nitrocellulose\\\/#breadcrumb\"},\"inLanguage\":\"fr-FR\",\"potentialAction\":[{\"@type\":\"ReadAction\",\"target\":[\"https:\\\/\\\/nitorlack.com\\\/fr\\\/tutorials\\\/butterscotch-nitrocellulose\\\/\"]}]},{\"@type\":\"BreadcrumbList\",\"@id\":\"https:\\\/\\\/nitorlack.com\\\/fr\\\/tutorials\\\/butterscotch-nitrocellulose\\\/#breadcrumb\",\"itemListElement\":[{\"@type\":\"ListItem\",\"position\":1,\"name\":\"Page de Couverture\",\"item\":\"https:\\\/\\\/nitorlack.com\\\/fr\\\/\"},{\"@type\":\"ListItem\",\"position\":2,\"name\":\"VID\u00c9O\",\"item\":\"https:\\\/\\\/nitorlack.com\\\/fr\\\/tutorials\\\/\"},{\"@type\":\"ListItem\",\"position\":3,\"name\":\"Finition Butterscotch Nitrocellulose sur bois de Ash\"}]},{\"@type\":\"WebSite\",\"@id\":\"https:\\\/\\\/nitorlack.com\\\/fr\\\/#website\",\"url\":\"https:\\\/\\\/nitorlack.com\\\/fr\\\/\",\"name\":\"Nitorlack\",\"description\":\"Guitar Lacquers\",\"publisher\":{\"@id\":\"https:\\\/\\\/nitorlack.com\\\/fr\\\/#organization\"},\"potentialAction\":[{\"@type\":\"SearchAction\",\"target\":{\"@type\":\"EntryPoint\",\"urlTemplate\":\"https:\\\/\\\/nitorlack.com\\\/fr\\\/?s={search_term_string}\"},\"query-input\":{\"@type\":\"PropertyValueSpecification\",\"valueRequired\":true,\"valueName\":\"search_term_string\"}}],\"inLanguage\":\"fr-FR\"},{\"@type\":\"Organization\",\"@id\":\"https:\\\/\\\/nitorlack.com\\\/fr\\\/#organization\",\"name\":\"Nitorlack\",\"url\":\"https:\\\/\\\/nitorlack.com\\\/fr\\\/\",\"logo\":{\"@type\":\"ImageObject\",\"inLanguage\":\"fr-FR\",\"@id\":\"https:\\\/\\\/nitorlack.com\\\/fr\\\/#\\\/schema\\\/logo\\\/image\\\/\",\"url\":\"http:\\\/\\\/nitorlack.com\\\/wp-content\\\/uploads\\\/2016\\\/02\\\/cropped-galleta-negra-1.jpg\",\"contentUrl\":\"http:\\\/\\\/nitorlack.com\\\/wp-content\\\/uploads\\\/2016\\\/02\\\/cropped-galleta-negra-1.jpg\",\"width\":512,\"height\":512,\"caption\":\"Nitorlack\"},\"image\":{\"@id\":\"https:\\\/\\\/nitorlack.com\\\/fr\\\/#\\\/schema\\\/logo\\\/image\\\/\"}}]}<\/script>\n<!-- \/ Yoast SEO plugin. -->","yoast_head_json":{"title":"Finition Butterscotch Nitrocellulose sur bois de Ash | NitorLACK","description":"Nitorlack - Peinture nitrocellulosique pour guitares, couleurs vintage et tutoriels pour peindre votre guitare. D\u00e9couvrir Finition Butterscotch Nitrocellulose sur bois de Ash","robots":{"index":"index","follow":"follow","max-snippet":"max-snippet:-1","max-image-preview":"max-image-preview:large","max-video-preview":"max-video-preview:-1"},"canonical":"https:\/\/nitorlack.com\/fr\/tutorials\/butterscotch-nitrocellulose\/","og_locale":"fr_FR","og_type":"article","og_title":"Finition Butterscotch Nitrocellulose sur bois de Ash | NitorLACK","og_description":"Nitorlack - Peinture nitrocellulosique pour guitares, couleurs vintage et tutoriels pour peindre votre guitare. D\u00e9couvrir Finition Butterscotch Nitrocellulose sur bois de Ash","og_url":"https:\/\/nitorlack.com\/fr\/tutorials\/butterscotch-nitrocellulose\/","og_site_name":"Nitorlack","article_modified_time":"2024-05-14T11:04:18+00:00","twitter_card":"summary_large_image","twitter_misc":{"Dur\u00e9e de lecture estim\u00e9e":"2 minutes"},"schema":{"@context":"https:\/\/schema.org","@graph":[{"@type":"WebPage","@id":"https:\/\/nitorlack.com\/fr\/tutorials\/butterscotch-nitrocellulose\/","url":"https:\/\/nitorlack.com\/fr\/tutorials\/butterscotch-nitrocellulose\/","name":"Finition Butterscotch Nitrocellulose sur bois de Ash | NitorLACK","isPartOf":{"@id":"https:\/\/nitorlack.com\/fr\/#website"},"datePublished":"2016-03-15T09:37:02+00:00","dateModified":"2024-05-14T11:04:18+00:00","description":"Nitorlack - Peinture nitrocellulosique pour guitares, couleurs vintage et tutoriels pour peindre votre guitare. D\u00e9couvrir Finition Butterscotch Nitrocellulose sur bois de Ash","breadcrumb":{"@id":"https:\/\/nitorlack.com\/fr\/tutorials\/butterscotch-nitrocellulose\/#breadcrumb"},"inLanguage":"fr-FR","potentialAction":[{"@type":"ReadAction","target":["https:\/\/nitorlack.com\/fr\/tutorials\/butterscotch-nitrocellulose\/"]}]},{"@type":"BreadcrumbList","@id":"https:\/\/nitorlack.com\/fr\/tutorials\/butterscotch-nitrocellulose\/#breadcrumb","itemListElement":[{"@type":"ListItem","position":1,"name":"Page de Couverture","item":"https:\/\/nitorlack.com\/fr\/"},{"@type":"ListItem","position":2,"name":"VID\u00c9O","item":"https:\/\/nitorlack.com\/fr\/tutorials\/"},{"@type":"ListItem","position":3,"name":"Finition Butterscotch Nitrocellulose sur bois de Ash"}]},{"@type":"WebSite","@id":"https:\/\/nitorlack.com\/fr\/#website","url":"https:\/\/nitorlack.com\/fr\/","name":"Nitorlack","description":"Guitar Lacquers","publisher":{"@id":"https:\/\/nitorlack.com\/fr\/#organization"},"potentialAction":[{"@type":"SearchAction","target":{"@type":"EntryPoint","urlTemplate":"https:\/\/nitorlack.com\/fr\/?s={search_term_string}"},"query-input":{"@type":"PropertyValueSpecification","valueRequired":true,"valueName":"search_term_string"}}],"inLanguage":"fr-FR"},{"@type":"Organization","@id":"https:\/\/nitorlack.com\/fr\/#organization","name":"Nitorlack","url":"https:\/\/nitorlack.com\/fr\/","logo":{"@type":"ImageObject","inLanguage":"fr-FR","@id":"https:\/\/nitorlack.com\/fr\/#\/schema\/logo\/image\/","url":"http:\/\/nitorlack.com\/wp-content\/uploads\/2016\/02\/cropped-galleta-negra-1.jpg","contentUrl":"http:\/\/nitorlack.com\/wp-content\/uploads\/2016\/02\/cropped-galleta-negra-1.jpg","width":512,"height":512,"caption":"Nitorlack"},"image":{"@id":"https:\/\/nitorlack.com\/fr\/#\/schema\/logo\/image\/"}}]}},"_links":{"self":[{"href":"https:\/\/nitorlack.com\/fr\/wp-json\/wp\/v2\/pages\/1467","targetHints":{"allow":["GET"]}}],"collection":[{"href":"https:\/\/nitorlack.com\/fr\/wp-json\/wp\/v2\/pages"}],"about":[{"href":"https:\/\/nitorlack.com\/fr\/wp-json\/wp\/v2\/types\/page"}],"author":[{"embeddable":true,"href":"https:\/\/nitorlack.com\/fr\/wp-json\/wp\/v2\/users\/1"}],"replies":[{"embeddable":true,"href":"https:\/\/nitorlack.com\/fr\/wp-json\/wp\/v2\/comments?post=1467"}],"version-history":[{"count":0,"href":"https:\/\/nitorlack.com\/fr\/wp-json\/wp\/v2\/pages\/1467\/revisions"}],"up":[{"embeddable":true,"href":"https:\/\/nitorlack.com\/fr\/wp-json\/wp\/v2\/pages\/1413"}],"wp:attachment":[{"href":"https:\/\/nitorlack.com\/fr\/wp-json\/wp\/v2\/media?parent=1467"}],"curies":[{"name":"wp","href":"https:\/\/api.w.org\/{rel}","templated":true}]}}