{"id":70182,"date":"2024-02-19T13:54:07","date_gmt":"2024-02-19T11:54:07","guid":{"rendered":"https:\/\/nitorlack.com\/barniz\/uncategorized\/dark-rich-mahogany\/"},"modified":"2026-04-20T14:29:35","modified_gmt":"2026-04-20T12:29:35","slug":"dark-rich-mahogany","status":"publish","type":"product","link":"https:\/\/nitorlack.com\/en\/barniz\/colors\/translucid\/dark-rich-mahogany\/","title":{"rendered":"DARK RICH MAHOGANY"},"content":{"rendered":"<div class=\"wpb-content-wrapper\"><p>[vc_row css=&#8221;.vc_custom_1593585132184{background-color: #ffffff !important;}&#8221;][vc_column][vc_column_text]<\/p>\n<h2>Our vintage-inspired colours<\/h2>\n<p>Nitorlack colours are based on the original <strong>Fender and Gibson<\/strong> colours. The creation of these colours is preceded by a great work and exhaustive study by our laboratory and technical department. Thanks to this, we have managed to faithfully recreate the tones of Fender and Gibson guitars from the 50&#8217;s and 60&#8217;s.<\/p>\n<p>During those years up to the present day, it should be noted that the <strong>colours of vintage guitars<\/strong> have changed a lot over the years due to the ageing of the <strong>nitrocellulose lacquer<\/strong> and changes in the brand&#8217;s own colours.<\/p>\n<p>Therefore, two guitars finished in 1960 with fender colours may be totally different from each other or from a more modern guitar.[\/vc_column_text][\/vc_column][\/vc_row][vc_row][vc_column][vc_column_text]<\/p>\n<h3>Application guide:<\/h3>\n<ul>\n<li>We begin to apply the colour once the guitar has been fused with <strong>Nitorlack Primer.<\/strong><\/li>\n<li>When we start the painting work, the pores must be closed and the grain must not be marked.<\/li>\n<li>Apply the product either by spray or spray gun at a distance of <strong>25 cm<\/strong>.<\/li>\n<li>When applying we must follow a pattern of application, <strong>first horizontal and then vertical<\/strong>, applying the paint uniformly.<\/li>\n<li>Apply several coats, leaving <strong>24 hours<\/strong> to dry between them and sanding between them to remove any remaining impurities.<\/li>\n<li>This work shall be completed when the surface is completely smooth and free of imperfections.<\/li>\n<\/ul>\n<p>&nbsp;<\/p>\n<h3>FAQS:<\/h3>\n<p>&nbsp;<\/p>\n<h4>How many sprays do I need to varnish a guitar?<\/h4>\n<p>If the surface is well covered and it is not your first painting project, you can do it with a spray can, although you will not apply many coats. However if you are not an expert we recommend using 2 sprays for an optimal finish.<\/p>\n<p>&nbsp;<\/p>\n<h4>What temperature should the guitar be at during and after the process?<\/h4>\n<p>It is recommended to do it in a place where the temperature is between 15 and 25 degrees Celsius. If the painting or varnishing process is carried out in very hot or cold conditions, the final result may not be good.<\/p>\n<p>&nbsp;<\/p>\n<h4>Where should I do out the process?<\/h4>\n<p>A clean site will be essential, to prevent dirt or dust particles from adhering to the surface.<\/p>\n<p>&nbsp;<\/p>\n<h4>Is sanding between coats mandatory?<\/h4>\n<p>No es algo que deba siempre, pero es recomendable para as\u00ed eliminar las imperfecciones que queden en la pintura al final de cada capa, as\u00ed como las part\u00edculas que puedan adherirse.[\/vc_column_text][\/vc_column][\/vc_row][vc_row][vc_column][vc_column_text]<\/p>\n<p>[vc_row][vc_column][vc_column_text]<\/p>\n<h4 style=\"text-align: center;\">Comparte tus trabajos en redes sociales usando nuestro hashtag<\/h4>\n<h2 style=\"text-align: center;\">#myNitorlack<\/h2>\n<hr \/>\n<p>[\/vc_column_text][\/vc_column][\/vc_row][vc_column width=&#8221;1\/2&#8243;][\/vc_column][vc_column width=&#8221;1\/2&#8243;][\/vc_column]<\/p>\n<\/div>","protected":false},"excerpt":{"rendered":"<p>Brownish Gibson colour used mainly in some <strong>SG and Les Paul<\/strong> from the beginning to the present day in different models. Coexisting with the well known Cherry.<\/p>\n<p>It stands out for being very normally on mahogany on the back of the Gibson body and neck.<\/p>\n<p><strong>Important<\/strong>: As it is a translucent colour, to obtain the same tone as shown in the photo it is important to use the colour <strong>on mahogany wood<\/strong> or a similar tone (dark).<\/p>\n<p>This colour is available in:<\/p>\n<ul>\n<li><strong>400 ml spray.<\/strong><\/li>\n<li><strong>500 ml can<\/strong>, which is recommended to be diluted with 10% solvent.<\/li>\n<\/ul>\n","protected":false},"featured_media":72873,"comment_status":"open","ping_status":"closed","template":"","meta":{"om_disable_all_campaigns":false,"site-sidebar-layout":"no-sidebar","site-content-layout":"plain-container","ast-site-content-layout":"default","site-content-style":"default","site-sidebar-style":"default","ast-global-header-display":"","ast-banner-title-visibility":"","ast-main-header-display":"","ast-hfb-above-header-display":"","ast-hfb-below-header-display":"","ast-hfb-mobile-header-display":"","site-post-title":"disabled","ast-breadcrumbs-content":"","ast-featured-img":"disabled","footer-sml-layout":"","ast-disable-related-posts":"","theme-transparent-header-meta":"default","adv-header-id-meta":"","stick-header-meta":"default","header-above-stick-meta":"","header-main-stick-meta":"","header-below-stick-meta":"","astra-migrate-meta-layouts":"set","ast-page-background-enabled":"default","ast-page-background-meta":{"desktop":{"background-color":"var(--ast-global-color-4)","background-image":"","background-repeat":"repeat","background-position":"center center","background-size":"auto","background-attachment":"scroll","background-type":"","background-media":"","overlay-type":"","overlay-color":"","overlay-opacity":"","overlay-gradient":""},"tablet":{"background-color":"","background-image":"","background-repeat":"repeat","background-position":"center center","background-size":"auto","background-attachment":"scroll","background-type":"","background-media":"","overlay-type":"","overlay-color":"","overlay-opacity":"","overlay-gradient":""},"mobile":{"background-color":"","background-image":"","background-repeat":"repeat","background-position":"center center","background-size":"auto","background-attachment":"scroll","background-type":"","background-media":"","overlay-type":"","overlay-color":"","overlay-opacity":"","overlay-gradient":""}},"ast-content-background-meta":{"desktop":{"background-color":"var(--ast-global-color-5)","background-image":"","background-repeat":"repeat","background-position":"center center","background-size":"auto","background-attachment":"scroll","background-type":"","background-media":"","overlay-type":"","overlay-color":"","overlay-opacity":"","overlay-gradient":""},"tablet":{"background-color":"var(--ast-global-color-5)","background-image":"","background-repeat":"repeat","background-position":"center center","background-size":"auto","background-attachment":"scroll","background-type":"","background-media":"","overlay-type":"","overlay-color":"","overlay-opacity":"","overlay-gradient":""},"mobile":{"background-color":"var(--ast-global-color-5)","background-image":"","background-repeat":"repeat","background-position":"center center","background-size":"auto","background-attachment":"scroll","background-type":"","background-media":"","overlay-type":"","overlay-color":"","overlay-opacity":"","overlay-gradient":""}}},"product_brand":[],"product_cat":[104,7425],"product_tag":[],"class_list":{"0":"post-70182","1":"product","2":"type-product","3":"status-publish","4":"has-post-thumbnail","6":"product_cat-colors","7":"product_cat-translucid","8":"desktop-align-center","9":"tablet-align-center","10":"mobile-align-center","11":"ast-product-gallery-layout-horizontal-slider","12":"ast-product-gallery-with-no-image","13":"ast-product-single-variable","14":"ast-product-tabs-layout-horizontal","16":"first","17":"instock","18":"taxable","19":"shipping-taxable","20":"purchasable","21":"product-type-variable"},"bundled_by":[],"bundle_stock_status":"instock","bundle_stock_quantity":4948,"bundle_virtual":false,"bundle_layout":"","bundle_add_to_cart_form_location":"","bundle_editable_in_cart":false,"bundle_sold_individually_context":"","bundle_item_grouping":"","bundle_min_size":"","bundle_max_size":"","bundle_price":[],"bundled_items":[],"bundle_sell_ids":[],"yoast_head":"<!-- This site is optimized with the Yoast SEO plugin v27.4 - https:\/\/yoast.com\/product\/yoast-seo-wordpress\/ -->\n<title>DARK RICH MAHOGANY | Nitorlack<\/title>\n<meta name=\"description\" content=\"Dark Rich Mahogany colour. Brown colour, characteristic of the Gibson brand in the 60s. Available in nitrocellulose or polyurethane, in spray or 500ml can format.\" \/>\n<meta name=\"robots\" content=\"index, follow, max-snippet:-1, max-image-preview:large, max-video-preview:-1\" \/>\n<link rel=\"canonical\" href=\"https:\/\/nitorlack.com\/en\/barniz\/colors\/translucid\/dark-rich-mahogany\/\" \/>\n<meta property=\"og:locale\" content=\"en_US\" \/>\n<meta property=\"og:type\" content=\"article\" \/>\n<meta property=\"og:title\" content=\"DARK RICH MAHOGANY | Nitorlack\" \/>\n<meta property=\"og:description\" content=\"Dark Rich Mahogany colour. Brown colour, characteristic of the Gibson brand in the 60s. Available in nitrocellulose or polyurethane, in spray or 500ml can format.\" \/>\n<meta property=\"og:url\" content=\"https:\/\/nitorlack.com\/en\/barniz\/colors\/translucid\/dark-rich-mahogany\/\" \/>\n<meta property=\"og:site_name\" content=\"Nitorlack\" \/>\n<meta property=\"article:modified_time\" content=\"2026-04-20T12:29:35+00:00\" \/>\n<meta property=\"og:image\" content=\"https:\/\/nitorlack.com\/wp-content\/uploads\/2024\/06\/SESION-2-GUITARRA-7-3.jpg\" \/>\n\t<meta property=\"og:image:width\" content=\"1200\" \/>\n\t<meta property=\"og:image:height\" content=\"1200\" \/>\n\t<meta property=\"og:image:type\" content=\"image\/jpeg\" \/>\n<meta name=\"twitter:card\" content=\"summary_large_image\" \/>\n<meta name=\"twitter:label1\" content=\"Est. reading time\" \/>\n\t<meta name=\"twitter:data1\" content=\"2 minutes\" \/>\n<script type=\"application\/ld+json\" class=\"yoast-schema-graph\">{\"@context\":\"https:\\\/\\\/schema.org\",\"@graph\":[{\"@type\":\"WebPage\",\"@id\":\"https:\\\/\\\/nitorlack.com\\\/en\\\/barniz\\\/colors\\\/translucid\\\/dark-rich-mahogany\\\/\",\"url\":\"https:\\\/\\\/nitorlack.com\\\/en\\\/barniz\\\/colors\\\/translucid\\\/dark-rich-mahogany\\\/\",\"name\":\"DARK RICH MAHOGANY | Nitorlack\",\"isPartOf\":{\"@id\":\"https:\\\/\\\/nitorlack.com\\\/en\\\/#website\"},\"primaryImageOfPage\":{\"@id\":\"https:\\\/\\\/nitorlack.com\\\/en\\\/barniz\\\/colors\\\/translucid\\\/dark-rich-mahogany\\\/#primaryimage\"},\"image\":{\"@id\":\"https:\\\/\\\/nitorlack.com\\\/en\\\/barniz\\\/colors\\\/translucid\\\/dark-rich-mahogany\\\/#primaryimage\"},\"thumbnailUrl\":\"https:\\\/\\\/nitorlack.com\\\/wp-content\\\/uploads\\\/2024\\\/06\\\/SESION-2-GUITARRA-7-3.jpg\",\"datePublished\":\"2024-02-19T11:54:07+00:00\",\"dateModified\":\"2026-04-20T12:29:35+00:00\",\"description\":\"Dark Rich Mahogany colour. Brown colour, characteristic of the Gibson brand in the 60s. Available in nitrocellulose or polyurethane, in spray or 500ml can format.\",\"breadcrumb\":{\"@id\":\"https:\\\/\\\/nitorlack.com\\\/en\\\/barniz\\\/colors\\\/translucid\\\/dark-rich-mahogany\\\/#breadcrumb\"},\"inLanguage\":\"en-US\",\"potentialAction\":[{\"@type\":\"ReadAction\",\"target\":[\"https:\\\/\\\/nitorlack.com\\\/en\\\/barniz\\\/colors\\\/translucid\\\/dark-rich-mahogany\\\/\"]}]},{\"@type\":\"ImageObject\",\"inLanguage\":\"en-US\",\"@id\":\"https:\\\/\\\/nitorlack.com\\\/en\\\/barniz\\\/colors\\\/translucid\\\/dark-rich-mahogany\\\/#primaryimage\",\"url\":\"https:\\\/\\\/nitorlack.com\\\/wp-content\\\/uploads\\\/2024\\\/06\\\/SESION-2-GUITARRA-7-3.jpg\",\"contentUrl\":\"https:\\\/\\\/nitorlack.com\\\/wp-content\\\/uploads\\\/2024\\\/06\\\/SESION-2-GUITARRA-7-3.jpg\",\"width\":1200,\"height\":1200,\"caption\":\"Dark rich mahogany color\"},{\"@type\":\"BreadcrumbList\",\"@id\":\"https:\\\/\\\/nitorlack.com\\\/en\\\/barniz\\\/colors\\\/translucid\\\/dark-rich-mahogany\\\/#breadcrumb\",\"itemListElement\":[{\"@type\":\"ListItem\",\"position\":1,\"name\":\"Cover page\",\"item\":\"https:\\\/\\\/nitorlack.com\\\/en\\\/\"},{\"@type\":\"ListItem\",\"position\":2,\"name\":\"Shop\",\"item\":\"https:\\\/\\\/nitorlack.com\\\/en\\\/shop\\\/\"},{\"@type\":\"ListItem\",\"position\":3,\"name\":\"DARK RICH MAHOGANY\"}]},{\"@type\":\"WebSite\",\"@id\":\"https:\\\/\\\/nitorlack.com\\\/en\\\/#website\",\"url\":\"https:\\\/\\\/nitorlack.com\\\/en\\\/\",\"name\":\"Nitorlack\",\"description\":\"Guitar Lacquers\",\"publisher\":{\"@id\":\"https:\\\/\\\/nitorlack.com\\\/en\\\/#organization\"},\"potentialAction\":[{\"@type\":\"SearchAction\",\"target\":{\"@type\":\"EntryPoint\",\"urlTemplate\":\"https:\\\/\\\/nitorlack.com\\\/en\\\/?s={search_term_string}\"},\"query-input\":{\"@type\":\"PropertyValueSpecification\",\"valueRequired\":true,\"valueName\":\"search_term_string\"}}],\"inLanguage\":\"en-US\"},{\"@type\":\"Organization\",\"@id\":\"https:\\\/\\\/nitorlack.com\\\/en\\\/#organization\",\"name\":\"Nitorlack\",\"url\":\"https:\\\/\\\/nitorlack.com\\\/en\\\/\",\"logo\":{\"@type\":\"ImageObject\",\"inLanguage\":\"en-US\",\"@id\":\"https:\\\/\\\/nitorlack.com\\\/en\\\/#\\\/schema\\\/logo\\\/image\\\/\",\"url\":\"http:\\\/\\\/nitorlack.com\\\/wp-content\\\/uploads\\\/2016\\\/02\\\/cropped-galleta-negra-1.jpg\",\"contentUrl\":\"http:\\\/\\\/nitorlack.com\\\/wp-content\\\/uploads\\\/2016\\\/02\\\/cropped-galleta-negra-1.jpg\",\"width\":512,\"height\":512,\"caption\":\"Nitorlack\"},\"image\":{\"@id\":\"https:\\\/\\\/nitorlack.com\\\/en\\\/#\\\/schema\\\/logo\\\/image\\\/\"}}]}<\/script>\n<!-- \/ Yoast SEO plugin. -->","yoast_head_json":{"title":"DARK RICH MAHOGANY | Nitorlack","description":"Dark Rich Mahogany colour. Brown colour, characteristic of the Gibson brand in the 60s. Available in nitrocellulose or polyurethane, in spray or 500ml can format.","robots":{"index":"index","follow":"follow","max-snippet":"max-snippet:-1","max-image-preview":"max-image-preview:large","max-video-preview":"max-video-preview:-1"},"canonical":"https:\/\/nitorlack.com\/en\/barniz\/colors\/translucid\/dark-rich-mahogany\/","og_locale":"en_US","og_type":"article","og_title":"DARK RICH MAHOGANY | Nitorlack","og_description":"Dark Rich Mahogany colour. Brown colour, characteristic of the Gibson brand in the 60s. Available in nitrocellulose or polyurethane, in spray or 500ml can format.","og_url":"https:\/\/nitorlack.com\/en\/barniz\/colors\/translucid\/dark-rich-mahogany\/","og_site_name":"Nitorlack","article_modified_time":"2026-04-20T12:29:35+00:00","og_image":[{"width":1200,"height":1200,"url":"https:\/\/nitorlack.com\/wp-content\/uploads\/2024\/06\/SESION-2-GUITARRA-7-3.jpg","type":"image\/jpeg"}],"twitter_card":"summary_large_image","twitter_misc":{"Est. reading time":"2 minutes"},"schema":{"@context":"https:\/\/schema.org","@graph":[{"@type":"WebPage","@id":"https:\/\/nitorlack.com\/en\/barniz\/colors\/translucid\/dark-rich-mahogany\/","url":"https:\/\/nitorlack.com\/en\/barniz\/colors\/translucid\/dark-rich-mahogany\/","name":"DARK RICH MAHOGANY | Nitorlack","isPartOf":{"@id":"https:\/\/nitorlack.com\/en\/#website"},"primaryImageOfPage":{"@id":"https:\/\/nitorlack.com\/en\/barniz\/colors\/translucid\/dark-rich-mahogany\/#primaryimage"},"image":{"@id":"https:\/\/nitorlack.com\/en\/barniz\/colors\/translucid\/dark-rich-mahogany\/#primaryimage"},"thumbnailUrl":"https:\/\/nitorlack.com\/wp-content\/uploads\/2024\/06\/SESION-2-GUITARRA-7-3.jpg","datePublished":"2024-02-19T11:54:07+00:00","dateModified":"2026-04-20T12:29:35+00:00","description":"Dark Rich Mahogany colour. Brown colour, characteristic of the Gibson brand in the 60s. Available in nitrocellulose or polyurethane, in spray or 500ml can format.","breadcrumb":{"@id":"https:\/\/nitorlack.com\/en\/barniz\/colors\/translucid\/dark-rich-mahogany\/#breadcrumb"},"inLanguage":"en-US","potentialAction":[{"@type":"ReadAction","target":["https:\/\/nitorlack.com\/en\/barniz\/colors\/translucid\/dark-rich-mahogany\/"]}]},{"@type":"ImageObject","inLanguage":"en-US","@id":"https:\/\/nitorlack.com\/en\/barniz\/colors\/translucid\/dark-rich-mahogany\/#primaryimage","url":"https:\/\/nitorlack.com\/wp-content\/uploads\/2024\/06\/SESION-2-GUITARRA-7-3.jpg","contentUrl":"https:\/\/nitorlack.com\/wp-content\/uploads\/2024\/06\/SESION-2-GUITARRA-7-3.jpg","width":1200,"height":1200,"caption":"Dark rich mahogany color"},{"@type":"BreadcrumbList","@id":"https:\/\/nitorlack.com\/en\/barniz\/colors\/translucid\/dark-rich-mahogany\/#breadcrumb","itemListElement":[{"@type":"ListItem","position":1,"name":"Cover page","item":"https:\/\/nitorlack.com\/en\/"},{"@type":"ListItem","position":2,"name":"Shop","item":"https:\/\/nitorlack.com\/en\/shop\/"},{"@type":"ListItem","position":3,"name":"DARK RICH MAHOGANY"}]},{"@type":"WebSite","@id":"https:\/\/nitorlack.com\/en\/#website","url":"https:\/\/nitorlack.com\/en\/","name":"Nitorlack","description":"Guitar Lacquers","publisher":{"@id":"https:\/\/nitorlack.com\/en\/#organization"},"potentialAction":[{"@type":"SearchAction","target":{"@type":"EntryPoint","urlTemplate":"https:\/\/nitorlack.com\/en\/?s={search_term_string}"},"query-input":{"@type":"PropertyValueSpecification","valueRequired":true,"valueName":"search_term_string"}}],"inLanguage":"en-US"},{"@type":"Organization","@id":"https:\/\/nitorlack.com\/en\/#organization","name":"Nitorlack","url":"https:\/\/nitorlack.com\/en\/","logo":{"@type":"ImageObject","inLanguage":"en-US","@id":"https:\/\/nitorlack.com\/en\/#\/schema\/logo\/image\/","url":"http:\/\/nitorlack.com\/wp-content\/uploads\/2016\/02\/cropped-galleta-negra-1.jpg","contentUrl":"http:\/\/nitorlack.com\/wp-content\/uploads\/2016\/02\/cropped-galleta-negra-1.jpg","width":512,"height":512,"caption":"Nitorlack"},"image":{"@id":"https:\/\/nitorlack.com\/en\/#\/schema\/logo\/image\/"}}]}},"_links":{"self":[{"href":"https:\/\/nitorlack.com\/en\/wp-json\/wp\/v2\/product\/70182","targetHints":{"allow":["GET"]}}],"collection":[{"href":"https:\/\/nitorlack.com\/en\/wp-json\/wp\/v2\/product"}],"about":[{"href":"https:\/\/nitorlack.com\/en\/wp-json\/wp\/v2\/types\/product"}],"replies":[{"embeddable":true,"href":"https:\/\/nitorlack.com\/en\/wp-json\/wp\/v2\/comments?post=70182"}],"wp:featuredmedia":[{"embeddable":true,"href":"https:\/\/nitorlack.com\/en\/wp-json\/wp\/v2\/media\/72873"}],"wp:attachment":[{"href":"https:\/\/nitorlack.com\/en\/wp-json\/wp\/v2\/media?parent=70182"}],"wp:term":[{"taxonomy":"product_brand","embeddable":true,"href":"https:\/\/nitorlack.com\/en\/wp-json\/wp\/v2\/product_brand?post=70182"},{"taxonomy":"product_cat","embeddable":true,"href":"https:\/\/nitorlack.com\/en\/wp-json\/wp\/v2\/product_cat?post=70182"},{"taxonomy":"product_tag","embeddable":true,"href":"https:\/\/nitorlack.com\/en\/wp-json\/wp\/v2\/product_tag?post=70182"}],"curies":[{"name":"wp","href":"https:\/\/api.w.org\/{rel}","templated":true}]}}