{"id":23319,"date":"2019-03-05T14:50:26","date_gmt":"2019-03-05T12:50:26","guid":{"rendered":"http:\/\/nitorlack.com\/?post_type=product&#038;p=23319"},"modified":"2026-04-20T14:29:16","modified_gmt":"2026-04-20T12:29:16","slug":"nitortint-red-flamenco-es","status":"publish","type":"product","link":"https:\/\/nitorlack.com\/en\/barniz\/dyes\/classic-flamenco\/nitortint-red-flamenco-es\/","title":{"rendered":"NITORTINT RED FLAMENCO"},"content":{"rendered":"<div class=\"wpb-content-wrapper\"><h1 style=\"text-align: center;\">Guitar DYE per legno Rosso e tutto ci\u00f2 che serve per dipingere le chitarre elettriche<\/h1>\n<p>[vc_row full_width=&#8221;stretch_row&#8221; css=&#8221;.vc_custom_1593585138596{background-color: #ffffff !important;}&#8221;][vc_column][vc_column_text]<\/p>\n<h2 style=\"text-align: center;\">#mynitorlack<\/h2>\n<hr \/>\n<h2 style=\"text-align: center;\">\u00a0<\/h2>\n<p>[vc_row full_width=&#8221;stretch_row&#8221; css=&#8221;.vc_custom_1581589797788{background-color: #e8e8e8 !important;}&#8221;][vc_column][vc_empty_space height=&#8221;50px&#8221;][\/vc_column][\/vc_row][vc_row full_width=&#8221;stretch_row&#8221; css=&#8221;.vc_custom_1581589945399{background-color: #e8e8e8 !important;}&#8221;][vc_column width=&#8221;1\/2&#8243;][vc_column_text]<\/p>\n<h2><strong>Tinte rojo para guitarra flamenca. Dale vida a tu guitarra <\/strong><\/h2>\n<h5>Botella 250 ml<\/h5>\n<p>El tinte rojo para guitarra flamenca NitorTINT est\u00e1n especialmente dise\u00f1ados para cambiar el color de la madera con la m\u00e1xima transparencia sin alterar la malla de la madera natural. Tintes concentrados con una doble utilidad. Por un lado puede diluirse con un disolvente para aplicar directamente a la madera a mu\u00f1equilla o pistola aerogr\u00e1fica. Por otro, pueden utilizarse para colorear el barniz de acabado. Son tintes universales que se pueden diluir en <a href=\"http:\/\/nitorlack.com\/barniz\/disolventes\/disolventes-2\/solvent-nitorlack\/\">disolvente<\/a>, agua o alcohol. En el caso de aplicar a mu\u00f1equilla se recomienda utilizar agua o un disolvente Nitorlack Retard. Los colorantes NitorTINT se recomienda diluir en una proporci\u00f3n entre un 3% y un 10% dependiendo del tipo de aplicaci\u00f3n.[\/vc_column_text][\/vc_column][vc_column width=&#8221;1\/2&#8243;][vc_single_image image=&#8221;27175&#8243; img_size=&#8221;large&#8221;][\/vc_column][\/vc_row][vc_row][vc_column][vc_empty_space height=&#8221;80px&#8221;][\/vc_column][\/vc_row][vc_row][vc_column width=&#8221;1\/2&#8243;][vc_single_image image=&#8221;27724&#8243; img_size=&#8221;large&#8221;][\/vc_column][vc_column width=&#8221;1\/2&#8243;][vc_column_text]<\/p>\n<h2><strong>Resalta la veta de la madera. <\/strong><\/h2>\n<p>Consigue aumentar la belleza de cualquier madera resaltando su veta con los tintes NitorTINT. Diluye el tinte con Solvent Retard o Agua y utilizando una mu\u00f1equilla puedes conseguir ese efecto 3D en las tapas de maderas como quilted maple, flamed maple y maderas con vetas muy pronunciadas. Un truco para resaltar mas la veta de la madera es aplicar un tinte negro como base y lijar, posteriormente aplicar tinte del color que deseemos. Conseguiremos un efecto mucho mas pronunciado ya que el tinte negro quedar\u00e1 en las vetas mas pronunciadas de la madera y el resto con el color elegido[\/vc_column_text][\/vc_column][\/vc_row][vc_row][vc_column][vc_empty_space height=&#8221;80px&#8221;][\/vc_column][\/vc_row][vc_row][vc_column width=&#8221;1\/2&#8243;][vc_column_text]<\/p>\n<h2>Tintes y barnices para guitarra flamencos y cl\u00e1sicos.<\/h2>\n<p>En Nitorlack no nos hemos querido olvidar de los tintes para guitarra clasica o flamenca. Tenemos formulados especialmente los tintes cl\u00e1sicos de guitarra espa\u00f1ola, tinte rojo flamenco, amarillo, naranja y oro viejo. Recomendamos diluir sobre un 2 o 3% los tintes NitorTINT y aplicar de forma uniforme hasta conseguir el tono que se desea[\/vc_column_text][\/vc_column][vc_column width=&#8221;1\/2&#8243;][vc_single_image image=&#8221;27731&#8243; img_size=&#8221;large&#8221;][\/vc_column][\/vc_row][vc_row][vc_column][vc_empty_space height=&#8221;80px&#8221;][\/vc_column][\/vc_row][vc_row][vc_column width=&#8221;1\/2&#8243;][vc_single_image image=&#8221;27736&#8243; img_size=&#8221;large&#8221;][\/vc_column][vc_column width=&#8221;1\/2&#8243;][vc_column_text]<\/p>\n<h2>Aplica el tinte rojo para guitarra flamenca f\u00e1cilmente.<\/h2>\n<h5>Spray recargable Preval.<\/h5>\n<p>Si no dispones de pistola aerografica puedes aplicar el tinte de manera muy sencilla con el sistema de pulverizaci\u00f3n Preval. Este sistema de spray reemplazables constan de un dep\u00f3sito de cristal de 170 ml donde colocamos la mezcla de tinte con diluyente y unos cartuchos de spray reemplazables. A traves de un proceso de vacio Venturi extrae el medio del dep\u00f3sito adjunto y entrega un acabado profesional\u00a0 sin mezclar el propelente y el medio. Los cartuchos reemplazables son capaces de rociar hasta 650 ml. El resultado es un acabado no adulterado sin cambio de color.[\/vc_column_text][\/vc_column][\/vc_row][vc_row][vc_column][vc_column_text]Con la garantia de <a href=\"https:\/\/valresa.com\/\">VALRESA COATINGS S.A<\/a>[\/vc_column_text][\/vc_column][\/vc_row]<\/p>\n<\/div>","protected":false},"excerpt":{"rendered":"<p>Classic red tint for classical and flamenco guitar They are concentrated dyes that are used for the dyeing of all types of instruments. They possess a high transparency, good power of equalization, fast drying and resistance to light. You can dilute each other with other dyes to get the personalized tone you need. To dilute the concentrated dyes we will use solvent, medium or slow evaporation, water or alcohol. We can even use them to tone shellac.<\/p>\n<p><a href=\"https:\/\/nitorlack.com\/wp-content\/uploads\/2025\/10\/Etiqueta-de-480050-Tinte-Concentrado-050-Amarillo.jpg\" target=\"_blank\" rel=\"noopener\"><img loading=\"lazy\" decoding=\"async\" class=\"alignnone wp-image-83650\" src=\"https:\/\/nitorlack.com\/wp-content\/uploads\/2025\/10\/Etiqueta-de-480050-Tinte-Concentrado-050-Amarillo-300x270.jpg\" alt=\"\" width=\"202\" height=\"182\" srcset=\"https:\/\/nitorlack.com\/wp-content\/uploads\/2025\/10\/Etiqueta-de-480050-Tinte-Concentrado-050-Amarillo-300x270.jpg 300w, https:\/\/nitorlack.com\/wp-content\/uploads\/2025\/10\/Etiqueta-de-480050-Tinte-Concentrado-050-Amarillo-150x135.jpg 150w, https:\/\/nitorlack.com\/wp-content\/uploads\/2025\/10\/Etiqueta-de-480050-Tinte-Concentrado-050-Amarillo-768x691.jpg 768w, https:\/\/nitorlack.com\/wp-content\/uploads\/2025\/10\/Etiqueta-de-480050-Tinte-Concentrado-050-Amarillo.jpg 784w\" sizes=\"auto, (max-width: 202px) 100vw, 202px\" \/><\/a><\/p>\n","protected":false},"featured_media":71946,"comment_status":"open","ping_status":"closed","template":"","meta":{"om_disable_all_campaigns":false,"site-sidebar-layout":"no-sidebar","site-content-layout":"plain-container","ast-site-content-layout":"normal-width-container","site-content-style":"unboxed","site-sidebar-style":"unboxed","ast-global-header-display":"","ast-banner-title-visibility":"","ast-main-header-display":"","ast-hfb-above-header-display":"","ast-hfb-below-header-display":"","ast-hfb-mobile-header-display":"","site-post-title":"disabled","ast-breadcrumbs-content":"","ast-featured-img":"disabled","footer-sml-layout":"","ast-disable-related-posts":"","theme-transparent-header-meta":"default","adv-header-id-meta":"","stick-header-meta":"default","header-above-stick-meta":"","header-main-stick-meta":"","header-below-stick-meta":"","astra-migrate-meta-layouts":"default","ast-page-background-enabled":"default","ast-page-background-meta":{"desktop":{"background-color":"var(--ast-global-color-4)","background-image":"","background-repeat":"repeat","background-position":"center center","background-size":"auto","background-attachment":"scroll","background-type":"","background-media":"","overlay-type":"","overlay-color":"","overlay-opacity":"","overlay-gradient":""},"tablet":{"background-color":"","background-image":"","background-repeat":"repeat","background-position":"center center","background-size":"auto","background-attachment":"scroll","background-type":"","background-media":"","overlay-type":"","overlay-color":"","overlay-opacity":"","overlay-gradient":""},"mobile":{"background-color":"","background-image":"","background-repeat":"repeat","background-position":"center center","background-size":"auto","background-attachment":"scroll","background-type":"","background-media":"","overlay-type":"","overlay-color":"","overlay-opacity":"","overlay-gradient":""}},"ast-content-background-meta":{"desktop":{"background-color":"var(--ast-global-color-5)","background-image":"","background-repeat":"repeat","background-position":"center center","background-size":"auto","background-attachment":"scroll","background-type":"","background-media":"","overlay-type":"","overlay-color":"","overlay-opacity":"","overlay-gradient":""},"tablet":{"background-color":"var(--ast-global-color-5)","background-image":"","background-repeat":"repeat","background-position":"center center","background-size":"auto","background-attachment":"scroll","background-type":"","background-media":"","overlay-type":"","overlay-color":"","overlay-opacity":"","overlay-gradient":""},"mobile":{"background-color":"var(--ast-global-color-5)","background-image":"","background-repeat":"repeat","background-position":"center center","background-size":"auto","background-attachment":"scroll","background-type":"","background-media":"","overlay-type":"","overlay-color":"","overlay-opacity":"","overlay-gradient":""}}},"product_brand":[],"product_cat":[7357],"product_tag":[],"class_list":{"0":"post-23319","1":"product","2":"type-product","3":"status-publish","4":"has-post-thumbnail","6":"product_cat-classic-flamenco","7":"desktop-align-center","8":"tablet-align-center","9":"mobile-align-center","10":"ast-product-gallery-layout-horizontal-slider","11":"ast-product-tabs-layout-horizontal","13":"first","14":"instock","15":"taxable","16":"shipping-taxable","17":"purchasable","18":"product-type-simple"},"bundled_by":[],"bundle_stock_status":"instock","bundle_stock_quantity":4807,"bundle_virtual":false,"bundle_layout":"","bundle_add_to_cart_form_location":"","bundle_editable_in_cart":false,"bundle_sold_individually_context":"","bundle_item_grouping":"","bundle_min_size":"","bundle_max_size":"","bundle_price":[],"bundled_items":[],"bundle_sell_ids":[],"yoast_head":"<!-- This site is optimized with the Yoast SEO plugin v27.4 - https:\/\/yoast.com\/product\/yoast-seo-wordpress\/ -->\n<title>NITORTINT RED FLAMENCO | NitorLACK guitar stains and varnishes<\/title>\n<meta name=\"description\" content=\"Nitorlack - Nitrocellulose paint for guitars, vintage colors and tutorials on how to paint your guitar. Discover NITORTINT RED FLAMENCO\" \/>\n<meta name=\"robots\" content=\"index, follow, max-snippet:-1, max-image-preview:large, max-video-preview:-1\" \/>\n<link rel=\"canonical\" href=\"https:\/\/nitorlack.com\/en\/barniz\/dyes\/classic-flamenco\/nitortint-red-flamenco-es\/\" \/>\n<meta property=\"og:locale\" content=\"en_US\" \/>\n<meta property=\"og:type\" content=\"article\" \/>\n<meta property=\"og:title\" content=\"NITORTINT RED FLAMENCO | NitorLACK guitar stains and varnishes\" \/>\n<meta property=\"og:description\" content=\"Nitorlack - Nitrocellulose paint for guitars, vintage colors and tutorials on how to paint your guitar. Discover NITORTINT RED FLAMENCO\" \/>\n<meta property=\"og:url\" content=\"https:\/\/nitorlack.com\/en\/barniz\/dyes\/classic-flamenco\/nitortint-red-flamenco-es\/\" \/>\n<meta property=\"og:site_name\" content=\"Nitorlack\" \/>\n<meta property=\"article:modified_time\" content=\"2026-04-20T12:29:16+00:00\" \/>\n<meta property=\"og:image\" content=\"https:\/\/nitorlack.com\/wp-content\/uploads\/2019\/03\/CLASICA-ROJO-FRONTAL.jpg\" \/>\n\t<meta property=\"og:image:width\" content=\"1200\" \/>\n\t<meta property=\"og:image:height\" content=\"1200\" \/>\n\t<meta property=\"og:image:type\" content=\"image\/jpeg\" \/>\n<meta name=\"twitter:card\" content=\"summary_large_image\" \/>\n<meta name=\"twitter:label1\" content=\"Est. reading time\" \/>\n\t<meta name=\"twitter:data1\" content=\"3 minutes\" \/>\n<script type=\"application\/ld+json\" class=\"yoast-schema-graph\">{\"@context\":\"https:\\\/\\\/schema.org\",\"@graph\":[{\"@type\":\"WebPage\",\"@id\":\"https:\\\/\\\/nitorlack.com\\\/en\\\/barniz\\\/dyes\\\/classic-flamenco\\\/nitortint-red-flamenco-es\\\/\",\"url\":\"https:\\\/\\\/nitorlack.com\\\/en\\\/barniz\\\/dyes\\\/classic-flamenco\\\/nitortint-red-flamenco-es\\\/\",\"name\":\"NITORTINT RED FLAMENCO | NitorLACK guitar stains and varnishes\",\"isPartOf\":{\"@id\":\"https:\\\/\\\/nitorlack.com\\\/en\\\/#website\"},\"primaryImageOfPage\":{\"@id\":\"https:\\\/\\\/nitorlack.com\\\/en\\\/barniz\\\/dyes\\\/classic-flamenco\\\/nitortint-red-flamenco-es\\\/#primaryimage\"},\"image\":{\"@id\":\"https:\\\/\\\/nitorlack.com\\\/en\\\/barniz\\\/dyes\\\/classic-flamenco\\\/nitortint-red-flamenco-es\\\/#primaryimage\"},\"thumbnailUrl\":\"https:\\\/\\\/nitorlack.com\\\/wp-content\\\/uploads\\\/2019\\\/03\\\/CLASICA-ROJO-FRONTAL.jpg\",\"datePublished\":\"2019-03-05T12:50:26+00:00\",\"dateModified\":\"2026-04-20T12:29:16+00:00\",\"description\":\"Nitorlack - Nitrocellulose paint for guitars, vintage colors and tutorials on how to paint your guitar. Discover NITORTINT RED FLAMENCO\",\"breadcrumb\":{\"@id\":\"https:\\\/\\\/nitorlack.com\\\/en\\\/barniz\\\/dyes\\\/classic-flamenco\\\/nitortint-red-flamenco-es\\\/#breadcrumb\"},\"inLanguage\":\"en-US\",\"potentialAction\":[{\"@type\":\"ReadAction\",\"target\":[\"https:\\\/\\\/nitorlack.com\\\/en\\\/barniz\\\/dyes\\\/classic-flamenco\\\/nitortint-red-flamenco-es\\\/\"]}]},{\"@type\":\"ImageObject\",\"inLanguage\":\"en-US\",\"@id\":\"https:\\\/\\\/nitorlack.com\\\/en\\\/barniz\\\/dyes\\\/classic-flamenco\\\/nitortint-red-flamenco-es\\\/#primaryimage\",\"url\":\"https:\\\/\\\/nitorlack.com\\\/wp-content\\\/uploads\\\/2019\\\/03\\\/CLASICA-ROJO-FRONTAL.jpg\",\"contentUrl\":\"https:\\\/\\\/nitorlack.com\\\/wp-content\\\/uploads\\\/2019\\\/03\\\/CLASICA-ROJO-FRONTAL.jpg\",\"width\":1200,\"height\":1200,\"caption\":\"tinte rojo para guitarra\"},{\"@type\":\"BreadcrumbList\",\"@id\":\"https:\\\/\\\/nitorlack.com\\\/en\\\/barniz\\\/dyes\\\/classic-flamenco\\\/nitortint-red-flamenco-es\\\/#breadcrumb\",\"itemListElement\":[{\"@type\":\"ListItem\",\"position\":1,\"name\":\"Cover page\",\"item\":\"https:\\\/\\\/nitorlack.com\\\/en\\\/\"},{\"@type\":\"ListItem\",\"position\":2,\"name\":\"Shop\",\"item\":\"https:\\\/\\\/nitorlack.com\\\/en\\\/shop\\\/\"},{\"@type\":\"ListItem\",\"position\":3,\"name\":\"NITORTINT RED FLAMENCO\"}]},{\"@type\":\"WebSite\",\"@id\":\"https:\\\/\\\/nitorlack.com\\\/en\\\/#website\",\"url\":\"https:\\\/\\\/nitorlack.com\\\/en\\\/\",\"name\":\"Nitorlack\",\"description\":\"Guitar Lacquers\",\"publisher\":{\"@id\":\"https:\\\/\\\/nitorlack.com\\\/en\\\/#organization\"},\"potentialAction\":[{\"@type\":\"SearchAction\",\"target\":{\"@type\":\"EntryPoint\",\"urlTemplate\":\"https:\\\/\\\/nitorlack.com\\\/en\\\/?s={search_term_string}\"},\"query-input\":{\"@type\":\"PropertyValueSpecification\",\"valueRequired\":true,\"valueName\":\"search_term_string\"}}],\"inLanguage\":\"en-US\"},{\"@type\":\"Organization\",\"@id\":\"https:\\\/\\\/nitorlack.com\\\/en\\\/#organization\",\"name\":\"Nitorlack\",\"url\":\"https:\\\/\\\/nitorlack.com\\\/en\\\/\",\"logo\":{\"@type\":\"ImageObject\",\"inLanguage\":\"en-US\",\"@id\":\"https:\\\/\\\/nitorlack.com\\\/en\\\/#\\\/schema\\\/logo\\\/image\\\/\",\"url\":\"http:\\\/\\\/nitorlack.com\\\/wp-content\\\/uploads\\\/2016\\\/02\\\/cropped-galleta-negra-1.jpg\",\"contentUrl\":\"http:\\\/\\\/nitorlack.com\\\/wp-content\\\/uploads\\\/2016\\\/02\\\/cropped-galleta-negra-1.jpg\",\"width\":512,\"height\":512,\"caption\":\"Nitorlack\"},\"image\":{\"@id\":\"https:\\\/\\\/nitorlack.com\\\/en\\\/#\\\/schema\\\/logo\\\/image\\\/\"}}]}<\/script>\n<!-- \/ Yoast SEO plugin. -->","yoast_head_json":{"title":"NITORTINT RED FLAMENCO | NitorLACK guitar stains and varnishes","description":"Nitorlack - Nitrocellulose paint for guitars, vintage colors and tutorials on how to paint your guitar. Discover NITORTINT RED FLAMENCO","robots":{"index":"index","follow":"follow","max-snippet":"max-snippet:-1","max-image-preview":"max-image-preview:large","max-video-preview":"max-video-preview:-1"},"canonical":"https:\/\/nitorlack.com\/en\/barniz\/dyes\/classic-flamenco\/nitortint-red-flamenco-es\/","og_locale":"en_US","og_type":"article","og_title":"NITORTINT RED FLAMENCO | NitorLACK guitar stains and varnishes","og_description":"Nitorlack - Nitrocellulose paint for guitars, vintage colors and tutorials on how to paint your guitar. Discover NITORTINT RED FLAMENCO","og_url":"https:\/\/nitorlack.com\/en\/barniz\/dyes\/classic-flamenco\/nitortint-red-flamenco-es\/","og_site_name":"Nitorlack","article_modified_time":"2026-04-20T12:29:16+00:00","og_image":[{"width":1200,"height":1200,"url":"https:\/\/nitorlack.com\/wp-content\/uploads\/2019\/03\/CLASICA-ROJO-FRONTAL.jpg","type":"image\/jpeg"}],"twitter_card":"summary_large_image","twitter_misc":{"Est. reading time":"3 minutes"},"schema":{"@context":"https:\/\/schema.org","@graph":[{"@type":"WebPage","@id":"https:\/\/nitorlack.com\/en\/barniz\/dyes\/classic-flamenco\/nitortint-red-flamenco-es\/","url":"https:\/\/nitorlack.com\/en\/barniz\/dyes\/classic-flamenco\/nitortint-red-flamenco-es\/","name":"NITORTINT RED FLAMENCO | NitorLACK guitar stains and varnishes","isPartOf":{"@id":"https:\/\/nitorlack.com\/en\/#website"},"primaryImageOfPage":{"@id":"https:\/\/nitorlack.com\/en\/barniz\/dyes\/classic-flamenco\/nitortint-red-flamenco-es\/#primaryimage"},"image":{"@id":"https:\/\/nitorlack.com\/en\/barniz\/dyes\/classic-flamenco\/nitortint-red-flamenco-es\/#primaryimage"},"thumbnailUrl":"https:\/\/nitorlack.com\/wp-content\/uploads\/2019\/03\/CLASICA-ROJO-FRONTAL.jpg","datePublished":"2019-03-05T12:50:26+00:00","dateModified":"2026-04-20T12:29:16+00:00","description":"Nitorlack - Nitrocellulose paint for guitars, vintage colors and tutorials on how to paint your guitar. Discover NITORTINT RED FLAMENCO","breadcrumb":{"@id":"https:\/\/nitorlack.com\/en\/barniz\/dyes\/classic-flamenco\/nitortint-red-flamenco-es\/#breadcrumb"},"inLanguage":"en-US","potentialAction":[{"@type":"ReadAction","target":["https:\/\/nitorlack.com\/en\/barniz\/dyes\/classic-flamenco\/nitortint-red-flamenco-es\/"]}]},{"@type":"ImageObject","inLanguage":"en-US","@id":"https:\/\/nitorlack.com\/en\/barniz\/dyes\/classic-flamenco\/nitortint-red-flamenco-es\/#primaryimage","url":"https:\/\/nitorlack.com\/wp-content\/uploads\/2019\/03\/CLASICA-ROJO-FRONTAL.jpg","contentUrl":"https:\/\/nitorlack.com\/wp-content\/uploads\/2019\/03\/CLASICA-ROJO-FRONTAL.jpg","width":1200,"height":1200,"caption":"tinte rojo para guitarra"},{"@type":"BreadcrumbList","@id":"https:\/\/nitorlack.com\/en\/barniz\/dyes\/classic-flamenco\/nitortint-red-flamenco-es\/#breadcrumb","itemListElement":[{"@type":"ListItem","position":1,"name":"Cover page","item":"https:\/\/nitorlack.com\/en\/"},{"@type":"ListItem","position":2,"name":"Shop","item":"https:\/\/nitorlack.com\/en\/shop\/"},{"@type":"ListItem","position":3,"name":"NITORTINT RED FLAMENCO"}]},{"@type":"WebSite","@id":"https:\/\/nitorlack.com\/en\/#website","url":"https:\/\/nitorlack.com\/en\/","name":"Nitorlack","description":"Guitar Lacquers","publisher":{"@id":"https:\/\/nitorlack.com\/en\/#organization"},"potentialAction":[{"@type":"SearchAction","target":{"@type":"EntryPoint","urlTemplate":"https:\/\/nitorlack.com\/en\/?s={search_term_string}"},"query-input":{"@type":"PropertyValueSpecification","valueRequired":true,"valueName":"search_term_string"}}],"inLanguage":"en-US"},{"@type":"Organization","@id":"https:\/\/nitorlack.com\/en\/#organization","name":"Nitorlack","url":"https:\/\/nitorlack.com\/en\/","logo":{"@type":"ImageObject","inLanguage":"en-US","@id":"https:\/\/nitorlack.com\/en\/#\/schema\/logo\/image\/","url":"http:\/\/nitorlack.com\/wp-content\/uploads\/2016\/02\/cropped-galleta-negra-1.jpg","contentUrl":"http:\/\/nitorlack.com\/wp-content\/uploads\/2016\/02\/cropped-galleta-negra-1.jpg","width":512,"height":512,"caption":"Nitorlack"},"image":{"@id":"https:\/\/nitorlack.com\/en\/#\/schema\/logo\/image\/"}}]}},"_links":{"self":[{"href":"https:\/\/nitorlack.com\/en\/wp-json\/wp\/v2\/product\/23319","targetHints":{"allow":["GET"]}}],"collection":[{"href":"https:\/\/nitorlack.com\/en\/wp-json\/wp\/v2\/product"}],"about":[{"href":"https:\/\/nitorlack.com\/en\/wp-json\/wp\/v2\/types\/product"}],"replies":[{"embeddable":true,"href":"https:\/\/nitorlack.com\/en\/wp-json\/wp\/v2\/comments?post=23319"}],"wp:featuredmedia":[{"embeddable":true,"href":"https:\/\/nitorlack.com\/en\/wp-json\/wp\/v2\/media\/71946"}],"wp:attachment":[{"href":"https:\/\/nitorlack.com\/en\/wp-json\/wp\/v2\/media?parent=23319"}],"wp:term":[{"taxonomy":"product_brand","embeddable":true,"href":"https:\/\/nitorlack.com\/en\/wp-json\/wp\/v2\/product_brand?post=23319"},{"taxonomy":"product_cat","embeddable":true,"href":"https:\/\/nitorlack.com\/en\/wp-json\/wp\/v2\/product_cat?post=23319"},{"taxonomy":"product_tag","embeddable":true,"href":"https:\/\/nitorlack.com\/en\/wp-json\/wp\/v2\/product_tag?post=23319"}],"curies":[{"name":"wp","href":"https:\/\/api.w.org\/{rel}","templated":true}]}}