{"id":56242,"date":"2022-01-10T16:43:16","date_gmt":"2022-01-10T14:43:16","guid":{"rendered":"http:\/\/nitorlack.com\/afiliados\/"},"modified":"2022-02-10T17:25:07","modified_gmt":"2022-02-10T15:25:07","slug":"affiliate","status":"publish","type":"page","link":"https:\/\/nitorlack.com\/en\/affiliate\/","title":{"rendered":"NitorLACK Afiliados"},"content":{"rendered":"<div class=\"wpb-content-wrapper\"><p>[vc_row full_width=&#8221;sr-vc-medium-width&#8221;][vc_column][vc_single_image image=&#8221;56034&#8243; img_size=&#8221;large&#8221; alignment=&#8221;center&#8221;][\/vc_column][\/vc_row][vc_row full_width=&#8221;sr-vc-medium-width&#8221; css=&#8221;.vc_custom_1643366405535{margin-right: 50px !important;margin-left: 50px !important;}&#8221;][vc_column][vc_custom_heading text=&#8221;NitorLACK Afiliados \u2014 El programa de marketing de Afiliados de NitorLACK&#8221; font_container=&#8221;tag:h4|text_align:left&#8221; use_theme_fonts=&#8221;yes&#8221;][vc_column_text]El programa de NitorLACK Afiliados ayuda a creadores de contenido del mundo de la guitarra, editoriales y blogueros a monetizar su tr\u00e1fico. Los asociados usan herramientas de creaci\u00f3n de enlaces para dirigir a su audiencia a sus recomendaciones y as\u00ed ganar dinero a trav\u00e9s de las compras adscritas y programas.[\/vc_column_text][\/vc_column][\/vc_row][vc_row full_width=&#8221;sr-vc-medium-width&#8221; css=&#8221;.vc_custom_1643367178286{margin-right: 50px !important;margin-left: 50px !important;}&#8221;][vc_column width=&#8221;1\/3&#8243;][vc_icon icon_fontawesome=&#8221;far fa-hand-point-up&#8221; size=&#8221;lg&#8221; align=&#8221;center&#8221; link=&#8221;url:http%3A%2F%2Fnitorlack.com%2Faffiliate-home%2Faffiliate-register%2F|target:_blank|rel:nofollow&#8221;][vc_column_text]<\/p>\n<h4 style=\"text-align: center;\"><a href=\"http:\/\/nitorlack.com\/affiliate-home\/affiliate-register\/\">1. Reg\u00edstrate<\/a><\/h4>\n<p>\u00danete a de creadores, autores y blogueros que ya est\u00e1n ganando dinero con el programa de Afiliados[\/vc_column_text][\/vc_column][vc_column width=&#8221;1\/3&#8243;][vc_icon icon_fontawesome=&#8221;fab fa-wpforms&#8221; size=&#8221;lg&#8221; align=&#8221;center&#8221;][vc_column_text]<\/p>\n<h4 style=\"text-align: center;\">2. Recomienda productos<\/h4>\n<p>Comparte los productos con tu audiencia. Tienes la posibilidad \u00a0de personalizaci\u00f3n de enlaces para grandes editoriales, blogueros particulares e influencers de redes sociales.[\/vc_column_text][\/vc_column][vc_column width=&#8221;1\/3&#8243;][vc_icon icon_fontawesome=&#8221;fas fa-euro-sign&#8221; size=&#8221;lg&#8221; align=&#8221;center&#8221;][vc_column_text]<\/p>\n<h4 style=\"text-align: center;\">3. Gana dinero<\/h4>\n<p>Gana hasta un 5 % en ingresos por comisiones para Afiliados por compras adscritas y programas. Nuestras competitivas comisiones de conversi\u00f3n te ayudar\u00e1n a maximizar ingresos[\/vc_column_text][\/vc_column][\/vc_row][vc_row full_width=&#8221;sr-vc-medium-width&#8221;][vc_column][vc_single_image image=&#8221;56038&#8243; img_size=&#8221;large&#8221; alignment=&#8221;center&#8221;][\/vc_column][\/vc_row][vc_row full_width=&#8221;sr-vc-medium-width&#8221; equal_height=&#8221;yes&#8221; css=&#8221;.vc_custom_1643367377927{margin-top: 20px !important;margin-right: 50px !important;margin-left: 50px !important;}&#8221;][vc_column width=&#8221;1\/2&#8243;][vc_column_text]<\/p>\n<h4 style=\"text-align: left;\"><a href=\"http:\/\/nitorlack.com\/funcionamiento-de-la-plataforma\/\">\u00bfC\u00f3mo funciona el Programa de Afiliados?<\/a><\/h4>\n<p>Puedes compartir productos de Nitorlack con tu audiencia gracias a unas herramientas de enlace personalizadas y ganar dinero con compras de los clientes.<\/p>\n<p>Aprende como funcionan la plataforma de afiliados <a href=\"http:\/\/nitorlack.com\/funcionamiento-de-la-plataforma\/\">aqu\u00ed<\/a>.[\/vc_column_text][vc_column_text]<\/p>\n<h4 style=\"text-align: left;\">\u00bfC\u00f3mo puedo participar en el programa?<\/h4>\n<p>Todos los blogueros, editores, influencer y creadores de contenido con p\u00e1ginas web, canales de youtube relacionados con el mundo de la guitarra pueden participar en el mismo. Registrase <a href=\"http:\/\/nitorlack.com\/affiliate-home\/affiliate-register\/\"><strong>aqu\u00ed<\/strong><\/a>[\/vc_column_text][\/vc_column][vc_column width=&#8221;1\/2&#8243;][vc_column_text]<\/p>\n<h4 style=\"text-align: left;\">\u00bfC\u00f3mo puedo ganar dinero a trav\u00e9s del programa?<\/h4>\n<p>Percibir\u00e1s ingresos por las compras patrocinadas en tus plataformas y finalicen la compra en Nitorlack. La cookie se guarda durante un periodo de 5 d\u00edas durante el cual el cliente puede realizar la compra y conseguir\u00e1s la comisi\u00f3n.[\/vc_column_text][vc_column_text]<\/p>\n<h4 style=\"text-align: left;\">\u00bfC\u00f3mo me suscribo al programa?<\/h4>\n<p>Suscribete al programa de afiliados en el siguiente <strong>enlace<\/strong>.<\/p>\n<p>Gana hasta un 5 % en ingresos por comisiones para Afiliados por compras. \u00a0Una vez registrado, nos pondremos en contacto contigo para confirmar el registro y aceptar tu solicitud.[\/vc_column_text][\/vc_column][\/vc_row][vc_row full_width=&#8221;sr-vc-medium-width&#8221; css=&#8221;.vc_custom_1643366448086{margin-top: 20px !important;margin-right: 50px !important;margin-left: 50px !important;}&#8221;][vc_column][vc_btn title=&#8221;Reg\u00edstrate&#8221; style=&#8221;classic&#8221; shape=&#8221;square&#8221; color=&#8221;inverse&#8221; align=&#8221;center&#8221; link=&#8221;url:http%3A%2F%2Fnitorlack.com%2Faffiliate-home%2Faffiliate-register%2F|title:Reg%C3%ADstrate|target:_blank&#8221;][\/vc_column][\/vc_row]<\/p>\n<\/div>","protected":false},"excerpt":{"rendered":"<p>[vc_row full_width=&#8221;sr-vc-medium-width&#8221;][vc_column][vc_single_image image=&#8221;56034&#8243; img_size=&#8221;large&#8221; alignment=&#8221;center&#8221;][\/vc_column][\/vc_row][vc_row full_width=&#8221;sr-vc-medium-width&#8221; css=&#8221;.vc_custom_1643366405535{margin-right: 50px !important;margin-left: 50px !important;}&#8221;][vc_column][vc_custom_heading text=&#8221;NitorLACK Afiliados [&hellip;]<\/p>\n","protected":false},"author":1,"featured_media":0,"parent":0,"menu_order":0,"comment_status":"closed","ping_status":"closed","template":"","meta":{"om_disable_all_campaigns":false,"site-sidebar-layout":"no-sidebar","site-content-layout":"plain-container","ast-site-content-layout":"default","site-content-style":"default","site-sidebar-style":"default","ast-global-header-display":"","ast-banner-title-visibility":"","ast-main-header-display":"","ast-hfb-above-header-display":"","ast-hfb-below-header-display":"","ast-hfb-mobile-header-display":"","site-post-title":"disabled","ast-breadcrumbs-content":"","ast-featured-img":"disabled","footer-sml-layout":"","ast-disable-related-posts":"","theme-transparent-header-meta":"","adv-header-id-meta":"","stick-header-meta":"","header-above-stick-meta":"","header-main-stick-meta":"","header-below-stick-meta":"","astra-migrate-meta-layouts":"default","ast-page-background-enabled":"default","ast-page-background-meta":{"desktop":{"background-color":"var(--ast-global-color-4)","background-image":"","background-repeat":"repeat","background-position":"center center","background-size":"auto","background-attachment":"scroll","background-type":"","background-media":"","overlay-type":"","overlay-color":"","overlay-opacity":"","overlay-gradient":""},"tablet":{"background-color":"","background-image":"","background-repeat":"repeat","background-position":"center center","background-size":"auto","background-attachment":"scroll","background-type":"","background-media":"","overlay-type":"","overlay-color":"","overlay-opacity":"","overlay-gradient":""},"mobile":{"background-color":"","background-image":"","background-repeat":"repeat","background-position":"center center","background-size":"auto","background-attachment":"scroll","background-type":"","background-media":"","overlay-type":"","overlay-color":"","overlay-opacity":"","overlay-gradient":""}},"ast-content-background-meta":{"desktop":{"background-color":"var(--ast-global-color-5)","background-image":"","background-repeat":"repeat","background-position":"center center","background-size":"auto","background-attachment":"scroll","background-type":"","background-media":"","overlay-type":"","overlay-color":"","overlay-opacity":"","overlay-gradient":""},"tablet":{"background-color":"var(--ast-global-color-5)","background-image":"","background-repeat":"repeat","background-position":"center center","background-size":"auto","background-attachment":"scroll","background-type":"","background-media":"","overlay-type":"","overlay-color":"","overlay-opacity":"","overlay-gradient":""},"mobile":{"background-color":"var(--ast-global-color-5)","background-image":"","background-repeat":"repeat","background-position":"center center","background-size":"auto","background-attachment":"scroll","background-type":"","background-media":"","overlay-type":"","overlay-color":"","overlay-opacity":"","overlay-gradient":""}},"footnotes":""},"class_list":["post-56242","page","type-page","status-publish","hentry"],"yoast_head":"<!-- This site is optimized with the Yoast SEO plugin v27.5 - https:\/\/yoast.com\/product\/yoast-seo-wordpress\/ -->\n<title>NitorLACK Afiliados | Nitorlack<\/title>\n<meta name=\"description\" content=\"Nitorlack - Nitrocellulose paint for guitars, vintage colors and tutorials. Discover NitorLACK Afiliados\" \/>\n<meta name=\"robots\" content=\"index, follow, max-snippet:-1, max-image-preview:large, max-video-preview:-1\" \/>\n<link rel=\"canonical\" href=\"https:\/\/nitorlack.com\/en\/affiliate\/\" \/>\n<meta property=\"og:locale\" content=\"en_US\" \/>\n<meta property=\"og:type\" content=\"article\" \/>\n<meta property=\"og:title\" content=\"NitorLACK Afiliados | Nitorlack\" \/>\n<meta property=\"og:description\" content=\"Nitorlack - Nitrocellulose paint for guitars, vintage colors and tutorials. Discover NitorLACK Afiliados\" \/>\n<meta property=\"og:url\" content=\"https:\/\/nitorlack.com\/en\/affiliate\/\" \/>\n<meta property=\"og:site_name\" content=\"Nitorlack\" \/>\n<meta property=\"article:modified_time\" content=\"2022-02-10T15:25:07+00:00\" \/>\n<meta name=\"twitter:card\" content=\"summary_large_image\" \/>\n<meta name=\"twitter:label1\" content=\"Est. reading time\" \/>\n\t<meta name=\"twitter:data1\" content=\"3 minutes\" \/>\n<script type=\"application\/ld+json\" class=\"yoast-schema-graph\">{\"@context\":\"https:\\\/\\\/schema.org\",\"@graph\":[{\"@type\":\"WebPage\",\"@id\":\"https:\\\/\\\/nitorlack.com\\\/en\\\/affiliate\\\/\",\"url\":\"https:\\\/\\\/nitorlack.com\\\/en\\\/affiliate\\\/\",\"name\":\"NitorLACK Afiliados | Nitorlack\",\"isPartOf\":{\"@id\":\"https:\\\/\\\/nitorlack.com\\\/en\\\/#website\"},\"datePublished\":\"2022-01-10T14:43:16+00:00\",\"dateModified\":\"2022-02-10T15:25:07+00:00\",\"description\":\"Nitorlack - Nitrocellulose paint for guitars, vintage colors and tutorials. Discover NitorLACK Afiliados\",\"breadcrumb\":{\"@id\":\"https:\\\/\\\/nitorlack.com\\\/en\\\/affiliate\\\/#breadcrumb\"},\"inLanguage\":\"en-US\",\"potentialAction\":[{\"@type\":\"ReadAction\",\"target\":[\"https:\\\/\\\/nitorlack.com\\\/en\\\/affiliate\\\/\"]}]},{\"@type\":\"BreadcrumbList\",\"@id\":\"https:\\\/\\\/nitorlack.com\\\/en\\\/affiliate\\\/#breadcrumb\",\"itemListElement\":[{\"@type\":\"ListItem\",\"position\":1,\"name\":\"Cover page\",\"item\":\"https:\\\/\\\/nitorlack.com\\\/en\\\/\"},{\"@type\":\"ListItem\",\"position\":2,\"name\":\"NitorLACK Afiliados\"}]},{\"@type\":\"WebSite\",\"@id\":\"https:\\\/\\\/nitorlack.com\\\/en\\\/#website\",\"url\":\"https:\\\/\\\/nitorlack.com\\\/en\\\/\",\"name\":\"Nitorlack\",\"description\":\"Guitar Lacquers\",\"publisher\":{\"@id\":\"https:\\\/\\\/nitorlack.com\\\/en\\\/#organization\"},\"potentialAction\":[{\"@type\":\"SearchAction\",\"target\":{\"@type\":\"EntryPoint\",\"urlTemplate\":\"https:\\\/\\\/nitorlack.com\\\/en\\\/?s={search_term_string}\"},\"query-input\":{\"@type\":\"PropertyValueSpecification\",\"valueRequired\":true,\"valueName\":\"search_term_string\"}}],\"inLanguage\":\"en-US\"},{\"@type\":\"Organization\",\"@id\":\"https:\\\/\\\/nitorlack.com\\\/en\\\/#organization\",\"name\":\"Nitorlack\",\"url\":\"https:\\\/\\\/nitorlack.com\\\/en\\\/\",\"logo\":{\"@type\":\"ImageObject\",\"inLanguage\":\"en-US\",\"@id\":\"https:\\\/\\\/nitorlack.com\\\/en\\\/#\\\/schema\\\/logo\\\/image\\\/\",\"url\":\"http:\\\/\\\/nitorlack.com\\\/wp-content\\\/uploads\\\/2016\\\/02\\\/cropped-galleta-negra-1.jpg\",\"contentUrl\":\"http:\\\/\\\/nitorlack.com\\\/wp-content\\\/uploads\\\/2016\\\/02\\\/cropped-galleta-negra-1.jpg\",\"width\":512,\"height\":512,\"caption\":\"Nitorlack\"},\"image\":{\"@id\":\"https:\\\/\\\/nitorlack.com\\\/en\\\/#\\\/schema\\\/logo\\\/image\\\/\"}}]}<\/script>\n<!-- \/ Yoast SEO plugin. -->","yoast_head_json":{"title":"NitorLACK Afiliados | Nitorlack","description":"Nitorlack - Nitrocellulose paint for guitars, vintage colors and tutorials. Discover NitorLACK Afiliados","robots":{"index":"index","follow":"follow","max-snippet":"max-snippet:-1","max-image-preview":"max-image-preview:large","max-video-preview":"max-video-preview:-1"},"canonical":"https:\/\/nitorlack.com\/en\/affiliate\/","og_locale":"en_US","og_type":"article","og_title":"NitorLACK Afiliados | Nitorlack","og_description":"Nitorlack - Nitrocellulose paint for guitars, vintage colors and tutorials. Discover NitorLACK Afiliados","og_url":"https:\/\/nitorlack.com\/en\/affiliate\/","og_site_name":"Nitorlack","article_modified_time":"2022-02-10T15:25:07+00:00","twitter_card":"summary_large_image","twitter_misc":{"Est. reading time":"3 minutes"},"schema":{"@context":"https:\/\/schema.org","@graph":[{"@type":"WebPage","@id":"https:\/\/nitorlack.com\/en\/affiliate\/","url":"https:\/\/nitorlack.com\/en\/affiliate\/","name":"NitorLACK Afiliados | Nitorlack","isPartOf":{"@id":"https:\/\/nitorlack.com\/en\/#website"},"datePublished":"2022-01-10T14:43:16+00:00","dateModified":"2022-02-10T15:25:07+00:00","description":"Nitorlack - Nitrocellulose paint for guitars, vintage colors and tutorials. Discover NitorLACK Afiliados","breadcrumb":{"@id":"https:\/\/nitorlack.com\/en\/affiliate\/#breadcrumb"},"inLanguage":"en-US","potentialAction":[{"@type":"ReadAction","target":["https:\/\/nitorlack.com\/en\/affiliate\/"]}]},{"@type":"BreadcrumbList","@id":"https:\/\/nitorlack.com\/en\/affiliate\/#breadcrumb","itemListElement":[{"@type":"ListItem","position":1,"name":"Cover page","item":"https:\/\/nitorlack.com\/en\/"},{"@type":"ListItem","position":2,"name":"NitorLACK Afiliados"}]},{"@type":"WebSite","@id":"https:\/\/nitorlack.com\/en\/#website","url":"https:\/\/nitorlack.com\/en\/","name":"Nitorlack","description":"Guitar Lacquers","publisher":{"@id":"https:\/\/nitorlack.com\/en\/#organization"},"potentialAction":[{"@type":"SearchAction","target":{"@type":"EntryPoint","urlTemplate":"https:\/\/nitorlack.com\/en\/?s={search_term_string}"},"query-input":{"@type":"PropertyValueSpecification","valueRequired":true,"valueName":"search_term_string"}}],"inLanguage":"en-US"},{"@type":"Organization","@id":"https:\/\/nitorlack.com\/en\/#organization","name":"Nitorlack","url":"https:\/\/nitorlack.com\/en\/","logo":{"@type":"ImageObject","inLanguage":"en-US","@id":"https:\/\/nitorlack.com\/en\/#\/schema\/logo\/image\/","url":"http:\/\/nitorlack.com\/wp-content\/uploads\/2016\/02\/cropped-galleta-negra-1.jpg","contentUrl":"http:\/\/nitorlack.com\/wp-content\/uploads\/2016\/02\/cropped-galleta-negra-1.jpg","width":512,"height":512,"caption":"Nitorlack"},"image":{"@id":"https:\/\/nitorlack.com\/en\/#\/schema\/logo\/image\/"}}]}},"_links":{"self":[{"href":"https:\/\/nitorlack.com\/en\/wp-json\/wp\/v2\/pages\/56242","targetHints":{"allow":["GET"]}}],"collection":[{"href":"https:\/\/nitorlack.com\/en\/wp-json\/wp\/v2\/pages"}],"about":[{"href":"https:\/\/nitorlack.com\/en\/wp-json\/wp\/v2\/types\/page"}],"author":[{"embeddable":true,"href":"https:\/\/nitorlack.com\/en\/wp-json\/wp\/v2\/users\/1"}],"replies":[{"embeddable":true,"href":"https:\/\/nitorlack.com\/en\/wp-json\/wp\/v2\/comments?post=56242"}],"version-history":[{"count":0,"href":"https:\/\/nitorlack.com\/en\/wp-json\/wp\/v2\/pages\/56242\/revisions"}],"wp:attachment":[{"href":"https:\/\/nitorlack.com\/en\/wp-json\/wp\/v2\/media?parent=56242"}],"curies":[{"name":"wp","href":"https:\/\/api.w.org\/{rel}","templated":true}]}}