{"id":4300,"date":"2016-04-06T22:43:13","date_gmt":"2016-04-06T20:43:13","guid":{"rendered":"http:\/\/nitorlack.com\/en\/technical-sheets\/topcoats-tech-sheets\/161482-nitorpol-blanco-mate\/"},"modified":"2021-05-27T11:51:10","modified_gmt":"2021-05-27T09:51:10","slug":"161482-nitorpol-blanco-mate","status":"publish","type":"page","link":"https:\/\/nitorlack.com\/en\/technical-sheets\/topcoats-tech-sheets\/161482-nitorpol-blanco-mate\/","title":{"rendered":"NitorPOL White Matt"},"content":{"rendered":"<p><b>CAMPO DE EMPLEO<\/b><br \/>\nAcabado de poliuretano blanco mate de tacto suave y buena cubrici\u00f3n.<\/p>\n<p>Especialmente dise\u00f1ado para aplicaciones en guitarras donde queremos conseguir un blanco nuclear, resistente al rayado y al amarilleo. Inalterable con el paso del tiempo. Recomendado utilizar antes el sellador blanco de poliuretano para guitarras 140109.<\/p>\n<p>Prestaciones:<br \/>\n\u2022\u00a0\u00a0 \u00a0Alta pigmentaci\u00f3n y tacto sedoso.<br \/>\n\u2022\u00a0\u00a0 \u00a0Buena extensibilidad y uniformidad del mate.<br \/>\n\u2022\u00a0\u00a0 \u00a0No amarilleante<\/p>\n<p>Es un producto dise\u00f1ado para que cumpla los\u00a0 requerimientos que\u00a0 se le piden a un acabado\u00a0 pigmentado blanco , como :\u00a0 extensibilidad,\u00a0 cubrici\u00f3n\u00a0 de cantos,\u00a0 no se retira\u00a0 en\u00a0 los\u00a0 cantos\u00a0 vivos, resistente\u00a0 al rayado y\u00a0 a\u00a0 los\u00a0 agentes\u00a0 qu\u00edmicos\u00a0 de limpieza,\u00a0 inalterable\u00a0 a\u00a0 la\u00a0 luz,\u00a0 alta\u00a0 pigmentaci\u00f3n ,etc.<br \/>\nProducto muy\u00a0 adecuado por\u00a0 sus\u00a0 caracter\u00edsticas de dureza y elasticidad para el lacado de guitarras cl\u00e1sicas y el\u00e9ctricas.<\/p>\n<p><b>NORMAS DE APLICACION Y CONSEJOS PR\u00c1CTICOS<\/b><br \/>\nMezclar\u00a0 2\u00a0 partes\u00a0 del NitorPOL White Matt \u00a01\u00a0 parte\u00a0 del\u00a0 endurecedor\u00a0 190046 en\u00a0 volumen.<\/p>\n<p>Se puede aplicar\u00a0 en\u00a0 Pistolas\u00a0 de Copa, Calder\u00edn , Airless, Airmix.<\/p>\n<p>Para sistemas\u00a0 aerogr\u00e1ficos\u00a0 convencionales\u00a0 utilizar\u00a0 boquillas\u00a0 de\u00a0 1,8\u00a0 a 2\u00a0\u00a0 mm\u00a0 y\u00a0 presi\u00f3n\u00a0 2.5- 3\u00a0\u00a0 Atm. Para\u00a0 airmix\u00a0 aplicar con boquilla de\u00a0 0,4-0,5 mm y\u00a0 a\u00a0 3\u00a0\u00a0 Atm,\u00a0 presi\u00f3n\u00a0 de material\u00a0 y\u00a0 3\u00a0 Atm,\u00a0 de presi\u00f3n\u00a0 de aire.<\/p>\n<p>Para\u00a0 obtener\u00a0 un buen acabado\u00a0 aplicar siempre\u00a0 entre\u00a0\u00a0 10- 25\u00a0 \u00ba C\u00a0\u00a0\u00a0 y\u00a0\u00a0 entre\u00a0 50 \u201375 % de\u00a0 Humedad\u00a0 relativa<\/p>\n<p>\u2022\u00a0\u00a0 \u00a0Para\u00a0 retardar\u00a0 el\u00a0 secado y\u00a0 permitir un\u00a0 perfecto desaireamiento y\u00a0 extensibilidad de la\u00a0 pel\u00edcula,\u00a0 cuando se trabaja\u00a0 en\u00a0 ambientes\u00a0 calurosos,\u00a0 diluir\u00a0 hasta\u00a0 un\u00a0 6-8%\u00a0\u00a0 con\u00a0 nuestro\u00a0 disolvente \u00a0SOLVENT RETARD<\/p>\n<p><b>Informaci\u00f3n sobre\u00a0 el\u00a0 producto<\/b>:<br \/>\n\u2022\u00a0\u00a0 \u00a0El tiempo\u00a0 de vida\u00a0 de\u00a0 la\u00a0 mezcla\u00a0 con\u00a0 el\u00a0 Endurecedor 190046.\u00a0 es\u00a0 de 3\u00a0 horas.<br \/>\n\u2022\u00a0\u00a0 \u00a0Secado\u00a0 polvo\u00a0 120\u00a0 micras,\u00a0 soporte inerte\u00a0 a\u00a0 20\u00ba C.\u00a0 40 minutos.<br \/>\n\u2022\u00a0\u00a0 \u00a0Secado tacto\u00a0 120\u00a0 micras,\u00a0 soporte inerte\u00a0 a\u00a0\u00a0 20\u00baC\u00a0 70\u00a0 minutos.<br \/>\n\u2022\u00a0\u00a0 \u00a0Secado total\u00a0 120\u00a0 micras,\u00a0 soporte\u00a0 inerte\u00a0 a\u00a0 20\u00baC\u00a0\u00a0 2\u00a0 horas.<br \/>\n\u2022\u00a0\u00a0 \u00a0Apilado\u00a0\u00a0\u00a0 con\u00a0 el\u00a0 190046\u00a0 Endurecedor: 24\u00a0 horas m\u00ednimo, mejor\u00a0 36-48 h.<br \/>\n\u2022\u00a0\u00a0 \u00a0Gramaje\u00a0 aconsejado:\u00a0 120- 180\u00a0\u00a0 gr\/m2<br \/>\n\u2022\u00a0\u00a0 \u00a0Estabilidad\u00a0 del producto en el envase,\u00a0\u00a0 18 meses\u00a0 m\u00ednimo.<br \/>\n\u2022\u00a0\u00a0 \u00a0Repintado: en\u00a0 caso\u00a0 necesario, se puede\u00a0 repintar\u00a0 pasadas\u00a0 las\u00a0 24\u00a0 horas\u00a0 de la primera capa , con\u00a0 lijado\u00a0 previo.<\/p>\n<p>Productos\u00a0 de la\u00a0 misma\u00a0 familia:<br \/>\n<b><br \/>\nCARACTER\u00cdSTICAS T\u00c9CNICAS<\/b><br \/>\n\u2022\u00a0\u00a0 \u00a0Viscosidad\u00a0 de\u00a0 la\u00a0 mezcla\u00a0 :\u00a0 19-22 \u201c\u00a0\u00a0\u00a0 Din\u00a0 4<br \/>\n\u2022\u00a0\u00a0 \u00a0Densidad:\u00a0 1,200 \u2013 1,265\u00a0 grs\/cm3\u00a0 a\u00a0\u00a0 20\u00ba C<br \/>\n\u2022\u00a0\u00a0 \u00a0Brillo\u00a0 en\u00a0 \u00e1ngulo\u00a0 de 60\u00ba :\u00a0 24 \u2013 28<\/p>\n<p>COV\u2019s (% peso): 41,114<\/p>\n<p><b>PRECAUCIONES<\/b><br \/>\nDurante\u00a0 el secado del producto evitar\u00a0 las\u00a0 corrientes\u00a0 de aire , ya que se\u00a0 secar\u00e1\u00a0 la superficie de la\u00a0 pel\u00edcula con\u00a0 los\u00a0 conocidos\u00a0 problemas\u00a0 de desaireamiento , adem\u00e1s de las\u00a0 ondulaciones y\u00a0 falta\u00a0 de\u00a0 extensibilidad. En\u00a0 las\u00a0 cabinas\u00a0 presurizadas,\u00a0 en\u00a0 algunas\u00a0 ocasiones,\u00a0 la\u00a0 entrada\u00a0 de aire\u00a0 est\u00e1\u00a0 dirigida\u00a0 hacia\u00a0 las\u00a0 piezas\u00a0 a\u00a0 secar,\u00a0 apareciendo\u00a0 los\u00a0 problemas\u00a0 enumerados\u00a0 anteriormente. Se\u00a0 debe\u00a0 controlar\u00a0 esta cuesti\u00f3n.<\/p>\n<p>Caducidad: 12 meses<\/p>\n<p>Se\u00a0 deben\u00a0 utilizar\u00a0 sobre\u00a0 fondos\u00a0 aplicados\u00a0 con\u00a0 m\u00e1s\u00a0 de 24\u00a0 horas\u00a0 de\u00a0 secado, para\u00a0 que\u00a0 no remueva\u00a0 el fondo, ya\u00a0 que\u00a0 como\u00a0 normalmente\u00a0 estos\u00a0 amarillean\u00a0 algo,\u00a0 al\u00a0 mezclarse\u00a0 con\u00a0 el\u00a0 acabado\u00a0 tambi\u00e9n\u00a0 este\u00a0 pod\u00eda\u00a0 amarillear\u00a0 por\u00a0 contaminaci\u00f3n\u00a0 del fondo,\u00a0 adem\u00e1s\u00a0 si\u00a0 remueve\u00a0 el fondo, el acabado\u00a0 no presentar\u00e1\u00a0 una\u00a0 pel\u00edcula\u00a0 tersa.<\/p>\n<p>En lo que respecta a la peligrosidad y toxicidad de este producto, antes de utilizarlo, recomendamos soliciten su Ficha de Datos de Seguridad.<br \/>\nDebido a las distintas situaciones de trabajo, todos los datos recogidos en este documento han de adaptarse a las respectivas condiciones de fabricaci\u00f3n y manipulaci\u00f3n imperantes en el usuario.<\/p>\n<p>ValResa garantiza la calidad de sus productos de conformidad con las Condiciones Generales de Venta y Suministro.<\/p>\n","protected":false},"excerpt":{"rendered":"<p>CAMPO DE EMPLEO Acabado de poliuretano blanco mate de tacto suave y buena [&hellip;]<\/p>\n","protected":false},"author":1,"featured_media":0,"parent":4123,"menu_order":0,"comment_status":"closed","ping_status":"closed","template":"","meta":{"om_disable_all_campaigns":false,"site-sidebar-layout":"default","site-content-layout":"","ast-site-content-layout":"default","site-content-style":"default","site-sidebar-style":"default","ast-global-header-display":"","ast-banner-title-visibility":"","ast-main-header-display":"","ast-hfb-above-header-display":"","ast-hfb-below-header-display":"","ast-hfb-mobile-header-display":"","site-post-title":"","ast-breadcrumbs-content":"","ast-featured-img":"","footer-sml-layout":"","ast-disable-related-posts":"","theme-transparent-header-meta":"","adv-header-id-meta":"","stick-header-meta":"","header-above-stick-meta":"","header-main-stick-meta":"","header-below-stick-meta":"","astra-migrate-meta-layouts":"default","ast-page-background-enabled":"default","ast-page-background-meta":{"desktop":{"background-color":"var(--ast-global-color-4)","background-image":"","background-repeat":"repeat","background-position":"center center","background-size":"auto","background-attachment":"scroll","background-type":"","background-media":"","overlay-type":"","overlay-color":"","overlay-opacity":"","overlay-gradient":""},"tablet":{"background-color":"","background-image":"","background-repeat":"repeat","background-position":"center center","background-size":"auto","background-attachment":"scroll","background-type":"","background-media":"","overlay-type":"","overlay-color":"","overlay-opacity":"","overlay-gradient":""},"mobile":{"background-color":"","background-image":"","background-repeat":"repeat","background-position":"center center","background-size":"auto","background-attachment":"scroll","background-type":"","background-media":"","overlay-type":"","overlay-color":"","overlay-opacity":"","overlay-gradient":""}},"ast-content-background-meta":{"desktop":{"background-color":"var(--ast-global-color-5)","background-image":"","background-repeat":"repeat","background-position":"center center","background-size":"auto","background-attachment":"scroll","background-type":"","background-media":"","overlay-type":"","overlay-color":"","overlay-opacity":"","overlay-gradient":""},"tablet":{"background-color":"var(--ast-global-color-5)","background-image":"","background-repeat":"repeat","background-position":"center center","background-size":"auto","background-attachment":"scroll","background-type":"","background-media":"","overlay-type":"","overlay-color":"","overlay-opacity":"","overlay-gradient":""},"mobile":{"background-color":"var(--ast-global-color-5)","background-image":"","background-repeat":"repeat","background-position":"center center","background-size":"auto","background-attachment":"scroll","background-type":"","background-media":"","overlay-type":"","overlay-color":"","overlay-opacity":"","overlay-gradient":""}},"footnotes":""},"class_list":["post-4300","page","type-page","status-publish","hentry"],"yoast_head":"<!-- This site is optimized with the Yoast SEO plugin v27.3 - https:\/\/yoast.com\/product\/yoast-seo-wordpress\/ -->\n<title>NitorPOL White Matt | guitar paint NitorLACK<\/title>\n<meta name=\"description\" content=\"| nitrocelulosa spray y pintura guitarra NitorLACK\" \/>\n<meta name=\"robots\" content=\"index, follow, max-snippet:-1, max-image-preview:large, max-video-preview:-1\" \/>\n<link rel=\"canonical\" href=\"https:\/\/nitorlack.com\/en\/technical-sheets\/topcoats-tech-sheets\/161482-nitorpol-blanco-mate\/\" \/>\n<meta property=\"og:locale\" content=\"en_US\" \/>\n<meta property=\"og:type\" content=\"article\" \/>\n<meta property=\"og:title\" content=\"NitorPOL White Matt | guitar paint NitorLACK\" \/>\n<meta property=\"og:description\" content=\"| nitrocelulosa spray y pintura guitarra NitorLACK\" \/>\n<meta property=\"og:url\" content=\"https:\/\/nitorlack.com\/en\/technical-sheets\/topcoats-tech-sheets\/161482-nitorpol-blanco-mate\/\" \/>\n<meta property=\"og:site_name\" content=\"Nitorlack\" \/>\n<meta property=\"article:modified_time\" content=\"2021-05-27T09:51:10+00:00\" \/>\n<meta name=\"twitter:card\" content=\"summary_large_image\" \/>\n<meta name=\"twitter:label1\" content=\"Est. reading time\" \/>\n\t<meta name=\"twitter:data1\" content=\"3 minutes\" \/>\n<script type=\"application\/ld+json\" class=\"yoast-schema-graph\">{\"@context\":\"https:\\\/\\\/schema.org\",\"@graph\":[{\"@type\":\"WebPage\",\"@id\":\"https:\\\/\\\/nitorlack.com\\\/en\\\/technical-sheets\\\/topcoats-tech-sheets\\\/161482-nitorpol-blanco-mate\\\/\",\"url\":\"https:\\\/\\\/nitorlack.com\\\/en\\\/technical-sheets\\\/topcoats-tech-sheets\\\/161482-nitorpol-blanco-mate\\\/\",\"name\":\"NitorPOL White Matt | guitar paint NitorLACK\",\"isPartOf\":{\"@id\":\"https:\\\/\\\/nitorlack.com\\\/en\\\/#website\"},\"datePublished\":\"2016-04-06T20:43:13+00:00\",\"dateModified\":\"2021-05-27T09:51:10+00:00\",\"description\":\"| nitrocelulosa spray y pintura guitarra NitorLACK\",\"breadcrumb\":{\"@id\":\"https:\\\/\\\/nitorlack.com\\\/en\\\/technical-sheets\\\/topcoats-tech-sheets\\\/161482-nitorpol-blanco-mate\\\/#breadcrumb\"},\"inLanguage\":\"en-US\",\"potentialAction\":[{\"@type\":\"ReadAction\",\"target\":[\"https:\\\/\\\/nitorlack.com\\\/en\\\/technical-sheets\\\/topcoats-tech-sheets\\\/161482-nitorpol-blanco-mate\\\/\"]}]},{\"@type\":\"BreadcrumbList\",\"@id\":\"https:\\\/\\\/nitorlack.com\\\/en\\\/technical-sheets\\\/topcoats-tech-sheets\\\/161482-nitorpol-blanco-mate\\\/#breadcrumb\",\"itemListElement\":[{\"@type\":\"ListItem\",\"position\":1,\"name\":\"Cover page\",\"item\":\"https:\\\/\\\/nitorlack.com\\\/en\\\/\"},{\"@type\":\"ListItem\",\"position\":2,\"name\":\"Technical Sheets\",\"item\":\"https:\\\/\\\/nitorlack.com\\\/en\\\/technical-sheets\\\/\"},{\"@type\":\"ListItem\",\"position\":3,\"name\":\"Topcoats Tech Sheets\",\"item\":\"https:\\\/\\\/nitorlack.com\\\/en\\\/technical-sheets\\\/topcoats-tech-sheets\\\/\"},{\"@type\":\"ListItem\",\"position\":4,\"name\":\"NitorPOL White Matt\"}]},{\"@type\":\"WebSite\",\"@id\":\"https:\\\/\\\/nitorlack.com\\\/en\\\/#website\",\"url\":\"https:\\\/\\\/nitorlack.com\\\/en\\\/\",\"name\":\"Nitorlack\",\"description\":\"Guitar Lacquers\",\"publisher\":{\"@id\":\"https:\\\/\\\/nitorlack.com\\\/en\\\/#organization\"},\"potentialAction\":[{\"@type\":\"SearchAction\",\"target\":{\"@type\":\"EntryPoint\",\"urlTemplate\":\"https:\\\/\\\/nitorlack.com\\\/en\\\/?s={search_term_string}\"},\"query-input\":{\"@type\":\"PropertyValueSpecification\",\"valueRequired\":true,\"valueName\":\"search_term_string\"}}],\"inLanguage\":\"en-US\"},{\"@type\":\"Organization\",\"@id\":\"https:\\\/\\\/nitorlack.com\\\/en\\\/#organization\",\"name\":\"Nitorlack\",\"url\":\"https:\\\/\\\/nitorlack.com\\\/en\\\/\",\"logo\":{\"@type\":\"ImageObject\",\"inLanguage\":\"en-US\",\"@id\":\"https:\\\/\\\/nitorlack.com\\\/en\\\/#\\\/schema\\\/logo\\\/image\\\/\",\"url\":\"http:\\\/\\\/nitorlack.com\\\/wp-content\\\/uploads\\\/2016\\\/02\\\/cropped-galleta-negra-1.jpg\",\"contentUrl\":\"http:\\\/\\\/nitorlack.com\\\/wp-content\\\/uploads\\\/2016\\\/02\\\/cropped-galleta-negra-1.jpg\",\"width\":512,\"height\":512,\"caption\":\"Nitorlack\"},\"image\":{\"@id\":\"https:\\\/\\\/nitorlack.com\\\/en\\\/#\\\/schema\\\/logo\\\/image\\\/\"}}]}<\/script>\n<!-- \/ Yoast SEO plugin. -->","yoast_head_json":{"title":"NitorPOL White Matt | guitar paint NitorLACK","description":"| nitrocelulosa spray y pintura guitarra NitorLACK","robots":{"index":"index","follow":"follow","max-snippet":"max-snippet:-1","max-image-preview":"max-image-preview:large","max-video-preview":"max-video-preview:-1"},"canonical":"https:\/\/nitorlack.com\/en\/technical-sheets\/topcoats-tech-sheets\/161482-nitorpol-blanco-mate\/","og_locale":"en_US","og_type":"article","og_title":"NitorPOL White Matt | guitar paint NitorLACK","og_description":"| nitrocelulosa spray y pintura guitarra NitorLACK","og_url":"https:\/\/nitorlack.com\/en\/technical-sheets\/topcoats-tech-sheets\/161482-nitorpol-blanco-mate\/","og_site_name":"Nitorlack","article_modified_time":"2021-05-27T09:51:10+00:00","twitter_card":"summary_large_image","twitter_misc":{"Est. reading time":"3 minutes"},"schema":{"@context":"https:\/\/schema.org","@graph":[{"@type":"WebPage","@id":"https:\/\/nitorlack.com\/en\/technical-sheets\/topcoats-tech-sheets\/161482-nitorpol-blanco-mate\/","url":"https:\/\/nitorlack.com\/en\/technical-sheets\/topcoats-tech-sheets\/161482-nitorpol-blanco-mate\/","name":"NitorPOL White Matt | guitar paint NitorLACK","isPartOf":{"@id":"https:\/\/nitorlack.com\/en\/#website"},"datePublished":"2016-04-06T20:43:13+00:00","dateModified":"2021-05-27T09:51:10+00:00","description":"| nitrocelulosa spray y pintura guitarra NitorLACK","breadcrumb":{"@id":"https:\/\/nitorlack.com\/en\/technical-sheets\/topcoats-tech-sheets\/161482-nitorpol-blanco-mate\/#breadcrumb"},"inLanguage":"en-US","potentialAction":[{"@type":"ReadAction","target":["https:\/\/nitorlack.com\/en\/technical-sheets\/topcoats-tech-sheets\/161482-nitorpol-blanco-mate\/"]}]},{"@type":"BreadcrumbList","@id":"https:\/\/nitorlack.com\/en\/technical-sheets\/topcoats-tech-sheets\/161482-nitorpol-blanco-mate\/#breadcrumb","itemListElement":[{"@type":"ListItem","position":1,"name":"Cover page","item":"https:\/\/nitorlack.com\/en\/"},{"@type":"ListItem","position":2,"name":"Technical Sheets","item":"https:\/\/nitorlack.com\/en\/technical-sheets\/"},{"@type":"ListItem","position":3,"name":"Topcoats Tech Sheets","item":"https:\/\/nitorlack.com\/en\/technical-sheets\/topcoats-tech-sheets\/"},{"@type":"ListItem","position":4,"name":"NitorPOL White Matt"}]},{"@type":"WebSite","@id":"https:\/\/nitorlack.com\/en\/#website","url":"https:\/\/nitorlack.com\/en\/","name":"Nitorlack","description":"Guitar Lacquers","publisher":{"@id":"https:\/\/nitorlack.com\/en\/#organization"},"potentialAction":[{"@type":"SearchAction","target":{"@type":"EntryPoint","urlTemplate":"https:\/\/nitorlack.com\/en\/?s={search_term_string}"},"query-input":{"@type":"PropertyValueSpecification","valueRequired":true,"valueName":"search_term_string"}}],"inLanguage":"en-US"},{"@type":"Organization","@id":"https:\/\/nitorlack.com\/en\/#organization","name":"Nitorlack","url":"https:\/\/nitorlack.com\/en\/","logo":{"@type":"ImageObject","inLanguage":"en-US","@id":"https:\/\/nitorlack.com\/en\/#\/schema\/logo\/image\/","url":"http:\/\/nitorlack.com\/wp-content\/uploads\/2016\/02\/cropped-galleta-negra-1.jpg","contentUrl":"http:\/\/nitorlack.com\/wp-content\/uploads\/2016\/02\/cropped-galleta-negra-1.jpg","width":512,"height":512,"caption":"Nitorlack"},"image":{"@id":"https:\/\/nitorlack.com\/en\/#\/schema\/logo\/image\/"}}]}},"_links":{"self":[{"href":"https:\/\/nitorlack.com\/en\/wp-json\/wp\/v2\/pages\/4300","targetHints":{"allow":["GET"]}}],"collection":[{"href":"https:\/\/nitorlack.com\/en\/wp-json\/wp\/v2\/pages"}],"about":[{"href":"https:\/\/nitorlack.com\/en\/wp-json\/wp\/v2\/types\/page"}],"author":[{"embeddable":true,"href":"https:\/\/nitorlack.com\/en\/wp-json\/wp\/v2\/users\/1"}],"replies":[{"embeddable":true,"href":"https:\/\/nitorlack.com\/en\/wp-json\/wp\/v2\/comments?post=4300"}],"version-history":[{"count":0,"href":"https:\/\/nitorlack.com\/en\/wp-json\/wp\/v2\/pages\/4300\/revisions"}],"up":[{"embeddable":true,"href":"https:\/\/nitorlack.com\/en\/wp-json\/wp\/v2\/pages\/4123"}],"wp:attachment":[{"href":"https:\/\/nitorlack.com\/en\/wp-json\/wp\/v2\/media?parent=4300"}],"curies":[{"name":"wp","href":"https:\/\/api.w.org\/{rel}","templated":true}]}}